{"id":13021,"date":"2025-03-15T19:58:25","date_gmt":"2025-03-15T19:58:25","guid":{"rendered":"https:\/\/moroccodesertsky.com\/product\/3-day-tour-in-the-great-south-of-morocco-errachidia-merzouga-errachidia\/"},"modified":"2025-03-15T20:04:50","modified_gmt":"2025-03-15T20:04:50","slug":"circuit-de-3-jours-dans-le-grand-sud-marocain-errachidia-merzouga-errachidia","status":"publish","type":"product","link":"https:\/\/www.moroccodesertsky.com\/fr\/tours\/circuit-de-3-jours-dans-le-grand-sud-marocain-errachidia-merzouga-errachidia\/","title":{"rendered":"Circuit de 3 jours dans le Grand Sud marocain : Errachidia \u2013 Merzouga \u2013 Errachidia"},"content":{"rendered":"<h3 style=\"font-size: 35px;\">Aper\u00e7u:<\/h3>\n<p>D\u00e9couvrez la diversit\u00e9 et toutes les merveilles du Grand Sud marocain, entre vall\u00e9es, d\u00e9sert et montagnes. Un circuit riche et vari\u00e9 alliant culture, nature, rencontres avec des nomades et une immersion totale dans le monde berb\u00e8re.<\/p>\n<h3 style=\"font-size: 35px;\">Points forts:<\/h3>\n<ul>\n<li><strong>Explorez les superbes paysages du Grand Sud marocain<\/strong> (Vall\u00e9es, d\u00e9sert et montagnes)<\/li>\n<li><strong>Vivez une randonn\u00e9e chameli\u00e8re au c\u0153ur du Sahara<\/strong> (Randonn\u00e9e \u00e0 dos de dromadaire dans les dunes)<\/li>\n<li><strong>Rencontrer des familles nomades et d\u00e9couvrir leurs traditions<\/strong> (Rencontres authentiques avec des nomades)<\/li>\n<li><strong>Profitez d&rsquo;une cuisine berb\u00e8re traditionnelle et d&rsquo;une immersion culturelle<\/strong> (D\u00eener et nuit en bivouac sous les \u00e9toiles)<\/li>\n<li><strong>Visitez des sites historiques, dont Rissani et son souk anim\u00e9<\/strong> (D\u00e9couverte du mausol\u00e9e de Moulay Ali Cherif)<\/li>\n<li><strong>Admirez des levers et couchers de soleil \u00e0 couper le souffle sur les dunes<\/strong> (Moments inoubliables au lever et coucher du soleil)<\/li>\n<\/ul>\n<h3 style=\"font-size: 35px;\">Infos:<\/h3>\n<ul>\n<li><strong data-start=\"70\" data-end=\"83\">Dur\u00e9e:<\/strong> 4 jours \/ 3 nuits<\/li>\n<li><strong data-start=\"108\" data-end=\"127\">Point de d\u00e9part:<\/strong> Errachidia (A\u00e9roport ou votre h\u00e9bergement)<\/li>\n<li><strong data-start=\"162\" data-end=\"179\">Point d&rsquo;arriv\u00e9e:<\/strong> Errachidia (A\u00e9roport ou votre h\u00e9bergement)<\/li>\n<li><strong data-start=\"214\" data-end=\"233\">Transport:<\/strong> 4&#215;4 priv\u00e9 avec chauffeur<\/li>\n<li><strong data-start=\"273\" data-end=\"291\">H\u00e9bergement:<\/strong> Campement dans le d\u00e9sert et riad\/kasbah traditionnel<\/li>\n<li><strong data-start=\"328\" data-end=\"338\">Repas:<\/strong> Petits d\u00e9jeuners et d\u00eeners inclus (d\u00e9jeuner en option)<\/li>\n<li><strong data-start=\"391\" data-end=\"405\">Langues:<\/strong> Anglais, fran\u00e7ais, guides disponibles<\/li>\n<li><strong data-start=\"461\" data-end=\"476\">Nombre de participants:<\/strong> Visites priv\u00e9es ou en petit groupe<\/li>\n<li><strong data-start=\"510\" data-end=\"529\">Niveau d&rsquo;activit\u00e9:<\/strong> Mod\u00e9r\u00e9 (randonn\u00e9e \u00e0 dos de chameau et un peu de marche)<\/li>\n<li><strong data-start=\"585\" data-end=\"602\">Disponibilit\u00e9:<\/strong> Toute l&rsquo;ann\u00e9e<\/li>\n<\/ul>\n","protected":false},"excerpt":{"rendered":"<p>Aper\u00e7u: D\u00e9couvrez la diversit\u00e9 et toutes les merveilles du Grand Sud marocain, entre vall\u00e9es, d\u00e9sert et montagnes. Un circuit riche et vari\u00e9 alliant culture, nature, rencontres avec des nomades et une immersion totale dans le monde berb\u00e8re. Points forts: Explorez les superbes paysages du Grand Sud marocain (Vall\u00e9es, d\u00e9sert et montagnes) Vivez une randonn\u00e9e chameli\u00e8re [&hellip;]<\/p>\n","protected":false},"featured_media":12985,"template":"","meta":[],"product_brand":[],"product_cat":[102,112],"product_tag":[],"class_list":{"0":"post-13021","1":"product","2":"type-product","3":"status-publish","4":"has-post-thumbnail","6":"product_cat-all-tours-fr","7":"product_cat-errachidia-fr-2","9":"first","10":"instock","11":"shipping-taxable","12":"product-type-ovabrw_car_rental"},"yoast_head":"<!-- This site is optimized with the Yoast SEO Premium plugin v24.6 (Yoast SEO v27.4) - https:\/\/yoast.com\/product\/yoast-seo-premium-wordpress\/ -->\n<title>Circuit de 3 jours dans le Grand Sud marocain : Errachidia \u2013 Merzouga \u2013 Errachidia - Morocco Desert Sky<\/title>\n<meta name=\"robots\" content=\"index, follow, max-snippet:-1, max-image-preview:large, max-video-preview:-1\" \/>\n<link rel=\"canonical\" href=\"https:\/\/www.moroccodesertsky.com\/tours\/3-day-tour-in-the-great-south-of-morocco-errachidia-merzouga-errachidia\/\" \/>\n<meta property=\"og:locale\" content=\"fr_FR\" \/>\n<meta property=\"og:type\" content=\"article\" \/>\n<meta property=\"og:title\" content=\"Circuit de 3 jours dans le Grand Sud marocain : Errachidia \u2013 Merzouga \u2013 Errachidia\" \/>\n<meta property=\"og:description\" content=\"Aper\u00e7u: D\u00e9couvrez la diversit\u00e9 et toutes les merveilles du Grand Sud marocain, entre vall\u00e9es, d\u00e9sert et montagnes. Un circuit riche et vari\u00e9 alliant culture, nature, rencontres avec des nomades et une immersion totale dans le monde berb\u00e8re. Points forts: Explorez les superbes paysages du Grand Sud marocain (Vall\u00e9es, d\u00e9sert et montagnes) Vivez une randonn\u00e9e chameli\u00e8re [&hellip;]\" \/>\n<meta property=\"og:url\" content=\"https:\/\/www.moroccodesertsky.com\/tours\/3-day-tour-in-the-great-south-of-morocco-errachidia-merzouga-errachidia\/\" \/>\n<meta property=\"og:site_name\" content=\"Morocco Desert Sky\" \/>\n<meta property=\"article:modified_time\" content=\"2025-03-15T20:04:50+00:00\" \/>\n<meta property=\"og:image\" content=\"https:\/\/www.moroccodesertsky.com\/wp-content\/uploads\/2025\/03\/5-7.webp\" \/>\n\t<meta property=\"og:image:width\" content=\"2400\" \/>\n\t<meta property=\"og:image:height\" content=\"1350\" \/>\n\t<meta property=\"og:image:type\" content=\"image\/webp\" \/>\n<meta name=\"twitter:card\" content=\"summary_large_image\" \/>\n<meta name=\"twitter:label1\" content=\"Dur\u00e9e de lecture estim\u00e9e\" \/>\n\t<meta name=\"twitter:data1\" content=\"1 minute\" \/>\n<script type=\"application\/ld+json\" class=\"yoast-schema-graph\">{\"@context\":\"https:\\\/\\\/schema.org\",\"@graph\":[{\"@type\":\"WebPage\",\"@id\":\"https:\\\/\\\/www.moroccodesertsky.com\\\/tours\\\/3-day-tour-in-the-great-south-of-morocco-errachidia-merzouga-errachidia\\\/\",\"url\":\"https:\\\/\\\/www.moroccodesertsky.com\\\/tours\\\/3-day-tour-in-the-great-south-of-morocco-errachidia-merzouga-errachidia\\\/\",\"name\":\"Circuit de 3 jours dans le Grand Sud marocain : Errachidia \u2013 Merzouga \u2013 Errachidia - Morocco Desert Sky\",\"isPartOf\":{\"@id\":\"https:\\\/\\\/www.moroccodesertsky.com\\\/#website\"},\"primaryImageOfPage\":{\"@id\":\"https:\\\/\\\/www.moroccodesertsky.com\\\/tours\\\/3-day-tour-in-the-great-south-of-morocco-errachidia-merzouga-errachidia\\\/#primaryimage\"},\"image\":{\"@id\":\"https:\\\/\\\/www.moroccodesertsky.com\\\/tours\\\/3-day-tour-in-the-great-south-of-morocco-errachidia-merzouga-errachidia\\\/#primaryimage\"},\"thumbnailUrl\":\"https:\\\/\\\/www.moroccodesertsky.com\\\/wp-content\\\/uploads\\\/2025\\\/03\\\/5-7.webp\",\"datePublished\":\"2025-03-15T19:58:25+00:00\",\"dateModified\":\"2025-03-15T20:04:50+00:00\",\"breadcrumb\":{\"@id\":\"https:\\\/\\\/www.moroccodesertsky.com\\\/tours\\\/3-day-tour-in-the-great-south-of-morocco-errachidia-merzouga-errachidia\\\/#breadcrumb\"},\"inLanguage\":\"fr-FR\",\"potentialAction\":[{\"@type\":\"ReadAction\",\"target\":[\"https:\\\/\\\/www.moroccodesertsky.com\\\/tours\\\/3-day-tour-in-the-great-south-of-morocco-errachidia-merzouga-errachidia\\\/\"]}]},{\"@type\":\"ImageObject\",\"inLanguage\":\"fr-FR\",\"@id\":\"https:\\\/\\\/www.moroccodesertsky.com\\\/tours\\\/3-day-tour-in-the-great-south-of-morocco-errachidia-merzouga-errachidia\\\/#primaryimage\",\"url\":\"https:\\\/\\\/www.moroccodesertsky.com\\\/wp-content\\\/uploads\\\/2025\\\/03\\\/5-7.webp\",\"contentUrl\":\"https:\\\/\\\/www.moroccodesertsky.com\\\/wp-content\\\/uploads\\\/2025\\\/03\\\/5-7.webp\",\"width\":2400,\"height\":1350},{\"@type\":\"BreadcrumbList\",\"@id\":\"https:\\\/\\\/www.moroccodesertsky.com\\\/tours\\\/3-day-tour-in-the-great-south-of-morocco-errachidia-merzouga-errachidia\\\/#breadcrumb\",\"itemListElement\":[{\"@type\":\"ListItem\",\"position\":1,\"name\":\"Home\",\"item\":\"https:\\\/\\\/www.moroccodesertsky.com\\\/fr\\\/\"},{\"@type\":\"ListItem\",\"position\":2,\"name\":\"Boutique\",\"item\":\"https:\\\/\\\/www.moroccodesertsky.com\\\/shop\\\/\"},{\"@type\":\"ListItem\",\"position\":3,\"name\":\"Circuit de 3 jours dans le Grand Sud marocain : Errachidia \u2013 Merzouga \u2013 Errachidia\"}]},{\"@type\":\"WebSite\",\"@id\":\"https:\\\/\\\/www.moroccodesertsky.com\\\/#website\",\"url\":\"https:\\\/\\\/www.moroccodesertsky.com\\\/\",\"name\":\"Morocco Desert Sky\",\"description\":\"\",\"potentialAction\":[{\"@type\":\"SearchAction\",\"target\":{\"@type\":\"EntryPoint\",\"urlTemplate\":\"https:\\\/\\\/www.moroccodesertsky.com\\\/?s={search_term_string}\"},\"query-input\":{\"@type\":\"PropertyValueSpecification\",\"valueRequired\":true,\"valueName\":\"search_term_string\"}}],\"inLanguage\":\"fr-FR\"}]}<\/script>\n<!-- \/ Yoast SEO Premium plugin. -->","yoast_head_json":{"title":"Circuit de 3 jours dans le Grand Sud marocain : Errachidia \u2013 Merzouga \u2013 Errachidia - Morocco Desert Sky","robots":{"index":"index","follow":"follow","max-snippet":"max-snippet:-1","max-image-preview":"max-image-preview:large","max-video-preview":"max-video-preview:-1"},"canonical":"https:\/\/www.moroccodesertsky.com\/tours\/3-day-tour-in-the-great-south-of-morocco-errachidia-merzouga-errachidia\/","og_locale":"fr_FR","og_type":"article","og_title":"Circuit de 3 jours dans le Grand Sud marocain : Errachidia \u2013 Merzouga \u2013 Errachidia","og_description":"Aper\u00e7u: D\u00e9couvrez la diversit\u00e9 et toutes les merveilles du Grand Sud marocain, entre vall\u00e9es, d\u00e9sert et montagnes. Un circuit riche et vari\u00e9 alliant culture, nature, rencontres avec des nomades et une immersion totale dans le monde berb\u00e8re. Points forts: Explorez les superbes paysages du Grand Sud marocain (Vall\u00e9es, d\u00e9sert et montagnes) Vivez une randonn\u00e9e chameli\u00e8re [&hellip;]","og_url":"https:\/\/www.moroccodesertsky.com\/tours\/3-day-tour-in-the-great-south-of-morocco-errachidia-merzouga-errachidia\/","og_site_name":"Morocco Desert Sky","article_modified_time":"2025-03-15T20:04:50+00:00","og_image":[{"width":2400,"height":1350,"url":"https:\/\/www.moroccodesertsky.com\/wp-content\/uploads\/2025\/03\/5-7.webp","type":"image\/webp"}],"twitter_card":"summary_large_image","twitter_misc":{"Dur\u00e9e de lecture estim\u00e9e":"1 minute"},"schema":{"@context":"https:\/\/schema.org","@graph":[{"@type":"WebPage","@id":"https:\/\/www.moroccodesertsky.com\/tours\/3-day-tour-in-the-great-south-of-morocco-errachidia-merzouga-errachidia\/","url":"https:\/\/www.moroccodesertsky.com\/tours\/3-day-tour-in-the-great-south-of-morocco-errachidia-merzouga-errachidia\/","name":"Circuit de 3 jours dans le Grand Sud marocain : Errachidia \u2013 Merzouga \u2013 Errachidia - Morocco Desert Sky","isPartOf":{"@id":"https:\/\/www.moroccodesertsky.com\/#website"},"primaryImageOfPage":{"@id":"https:\/\/www.moroccodesertsky.com\/tours\/3-day-tour-in-the-great-south-of-morocco-errachidia-merzouga-errachidia\/#primaryimage"},"image":{"@id":"https:\/\/www.moroccodesertsky.com\/tours\/3-day-tour-in-the-great-south-of-morocco-errachidia-merzouga-errachidia\/#primaryimage"},"thumbnailUrl":"https:\/\/www.moroccodesertsky.com\/wp-content\/uploads\/2025\/03\/5-7.webp","datePublished":"2025-03-15T19:58:25+00:00","dateModified":"2025-03-15T20:04:50+00:00","breadcrumb":{"@id":"https:\/\/www.moroccodesertsky.com\/tours\/3-day-tour-in-the-great-south-of-morocco-errachidia-merzouga-errachidia\/#breadcrumb"},"inLanguage":"fr-FR","potentialAction":[{"@type":"ReadAction","target":["https:\/\/www.moroccodesertsky.com\/tours\/3-day-tour-in-the-great-south-of-morocco-errachidia-merzouga-errachidia\/"]}]},{"@type":"ImageObject","inLanguage":"fr-FR","@id":"https:\/\/www.moroccodesertsky.com\/tours\/3-day-tour-in-the-great-south-of-morocco-errachidia-merzouga-errachidia\/#primaryimage","url":"https:\/\/www.moroccodesertsky.com\/wp-content\/uploads\/2025\/03\/5-7.webp","contentUrl":"https:\/\/www.moroccodesertsky.com\/wp-content\/uploads\/2025\/03\/5-7.webp","width":2400,"height":1350},{"@type":"BreadcrumbList","@id":"https:\/\/www.moroccodesertsky.com\/tours\/3-day-tour-in-the-great-south-of-morocco-errachidia-merzouga-errachidia\/#breadcrumb","itemListElement":[{"@type":"ListItem","position":1,"name":"Home","item":"https:\/\/www.moroccodesertsky.com\/fr\/"},{"@type":"ListItem","position":2,"name":"Boutique","item":"https:\/\/www.moroccodesertsky.com\/shop\/"},{"@type":"ListItem","position":3,"name":"Circuit de 3 jours dans le Grand Sud marocain : Errachidia \u2013 Merzouga \u2013 Errachidia"}]},{"@type":"WebSite","@id":"https:\/\/www.moroccodesertsky.com\/#website","url":"https:\/\/www.moroccodesertsky.com\/","name":"Morocco Desert Sky","description":"","potentialAction":[{"@type":"SearchAction","target":{"@type":"EntryPoint","urlTemplate":"https:\/\/www.moroccodesertsky.com\/?s={search_term_string}"},"query-input":{"@type":"PropertyValueSpecification","valueRequired":true,"valueName":"search_term_string"}}],"inLanguage":"fr-FR"}]}},"_links":{"self":[{"href":"https:\/\/www.moroccodesertsky.com\/fr\/wp-json\/wp\/v2\/product\/13021","targetHints":{"allow":["GET"]}}],"collection":[{"href":"https:\/\/www.moroccodesertsky.com\/fr\/wp-json\/wp\/v2\/product"}],"about":[{"href":"https:\/\/www.moroccodesertsky.com\/fr\/wp-json\/wp\/v2\/types\/product"}],"wp:featuredmedia":[{"embeddable":true,"href":"https:\/\/www.moroccodesertsky.com\/fr\/wp-json\/wp\/v2\/media\/12985"}],"wp:attachment":[{"href":"https:\/\/www.moroccodesertsky.com\/fr\/wp-json\/wp\/v2\/media?parent=13021"}],"wp:term":[{"taxonomy":"product_brand","embeddable":true,"href":"https:\/\/www.moroccodesertsky.com\/fr\/wp-json\/wp\/v2\/product_brand?post=13021"},{"taxonomy":"product_cat","embeddable":true,"href":"https:\/\/www.moroccodesertsky.com\/fr\/wp-json\/wp\/v2\/product_cat?post=13021"},{"taxonomy":"product_tag","embeddable":true,"href":"https:\/\/www.moroccodesertsky.com\/fr\/wp-json\/wp\/v2\/product_tag?post=13021"}],"curies":[{"name":"wp","href":"https:\/\/api.w.org\/{rel}","templated":true}]}}