{"id":12599,"date":"2025-02-24T21:11:55","date_gmt":"2025-02-24T21:11:55","guid":{"rendered":"https:\/\/moroccodesertsky.com\/product\/transfert-prive-aeroport-casablanca-%e2%86%94-merzouga\/"},"modified":"2025-10-12T12:34:19","modified_gmt":"2025-10-12T12:34:19","slug":"transfert-prive-aeroport-casablanca-%e2%86%94-merzouga","status":"publish","type":"product","link":"https:\/\/www.moroccodesertsky.com\/fr\/tours\/transfert-prive-aeroport-casablanca-%e2%86%94-merzouga\/","title":{"rendered":"Transfert Priv\u00e9 A\u00e9roport Casablanca \u2194 Merzouga"},"content":{"rendered":"<h3 style=\"font-size: 35px;\">Aper\u00e7u:<\/h3>\n<p>Profitez d&rsquo;un transfert fluide et sans tracas entre l&rsquo;a\u00e9roport de Casablanca et Merzouga. Voyagez confortablement \u00e0 bord d&rsquo;un v\u00e9hicule priv\u00e9 climatis\u00e9 avec chauffeur exp\u00e9riment\u00e9. D\u00e9tendez-vous et impr\u00e9gnez-vous des paysages changeants tandis que nous vous emmenons directement vers votre destination dans le d\u00e9sert, en toute s\u00e9curit\u00e9 et confort.<\/p>\n<h3 style=\"font-size: 35px;\">Description:<\/h3>\n<p>Besoin d&rsquo;un service de navette ponctuel et s\u00e9curis\u00e9 pour organiser votre transfert a\u00e9roport Casablanca \u2194 Merzouga ? Confiez cette mission \u00e0 un professionnel du transport.<\/p>\n<p>\u00c0 votre arriv\u00e9e \u00e0 l&rsquo;a\u00e9roport de Casablanca, vous serez accueilli par l&rsquo;un de nos chauffeurs dans le hall d&rsquo;accueil, muni d&rsquo;une pancarte \u00e0 votre nom et \u00e0 celui de votre agence de transport \u00ab Moroccan Desert Sky \u00bb.<\/p>\n<p>Parlant au moins deux langues (fran\u00e7ais et anglais), votre chauffeur vous aidera \u00e0 charger vos bagages dans le v\u00e9hicule et se fera un plaisir de r\u00e9pondre \u00e0 toutes vos questions sur Merzouga et ses diff\u00e9rents sites et attractions touristiques.<\/p>\n<h3 style=\"font-size: 35px;\">Caract\u00e9ristiques:<\/h3>\n<ul>\n<li>Prise en charge et retour directs :<\/li>\n<\/ul>\n<p>Transfert priv\u00e9 fluide de l&rsquo;a\u00e9roport de Casablanca \u00e0 Merzouga, directement \u00e0 votre h\u00f4tel, sans d\u00e9tour ni retard.<\/p>\n<ul>\n<li>Transport priv\u00e9 et confortable :<\/li>\n<\/ul>\n<p>Voyagez dans un v\u00e9hicule moderne, climatis\u00e9 et spacieux.<\/p>\n<ul>\n<li>Chauffeurs professionnels :<\/li>\n<\/ul>\n<p>Chauffeurs locaux exp\u00e9riment\u00e9s qui connaissent les meilleurs itin\u00e9raires.<\/p>\n<ul>\n<li>Prix fixe et sans frais cach\u00e9s :<\/li>\n<\/ul>\n<p>Tarifs transparents et sans surprises.<\/p>\n<ul>\n<li>Disponibilit\u00e9 24h\/24 et 7j\/7 :<\/li>\n<\/ul>\n<p>De jour comme de nuit, nous sommes pr\u00eats \u00e0 vous emmener \u00e0 destination.<\/p>\n<ul>\n<li>Paysages \u00e0 couper le souffle :<\/li>\n<\/ul>\n<p>Admirez la beaut\u00e9 du Maroc, des villes anim\u00e9es aux majestueuses montagnes de l&rsquo;Atlas, en passant par les dunes infinies de Merzouga.<\/p>\n<ul>\n<li>Assistance bagages :<\/li>\n<\/ul>\n<p>Aide avec vos bagages pour que vous puissiez vous d\u00e9tendre d\u00e8s votre atterrissage.<\/p>\n<ul>\n<li>Arr\u00eats personnalis\u00e9s (facultatifs) :<\/li>\n<\/ul>\n<p>Envie de prendre des photos ou de grignoter ? Nous pouvons effectuer de courts arr\u00eats sur demande.<\/p>\n<p>&nbsp;<\/p>\n<p><img fetchpriority=\"high\" decoding=\"async\" class=\"alignnone size-medium wp-image-10075\" src=\"https:\/\/www.moroccodesertsky.com\/wp-content\/uploads\/2025\/02\/1-1-300x300.png\" alt=\"\" width=\"300\" height=\"300\" srcset=\"https:\/\/www.moroccodesertsky.com\/wp-content\/uploads\/2025\/02\/1-1-300x300.png 300w, https:\/\/www.moroccodesertsky.com\/wp-content\/uploads\/2025\/02\/1-1-150x150.png 150w, https:\/\/www.moroccodesertsky.com\/wp-content\/uploads\/2025\/02\/1-1-768x768.png 768w, https:\/\/www.moroccodesertsky.com\/wp-content\/uploads\/2025\/02\/1-1-636x636.png 636w, https:\/\/www.moroccodesertsky.com\/wp-content\/uploads\/2025\/02\/1-1-306x306.png 306w, https:\/\/www.moroccodesertsky.com\/wp-content\/uploads\/2025\/02\/1-1-600x600.png 600w, https:\/\/www.moroccodesertsky.com\/wp-content\/uploads\/2025\/02\/1-1-100x100.png 100w, https:\/\/www.moroccodesertsky.com\/wp-content\/uploads\/2025\/02\/1-1.png 781w\" sizes=\"(max-width: 300px) 100vw, 300px\" \/> <img decoding=\"async\" class=\"alignnone size-medium wp-image-10076\" src=\"https:\/\/www.moroccodesertsky.com\/wp-content\/uploads\/2025\/02\/2-300x300.png\" alt=\"\" width=\"300\" height=\"300\" srcset=\"https:\/\/www.moroccodesertsky.com\/wp-content\/uploads\/2025\/02\/2-300x300.png 300w, https:\/\/www.moroccodesertsky.com\/wp-content\/uploads\/2025\/02\/2-150x150.png 150w, https:\/\/www.moroccodesertsky.com\/wp-content\/uploads\/2025\/02\/2-768x768.png 768w, https:\/\/www.moroccodesertsky.com\/wp-content\/uploads\/2025\/02\/2-636x636.png 636w, https:\/\/www.moroccodesertsky.com\/wp-content\/uploads\/2025\/02\/2-306x306.png 306w, https:\/\/www.moroccodesertsky.com\/wp-content\/uploads\/2025\/02\/2-600x600.png 600w, https:\/\/www.moroccodesertsky.com\/wp-content\/uploads\/2025\/02\/2-100x100.png 100w, https:\/\/www.moroccodesertsky.com\/wp-content\/uploads\/2025\/02\/2.png 781w\" sizes=\"(max-width: 300px) 100vw, 300px\" \/> <img decoding=\"async\" class=\"alignnone size-medium wp-image-10077\" src=\"https:\/\/www.moroccodesertsky.com\/wp-content\/uploads\/2025\/02\/3-2-300x300.png\" alt=\"\" width=\"300\" height=\"300\" srcset=\"https:\/\/www.moroccodesertsky.com\/wp-content\/uploads\/2025\/02\/3-2-300x300.png 300w, https:\/\/www.moroccodesertsky.com\/wp-content\/uploads\/2025\/02\/3-2-150x150.png 150w, https:\/\/www.moroccodesertsky.com\/wp-content\/uploads\/2025\/02\/3-2-768x768.png 768w, https:\/\/www.moroccodesertsky.com\/wp-content\/uploads\/2025\/02\/3-2-636x636.png 636w, https:\/\/www.moroccodesertsky.com\/wp-content\/uploads\/2025\/02\/3-2-306x306.png 306w, https:\/\/www.moroccodesertsky.com\/wp-content\/uploads\/2025\/02\/3-2-600x600.png 600w, https:\/\/www.moroccodesertsky.com\/wp-content\/uploads\/2025\/02\/3-2-100x100.png 100w, https:\/\/www.moroccodesertsky.com\/wp-content\/uploads\/2025\/02\/3-2.png 781w\" sizes=\"(max-width: 300px) 100vw, 300px\" \/><\/p>\n","protected":false},"excerpt":{"rendered":"<p>Aper\u00e7u: Profitez d&rsquo;un transfert fluide et sans tracas entre l&rsquo;a\u00e9roport de Casablanca et Merzouga. Voyagez confortablement \u00e0 bord d&rsquo;un v\u00e9hicule priv\u00e9 climatis\u00e9 avec chauffeur exp\u00e9riment\u00e9. D\u00e9tendez-vous et impr\u00e9gnez-vous des paysages changeants tandis que nous vous emmenons directement vers votre destination dans le d\u00e9sert, en toute s\u00e9curit\u00e9 et confort. Description: Besoin d&rsquo;un service de navette ponctuel [&hellip;]<\/p>\n","protected":false},"featured_media":11823,"template":"","meta":[],"product_brand":[],"product_cat":[101],"product_tag":[],"class_list":{"0":"post-12599","1":"product","2":"type-product","3":"status-publish","4":"has-post-thumbnail","6":"product_cat-transfert-fr","8":"first","9":"instock","10":"shipping-taxable","11":"product-type-ovabrw_car_rental"},"yoast_head":"<!-- This site is optimized with the Yoast SEO Premium plugin v24.6 (Yoast SEO v27.4) - https:\/\/yoast.com\/product\/yoast-seo-premium-wordpress\/ -->\n<title>Transfert Priv\u00e9 Casablanca Merzouga \u2013 Service Transfer\ufeff<\/title>\n<meta name=\"description\" content=\"Transfert priv\u00e9 s\u00e9curis\u00e9 entre l&#039;a\u00e9roport Casablanca et Merzouga. Confort et fiabilit\u00e9 pour un voyage sans souci. R\u00e9servez maintenant!\ufeff\" \/>\n<meta name=\"robots\" content=\"index, follow, max-snippet:-1, max-image-preview:large, max-video-preview:-1\" \/>\n<link rel=\"canonical\" href=\"https:\/\/www.moroccodesertsky.com\/tours\/private-transfer-casablanca-airport-\u2194-merzouga\/\" \/>\n<meta property=\"og:locale\" content=\"fr_FR\" \/>\n<meta property=\"og:type\" content=\"article\" \/>\n<meta property=\"og:title\" content=\"Transfert Priv\u00e9 A\u00e9roport Casablanca \u2194 Merzouga\" \/>\n<meta property=\"og:description\" content=\"Transfert priv\u00e9 s\u00e9curis\u00e9 entre l&#039;a\u00e9roport Casablanca et Merzouga. Confort et fiabilit\u00e9 pour un voyage sans souci. R\u00e9servez maintenant!\ufeff\" \/>\n<meta property=\"og:url\" content=\"https:\/\/www.moroccodesertsky.com\/tours\/private-transfer-casablanca-airport-\u2194-merzouga\/\" \/>\n<meta property=\"og:site_name\" content=\"Morocco Desert Sky\" \/>\n<meta property=\"article:modified_time\" content=\"2025-10-12T12:34:19+00:00\" \/>\n<meta property=\"og:image\" content=\"https:\/\/www.moroccodesertsky.com\/wp-content\/uploads\/2025\/02\/2-6.webp\" \/>\n\t<meta property=\"og:image:width\" content=\"2500\" \/>\n\t<meta property=\"og:image:height\" content=\"1406\" \/>\n\t<meta property=\"og:image:type\" content=\"image\/webp\" \/>\n<meta name=\"twitter:card\" content=\"summary_large_image\" \/>\n<meta name=\"twitter:label1\" content=\"Dur\u00e9e de lecture estim\u00e9e\" \/>\n\t<meta name=\"twitter:data1\" content=\"3 minutes\" \/>\n<script type=\"application\/ld+json\" class=\"yoast-schema-graph\">{\"@context\":\"https:\\\/\\\/schema.org\",\"@graph\":[{\"@type\":\"WebPage\",\"@id\":\"https:\\\/\\\/www.moroccodesertsky.com\\\/tours\\\/private-transfer-casablanca-airport-%e2%86%94-merzouga\\\/\",\"url\":\"https:\\\/\\\/www.moroccodesertsky.com\\\/tours\\\/private-transfer-casablanca-airport-%e2%86%94-merzouga\\\/\",\"name\":\"Transfert Priv\u00e9 Casablanca Merzouga \u2013 Service Transfer\ufeff\",\"isPartOf\":{\"@id\":\"https:\\\/\\\/www.moroccodesertsky.com\\\/#website\"},\"primaryImageOfPage\":{\"@id\":\"https:\\\/\\\/www.moroccodesertsky.com\\\/tours\\\/private-transfer-casablanca-airport-%e2%86%94-merzouga\\\/#primaryimage\"},\"image\":{\"@id\":\"https:\\\/\\\/www.moroccodesertsky.com\\\/tours\\\/private-transfer-casablanca-airport-%e2%86%94-merzouga\\\/#primaryimage\"},\"thumbnailUrl\":\"https:\\\/\\\/www.moroccodesertsky.com\\\/wp-content\\\/uploads\\\/2025\\\/02\\\/2-6.webp\",\"datePublished\":\"2025-02-24T21:11:55+00:00\",\"dateModified\":\"2025-10-12T12:34:19+00:00\",\"description\":\"Transfert priv\u00e9 s\u00e9curis\u00e9 entre l'a\u00e9roport Casablanca et Merzouga. Confort et fiabilit\u00e9 pour un voyage sans souci. R\u00e9servez maintenant!\ufeff\",\"breadcrumb\":{\"@id\":\"https:\\\/\\\/www.moroccodesertsky.com\\\/tours\\\/private-transfer-casablanca-airport-%e2%86%94-merzouga\\\/#breadcrumb\"},\"inLanguage\":\"fr-FR\",\"potentialAction\":[{\"@type\":\"ReadAction\",\"target\":[\"https:\\\/\\\/www.moroccodesertsky.com\\\/tours\\\/private-transfer-casablanca-airport-%e2%86%94-merzouga\\\/\"]}]},{\"@type\":\"ImageObject\",\"inLanguage\":\"fr-FR\",\"@id\":\"https:\\\/\\\/www.moroccodesertsky.com\\\/tours\\\/private-transfer-casablanca-airport-%e2%86%94-merzouga\\\/#primaryimage\",\"url\":\"https:\\\/\\\/www.moroccodesertsky.com\\\/wp-content\\\/uploads\\\/2025\\\/02\\\/2-6.webp\",\"contentUrl\":\"https:\\\/\\\/www.moroccodesertsky.com\\\/wp-content\\\/uploads\\\/2025\\\/02\\\/2-6.webp\",\"width\":2500,\"height\":1406},{\"@type\":\"BreadcrumbList\",\"@id\":\"https:\\\/\\\/www.moroccodesertsky.com\\\/tours\\\/private-transfer-casablanca-airport-%e2%86%94-merzouga\\\/#breadcrumb\",\"itemListElement\":[{\"@type\":\"ListItem\",\"position\":1,\"name\":\"Home\",\"item\":\"https:\\\/\\\/www.moroccodesertsky.com\\\/fr\\\/\"},{\"@type\":\"ListItem\",\"position\":2,\"name\":\"Boutique\",\"item\":\"https:\\\/\\\/www.moroccodesertsky.com\\\/shop\\\/\"},{\"@type\":\"ListItem\",\"position\":3,\"name\":\"Transfert Priv\u00e9 A\u00e9roport Casablanca \u2194 Merzouga\"}]},{\"@type\":\"WebSite\",\"@id\":\"https:\\\/\\\/www.moroccodesertsky.com\\\/#website\",\"url\":\"https:\\\/\\\/www.moroccodesertsky.com\\\/\",\"name\":\"Morocco Desert Sky\",\"description\":\"\",\"potentialAction\":[{\"@type\":\"SearchAction\",\"target\":{\"@type\":\"EntryPoint\",\"urlTemplate\":\"https:\\\/\\\/www.moroccodesertsky.com\\\/?s={search_term_string}\"},\"query-input\":{\"@type\":\"PropertyValueSpecification\",\"valueRequired\":true,\"valueName\":\"search_term_string\"}}],\"inLanguage\":\"fr-FR\"}]}<\/script>\n<!-- \/ Yoast SEO Premium plugin. -->","yoast_head_json":{"title":"Transfert Priv\u00e9 Casablanca Merzouga \u2013 Service Transfer\ufeff","description":"Transfert priv\u00e9 s\u00e9curis\u00e9 entre l'a\u00e9roport Casablanca et Merzouga. Confort et fiabilit\u00e9 pour un voyage sans souci. R\u00e9servez maintenant!\ufeff","robots":{"index":"index","follow":"follow","max-snippet":"max-snippet:-1","max-image-preview":"max-image-preview:large","max-video-preview":"max-video-preview:-1"},"canonical":"https:\/\/www.moroccodesertsky.com\/tours\/private-transfer-casablanca-airport-\u2194-merzouga\/","og_locale":"fr_FR","og_type":"article","og_title":"Transfert Priv\u00e9 A\u00e9roport Casablanca \u2194 Merzouga","og_description":"Transfert priv\u00e9 s\u00e9curis\u00e9 entre l'a\u00e9roport Casablanca et Merzouga. Confort et fiabilit\u00e9 pour un voyage sans souci. R\u00e9servez maintenant!\ufeff","og_url":"https:\/\/www.moroccodesertsky.com\/tours\/private-transfer-casablanca-airport-\u2194-merzouga\/","og_site_name":"Morocco Desert Sky","article_modified_time":"2025-10-12T12:34:19+00:00","og_image":[{"width":2500,"height":1406,"url":"https:\/\/www.moroccodesertsky.com\/wp-content\/uploads\/2025\/02\/2-6.webp","type":"image\/webp"}],"twitter_card":"summary_large_image","twitter_misc":{"Dur\u00e9e de lecture estim\u00e9e":"3 minutes"},"schema":{"@context":"https:\/\/schema.org","@graph":[{"@type":"WebPage","@id":"https:\/\/www.moroccodesertsky.com\/tours\/private-transfer-casablanca-airport-%e2%86%94-merzouga\/","url":"https:\/\/www.moroccodesertsky.com\/tours\/private-transfer-casablanca-airport-%e2%86%94-merzouga\/","name":"Transfert Priv\u00e9 Casablanca Merzouga \u2013 Service Transfer\ufeff","isPartOf":{"@id":"https:\/\/www.moroccodesertsky.com\/#website"},"primaryImageOfPage":{"@id":"https:\/\/www.moroccodesertsky.com\/tours\/private-transfer-casablanca-airport-%e2%86%94-merzouga\/#primaryimage"},"image":{"@id":"https:\/\/www.moroccodesertsky.com\/tours\/private-transfer-casablanca-airport-%e2%86%94-merzouga\/#primaryimage"},"thumbnailUrl":"https:\/\/www.moroccodesertsky.com\/wp-content\/uploads\/2025\/02\/2-6.webp","datePublished":"2025-02-24T21:11:55+00:00","dateModified":"2025-10-12T12:34:19+00:00","description":"Transfert priv\u00e9 s\u00e9curis\u00e9 entre l'a\u00e9roport Casablanca et Merzouga. Confort et fiabilit\u00e9 pour un voyage sans souci. R\u00e9servez maintenant!\ufeff","breadcrumb":{"@id":"https:\/\/www.moroccodesertsky.com\/tours\/private-transfer-casablanca-airport-%e2%86%94-merzouga\/#breadcrumb"},"inLanguage":"fr-FR","potentialAction":[{"@type":"ReadAction","target":["https:\/\/www.moroccodesertsky.com\/tours\/private-transfer-casablanca-airport-%e2%86%94-merzouga\/"]}]},{"@type":"ImageObject","inLanguage":"fr-FR","@id":"https:\/\/www.moroccodesertsky.com\/tours\/private-transfer-casablanca-airport-%e2%86%94-merzouga\/#primaryimage","url":"https:\/\/www.moroccodesertsky.com\/wp-content\/uploads\/2025\/02\/2-6.webp","contentUrl":"https:\/\/www.moroccodesertsky.com\/wp-content\/uploads\/2025\/02\/2-6.webp","width":2500,"height":1406},{"@type":"BreadcrumbList","@id":"https:\/\/www.moroccodesertsky.com\/tours\/private-transfer-casablanca-airport-%e2%86%94-merzouga\/#breadcrumb","itemListElement":[{"@type":"ListItem","position":1,"name":"Home","item":"https:\/\/www.moroccodesertsky.com\/fr\/"},{"@type":"ListItem","position":2,"name":"Boutique","item":"https:\/\/www.moroccodesertsky.com\/shop\/"},{"@type":"ListItem","position":3,"name":"Transfert Priv\u00e9 A\u00e9roport Casablanca \u2194 Merzouga"}]},{"@type":"WebSite","@id":"https:\/\/www.moroccodesertsky.com\/#website","url":"https:\/\/www.moroccodesertsky.com\/","name":"Morocco Desert Sky","description":"","potentialAction":[{"@type":"SearchAction","target":{"@type":"EntryPoint","urlTemplate":"https:\/\/www.moroccodesertsky.com\/?s={search_term_string}"},"query-input":{"@type":"PropertyValueSpecification","valueRequired":true,"valueName":"search_term_string"}}],"inLanguage":"fr-FR"}]}},"_links":{"self":[{"href":"https:\/\/www.moroccodesertsky.com\/fr\/wp-json\/wp\/v2\/product\/12599","targetHints":{"allow":["GET"]}}],"collection":[{"href":"https:\/\/www.moroccodesertsky.com\/fr\/wp-json\/wp\/v2\/product"}],"about":[{"href":"https:\/\/www.moroccodesertsky.com\/fr\/wp-json\/wp\/v2\/types\/product"}],"wp:featuredmedia":[{"embeddable":true,"href":"https:\/\/www.moroccodesertsky.com\/fr\/wp-json\/wp\/v2\/media\/11823"}],"wp:attachment":[{"href":"https:\/\/www.moroccodesertsky.com\/fr\/wp-json\/wp\/v2\/media?parent=12599"}],"wp:term":[{"taxonomy":"product_brand","embeddable":true,"href":"https:\/\/www.moroccodesertsky.com\/fr\/wp-json\/wp\/v2\/product_brand?post=12599"},{"taxonomy":"product_cat","embeddable":true,"href":"https:\/\/www.moroccodesertsky.com\/fr\/wp-json\/wp\/v2\/product_cat?post=12599"},{"taxonomy":"product_tag","embeddable":true,"href":"https:\/\/www.moroccodesertsky.com\/fr\/wp-json\/wp\/v2\/product_tag?post=12599"}],"curies":[{"name":"wp","href":"https:\/\/api.w.org\/{rel}","templated":true}]}}