{"id":12595,"date":"2025-02-25T13:20:35","date_gmt":"2025-02-25T13:20:35","guid":{"rendered":"https:\/\/moroccodesertsky.com\/product\/quad-adventure-in-sahara-dunes\/"},"modified":"2025-03-12T20:25:43","modified_gmt":"2025-03-12T20:25:43","slug":"aventure-en-quad-dans-les-dunes-du-sahara","status":"publish","type":"product","link":"https:\/\/www.moroccodesertsky.com\/fr\/tours\/aventure-en-quad-dans-les-dunes-du-sahara\/","title":{"rendered":"Aventure en quad dans les dunes du Sahara"},"content":{"rendered":"<h3 style=\"font-size: 35px;\">Points forts:<\/h3>\n<ul>\n<li>Parcourez les dunes dor\u00e9es du d\u00e9sert de Merzouga en quad.<\/li>\n<li>D\u00e9couvrez des paysages \u00e0 couper le souffle et la magie du Sahara.<\/li>\n<li>Passez une pause th\u00e9 marocain chez une famille berb\u00e8re locale.<\/li>\n<\/ul>\n<h3 style=\"font-size: 35px;\">Description:<\/h3>\n<p>Cette excursion en quad vous propose une aventure palpitante \u00e0 travers les vastes dunes de Merzouga, o\u00f9 vous pourrez vous \u00e9vader dans la tranquillit\u00e9 du Sahara. Accompagn\u00e9 d&rsquo;un guide exp\u00e9riment\u00e9, vous parcourrez des sentiers d\u00e9sertiques passionnants, explorerez les recoins cach\u00e9s des dunes et admirerez la beaut\u00e9 des paysages de sable \u00e0 perte de vue.<\/p>\n<p>\u00c0 mi-chemin, vous vous arr\u00eaterez pour d\u00e9guster un th\u00e9 \u00e0 la menthe marocain traditionnel avec une famille berb\u00e8re locale. Votre guide vous accompagnera pour vous faire d\u00e9couvrir leur mode de vie unique dans le d\u00e9sert et leur riche patrimoine culturel.<\/p>\n<p>Apr\u00e8s la pause, poursuivez votre aventure riche en adr\u00e9naline \u00e0 travers les dunes, en savourant la libert\u00e9 du d\u00e9sert. \u00c0 la fin de votre aventure, vous retournerez au point de d\u00e9part, o\u00f9 vous pourrez vous d\u00e9tendre et revivre l&rsquo;\u00e9motion de cette exp\u00e9rience inoubliable en quad.<\/p>\n<h3 style=\"font-size: 35px;\">Ce qu&rsquo;il faut apporter :<\/h3>\n<ul>\n<li>Chaussures confortables<\/li>\n<li>Lunettes de soleil<\/li>\n<li>Chapeau ou \u00e9charpe<\/li>\n<li>Appareil photo<\/li>\n<li>Cr\u00e8me solaire<\/li>\n<li>Paysages \u00e0 couper le souffle<\/li>\n<\/ul>\n<h3 style=\"font-size: 35px;\">Restrictions:<\/h3>\n<ul>\n<li>Animaux interdits<\/li>\n<li>Interdiction de fumer dans le v\u00e9hicule<\/li>\n<\/ul>\n<h3 style=\"font-size: 35px;\">\u00c0 savoir avant de partir :<\/h3>\n<ul>\n<li>Convient aux adultes et aux enfants de 14 ans et plus.<\/li>\n<li>Les enfants de moins de 14 ans peuvent voyager en tandem avec un adulte.<\/li>\n<\/ul>\n","protected":false},"excerpt":{"rendered":"<p>Points forts: Parcourez les dunes dor\u00e9es du d\u00e9sert de Merzouga en quad. D\u00e9couvrez des paysages \u00e0 couper le souffle et la magie du Sahara. Passez une pause th\u00e9 marocain chez une famille berb\u00e8re locale. Description: Cette excursion en quad vous propose une aventure palpitante \u00e0 travers les vastes dunes de Merzouga, o\u00f9 vous pourrez vous [&hellip;]<\/p>\n","protected":false},"featured_media":11839,"template":"","meta":[],"product_brand":[],"product_cat":[105],"product_tag":[],"class_list":{"0":"post-12595","1":"product","2":"type-product","3":"status-publish","4":"has-post-thumbnail","6":"product_cat-activities-fr","8":"first","9":"instock","10":"shipping-taxable","11":"product-type-ovabrw_car_rental"},"yoast_head":"<!-- This site is optimized with the Yoast SEO Premium plugin v24.6 (Yoast SEO v27.4) - https:\/\/yoast.com\/product\/yoast-seo-premium-wordpress\/ -->\n<title>Aventure en quad dans les dunes du Sahara - Morocco Desert Sky<\/title>\n<meta name=\"robots\" content=\"index, follow, max-snippet:-1, max-image-preview:large, max-video-preview:-1\" \/>\n<link rel=\"canonical\" href=\"https:\/\/www.moroccodesertsky.com\/tours\/quad-adventure-in-sahara-dunes\/\" \/>\n<meta property=\"og:locale\" content=\"fr_FR\" \/>\n<meta property=\"og:type\" content=\"article\" \/>\n<meta property=\"og:title\" content=\"Aventure en quad dans les dunes du Sahara\" \/>\n<meta property=\"og:description\" content=\"Points forts: Parcourez les dunes dor\u00e9es du d\u00e9sert de Merzouga en quad. D\u00e9couvrez des paysages \u00e0 couper le souffle et la magie du Sahara. Passez une pause th\u00e9 marocain chez une famille berb\u00e8re locale. Description: Cette excursion en quad vous propose une aventure palpitante \u00e0 travers les vastes dunes de Merzouga, o\u00f9 vous pourrez vous [&hellip;]\" \/>\n<meta property=\"og:url\" content=\"https:\/\/www.moroccodesertsky.com\/tours\/quad-adventure-in-sahara-dunes\/\" \/>\n<meta property=\"og:site_name\" content=\"Morocco Desert Sky\" \/>\n<meta property=\"article:modified_time\" content=\"2025-03-12T20:25:43+00:00\" \/>\n<meta property=\"og:image\" content=\"https:\/\/www.moroccodesertsky.com\/wp-content\/uploads\/2025\/02\/6-2.webp\" \/>\n\t<meta property=\"og:image:width\" content=\"2500\" \/>\n\t<meta property=\"og:image:height\" content=\"1406\" \/>\n\t<meta property=\"og:image:type\" content=\"image\/webp\" \/>\n<meta name=\"twitter:card\" content=\"summary_large_image\" \/>\n<meta name=\"twitter:label1\" content=\"Dur\u00e9e de lecture estim\u00e9e\" \/>\n\t<meta name=\"twitter:data1\" content=\"1 minute\" \/>\n<script type=\"application\/ld+json\" class=\"yoast-schema-graph\">{\"@context\":\"https:\\\/\\\/schema.org\",\"@graph\":[{\"@type\":\"WebPage\",\"@id\":\"https:\\\/\\\/www.moroccodesertsky.com\\\/tours\\\/quad-adventure-in-sahara-dunes\\\/\",\"url\":\"https:\\\/\\\/www.moroccodesertsky.com\\\/tours\\\/quad-adventure-in-sahara-dunes\\\/\",\"name\":\"Aventure en quad dans les dunes du Sahara - Morocco Desert Sky\",\"isPartOf\":{\"@id\":\"https:\\\/\\\/www.moroccodesertsky.com\\\/#website\"},\"primaryImageOfPage\":{\"@id\":\"https:\\\/\\\/www.moroccodesertsky.com\\\/tours\\\/quad-adventure-in-sahara-dunes\\\/#primaryimage\"},\"image\":{\"@id\":\"https:\\\/\\\/www.moroccodesertsky.com\\\/tours\\\/quad-adventure-in-sahara-dunes\\\/#primaryimage\"},\"thumbnailUrl\":\"https:\\\/\\\/www.moroccodesertsky.com\\\/wp-content\\\/uploads\\\/2025\\\/02\\\/6-2.webp\",\"datePublished\":\"2025-02-25T13:20:35+00:00\",\"dateModified\":\"2025-03-12T20:25:43+00:00\",\"breadcrumb\":{\"@id\":\"https:\\\/\\\/www.moroccodesertsky.com\\\/tours\\\/quad-adventure-in-sahara-dunes\\\/#breadcrumb\"},\"inLanguage\":\"fr-FR\",\"potentialAction\":[{\"@type\":\"ReadAction\",\"target\":[\"https:\\\/\\\/www.moroccodesertsky.com\\\/tours\\\/quad-adventure-in-sahara-dunes\\\/\"]}]},{\"@type\":\"ImageObject\",\"inLanguage\":\"fr-FR\",\"@id\":\"https:\\\/\\\/www.moroccodesertsky.com\\\/tours\\\/quad-adventure-in-sahara-dunes\\\/#primaryimage\",\"url\":\"https:\\\/\\\/www.moroccodesertsky.com\\\/wp-content\\\/uploads\\\/2025\\\/02\\\/6-2.webp\",\"contentUrl\":\"https:\\\/\\\/www.moroccodesertsky.com\\\/wp-content\\\/uploads\\\/2025\\\/02\\\/6-2.webp\",\"width\":2500,\"height\":1406},{\"@type\":\"BreadcrumbList\",\"@id\":\"https:\\\/\\\/www.moroccodesertsky.com\\\/tours\\\/quad-adventure-in-sahara-dunes\\\/#breadcrumb\",\"itemListElement\":[{\"@type\":\"ListItem\",\"position\":1,\"name\":\"Home\",\"item\":\"https:\\\/\\\/www.moroccodesertsky.com\\\/fr\\\/\"},{\"@type\":\"ListItem\",\"position\":2,\"name\":\"Boutique\",\"item\":\"https:\\\/\\\/www.moroccodesertsky.com\\\/shop\\\/\"},{\"@type\":\"ListItem\",\"position\":3,\"name\":\"Aventure en quad dans les dunes du Sahara\"}]},{\"@type\":\"WebSite\",\"@id\":\"https:\\\/\\\/www.moroccodesertsky.com\\\/#website\",\"url\":\"https:\\\/\\\/www.moroccodesertsky.com\\\/\",\"name\":\"Morocco Desert Sky\",\"description\":\"\",\"potentialAction\":[{\"@type\":\"SearchAction\",\"target\":{\"@type\":\"EntryPoint\",\"urlTemplate\":\"https:\\\/\\\/www.moroccodesertsky.com\\\/?s={search_term_string}\"},\"query-input\":{\"@type\":\"PropertyValueSpecification\",\"valueRequired\":true,\"valueName\":\"search_term_string\"}}],\"inLanguage\":\"fr-FR\"}]}<\/script>\n<!-- \/ Yoast SEO Premium plugin. -->","yoast_head_json":{"title":"Aventure en quad dans les dunes du Sahara - Morocco Desert Sky","robots":{"index":"index","follow":"follow","max-snippet":"max-snippet:-1","max-image-preview":"max-image-preview:large","max-video-preview":"max-video-preview:-1"},"canonical":"https:\/\/www.moroccodesertsky.com\/tours\/quad-adventure-in-sahara-dunes\/","og_locale":"fr_FR","og_type":"article","og_title":"Aventure en quad dans les dunes du Sahara","og_description":"Points forts: Parcourez les dunes dor\u00e9es du d\u00e9sert de Merzouga en quad. D\u00e9couvrez des paysages \u00e0 couper le souffle et la magie du Sahara. Passez une pause th\u00e9 marocain chez une famille berb\u00e8re locale. Description: Cette excursion en quad vous propose une aventure palpitante \u00e0 travers les vastes dunes de Merzouga, o\u00f9 vous pourrez vous [&hellip;]","og_url":"https:\/\/www.moroccodesertsky.com\/tours\/quad-adventure-in-sahara-dunes\/","og_site_name":"Morocco Desert Sky","article_modified_time":"2025-03-12T20:25:43+00:00","og_image":[{"width":2500,"height":1406,"url":"https:\/\/www.moroccodesertsky.com\/wp-content\/uploads\/2025\/02\/6-2.webp","type":"image\/webp"}],"twitter_card":"summary_large_image","twitter_misc":{"Dur\u00e9e de lecture estim\u00e9e":"1 minute"},"schema":{"@context":"https:\/\/schema.org","@graph":[{"@type":"WebPage","@id":"https:\/\/www.moroccodesertsky.com\/tours\/quad-adventure-in-sahara-dunes\/","url":"https:\/\/www.moroccodesertsky.com\/tours\/quad-adventure-in-sahara-dunes\/","name":"Aventure en quad dans les dunes du Sahara - Morocco Desert Sky","isPartOf":{"@id":"https:\/\/www.moroccodesertsky.com\/#website"},"primaryImageOfPage":{"@id":"https:\/\/www.moroccodesertsky.com\/tours\/quad-adventure-in-sahara-dunes\/#primaryimage"},"image":{"@id":"https:\/\/www.moroccodesertsky.com\/tours\/quad-adventure-in-sahara-dunes\/#primaryimage"},"thumbnailUrl":"https:\/\/www.moroccodesertsky.com\/wp-content\/uploads\/2025\/02\/6-2.webp","datePublished":"2025-02-25T13:20:35+00:00","dateModified":"2025-03-12T20:25:43+00:00","breadcrumb":{"@id":"https:\/\/www.moroccodesertsky.com\/tours\/quad-adventure-in-sahara-dunes\/#breadcrumb"},"inLanguage":"fr-FR","potentialAction":[{"@type":"ReadAction","target":["https:\/\/www.moroccodesertsky.com\/tours\/quad-adventure-in-sahara-dunes\/"]}]},{"@type":"ImageObject","inLanguage":"fr-FR","@id":"https:\/\/www.moroccodesertsky.com\/tours\/quad-adventure-in-sahara-dunes\/#primaryimage","url":"https:\/\/www.moroccodesertsky.com\/wp-content\/uploads\/2025\/02\/6-2.webp","contentUrl":"https:\/\/www.moroccodesertsky.com\/wp-content\/uploads\/2025\/02\/6-2.webp","width":2500,"height":1406},{"@type":"BreadcrumbList","@id":"https:\/\/www.moroccodesertsky.com\/tours\/quad-adventure-in-sahara-dunes\/#breadcrumb","itemListElement":[{"@type":"ListItem","position":1,"name":"Home","item":"https:\/\/www.moroccodesertsky.com\/fr\/"},{"@type":"ListItem","position":2,"name":"Boutique","item":"https:\/\/www.moroccodesertsky.com\/shop\/"},{"@type":"ListItem","position":3,"name":"Aventure en quad dans les dunes du Sahara"}]},{"@type":"WebSite","@id":"https:\/\/www.moroccodesertsky.com\/#website","url":"https:\/\/www.moroccodesertsky.com\/","name":"Morocco Desert Sky","description":"","potentialAction":[{"@type":"SearchAction","target":{"@type":"EntryPoint","urlTemplate":"https:\/\/www.moroccodesertsky.com\/?s={search_term_string}"},"query-input":{"@type":"PropertyValueSpecification","valueRequired":true,"valueName":"search_term_string"}}],"inLanguage":"fr-FR"}]}},"_links":{"self":[{"href":"https:\/\/www.moroccodesertsky.com\/fr\/wp-json\/wp\/v2\/product\/12595","targetHints":{"allow":["GET"]}}],"collection":[{"href":"https:\/\/www.moroccodesertsky.com\/fr\/wp-json\/wp\/v2\/product"}],"about":[{"href":"https:\/\/www.moroccodesertsky.com\/fr\/wp-json\/wp\/v2\/types\/product"}],"wp:featuredmedia":[{"embeddable":true,"href":"https:\/\/www.moroccodesertsky.com\/fr\/wp-json\/wp\/v2\/media\/11839"}],"wp:attachment":[{"href":"https:\/\/www.moroccodesertsky.com\/fr\/wp-json\/wp\/v2\/media?parent=12595"}],"wp:term":[{"taxonomy":"product_brand","embeddable":true,"href":"https:\/\/www.moroccodesertsky.com\/fr\/wp-json\/wp\/v2\/product_brand?post=12595"},{"taxonomy":"product_cat","embeddable":true,"href":"https:\/\/www.moroccodesertsky.com\/fr\/wp-json\/wp\/v2\/product_cat?post=12595"},{"taxonomy":"product_tag","embeddable":true,"href":"https:\/\/www.moroccodesertsky.com\/fr\/wp-json\/wp\/v2\/product_tag?post=12595"}],"curies":[{"name":"wp","href":"https:\/\/api.w.org\/{rel}","templated":true}]}}