{"id":12591,"date":"2025-02-25T14:56:43","date_gmt":"2025-02-25T14:56:43","guid":{"rendered":"https:\/\/moroccodesertsky.com\/product\/merzouga-camel-ride-experience\/"},"modified":"2025-03-12T20:17:52","modified_gmt":"2025-03-12T20:17:52","slug":"experience-de-balade-a-dos-de-chameau-a-merzouga","status":"publish","type":"product","link":"https:\/\/www.moroccodesertsky.com\/fr\/tours\/experience-de-balade-a-dos-de-chameau-a-merzouga\/","title":{"rendered":"Exp\u00e9rience de balade \u00e0 dos de chameau \u00e0 Merzouga"},"content":{"rendered":"<h3 style=\"font-size: 35px;\">Points forts:<\/h3>\n<ul>\n<li>Admirez des couchers de soleil ou des levers de soleil \u00e9poustouflants depuis les dunes.<\/li>\n<li>Promenez-vous \u00e0 dos de chameau dans le sable dor\u00e9 de l&rsquo;Erg Chebbi.<\/li>\n<li>Plongez dans le silence paisible du Sahara.<\/li>\n<li>Savourez un th\u00e9 marocain traditionnel dans un d\u00e9cor d\u00e9sertique.<\/li>\n<\/ul>\n<h3 style=\"font-size: 35px;\">Description:<\/h3>\n<p>Embarquez pour une balade magique \u00e0 dos de chameau \u00e0 travers les dunes envo\u00fbtantes de Merzouga. Accompagn\u00e9 d&rsquo;un guide exp\u00e9riment\u00e9, vous traverserez l&rsquo;immensit\u00e9 du d\u00e9sert, berc\u00e9 par le doux balancement de votre chameau tandis que vous vous aventurerez plus profond\u00e9ment dans le Sahara.<\/p>\n<p>Faites une pause pour admirer les couleurs spectaculaires du ciel au coucher ou au lever du soleil et prendre des photos inoubliables. Apr\u00e8s votre balade, d\u00e9tendez-vous dans un campement avec une tasse de th\u00e9 marocain chaud, impr\u00e9gnez-vous de la beaut\u00e9 et de la tranquillit\u00e9 du paysage.<\/p>\n<p>Cette exp\u00e9rience authentique vous offre un aper\u00e7u du mode de vie nomade intemporel, vous permettant de d\u00e9connecter et d&rsquo;appr\u00e9cier la simplicit\u00e9 du d\u00e9sert.<\/p>\n<h3 style=\"font-size: 35px;\">Ce qu&rsquo;il faut apporter :<\/h3>\n<ul>\n<li>V\u00eatements confortables et chaussures ferm\u00e9es<\/li>\n<li>Lunettes de soleil et chapeau<\/li>\n<li>Cr\u00e8me solaire et bouteille d&rsquo;eau<\/li>\n<li>Appareil photo pour immortaliser les moments pass\u00e9s dans le d\u00e9sert<\/li>\n<\/ul>\n<h3 style=\"font-size: 35px;\">Restrictions:<\/h3>\n<ul>\n<li>D\u00e9conseill\u00e9 aux personnes souffrant de probl\u00e8mes de dos.<\/li>\n<li>Non accessible aux fauteuils roulants.<\/li>\n<li>Les enfants doivent \u00eatre accompagn\u00e9s d&rsquo;un adulte.<\/li>\n<li>Ne convient pas aux femmes enceintes.<\/li>\n<\/ul>\n<h3 style=\"font-size: 35px;\">\u00c0 savoir avant de partir :<\/h3>\n<ul>\n<li>Les balades \u00e0 dos de chameau durent environ 1 \u00e0 2 heures.<\/li>\n<li>Des balades au coucher et au lever du soleil sont disponibles : choisissez votre pr\u00e9f\u00e9rence.<\/li>\n<li>Un guide local vous accompagnera tout au long de l&rsquo;exp\u00e9rience.<\/li>\n<li>La prise en charge et le retour \u00e0 l&rsquo;h\u00f4tel peuvent \u00eatre organis\u00e9s sur demande.<\/li>\n<\/ul>\n","protected":false},"excerpt":{"rendered":"<p>Points forts: Admirez des couchers de soleil ou des levers de soleil \u00e9poustouflants depuis les dunes. Promenez-vous \u00e0 dos de chameau dans le sable dor\u00e9 de l&rsquo;Erg Chebbi. Plongez dans le silence paisible du Sahara. Savourez un th\u00e9 marocain traditionnel dans un d\u00e9cor d\u00e9sertique. Description: Embarquez pour une balade magique \u00e0 dos de chameau \u00e0 [&hellip;]<\/p>\n","protected":false},"featured_media":11859,"template":"","meta":[],"product_brand":[],"product_cat":[105],"product_tag":[],"class_list":{"0":"post-12591","1":"product","2":"type-product","3":"status-publish","4":"has-post-thumbnail","6":"product_cat-activities-fr","8":"first","9":"instock","10":"shipping-taxable","11":"product-type-ovabrw_car_rental"},"yoast_head":"<!-- This site is optimized with the Yoast SEO Premium plugin v24.6 (Yoast SEO v27.4) - https:\/\/yoast.com\/product\/yoast-seo-premium-wordpress\/ -->\n<title>Exp\u00e9rience de balade \u00e0 dos de chameau \u00e0 Merzouga - Morocco Desert Sky<\/title>\n<meta name=\"robots\" content=\"index, follow, max-snippet:-1, max-image-preview:large, max-video-preview:-1\" \/>\n<link rel=\"canonical\" href=\"https:\/\/www.moroccodesertsky.com\/tours\/merzouga-camel-ride-experience\/\" \/>\n<meta property=\"og:locale\" content=\"fr_FR\" \/>\n<meta property=\"og:type\" content=\"article\" \/>\n<meta property=\"og:title\" content=\"Exp\u00e9rience de balade \u00e0 dos de chameau \u00e0 Merzouga\" \/>\n<meta property=\"og:description\" content=\"Points forts: Admirez des couchers de soleil ou des levers de soleil \u00e9poustouflants depuis les dunes. Promenez-vous \u00e0 dos de chameau dans le sable dor\u00e9 de l&rsquo;Erg Chebbi. Plongez dans le silence paisible du Sahara. Savourez un th\u00e9 marocain traditionnel dans un d\u00e9cor d\u00e9sertique. Description: Embarquez pour une balade magique \u00e0 dos de chameau \u00e0 [&hellip;]\" \/>\n<meta property=\"og:url\" content=\"https:\/\/www.moroccodesertsky.com\/tours\/merzouga-camel-ride-experience\/\" \/>\n<meta property=\"og:site_name\" content=\"Morocco Desert Sky\" \/>\n<meta property=\"article:modified_time\" content=\"2025-03-12T20:17:52+00:00\" \/>\n<meta property=\"og:image\" content=\"https:\/\/www.moroccodesertsky.com\/wp-content\/uploads\/2025\/02\/6-3.webp\" \/>\n\t<meta property=\"og:image:width\" content=\"2500\" \/>\n\t<meta property=\"og:image:height\" content=\"1406\" \/>\n\t<meta property=\"og:image:type\" content=\"image\/webp\" \/>\n<meta name=\"twitter:card\" content=\"summary_large_image\" \/>\n<meta name=\"twitter:label1\" content=\"Dur\u00e9e de lecture estim\u00e9e\" \/>\n\t<meta name=\"twitter:data1\" content=\"1 minute\" \/>\n<script type=\"application\/ld+json\" class=\"yoast-schema-graph\">{\"@context\":\"https:\\\/\\\/schema.org\",\"@graph\":[{\"@type\":\"WebPage\",\"@id\":\"https:\\\/\\\/www.moroccodesertsky.com\\\/tours\\\/merzouga-camel-ride-experience\\\/\",\"url\":\"https:\\\/\\\/www.moroccodesertsky.com\\\/tours\\\/merzouga-camel-ride-experience\\\/\",\"name\":\"Exp\u00e9rience de balade \u00e0 dos de chameau \u00e0 Merzouga - Morocco Desert Sky\",\"isPartOf\":{\"@id\":\"https:\\\/\\\/www.moroccodesertsky.com\\\/#website\"},\"primaryImageOfPage\":{\"@id\":\"https:\\\/\\\/www.moroccodesertsky.com\\\/tours\\\/merzouga-camel-ride-experience\\\/#primaryimage\"},\"image\":{\"@id\":\"https:\\\/\\\/www.moroccodesertsky.com\\\/tours\\\/merzouga-camel-ride-experience\\\/#primaryimage\"},\"thumbnailUrl\":\"https:\\\/\\\/www.moroccodesertsky.com\\\/wp-content\\\/uploads\\\/2025\\\/02\\\/6-3.webp\",\"datePublished\":\"2025-02-25T14:56:43+00:00\",\"dateModified\":\"2025-03-12T20:17:52+00:00\",\"breadcrumb\":{\"@id\":\"https:\\\/\\\/www.moroccodesertsky.com\\\/tours\\\/merzouga-camel-ride-experience\\\/#breadcrumb\"},\"inLanguage\":\"fr-FR\",\"potentialAction\":[{\"@type\":\"ReadAction\",\"target\":[\"https:\\\/\\\/www.moroccodesertsky.com\\\/tours\\\/merzouga-camel-ride-experience\\\/\"]}]},{\"@type\":\"ImageObject\",\"inLanguage\":\"fr-FR\",\"@id\":\"https:\\\/\\\/www.moroccodesertsky.com\\\/tours\\\/merzouga-camel-ride-experience\\\/#primaryimage\",\"url\":\"https:\\\/\\\/www.moroccodesertsky.com\\\/wp-content\\\/uploads\\\/2025\\\/02\\\/6-3.webp\",\"contentUrl\":\"https:\\\/\\\/www.moroccodesertsky.com\\\/wp-content\\\/uploads\\\/2025\\\/02\\\/6-3.webp\",\"width\":2500,\"height\":1406},{\"@type\":\"BreadcrumbList\",\"@id\":\"https:\\\/\\\/www.moroccodesertsky.com\\\/tours\\\/merzouga-camel-ride-experience\\\/#breadcrumb\",\"itemListElement\":[{\"@type\":\"ListItem\",\"position\":1,\"name\":\"Home\",\"item\":\"https:\\\/\\\/www.moroccodesertsky.com\\\/fr\\\/\"},{\"@type\":\"ListItem\",\"position\":2,\"name\":\"Boutique\",\"item\":\"https:\\\/\\\/www.moroccodesertsky.com\\\/shop\\\/\"},{\"@type\":\"ListItem\",\"position\":3,\"name\":\"Exp\u00e9rience de balade \u00e0 dos de chameau \u00e0 Merzouga\"}]},{\"@type\":\"WebSite\",\"@id\":\"https:\\\/\\\/www.moroccodesertsky.com\\\/#website\",\"url\":\"https:\\\/\\\/www.moroccodesertsky.com\\\/\",\"name\":\"Morocco Desert Sky\",\"description\":\"\",\"potentialAction\":[{\"@type\":\"SearchAction\",\"target\":{\"@type\":\"EntryPoint\",\"urlTemplate\":\"https:\\\/\\\/www.moroccodesertsky.com\\\/?s={search_term_string}\"},\"query-input\":{\"@type\":\"PropertyValueSpecification\",\"valueRequired\":true,\"valueName\":\"search_term_string\"}}],\"inLanguage\":\"fr-FR\"}]}<\/script>\n<!-- \/ Yoast SEO Premium plugin. -->","yoast_head_json":{"title":"Exp\u00e9rience de balade \u00e0 dos de chameau \u00e0 Merzouga - Morocco Desert Sky","robots":{"index":"index","follow":"follow","max-snippet":"max-snippet:-1","max-image-preview":"max-image-preview:large","max-video-preview":"max-video-preview:-1"},"canonical":"https:\/\/www.moroccodesertsky.com\/tours\/merzouga-camel-ride-experience\/","og_locale":"fr_FR","og_type":"article","og_title":"Exp\u00e9rience de balade \u00e0 dos de chameau \u00e0 Merzouga","og_description":"Points forts: Admirez des couchers de soleil ou des levers de soleil \u00e9poustouflants depuis les dunes. Promenez-vous \u00e0 dos de chameau dans le sable dor\u00e9 de l&rsquo;Erg Chebbi. Plongez dans le silence paisible du Sahara. Savourez un th\u00e9 marocain traditionnel dans un d\u00e9cor d\u00e9sertique. Description: Embarquez pour une balade magique \u00e0 dos de chameau \u00e0 [&hellip;]","og_url":"https:\/\/www.moroccodesertsky.com\/tours\/merzouga-camel-ride-experience\/","og_site_name":"Morocco Desert Sky","article_modified_time":"2025-03-12T20:17:52+00:00","og_image":[{"width":2500,"height":1406,"url":"https:\/\/www.moroccodesertsky.com\/wp-content\/uploads\/2025\/02\/6-3.webp","type":"image\/webp"}],"twitter_card":"summary_large_image","twitter_misc":{"Dur\u00e9e de lecture estim\u00e9e":"1 minute"},"schema":{"@context":"https:\/\/schema.org","@graph":[{"@type":"WebPage","@id":"https:\/\/www.moroccodesertsky.com\/tours\/merzouga-camel-ride-experience\/","url":"https:\/\/www.moroccodesertsky.com\/tours\/merzouga-camel-ride-experience\/","name":"Exp\u00e9rience de balade \u00e0 dos de chameau \u00e0 Merzouga - Morocco Desert Sky","isPartOf":{"@id":"https:\/\/www.moroccodesertsky.com\/#website"},"primaryImageOfPage":{"@id":"https:\/\/www.moroccodesertsky.com\/tours\/merzouga-camel-ride-experience\/#primaryimage"},"image":{"@id":"https:\/\/www.moroccodesertsky.com\/tours\/merzouga-camel-ride-experience\/#primaryimage"},"thumbnailUrl":"https:\/\/www.moroccodesertsky.com\/wp-content\/uploads\/2025\/02\/6-3.webp","datePublished":"2025-02-25T14:56:43+00:00","dateModified":"2025-03-12T20:17:52+00:00","breadcrumb":{"@id":"https:\/\/www.moroccodesertsky.com\/tours\/merzouga-camel-ride-experience\/#breadcrumb"},"inLanguage":"fr-FR","potentialAction":[{"@type":"ReadAction","target":["https:\/\/www.moroccodesertsky.com\/tours\/merzouga-camel-ride-experience\/"]}]},{"@type":"ImageObject","inLanguage":"fr-FR","@id":"https:\/\/www.moroccodesertsky.com\/tours\/merzouga-camel-ride-experience\/#primaryimage","url":"https:\/\/www.moroccodesertsky.com\/wp-content\/uploads\/2025\/02\/6-3.webp","contentUrl":"https:\/\/www.moroccodesertsky.com\/wp-content\/uploads\/2025\/02\/6-3.webp","width":2500,"height":1406},{"@type":"BreadcrumbList","@id":"https:\/\/www.moroccodesertsky.com\/tours\/merzouga-camel-ride-experience\/#breadcrumb","itemListElement":[{"@type":"ListItem","position":1,"name":"Home","item":"https:\/\/www.moroccodesertsky.com\/fr\/"},{"@type":"ListItem","position":2,"name":"Boutique","item":"https:\/\/www.moroccodesertsky.com\/shop\/"},{"@type":"ListItem","position":3,"name":"Exp\u00e9rience de balade \u00e0 dos de chameau \u00e0 Merzouga"}]},{"@type":"WebSite","@id":"https:\/\/www.moroccodesertsky.com\/#website","url":"https:\/\/www.moroccodesertsky.com\/","name":"Morocco Desert Sky","description":"","potentialAction":[{"@type":"SearchAction","target":{"@type":"EntryPoint","urlTemplate":"https:\/\/www.moroccodesertsky.com\/?s={search_term_string}"},"query-input":{"@type":"PropertyValueSpecification","valueRequired":true,"valueName":"search_term_string"}}],"inLanguage":"fr-FR"}]}},"_links":{"self":[{"href":"https:\/\/www.moroccodesertsky.com\/fr\/wp-json\/wp\/v2\/product\/12591","targetHints":{"allow":["GET"]}}],"collection":[{"href":"https:\/\/www.moroccodesertsky.com\/fr\/wp-json\/wp\/v2\/product"}],"about":[{"href":"https:\/\/www.moroccodesertsky.com\/fr\/wp-json\/wp\/v2\/types\/product"}],"wp:featuredmedia":[{"embeddable":true,"href":"https:\/\/www.moroccodesertsky.com\/fr\/wp-json\/wp\/v2\/media\/11859"}],"wp:attachment":[{"href":"https:\/\/www.moroccodesertsky.com\/fr\/wp-json\/wp\/v2\/media?parent=12591"}],"wp:term":[{"taxonomy":"product_brand","embeddable":true,"href":"https:\/\/www.moroccodesertsky.com\/fr\/wp-json\/wp\/v2\/product_brand?post=12591"},{"taxonomy":"product_cat","embeddable":true,"href":"https:\/\/www.moroccodesertsky.com\/fr\/wp-json\/wp\/v2\/product_cat?post=12591"},{"taxonomy":"product_tag","embeddable":true,"href":"https:\/\/www.moroccodesertsky.com\/fr\/wp-json\/wp\/v2\/product_tag?post=12591"}],"curies":[{"name":"wp","href":"https:\/\/api.w.org\/{rel}","templated":true}]}}