{"id":12581,"date":"2025-02-26T14:18:59","date_gmt":"2025-02-26T14:18:59","guid":{"rendered":"https:\/\/moroccodesertsky.com\/product\/3-days-tour-from-marrakech-to-merzouga-desert\/"},"modified":"2025-03-12T17:12:15","modified_gmt":"2025-03-12T17:12:15","slug":"circuit-de-3-jours-de-marrakech-au-desert-de-merzouga","status":"publish","type":"product","link":"https:\/\/www.moroccodesertsky.com\/fr\/tours\/circuit-de-3-jours-de-marrakech-au-desert-de-merzouga\/","title":{"rendered":"Circuit de 3 jours de Marrakech au d\u00e9sert de Merzouga"},"content":{"rendered":"<h3 style=\"font-size: 35px;\">Aper\u00e7u:<\/h3>\n<p>Notre circuit de 3 jours dans le d\u00e9sert, de Marrakech \u00e0 Merzouga, vous offre une sensation unique d&rsquo;\u00eatre au milieu de nulle part et vous permet de d\u00e9couvrir la vie des nomades. Vous monterez \u00e0 dos de chameau jusqu&rsquo;\u00e0 leur moyen de transport pr\u00e9f\u00e9r\u00e9 et passerez la nuit dans un authentique campement du d\u00e9sert du Sahara.<\/p>\n<h3 style=\"font-size: 35px;\">Points forts:<\/h3>\n<ul>\n<li>Traversez les \u00e9poustouflantes montagnes du Haut Atlas par le col de Tizi n\u2019Tichka.<\/li>\n<li>Explorez l\u2019ancienne kasbah d\u2019A\u00eft-ben-Haddou, class\u00e9e au patrimoine mondial de l\u2019UNESCO.<\/li>\n<li>Promenez-vous dans les spectaculaires gorges du Todra.<\/li>\n<li>Promenez-vous \u00e0 dos de chameau dans les dunes dor\u00e9es de l\u2019Erg Chebbi.<\/li>\n<li>Assistez \u00e0 un coucher et un lever de soleil inoubliables dans le d\u00e9sert.<\/li>\n<li>Passez une nuit magique dans un bivouac traditionnel.<\/li>\n<\/ul>\n<h3 style=\"font-size: 35px;\">Infos:<\/h3>\n<ul>\n<li><strong data-start=\"70\" data-end=\"83\">Dur\u00e9e:<\/strong> 3 jours \/ 2 nuits<\/li>\n<li><strong data-start=\"108\" data-end=\"127\">Point de d\u00e9part:<\/strong> Marrakech (h\u00f4tel ou riad)<\/li>\n<li><strong data-start=\"162\" data-end=\"179\">Point d&rsquo;arriv\u00e9e:<\/strong> Marrakech (h\u00f4tel ou riad)<\/li>\n<li><strong data-start=\"214\" data-end=\"233\">Transport:<\/strong> 4&#215;4 priv\u00e9 avec chauffeur<\/li>\n<li><strong data-start=\"273\" data-end=\"291\">H\u00e9bergement:<\/strong> Campement dans le d\u00e9sert et maisons d&rsquo;h\u00f4tes locales<\/li>\n<li><strong data-start=\"328\" data-end=\"338\">Repas:<\/strong> Petit-d\u00e9jeuner et d\u00eener inclus<\/li>\n<li><strong data-start=\"391\" data-end=\"405\">Langues:<\/strong> Anglais, fran\u00e7ais, guides disponibles<\/li>\n<li><strong data-start=\"461\" data-end=\"476\">Nombre de participants:<\/strong> Visites priv\u00e9es ou en petit groupe<\/li>\n<li><strong data-start=\"510\" data-end=\"529\">Niveau d&rsquo;activit\u00e9:<\/strong> Mod\u00e9r\u00e9 \u2014 randonn\u00e9es, balades \u00e0 dos de chameau, excursions dans le d\u00e9sert<\/li>\n<li><strong data-start=\"585\" data-end=\"602\">Disponibilit\u00e9:<\/strong> Toute l&rsquo;ann\u00e9e, dates de d\u00e9part flexibles<\/li>\n<\/ul>\n<h3 style=\"font-size: 35px;\">Remarque :<\/h3>\n<p>Si vous souhaitez modifier quelque chose \u00e0 ce voyage, faites-nous part de vos id\u00e9es et de votre projet de voyage ; nous vous proposerons un programme comparable ou alternatif adapt\u00e9 \u00e0 vos besoins. Pour plus d&rsquo;informations, n&rsquo;h\u00e9sitez pas \u00e0 nous contacter.<\/p>\n<h3 style=\"font-size: 35px;\">Tarif :<\/h3>\n<p>310\u20ac par personne (demi-pension)<\/p>\n<h3 style=\"font-size: 35px;\">Paiement:<\/h3>\n<ul>\n<li><strong data-start=\"1880\" data-end=\"1892\">Caution:<\/strong> 20 \u20ac (confirmation) + 10 \u20ac (ch\u00e8que)<\/li>\n<li><strong data-start=\"1935\" data-end=\"1947\">Solde:<\/strong> 310 \u20ac en esp\u00e8ces \u00e0 l\u2019arriv\u00e9e \u00e0 Ouarzazate (un re\u00e7u vous sera remis).<\/li>\n<\/ul>\n","protected":false},"excerpt":{"rendered":"<p>Aper\u00e7u: Notre circuit de 3 jours dans le d\u00e9sert, de Marrakech \u00e0 Merzouga, vous offre une sensation unique d&rsquo;\u00eatre au milieu de nulle part et vous permet de d\u00e9couvrir la vie des nomades. Vous monterez \u00e0 dos de chameau jusqu&rsquo;\u00e0 leur moyen de transport pr\u00e9f\u00e9r\u00e9 et passerez la nuit dans un authentique campement du d\u00e9sert [&hellip;]<\/p>\n","protected":false},"featured_media":11947,"template":"","meta":[],"product_brand":[],"product_cat":[102,104],"product_tag":[],"class_list":{"0":"post-12581","1":"product","2":"type-product","3":"status-publish","4":"has-post-thumbnail","6":"product_cat-all-tours-fr","7":"product_cat-merzouga-fr","9":"first","10":"instock","11":"shipping-taxable","12":"product-type-ovabrw_car_rental"},"yoast_head":"<!-- This site is optimized with the Yoast SEO Premium plugin v24.6 (Yoast SEO v27.4) - https:\/\/yoast.com\/product\/yoast-seo-premium-wordpress\/ -->\n<title>Circuit de 3 jours de Marrakech au d\u00e9sert de Merzouga - Morocco Desert Sky<\/title>\n<meta name=\"robots\" content=\"index, follow, max-snippet:-1, max-image-preview:large, max-video-preview:-1\" \/>\n<link rel=\"canonical\" href=\"https:\/\/www.moroccodesertsky.com\/tours\/3-days-tour-from-marrakech-to-merzouga-desert\/\" \/>\n<meta property=\"og:locale\" content=\"fr_FR\" \/>\n<meta property=\"og:type\" content=\"article\" \/>\n<meta property=\"og:title\" content=\"Circuit de 3 jours de Marrakech au d\u00e9sert de Merzouga\" \/>\n<meta property=\"og:description\" content=\"Aper\u00e7u: Notre circuit de 3 jours dans le d\u00e9sert, de Marrakech \u00e0 Merzouga, vous offre une sensation unique d&rsquo;\u00eatre au milieu de nulle part et vous permet de d\u00e9couvrir la vie des nomades. Vous monterez \u00e0 dos de chameau jusqu&rsquo;\u00e0 leur moyen de transport pr\u00e9f\u00e9r\u00e9 et passerez la nuit dans un authentique campement du d\u00e9sert [&hellip;]\" \/>\n<meta property=\"og:url\" content=\"https:\/\/www.moroccodesertsky.com\/tours\/3-days-tour-from-marrakech-to-merzouga-desert\/\" \/>\n<meta property=\"og:site_name\" content=\"Morocco Desert Sky\" \/>\n<meta property=\"article:modified_time\" content=\"2025-03-12T17:12:15+00:00\" \/>\n<meta property=\"og:image\" content=\"https:\/\/www.moroccodesertsky.com\/wp-content\/uploads\/2025\/02\/7-6.webp\" \/>\n\t<meta property=\"og:image:width\" content=\"2500\" \/>\n\t<meta property=\"og:image:height\" content=\"1406\" \/>\n\t<meta property=\"og:image:type\" content=\"image\/webp\" \/>\n<meta name=\"twitter:card\" content=\"summary_large_image\" \/>\n<meta name=\"twitter:label1\" content=\"Dur\u00e9e de lecture estim\u00e9e\" \/>\n\t<meta name=\"twitter:data1\" content=\"1 minute\" \/>\n<script type=\"application\/ld+json\" class=\"yoast-schema-graph\">{\"@context\":\"https:\\\/\\\/schema.org\",\"@graph\":[{\"@type\":\"WebPage\",\"@id\":\"https:\\\/\\\/www.moroccodesertsky.com\\\/tours\\\/3-days-tour-from-marrakech-to-merzouga-desert\\\/\",\"url\":\"https:\\\/\\\/www.moroccodesertsky.com\\\/tours\\\/3-days-tour-from-marrakech-to-merzouga-desert\\\/\",\"name\":\"Circuit de 3 jours de Marrakech au d\u00e9sert de Merzouga - Morocco Desert Sky\",\"isPartOf\":{\"@id\":\"https:\\\/\\\/www.moroccodesertsky.com\\\/#website\"},\"primaryImageOfPage\":{\"@id\":\"https:\\\/\\\/www.moroccodesertsky.com\\\/tours\\\/3-days-tour-from-marrakech-to-merzouga-desert\\\/#primaryimage\"},\"image\":{\"@id\":\"https:\\\/\\\/www.moroccodesertsky.com\\\/tours\\\/3-days-tour-from-marrakech-to-merzouga-desert\\\/#primaryimage\"},\"thumbnailUrl\":\"https:\\\/\\\/www.moroccodesertsky.com\\\/wp-content\\\/uploads\\\/2025\\\/02\\\/7-6.webp\",\"datePublished\":\"2025-02-26T14:18:59+00:00\",\"dateModified\":\"2025-03-12T17:12:15+00:00\",\"breadcrumb\":{\"@id\":\"https:\\\/\\\/www.moroccodesertsky.com\\\/tours\\\/3-days-tour-from-marrakech-to-merzouga-desert\\\/#breadcrumb\"},\"inLanguage\":\"fr-FR\",\"potentialAction\":[{\"@type\":\"ReadAction\",\"target\":[\"https:\\\/\\\/www.moroccodesertsky.com\\\/tours\\\/3-days-tour-from-marrakech-to-merzouga-desert\\\/\"]}]},{\"@type\":\"ImageObject\",\"inLanguage\":\"fr-FR\",\"@id\":\"https:\\\/\\\/www.moroccodesertsky.com\\\/tours\\\/3-days-tour-from-marrakech-to-merzouga-desert\\\/#primaryimage\",\"url\":\"https:\\\/\\\/www.moroccodesertsky.com\\\/wp-content\\\/uploads\\\/2025\\\/02\\\/7-6.webp\",\"contentUrl\":\"https:\\\/\\\/www.moroccodesertsky.com\\\/wp-content\\\/uploads\\\/2025\\\/02\\\/7-6.webp\",\"width\":2500,\"height\":1406},{\"@type\":\"BreadcrumbList\",\"@id\":\"https:\\\/\\\/www.moroccodesertsky.com\\\/tours\\\/3-days-tour-from-marrakech-to-merzouga-desert\\\/#breadcrumb\",\"itemListElement\":[{\"@type\":\"ListItem\",\"position\":1,\"name\":\"Home\",\"item\":\"https:\\\/\\\/www.moroccodesertsky.com\\\/fr\\\/\"},{\"@type\":\"ListItem\",\"position\":2,\"name\":\"Boutique\",\"item\":\"https:\\\/\\\/www.moroccodesertsky.com\\\/shop\\\/\"},{\"@type\":\"ListItem\",\"position\":3,\"name\":\"Circuit de 3 jours de Marrakech au d\u00e9sert de Merzouga\"}]},{\"@type\":\"WebSite\",\"@id\":\"https:\\\/\\\/www.moroccodesertsky.com\\\/#website\",\"url\":\"https:\\\/\\\/www.moroccodesertsky.com\\\/\",\"name\":\"Morocco Desert Sky\",\"description\":\"\",\"potentialAction\":[{\"@type\":\"SearchAction\",\"target\":{\"@type\":\"EntryPoint\",\"urlTemplate\":\"https:\\\/\\\/www.moroccodesertsky.com\\\/?s={search_term_string}\"},\"query-input\":{\"@type\":\"PropertyValueSpecification\",\"valueRequired\":true,\"valueName\":\"search_term_string\"}}],\"inLanguage\":\"fr-FR\"}]}<\/script>\n<!-- \/ Yoast SEO Premium plugin. -->","yoast_head_json":{"title":"Circuit de 3 jours de Marrakech au d\u00e9sert de Merzouga - Morocco Desert Sky","robots":{"index":"index","follow":"follow","max-snippet":"max-snippet:-1","max-image-preview":"max-image-preview:large","max-video-preview":"max-video-preview:-1"},"canonical":"https:\/\/www.moroccodesertsky.com\/tours\/3-days-tour-from-marrakech-to-merzouga-desert\/","og_locale":"fr_FR","og_type":"article","og_title":"Circuit de 3 jours de Marrakech au d\u00e9sert de Merzouga","og_description":"Aper\u00e7u: Notre circuit de 3 jours dans le d\u00e9sert, de Marrakech \u00e0 Merzouga, vous offre une sensation unique d&rsquo;\u00eatre au milieu de nulle part et vous permet de d\u00e9couvrir la vie des nomades. Vous monterez \u00e0 dos de chameau jusqu&rsquo;\u00e0 leur moyen de transport pr\u00e9f\u00e9r\u00e9 et passerez la nuit dans un authentique campement du d\u00e9sert [&hellip;]","og_url":"https:\/\/www.moroccodesertsky.com\/tours\/3-days-tour-from-marrakech-to-merzouga-desert\/","og_site_name":"Morocco Desert Sky","article_modified_time":"2025-03-12T17:12:15+00:00","og_image":[{"width":2500,"height":1406,"url":"https:\/\/www.moroccodesertsky.com\/wp-content\/uploads\/2025\/02\/7-6.webp","type":"image\/webp"}],"twitter_card":"summary_large_image","twitter_misc":{"Dur\u00e9e de lecture estim\u00e9e":"1 minute"},"schema":{"@context":"https:\/\/schema.org","@graph":[{"@type":"WebPage","@id":"https:\/\/www.moroccodesertsky.com\/tours\/3-days-tour-from-marrakech-to-merzouga-desert\/","url":"https:\/\/www.moroccodesertsky.com\/tours\/3-days-tour-from-marrakech-to-merzouga-desert\/","name":"Circuit de 3 jours de Marrakech au d\u00e9sert de Merzouga - Morocco Desert Sky","isPartOf":{"@id":"https:\/\/www.moroccodesertsky.com\/#website"},"primaryImageOfPage":{"@id":"https:\/\/www.moroccodesertsky.com\/tours\/3-days-tour-from-marrakech-to-merzouga-desert\/#primaryimage"},"image":{"@id":"https:\/\/www.moroccodesertsky.com\/tours\/3-days-tour-from-marrakech-to-merzouga-desert\/#primaryimage"},"thumbnailUrl":"https:\/\/www.moroccodesertsky.com\/wp-content\/uploads\/2025\/02\/7-6.webp","datePublished":"2025-02-26T14:18:59+00:00","dateModified":"2025-03-12T17:12:15+00:00","breadcrumb":{"@id":"https:\/\/www.moroccodesertsky.com\/tours\/3-days-tour-from-marrakech-to-merzouga-desert\/#breadcrumb"},"inLanguage":"fr-FR","potentialAction":[{"@type":"ReadAction","target":["https:\/\/www.moroccodesertsky.com\/tours\/3-days-tour-from-marrakech-to-merzouga-desert\/"]}]},{"@type":"ImageObject","inLanguage":"fr-FR","@id":"https:\/\/www.moroccodesertsky.com\/tours\/3-days-tour-from-marrakech-to-merzouga-desert\/#primaryimage","url":"https:\/\/www.moroccodesertsky.com\/wp-content\/uploads\/2025\/02\/7-6.webp","contentUrl":"https:\/\/www.moroccodesertsky.com\/wp-content\/uploads\/2025\/02\/7-6.webp","width":2500,"height":1406},{"@type":"BreadcrumbList","@id":"https:\/\/www.moroccodesertsky.com\/tours\/3-days-tour-from-marrakech-to-merzouga-desert\/#breadcrumb","itemListElement":[{"@type":"ListItem","position":1,"name":"Home","item":"https:\/\/www.moroccodesertsky.com\/fr\/"},{"@type":"ListItem","position":2,"name":"Boutique","item":"https:\/\/www.moroccodesertsky.com\/shop\/"},{"@type":"ListItem","position":3,"name":"Circuit de 3 jours de Marrakech au d\u00e9sert de Merzouga"}]},{"@type":"WebSite","@id":"https:\/\/www.moroccodesertsky.com\/#website","url":"https:\/\/www.moroccodesertsky.com\/","name":"Morocco Desert Sky","description":"","potentialAction":[{"@type":"SearchAction","target":{"@type":"EntryPoint","urlTemplate":"https:\/\/www.moroccodesertsky.com\/?s={search_term_string}"},"query-input":{"@type":"PropertyValueSpecification","valueRequired":true,"valueName":"search_term_string"}}],"inLanguage":"fr-FR"}]}},"_links":{"self":[{"href":"https:\/\/www.moroccodesertsky.com\/fr\/wp-json\/wp\/v2\/product\/12581","targetHints":{"allow":["GET"]}}],"collection":[{"href":"https:\/\/www.moroccodesertsky.com\/fr\/wp-json\/wp\/v2\/product"}],"about":[{"href":"https:\/\/www.moroccodesertsky.com\/fr\/wp-json\/wp\/v2\/types\/product"}],"wp:featuredmedia":[{"embeddable":true,"href":"https:\/\/www.moroccodesertsky.com\/fr\/wp-json\/wp\/v2\/media\/11947"}],"wp:attachment":[{"href":"https:\/\/www.moroccodesertsky.com\/fr\/wp-json\/wp\/v2\/media?parent=12581"}],"wp:term":[{"taxonomy":"product_brand","embeddable":true,"href":"https:\/\/www.moroccodesertsky.com\/fr\/wp-json\/wp\/v2\/product_brand?post=12581"},{"taxonomy":"product_cat","embeddable":true,"href":"https:\/\/www.moroccodesertsky.com\/fr\/wp-json\/wp\/v2\/product_cat?post=12581"},{"taxonomy":"product_tag","embeddable":true,"href":"https:\/\/www.moroccodesertsky.com\/fr\/wp-json\/wp\/v2\/product_tag?post=12581"}],"curies":[{"name":"wp","href":"https:\/\/api.w.org\/{rel}","templated":true}]}}