{"id":12577,"date":"2025-02-26T15:13:27","date_gmt":"2025-02-26T15:13:27","guid":{"rendered":"https:\/\/moroccodesertsky.com\/product\/7-day-moroccan-desert-trip-from-marrakech\/"},"modified":"2025-03-12T16:39:11","modified_gmt":"2025-03-12T16:39:11","slug":"circuit-de-7-jours-dans-le-desert-marocain-au-depart-de-marrakech","status":"publish","type":"product","link":"https:\/\/www.moroccodesertsky.com\/fr\/tours\/circuit-de-7-jours-dans-le-desert-marocain-au-depart-de-marrakech\/","title":{"rendered":"Circuit de 7 jours dans le d\u00e9sert marocain au d\u00e9part de Marrakech"},"content":{"rendered":"<h3 style=\"font-size: 35px;\">Aper\u00e7u:<\/h3>\n<p>Notre circuit de 7 jours au d\u00e9part de Marrakech vous permet de d\u00e9couvrir la plus belle r\u00e9gion du Sahara marocain. Vous traverserez des villes anciennes, des gorges et des vall\u00e9es, et admirerez les contrastes et la diversit\u00e9 culturelle de ses paysages.<\/p>\n<p>Ce circuit de 7 jours de Marrakech au d\u00e9sert de Merzouga est une excellente fa\u00e7on de voyager dans le temps et de d\u00e9couvrir l&rsquo;histoire fascinante du pays. Les participants d\u00e9couvriront des cit\u00e9s-empires, avec leurs m\u00e9dinas m\u00e9di\u00e9vales, leurs remparts et leurs ruelles tortueuses.<\/p>\n<h3 style=\"font-size: 35px;\">Points forts:<\/h3>\n<ul>\n<li>Vues magnifiques sur les montagnes de l&rsquo;Atlas.<\/li>\n<li>Visite du studio de cin\u00e9ma de Ouarzazate et de la kasbah d&rsquo;A\u00eft-ben-Haddou.<\/li>\n<li>Visite de la vall\u00e9e des Roses et de la vall\u00e9e du Dad\u00e8s.<\/li>\n<li>Nuit au c\u0153ur des \u00e9poustouflantes gorges du Dad\u00e8s.<\/li>\n<li>Balade \u00e0 dos de chameau dans le Sahara de Merzouga.<\/li>\n<li>Vue panoramique sur les dunes de l&rsquo;Erg Chebbi.<\/li>\n<li>Admirez le coucher de soleil sur les dunes de sable.<\/li>\n<li>Nuit au camp du d\u00e9sert de Merzouga.<\/li>\n<li>D\u00eener copieux et feu de camp (tambours berb\u00e8res).<\/li>\n<\/ul>\n<h3 style=\"font-size: 35px;\">Infos :<\/h3>\n<ul>\n<li><strong data-start=\"70\" data-end=\"83\">Dur\u00e9e:<\/strong> 7 jours \/ 6 nuits<\/li>\n<li><strong data-start=\"108\" data-end=\"127\">Point de d\u00e9part:<\/strong> Marrakech (h\u00f4tel, riad ou a\u00e9roport)<\/li>\n<li><strong data-start=\"162\" data-end=\"179\">Point d&rsquo;arriv\u00e9e:<\/strong> Marrakech (h\u00f4tel, riad ou a\u00e9roport)<\/li>\n<li><strong data-start=\"214\" data-end=\"233\">Transport:<\/strong> 4&#215;4 priv\u00e9 avec chauffeur<\/li>\n<li><strong data-start=\"273\" data-end=\"291\">H\u00e9bergement:<\/strong> Riads, bivouacs et h\u00f4tels-boutiques<\/li>\n<li><strong data-start=\"328\" data-end=\"338\">Repas:<\/strong> Petit-d\u00e9jeuner et d\u00eener inclus (d\u00e9jeuner en option)<\/li>\n<li><strong data-start=\"391\" data-end=\"405\">Langues:<\/strong> Anglais, fran\u00e7ais, guides disponibles<\/li>\n<li><strong data-start=\"461\" data-end=\"476\">Nombre de participants:<\/strong> Visites priv\u00e9es ou en petits groupes<\/li>\n<li><strong data-start=\"510\" data-end=\"529\">Niveau d&rsquo;activit\u00e9:<\/strong> Mod\u00e9r\u00e9 \u2014 randonn\u00e9es, balades \u00e0 dos de chameau, excursions dans le d\u00e9sert<\/li>\n<li><strong data-start=\"585\" data-end=\"602\">Disponibilit\u00e9:<\/strong> Toute l&rsquo;ann\u00e9e, dates de d\u00e9part flexibles<\/li>\n<\/ul>\n<h3 style=\"font-size: 35px;\">Remarque :<\/h3>\n<p>Si vous souhaitez modifier quelque chose \u00e0 ce voyage, faites-nous part de vos id\u00e9es et de votre projet de voyage ; nous vous proposerons un programme comparable ou alternatif adapt\u00e9 \u00e0 vos besoins. Pour plus d&rsquo;informations, n&rsquo;h\u00e9sitez pas \u00e0 nous contacter.<\/p>\n<h3 style=\"font-size: 35px;\">Tarif :<\/h3>\n<p>310\u20ac par personne (demi-pension)<\/p>\n<h3 style=\"font-size: 35px;\">Paiement:<\/h3>\n<ul>\n<li><strong data-start=\"1880\" data-end=\"1892\">Caution:<\/strong> 20 \u20ac (confirmation) + 10 \u20ac (ch\u00e8que)<\/li>\n<li><strong data-start=\"1935\" data-end=\"1947\">Solde:<\/strong> 310 \u20ac en esp\u00e8ces \u00e0 l\u2019arriv\u00e9e \u00e0 Ouarzazate (un re\u00e7u vous sera remis).<\/li>\n<\/ul>\n","protected":false},"excerpt":{"rendered":"<p>Aper\u00e7u: Notre circuit de 7 jours au d\u00e9part de Marrakech vous permet de d\u00e9couvrir la plus belle r\u00e9gion du Sahara marocain. Vous traverserez des villes anciennes, des gorges et des vall\u00e9es, et admirerez les contrastes et la diversit\u00e9 culturelle de ses paysages. Ce circuit de 7 jours de Marrakech au d\u00e9sert de Merzouga est une [&hellip;]<\/p>\n","protected":false},"featured_media":11993,"template":"","meta":[],"product_brand":[],"product_cat":[102,103],"product_tag":[],"class_list":{"0":"post-12577","1":"product","2":"type-product","3":"status-publish","4":"has-post-thumbnail","6":"product_cat-all-tours-fr","7":"product_cat-marrakech-fr","9":"first","10":"instock","11":"shipping-taxable","12":"product-type-ovabrw_car_rental"},"yoast_head":"<!-- This site is optimized with the Yoast SEO Premium plugin v24.6 (Yoast SEO v27.4) - https:\/\/yoast.com\/product\/yoast-seo-premium-wordpress\/ -->\n<title>Circuit de 7 jours dans le d\u00e9sert marocain au d\u00e9part de Marrakech - Morocco Desert Sky<\/title>\n<meta name=\"robots\" content=\"index, follow, max-snippet:-1, max-image-preview:large, max-video-preview:-1\" \/>\n<link rel=\"canonical\" href=\"https:\/\/www.moroccodesertsky.com\/tours\/7-day-moroccan-desert-trip-from-marrakech\/\" \/>\n<meta property=\"og:locale\" content=\"fr_FR\" \/>\n<meta property=\"og:type\" content=\"article\" \/>\n<meta property=\"og:title\" content=\"Circuit de 7 jours dans le d\u00e9sert marocain au d\u00e9part de Marrakech\" \/>\n<meta property=\"og:description\" content=\"Aper\u00e7u: Notre circuit de 7 jours au d\u00e9part de Marrakech vous permet de d\u00e9couvrir la plus belle r\u00e9gion du Sahara marocain. Vous traverserez des villes anciennes, des gorges et des vall\u00e9es, et admirerez les contrastes et la diversit\u00e9 culturelle de ses paysages. Ce circuit de 7 jours de Marrakech au d\u00e9sert de Merzouga est une [&hellip;]\" \/>\n<meta property=\"og:url\" content=\"https:\/\/www.moroccodesertsky.com\/tours\/7-day-moroccan-desert-trip-from-marrakech\/\" \/>\n<meta property=\"og:site_name\" content=\"Morocco Desert Sky\" \/>\n<meta property=\"article:modified_time\" content=\"2025-03-12T16:39:11+00:00\" \/>\n<meta property=\"og:image\" content=\"https:\/\/www.moroccodesertsky.com\/wp-content\/uploads\/2025\/02\/8-9.webp\" \/>\n\t<meta property=\"og:image:width\" content=\"2500\" \/>\n\t<meta property=\"og:image:height\" content=\"1406\" \/>\n\t<meta property=\"og:image:type\" content=\"image\/webp\" \/>\n<meta name=\"twitter:card\" content=\"summary_large_image\" \/>\n<meta name=\"twitter:label1\" content=\"Dur\u00e9e de lecture estim\u00e9e\" \/>\n\t<meta name=\"twitter:data1\" content=\"2 minutes\" \/>\n<script type=\"application\/ld+json\" class=\"yoast-schema-graph\">{\"@context\":\"https:\\\/\\\/schema.org\",\"@graph\":[{\"@type\":\"WebPage\",\"@id\":\"https:\\\/\\\/www.moroccodesertsky.com\\\/tours\\\/7-day-moroccan-desert-trip-from-marrakech\\\/\",\"url\":\"https:\\\/\\\/www.moroccodesertsky.com\\\/tours\\\/7-day-moroccan-desert-trip-from-marrakech\\\/\",\"name\":\"Circuit de 7 jours dans le d\u00e9sert marocain au d\u00e9part de Marrakech - Morocco Desert Sky\",\"isPartOf\":{\"@id\":\"https:\\\/\\\/www.moroccodesertsky.com\\\/#website\"},\"primaryImageOfPage\":{\"@id\":\"https:\\\/\\\/www.moroccodesertsky.com\\\/tours\\\/7-day-moroccan-desert-trip-from-marrakech\\\/#primaryimage\"},\"image\":{\"@id\":\"https:\\\/\\\/www.moroccodesertsky.com\\\/tours\\\/7-day-moroccan-desert-trip-from-marrakech\\\/#primaryimage\"},\"thumbnailUrl\":\"https:\\\/\\\/www.moroccodesertsky.com\\\/wp-content\\\/uploads\\\/2025\\\/02\\\/8-9.webp\",\"datePublished\":\"2025-02-26T15:13:27+00:00\",\"dateModified\":\"2025-03-12T16:39:11+00:00\",\"breadcrumb\":{\"@id\":\"https:\\\/\\\/www.moroccodesertsky.com\\\/tours\\\/7-day-moroccan-desert-trip-from-marrakech\\\/#breadcrumb\"},\"inLanguage\":\"fr-FR\",\"potentialAction\":[{\"@type\":\"ReadAction\",\"target\":[\"https:\\\/\\\/www.moroccodesertsky.com\\\/tours\\\/7-day-moroccan-desert-trip-from-marrakech\\\/\"]}]},{\"@type\":\"ImageObject\",\"inLanguage\":\"fr-FR\",\"@id\":\"https:\\\/\\\/www.moroccodesertsky.com\\\/tours\\\/7-day-moroccan-desert-trip-from-marrakech\\\/#primaryimage\",\"url\":\"https:\\\/\\\/www.moroccodesertsky.com\\\/wp-content\\\/uploads\\\/2025\\\/02\\\/8-9.webp\",\"contentUrl\":\"https:\\\/\\\/www.moroccodesertsky.com\\\/wp-content\\\/uploads\\\/2025\\\/02\\\/8-9.webp\",\"width\":2500,\"height\":1406},{\"@type\":\"BreadcrumbList\",\"@id\":\"https:\\\/\\\/www.moroccodesertsky.com\\\/tours\\\/7-day-moroccan-desert-trip-from-marrakech\\\/#breadcrumb\",\"itemListElement\":[{\"@type\":\"ListItem\",\"position\":1,\"name\":\"Home\",\"item\":\"https:\\\/\\\/www.moroccodesertsky.com\\\/fr\\\/\"},{\"@type\":\"ListItem\",\"position\":2,\"name\":\"Boutique\",\"item\":\"https:\\\/\\\/www.moroccodesertsky.com\\\/shop\\\/\"},{\"@type\":\"ListItem\",\"position\":3,\"name\":\"Circuit de 7 jours dans le d\u00e9sert marocain au d\u00e9part de Marrakech\"}]},{\"@type\":\"WebSite\",\"@id\":\"https:\\\/\\\/www.moroccodesertsky.com\\\/#website\",\"url\":\"https:\\\/\\\/www.moroccodesertsky.com\\\/\",\"name\":\"Morocco Desert Sky\",\"description\":\"\",\"potentialAction\":[{\"@type\":\"SearchAction\",\"target\":{\"@type\":\"EntryPoint\",\"urlTemplate\":\"https:\\\/\\\/www.moroccodesertsky.com\\\/?s={search_term_string}\"},\"query-input\":{\"@type\":\"PropertyValueSpecification\",\"valueRequired\":true,\"valueName\":\"search_term_string\"}}],\"inLanguage\":\"fr-FR\"}]}<\/script>\n<!-- \/ Yoast SEO Premium plugin. -->","yoast_head_json":{"title":"Circuit de 7 jours dans le d\u00e9sert marocain au d\u00e9part de Marrakech - Morocco Desert Sky","robots":{"index":"index","follow":"follow","max-snippet":"max-snippet:-1","max-image-preview":"max-image-preview:large","max-video-preview":"max-video-preview:-1"},"canonical":"https:\/\/www.moroccodesertsky.com\/tours\/7-day-moroccan-desert-trip-from-marrakech\/","og_locale":"fr_FR","og_type":"article","og_title":"Circuit de 7 jours dans le d\u00e9sert marocain au d\u00e9part de Marrakech","og_description":"Aper\u00e7u: Notre circuit de 7 jours au d\u00e9part de Marrakech vous permet de d\u00e9couvrir la plus belle r\u00e9gion du Sahara marocain. Vous traverserez des villes anciennes, des gorges et des vall\u00e9es, et admirerez les contrastes et la diversit\u00e9 culturelle de ses paysages. Ce circuit de 7 jours de Marrakech au d\u00e9sert de Merzouga est une [&hellip;]","og_url":"https:\/\/www.moroccodesertsky.com\/tours\/7-day-moroccan-desert-trip-from-marrakech\/","og_site_name":"Morocco Desert Sky","article_modified_time":"2025-03-12T16:39:11+00:00","og_image":[{"width":2500,"height":1406,"url":"https:\/\/www.moroccodesertsky.com\/wp-content\/uploads\/2025\/02\/8-9.webp","type":"image\/webp"}],"twitter_card":"summary_large_image","twitter_misc":{"Dur\u00e9e de lecture estim\u00e9e":"2 minutes"},"schema":{"@context":"https:\/\/schema.org","@graph":[{"@type":"WebPage","@id":"https:\/\/www.moroccodesertsky.com\/tours\/7-day-moroccan-desert-trip-from-marrakech\/","url":"https:\/\/www.moroccodesertsky.com\/tours\/7-day-moroccan-desert-trip-from-marrakech\/","name":"Circuit de 7 jours dans le d\u00e9sert marocain au d\u00e9part de Marrakech - Morocco Desert Sky","isPartOf":{"@id":"https:\/\/www.moroccodesertsky.com\/#website"},"primaryImageOfPage":{"@id":"https:\/\/www.moroccodesertsky.com\/tours\/7-day-moroccan-desert-trip-from-marrakech\/#primaryimage"},"image":{"@id":"https:\/\/www.moroccodesertsky.com\/tours\/7-day-moroccan-desert-trip-from-marrakech\/#primaryimage"},"thumbnailUrl":"https:\/\/www.moroccodesertsky.com\/wp-content\/uploads\/2025\/02\/8-9.webp","datePublished":"2025-02-26T15:13:27+00:00","dateModified":"2025-03-12T16:39:11+00:00","breadcrumb":{"@id":"https:\/\/www.moroccodesertsky.com\/tours\/7-day-moroccan-desert-trip-from-marrakech\/#breadcrumb"},"inLanguage":"fr-FR","potentialAction":[{"@type":"ReadAction","target":["https:\/\/www.moroccodesertsky.com\/tours\/7-day-moroccan-desert-trip-from-marrakech\/"]}]},{"@type":"ImageObject","inLanguage":"fr-FR","@id":"https:\/\/www.moroccodesertsky.com\/tours\/7-day-moroccan-desert-trip-from-marrakech\/#primaryimage","url":"https:\/\/www.moroccodesertsky.com\/wp-content\/uploads\/2025\/02\/8-9.webp","contentUrl":"https:\/\/www.moroccodesertsky.com\/wp-content\/uploads\/2025\/02\/8-9.webp","width":2500,"height":1406},{"@type":"BreadcrumbList","@id":"https:\/\/www.moroccodesertsky.com\/tours\/7-day-moroccan-desert-trip-from-marrakech\/#breadcrumb","itemListElement":[{"@type":"ListItem","position":1,"name":"Home","item":"https:\/\/www.moroccodesertsky.com\/fr\/"},{"@type":"ListItem","position":2,"name":"Boutique","item":"https:\/\/www.moroccodesertsky.com\/shop\/"},{"@type":"ListItem","position":3,"name":"Circuit de 7 jours dans le d\u00e9sert marocain au d\u00e9part de Marrakech"}]},{"@type":"WebSite","@id":"https:\/\/www.moroccodesertsky.com\/#website","url":"https:\/\/www.moroccodesertsky.com\/","name":"Morocco Desert Sky","description":"","potentialAction":[{"@type":"SearchAction","target":{"@type":"EntryPoint","urlTemplate":"https:\/\/www.moroccodesertsky.com\/?s={search_term_string}"},"query-input":{"@type":"PropertyValueSpecification","valueRequired":true,"valueName":"search_term_string"}}],"inLanguage":"fr-FR"}]}},"_links":{"self":[{"href":"https:\/\/www.moroccodesertsky.com\/fr\/wp-json\/wp\/v2\/product\/12577","targetHints":{"allow":["GET"]}}],"collection":[{"href":"https:\/\/www.moroccodesertsky.com\/fr\/wp-json\/wp\/v2\/product"}],"about":[{"href":"https:\/\/www.moroccodesertsky.com\/fr\/wp-json\/wp\/v2\/types\/product"}],"wp:featuredmedia":[{"embeddable":true,"href":"https:\/\/www.moroccodesertsky.com\/fr\/wp-json\/wp\/v2\/media\/11993"}],"wp:attachment":[{"href":"https:\/\/www.moroccodesertsky.com\/fr\/wp-json\/wp\/v2\/media?parent=12577"}],"wp:term":[{"taxonomy":"product_brand","embeddable":true,"href":"https:\/\/www.moroccodesertsky.com\/fr\/wp-json\/wp\/v2\/product_brand?post=12577"},{"taxonomy":"product_cat","embeddable":true,"href":"https:\/\/www.moroccodesertsky.com\/fr\/wp-json\/wp\/v2\/product_cat?post=12577"},{"taxonomy":"product_tag","embeddable":true,"href":"https:\/\/www.moroccodesertsky.com\/fr\/wp-json\/wp\/v2\/product_tag?post=12577"}],"curies":[{"name":"wp","href":"https:\/\/api.w.org\/{rel}","templated":true}]}}