{"id":12575,"date":"2025-03-06T14:32:49","date_gmt":"2025-03-06T14:32:49","guid":{"rendered":"https:\/\/moroccodesertsky.com\/product\/transfert-prive-aeroport-ouarzazate-%e2%86%94-merzouga\/"},"modified":"2025-10-12T12:36:24","modified_gmt":"2025-10-12T12:36:24","slug":"transfert-prive-aeroport-ouarzazate-%e2%86%94-merzouga","status":"publish","type":"product","link":"https:\/\/www.moroccodesertsky.com\/fr\/tours\/transfert-prive-aeroport-ouarzazate-%e2%86%94-merzouga\/","title":{"rendered":"Transfert Priv\u00e9 A\u00e9roport Ouarzazate \u2194 Merzouga"},"content":{"rendered":"<h3 style=\"font-size: 35px;\">Aper\u00e7u:<\/h3>\n<p>Profitez d&rsquo;un transfert priv\u00e9 confortable et fluide entre Ouarzazate et Merzouga avec Morocco Desert Sky. Traversez des paysages d\u00e9sertiques \u00e0 couper le souffle, de charmants villages berb\u00e8res et des sites embl\u00e9matiques comme la vall\u00e9e du Dr\u00e2a et les dunes de l&rsquo;Erg Chebbi. Notre service fiable vous garantit un voyage sans stress avec des chauffeurs professionnels, vous permettant de vous d\u00e9tendre et de profiter pleinement de la route panoramique.<\/p>\n<h3 style=\"font-size: 35px;\">Description:<\/h3>\n<p>Embarquez pour un transfert priv\u00e9 de Ouarzazate \u00e0 Merzouga, traversant certains des plus beaux paysages du Maroc. Votre voyage commence aux portes du d\u00e9sert, o\u00f9 vous traverserez des vall\u00e9es bord\u00e9es de palmiers, des cols de montagne spectaculaires et d&rsquo;anciennes kasbahs. Avec des horaires de d\u00e9part flexibles et des arr\u00eats photos ou rafra\u00eechissements, ce transfert est id\u00e9al pour les voyageurs en qu\u00eate de confort et d&rsquo;aventure. Arriv\u00e9e \u00e0 Merzouga, pr\u00eat \u00e0 explorer l&rsquo;immensit\u00e9 du d\u00e9sert du Sahara et ses dunes dor\u00e9es.<\/p>\n<h3 style=\"font-size: 35px;\">Caract\u00e9ristiques:<\/h3>\n<ul>\n<li>Prise en charge et retour directs :<\/li>\n<\/ul>\n<p>Transfert priv\u00e9 fluide de Ouarzazate \u00e0 Merzouga, directement \u00e0 votre h\u00f4tel ou riad, sans arr\u00eats inutiles.<\/p>\n<ul>\n<li>Transport priv\u00e9 et confortable :<\/li>\n<\/ul>\n<p>Voyagez \u00e0 bord d&rsquo;un v\u00e9hicule moderne et climatis\u00e9, offrant un espace g\u00e9n\u00e9reux pour vous et vos bagages.<\/p>\n<ul>\n<li>Chauffeurs professionnels :<\/li>\n<\/ul>\n<p>Chauffeurs locaux exp\u00e9riment\u00e9s, connaissant les routes du d\u00e9sert et partageant leurs connaissances sur la r\u00e9gion.<\/p>\n<ul>\n<li>Prix fixe et sans frais cach\u00e9s :<\/li>\n<\/ul>\n<p>Tarifs transparents et sans surprises : ce que vous voyez est ce que vous payez.<\/p>\n<ul>\n<li>Disponibilit\u00e9 24h\/24 et 7j\/7 :<\/li>\n<\/ul>\n<p>Horaires de d\u00e9part flexibles, que vous souhaitiez partir t\u00f4t ou tard le soir.<\/p>\n<ul>\n<li>Vues panoramiques sur le d\u00e9sert :<\/li>\n<\/ul>\n<p>Admirez des paysages \u00e9poustouflants, notamment la vall\u00e9e du Draa, les kasbahs et le d\u00e9sert accident\u00e9, sur la route de Merzouga.<\/p>\n<ul>\n<li>Assistance bagages :<\/li>\n<\/ul>\n<p>Chauffeurs serviables pour vous aider \u00e0 charger et d\u00e9charger vos bagages.<\/p>\n<ul>\n<li>Arr\u00eats panoramiques facultatifs :<\/li>\n<\/ul>\n<p>Faites une pause \u00e0 des endroits embl\u00e9matiques comme Agdz, Alnif ou des points de vue panoramiques sur le d\u00e9sert pour prendre des photos ou faire une pause.<\/p>\n<p>&nbsp;<\/p>\n<p><img fetchpriority=\"high\" decoding=\"async\" class=\"alignnone size-medium wp-image-10075\" src=\"https:\/\/www.moroccodesertsky.com\/wp-content\/uploads\/2025\/02\/1-1-300x300.png\" alt=\"\" width=\"300\" height=\"300\" srcset=\"https:\/\/www.moroccodesertsky.com\/wp-content\/uploads\/2025\/02\/1-1-300x300.png 300w, https:\/\/www.moroccodesertsky.com\/wp-content\/uploads\/2025\/02\/1-1-150x150.png 150w, https:\/\/www.moroccodesertsky.com\/wp-content\/uploads\/2025\/02\/1-1-768x768.png 768w, https:\/\/www.moroccodesertsky.com\/wp-content\/uploads\/2025\/02\/1-1-636x636.png 636w, https:\/\/www.moroccodesertsky.com\/wp-content\/uploads\/2025\/02\/1-1-306x306.png 306w, https:\/\/www.moroccodesertsky.com\/wp-content\/uploads\/2025\/02\/1-1-600x600.png 600w, https:\/\/www.moroccodesertsky.com\/wp-content\/uploads\/2025\/02\/1-1-100x100.png 100w, https:\/\/www.moroccodesertsky.com\/wp-content\/uploads\/2025\/02\/1-1.png 781w\" sizes=\"(max-width: 300px) 100vw, 300px\" \/> <img decoding=\"async\" class=\"alignnone size-medium wp-image-10076\" src=\"https:\/\/www.moroccodesertsky.com\/wp-content\/uploads\/2025\/02\/2-300x300.png\" alt=\"\" width=\"300\" height=\"300\" srcset=\"https:\/\/www.moroccodesertsky.com\/wp-content\/uploads\/2025\/02\/2-300x300.png 300w, https:\/\/www.moroccodesertsky.com\/wp-content\/uploads\/2025\/02\/2-150x150.png 150w, https:\/\/www.moroccodesertsky.com\/wp-content\/uploads\/2025\/02\/2-768x768.png 768w, https:\/\/www.moroccodesertsky.com\/wp-content\/uploads\/2025\/02\/2-636x636.png 636w, https:\/\/www.moroccodesertsky.com\/wp-content\/uploads\/2025\/02\/2-306x306.png 306w, https:\/\/www.moroccodesertsky.com\/wp-content\/uploads\/2025\/02\/2-600x600.png 600w, https:\/\/www.moroccodesertsky.com\/wp-content\/uploads\/2025\/02\/2-100x100.png 100w, https:\/\/www.moroccodesertsky.com\/wp-content\/uploads\/2025\/02\/2.png 781w\" sizes=\"(max-width: 300px) 100vw, 300px\" \/> <img decoding=\"async\" class=\"alignnone size-medium wp-image-10077\" src=\"https:\/\/www.moroccodesertsky.com\/wp-content\/uploads\/2025\/02\/3-2-300x300.png\" alt=\"\" width=\"300\" height=\"300\" srcset=\"https:\/\/www.moroccodesertsky.com\/wp-content\/uploads\/2025\/02\/3-2-300x300.png 300w, https:\/\/www.moroccodesertsky.com\/wp-content\/uploads\/2025\/02\/3-2-150x150.png 150w, https:\/\/www.moroccodesertsky.com\/wp-content\/uploads\/2025\/02\/3-2-768x768.png 768w, https:\/\/www.moroccodesertsky.com\/wp-content\/uploads\/2025\/02\/3-2-636x636.png 636w, https:\/\/www.moroccodesertsky.com\/wp-content\/uploads\/2025\/02\/3-2-306x306.png 306w, https:\/\/www.moroccodesertsky.com\/wp-content\/uploads\/2025\/02\/3-2-600x600.png 600w, https:\/\/www.moroccodesertsky.com\/wp-content\/uploads\/2025\/02\/3-2-100x100.png 100w, https:\/\/www.moroccodesertsky.com\/wp-content\/uploads\/2025\/02\/3-2.png 781w\" sizes=\"(max-width: 300px) 100vw, 300px\" \/><\/p>\n","protected":false},"excerpt":{"rendered":"<p>Aper\u00e7u: Profitez d&rsquo;un transfert priv\u00e9 confortable et fluide entre Ouarzazate et Merzouga avec Morocco Desert Sky. Traversez des paysages d\u00e9sertiques \u00e0 couper le souffle, de charmants villages berb\u00e8res et des sites embl\u00e9matiques comme la vall\u00e9e du Dr\u00e2a et les dunes de l&rsquo;Erg Chebbi. Notre service fiable vous garantit un voyage sans stress avec des chauffeurs [&hellip;]<\/p>\n","protected":false},"featured_media":12077,"template":"","meta":[],"product_brand":[],"product_cat":[101],"product_tag":[],"class_list":{"0":"post-12575","1":"product","2":"type-product","3":"status-publish","4":"has-post-thumbnail","6":"product_cat-transfert-fr","8":"first","9":"instock","10":"shipping-taxable","11":"product-type-ovabrw_car_rental"},"yoast_head":"<!-- This site is optimized with the Yoast SEO Premium plugin v24.6 (Yoast SEO v27.4) - https:\/\/yoast.com\/product\/yoast-seo-premium-wordpress\/ -->\n<title>Transfert Priv\u00e9 Ouarzazate Merzouga \u2013 Service Transfer\ufeff<\/title>\n<meta name=\"description\" content=\"Transfert priv\u00e9 s\u00e9curis\u00e9 et confortable entre Ouarzazate et Merzouga. R\u00e9servez un chauffeur fiable pour un voyage paisible.\" \/>\n<meta name=\"robots\" content=\"index, follow, max-snippet:-1, max-image-preview:large, max-video-preview:-1\" \/>\n<link rel=\"canonical\" href=\"https:\/\/www.moroccodesertsky.com\/tours\/private-transfer-ouarzazate-airport-\u2194-merzouga\/\" \/>\n<meta property=\"og:locale\" content=\"fr_FR\" \/>\n<meta property=\"og:type\" content=\"article\" \/>\n<meta property=\"og:title\" content=\"Transfert Priv\u00e9 A\u00e9roport Ouarzazate \u2194 Merzouga\" \/>\n<meta property=\"og:description\" content=\"Transfert priv\u00e9 s\u00e9curis\u00e9 et confortable entre Ouarzazate et Merzouga. R\u00e9servez un chauffeur fiable pour un voyage paisible.\" \/>\n<meta property=\"og:url\" content=\"https:\/\/www.moroccodesertsky.com\/tours\/private-transfer-ouarzazate-airport-\u2194-merzouga\/\" \/>\n<meta property=\"og:site_name\" content=\"Morocco Desert Sky\" \/>\n<meta property=\"article:modified_time\" content=\"2025-10-12T12:36:24+00:00\" \/>\n<meta property=\"og:image\" content=\"https:\/\/www.moroccodesertsky.com\/wp-content\/uploads\/2025\/03\/2-3.webp\" \/>\n\t<meta property=\"og:image:width\" content=\"2400\" \/>\n\t<meta property=\"og:image:height\" content=\"1350\" \/>\n\t<meta property=\"og:image:type\" content=\"image\/webp\" \/>\n<meta name=\"twitter:card\" content=\"summary_large_image\" \/>\n<meta name=\"twitter:label1\" content=\"Dur\u00e9e de lecture estim\u00e9e\" \/>\n\t<meta name=\"twitter:data1\" content=\"3 minutes\" \/>\n<script type=\"application\/ld+json\" class=\"yoast-schema-graph\">{\"@context\":\"https:\\\/\\\/schema.org\",\"@graph\":[{\"@type\":\"WebPage\",\"@id\":\"https:\\\/\\\/www.moroccodesertsky.com\\\/tours\\\/private-transfer-ouarzazate-airport-%e2%86%94-merzouga\\\/\",\"url\":\"https:\\\/\\\/www.moroccodesertsky.com\\\/tours\\\/private-transfer-ouarzazate-airport-%e2%86%94-merzouga\\\/\",\"name\":\"Transfert Priv\u00e9 Ouarzazate Merzouga \u2013 Service Transfer\ufeff\",\"isPartOf\":{\"@id\":\"https:\\\/\\\/www.moroccodesertsky.com\\\/#website\"},\"primaryImageOfPage\":{\"@id\":\"https:\\\/\\\/www.moroccodesertsky.com\\\/tours\\\/private-transfer-ouarzazate-airport-%e2%86%94-merzouga\\\/#primaryimage\"},\"image\":{\"@id\":\"https:\\\/\\\/www.moroccodesertsky.com\\\/tours\\\/private-transfer-ouarzazate-airport-%e2%86%94-merzouga\\\/#primaryimage\"},\"thumbnailUrl\":\"https:\\\/\\\/www.moroccodesertsky.com\\\/wp-content\\\/uploads\\\/2025\\\/03\\\/2-3.webp\",\"datePublished\":\"2025-03-06T14:32:49+00:00\",\"dateModified\":\"2025-10-12T12:36:24+00:00\",\"description\":\"Transfert priv\u00e9 s\u00e9curis\u00e9 et confortable entre Ouarzazate et Merzouga. R\u00e9servez un chauffeur fiable pour un voyage paisible.\",\"breadcrumb\":{\"@id\":\"https:\\\/\\\/www.moroccodesertsky.com\\\/tours\\\/private-transfer-ouarzazate-airport-%e2%86%94-merzouga\\\/#breadcrumb\"},\"inLanguage\":\"fr-FR\",\"potentialAction\":[{\"@type\":\"ReadAction\",\"target\":[\"https:\\\/\\\/www.moroccodesertsky.com\\\/tours\\\/private-transfer-ouarzazate-airport-%e2%86%94-merzouga\\\/\"]}]},{\"@type\":\"ImageObject\",\"inLanguage\":\"fr-FR\",\"@id\":\"https:\\\/\\\/www.moroccodesertsky.com\\\/tours\\\/private-transfer-ouarzazate-airport-%e2%86%94-merzouga\\\/#primaryimage\",\"url\":\"https:\\\/\\\/www.moroccodesertsky.com\\\/wp-content\\\/uploads\\\/2025\\\/03\\\/2-3.webp\",\"contentUrl\":\"https:\\\/\\\/www.moroccodesertsky.com\\\/wp-content\\\/uploads\\\/2025\\\/03\\\/2-3.webp\",\"width\":2400,\"height\":1350},{\"@type\":\"BreadcrumbList\",\"@id\":\"https:\\\/\\\/www.moroccodesertsky.com\\\/tours\\\/private-transfer-ouarzazate-airport-%e2%86%94-merzouga\\\/#breadcrumb\",\"itemListElement\":[{\"@type\":\"ListItem\",\"position\":1,\"name\":\"Home\",\"item\":\"https:\\\/\\\/www.moroccodesertsky.com\\\/fr\\\/\"},{\"@type\":\"ListItem\",\"position\":2,\"name\":\"Boutique\",\"item\":\"https:\\\/\\\/www.moroccodesertsky.com\\\/shop\\\/\"},{\"@type\":\"ListItem\",\"position\":3,\"name\":\"Transfert Priv\u00e9 A\u00e9roport Ouarzazate \u2194 Merzouga\"}]},{\"@type\":\"WebSite\",\"@id\":\"https:\\\/\\\/www.moroccodesertsky.com\\\/#website\",\"url\":\"https:\\\/\\\/www.moroccodesertsky.com\\\/\",\"name\":\"Morocco Desert Sky\",\"description\":\"\",\"potentialAction\":[{\"@type\":\"SearchAction\",\"target\":{\"@type\":\"EntryPoint\",\"urlTemplate\":\"https:\\\/\\\/www.moroccodesertsky.com\\\/?s={search_term_string}\"},\"query-input\":{\"@type\":\"PropertyValueSpecification\",\"valueRequired\":true,\"valueName\":\"search_term_string\"}}],\"inLanguage\":\"fr-FR\"}]}<\/script>\n<!-- \/ Yoast SEO Premium plugin. -->","yoast_head_json":{"title":"Transfert Priv\u00e9 Ouarzazate Merzouga \u2013 Service Transfer\ufeff","description":"Transfert priv\u00e9 s\u00e9curis\u00e9 et confortable entre Ouarzazate et Merzouga. R\u00e9servez un chauffeur fiable pour un voyage paisible.","robots":{"index":"index","follow":"follow","max-snippet":"max-snippet:-1","max-image-preview":"max-image-preview:large","max-video-preview":"max-video-preview:-1"},"canonical":"https:\/\/www.moroccodesertsky.com\/tours\/private-transfer-ouarzazate-airport-\u2194-merzouga\/","og_locale":"fr_FR","og_type":"article","og_title":"Transfert Priv\u00e9 A\u00e9roport Ouarzazate \u2194 Merzouga","og_description":"Transfert priv\u00e9 s\u00e9curis\u00e9 et confortable entre Ouarzazate et Merzouga. R\u00e9servez un chauffeur fiable pour un voyage paisible.","og_url":"https:\/\/www.moroccodesertsky.com\/tours\/private-transfer-ouarzazate-airport-\u2194-merzouga\/","og_site_name":"Morocco Desert Sky","article_modified_time":"2025-10-12T12:36:24+00:00","og_image":[{"width":2400,"height":1350,"url":"https:\/\/www.moroccodesertsky.com\/wp-content\/uploads\/2025\/03\/2-3.webp","type":"image\/webp"}],"twitter_card":"summary_large_image","twitter_misc":{"Dur\u00e9e de lecture estim\u00e9e":"3 minutes"},"schema":{"@context":"https:\/\/schema.org","@graph":[{"@type":"WebPage","@id":"https:\/\/www.moroccodesertsky.com\/tours\/private-transfer-ouarzazate-airport-%e2%86%94-merzouga\/","url":"https:\/\/www.moroccodesertsky.com\/tours\/private-transfer-ouarzazate-airport-%e2%86%94-merzouga\/","name":"Transfert Priv\u00e9 Ouarzazate Merzouga \u2013 Service Transfer\ufeff","isPartOf":{"@id":"https:\/\/www.moroccodesertsky.com\/#website"},"primaryImageOfPage":{"@id":"https:\/\/www.moroccodesertsky.com\/tours\/private-transfer-ouarzazate-airport-%e2%86%94-merzouga\/#primaryimage"},"image":{"@id":"https:\/\/www.moroccodesertsky.com\/tours\/private-transfer-ouarzazate-airport-%e2%86%94-merzouga\/#primaryimage"},"thumbnailUrl":"https:\/\/www.moroccodesertsky.com\/wp-content\/uploads\/2025\/03\/2-3.webp","datePublished":"2025-03-06T14:32:49+00:00","dateModified":"2025-10-12T12:36:24+00:00","description":"Transfert priv\u00e9 s\u00e9curis\u00e9 et confortable entre Ouarzazate et Merzouga. R\u00e9servez un chauffeur fiable pour un voyage paisible.","breadcrumb":{"@id":"https:\/\/www.moroccodesertsky.com\/tours\/private-transfer-ouarzazate-airport-%e2%86%94-merzouga\/#breadcrumb"},"inLanguage":"fr-FR","potentialAction":[{"@type":"ReadAction","target":["https:\/\/www.moroccodesertsky.com\/tours\/private-transfer-ouarzazate-airport-%e2%86%94-merzouga\/"]}]},{"@type":"ImageObject","inLanguage":"fr-FR","@id":"https:\/\/www.moroccodesertsky.com\/tours\/private-transfer-ouarzazate-airport-%e2%86%94-merzouga\/#primaryimage","url":"https:\/\/www.moroccodesertsky.com\/wp-content\/uploads\/2025\/03\/2-3.webp","contentUrl":"https:\/\/www.moroccodesertsky.com\/wp-content\/uploads\/2025\/03\/2-3.webp","width":2400,"height":1350},{"@type":"BreadcrumbList","@id":"https:\/\/www.moroccodesertsky.com\/tours\/private-transfer-ouarzazate-airport-%e2%86%94-merzouga\/#breadcrumb","itemListElement":[{"@type":"ListItem","position":1,"name":"Home","item":"https:\/\/www.moroccodesertsky.com\/fr\/"},{"@type":"ListItem","position":2,"name":"Boutique","item":"https:\/\/www.moroccodesertsky.com\/shop\/"},{"@type":"ListItem","position":3,"name":"Transfert Priv\u00e9 A\u00e9roport Ouarzazate \u2194 Merzouga"}]},{"@type":"WebSite","@id":"https:\/\/www.moroccodesertsky.com\/#website","url":"https:\/\/www.moroccodesertsky.com\/","name":"Morocco Desert Sky","description":"","potentialAction":[{"@type":"SearchAction","target":{"@type":"EntryPoint","urlTemplate":"https:\/\/www.moroccodesertsky.com\/?s={search_term_string}"},"query-input":{"@type":"PropertyValueSpecification","valueRequired":true,"valueName":"search_term_string"}}],"inLanguage":"fr-FR"}]}},"_links":{"self":[{"href":"https:\/\/www.moroccodesertsky.com\/fr\/wp-json\/wp\/v2\/product\/12575","targetHints":{"allow":["GET"]}}],"collection":[{"href":"https:\/\/www.moroccodesertsky.com\/fr\/wp-json\/wp\/v2\/product"}],"about":[{"href":"https:\/\/www.moroccodesertsky.com\/fr\/wp-json\/wp\/v2\/types\/product"}],"wp:featuredmedia":[{"embeddable":true,"href":"https:\/\/www.moroccodesertsky.com\/fr\/wp-json\/wp\/v2\/media\/12077"}],"wp:attachment":[{"href":"https:\/\/www.moroccodesertsky.com\/fr\/wp-json\/wp\/v2\/media?parent=12575"}],"wp:term":[{"taxonomy":"product_brand","embeddable":true,"href":"https:\/\/www.moroccodesertsky.com\/fr\/wp-json\/wp\/v2\/product_brand?post=12575"},{"taxonomy":"product_cat","embeddable":true,"href":"https:\/\/www.moroccodesertsky.com\/fr\/wp-json\/wp\/v2\/product_cat?post=12575"},{"taxonomy":"product_tag","embeddable":true,"href":"https:\/\/www.moroccodesertsky.com\/fr\/wp-json\/wp\/v2\/product_tag?post=12575"}],"curies":[{"name":"wp","href":"https:\/\/api.w.org\/{rel}","templated":true}]}}