{"id":12567,"date":"2025-03-06T14:48:32","date_gmt":"2025-03-06T14:48:32","guid":{"rendered":"https:\/\/moroccodesertsky.com\/product\/transfert-prive-aeroport-fes-%e2%86%94-merzouga\/"},"modified":"2025-10-12T12:39:43","modified_gmt":"2025-10-12T12:39:43","slug":"transfert-prive-aeroport-fes-%e2%86%94-merzouga","status":"publish","type":"product","link":"https:\/\/www.moroccodesertsky.com\/fr\/tours\/transfert-prive-aeroport-fes-%e2%86%94-merzouga\/","title":{"rendered":"Transfert Priv\u00e9 A\u00e9roport F\u00e8s \u2194 Merzouga"},"content":{"rendered":"<h3 style=\"font-size: 35px;\">Aper\u00e7u:<\/h3>\n<p>Profitez d&rsquo;un voyage fluide entre F\u00e8s et Merzouga gr\u00e2ce \u00e0 notre service de transfert priv\u00e9. Voyagez confortablement \u00e0 travers le Moyen Atlas, la pittoresque vall\u00e9e du Ziz et le c\u0153ur du d\u00e9sert du Sahara. Profitez d&rsquo;un service porte-\u00e0-porte pratique, d&rsquo;arr\u00eats pittoresques et d&rsquo;un moyen de transport sans stress pour atteindre votre destination.<\/p>\n<h3 style=\"font-size: 35px;\">Description:<\/h3>\n<p>Embarquez pour un road trip \u00e9poustouflant depuis F\u00e8s, capitale culturelle, jusqu&rsquo;aux dunes dor\u00e9es de Merzouga. Notre transfert priv\u00e9 vous propose un v\u00e9hicule confortable et climatis\u00e9 avec un chauffeur local exp\u00e9riment\u00e9 qui conna\u00eet les meilleurs itin\u00e9raires. En chemin, \u00e9merveillez-vous devant des paysages vari\u00e9s : for\u00eats de c\u00e8dres, montagnes escarp\u00e9es, oasis d\u00e9sertiques et dunes infinies. Que vous commenciez votre aventure dans le d\u00e9sert ou que vous retourniez \u00e0 F\u00e8s, nous vous garantissons un voyage s\u00fbr, agr\u00e9able et m\u00e9morable.<\/p>\n<h3 style=\"font-size: 35px;\">Caract\u00e9ristiques:<\/h3>\n<ul>\n<li>Prise en charge et retour directs :<\/li>\n<\/ul>\n<p>Service porte-\u00e0-porte pratique entre votre h\u00f4tel \u00e0 F\u00e8s et votre h\u00e9bergement \u00e0 Merzouga.<\/p>\n<ul>\n<li>Transport priv\u00e9 et confortable :<\/li>\n<\/ul>\n<p>Voyagez dans un v\u00e9hicule moderne et climatis\u00e9, offrant suffisamment d&rsquo;espace pour les passagers et les bagages.<\/p>\n<ul>\n<li>Chauffeurs professionnels :<\/li>\n<\/ul>\n<p>Chauffeurs locaux exp\u00e9riment\u00e9s, connaissant parfaitement les itin\u00e9raires et les tr\u00e9sors cach\u00e9s.<\/p>\n<ul>\n<li>Prix fixe et sans frais cach\u00e9s :<\/li>\n<\/ul>\n<p>Tarifs transparents, sans frais impr\u00e9vus : ce que vous r\u00e9servez est ce que vous payez.<\/p>\n<ul>\n<li>Disponibilit\u00e9 24h\/24 et 7j\/7 :<\/li>\n<\/ul>\n<p>D\u00e9parts flexibles, adapt\u00e9s \u00e0 votre emploi du temps, de jour comme de nuit.<\/p>\n<ul>\n<li>Itin\u00e9raire panoramique :<\/li>\n<\/ul>\n<p>Traversez de charmantes villes comme Ifrane, Midelt et Erfoud, avec des vues panoramiques sur les vall\u00e9es, les montagnes et les paysages d\u00e9sertiques.<\/p>\n<ul>\n<li>Assistance bagages :<\/li>\n<\/ul>\n<p>Chauffeurs serviables pour la prise en charge de vos bagages, pour une d\u00e9tente optimale d\u00e8s votre mont\u00e9e dans la voiture.<\/p>\n<ul>\n<li>Arr\u00eats facultatifs :<\/li>\n<\/ul>\n<p>Arr\u00eatez-vous pour prendre des photos, vous d\u00e9gourdir les jambes ou explorer des sites touristiques comme la for\u00eat de c\u00e8dres d&rsquo;Azrou ou la vall\u00e9e du Ziz, sur demande.<\/p>\n<p>&nbsp;<\/p>\n<p><img fetchpriority=\"high\" decoding=\"async\" class=\"alignnone size-medium wp-image-10075\" src=\"https:\/\/www.moroccodesertsky.com\/wp-content\/uploads\/2025\/02\/1-1-300x300.png\" alt=\"\" width=\"300\" height=\"300\" srcset=\"https:\/\/www.moroccodesertsky.com\/wp-content\/uploads\/2025\/02\/1-1-300x300.png 300w, https:\/\/www.moroccodesertsky.com\/wp-content\/uploads\/2025\/02\/1-1-150x150.png 150w, https:\/\/www.moroccodesertsky.com\/wp-content\/uploads\/2025\/02\/1-1-768x768.png 768w, https:\/\/www.moroccodesertsky.com\/wp-content\/uploads\/2025\/02\/1-1-636x636.png 636w, https:\/\/www.moroccodesertsky.com\/wp-content\/uploads\/2025\/02\/1-1-306x306.png 306w, https:\/\/www.moroccodesertsky.com\/wp-content\/uploads\/2025\/02\/1-1-600x600.png 600w, https:\/\/www.moroccodesertsky.com\/wp-content\/uploads\/2025\/02\/1-1-100x100.png 100w, https:\/\/www.moroccodesertsky.com\/wp-content\/uploads\/2025\/02\/1-1.png 781w\" sizes=\"(max-width: 300px) 100vw, 300px\" \/> <img decoding=\"async\" class=\"alignnone size-medium wp-image-10076\" src=\"https:\/\/www.moroccodesertsky.com\/wp-content\/uploads\/2025\/02\/2-300x300.png\" alt=\"\" width=\"300\" height=\"300\" srcset=\"https:\/\/www.moroccodesertsky.com\/wp-content\/uploads\/2025\/02\/2-300x300.png 300w, https:\/\/www.moroccodesertsky.com\/wp-content\/uploads\/2025\/02\/2-150x150.png 150w, https:\/\/www.moroccodesertsky.com\/wp-content\/uploads\/2025\/02\/2-768x768.png 768w, https:\/\/www.moroccodesertsky.com\/wp-content\/uploads\/2025\/02\/2-636x636.png 636w, https:\/\/www.moroccodesertsky.com\/wp-content\/uploads\/2025\/02\/2-306x306.png 306w, https:\/\/www.moroccodesertsky.com\/wp-content\/uploads\/2025\/02\/2-600x600.png 600w, https:\/\/www.moroccodesertsky.com\/wp-content\/uploads\/2025\/02\/2-100x100.png 100w, https:\/\/www.moroccodesertsky.com\/wp-content\/uploads\/2025\/02\/2.png 781w\" sizes=\"(max-width: 300px) 100vw, 300px\" \/> <img decoding=\"async\" class=\"alignnone size-medium wp-image-10077\" src=\"https:\/\/www.moroccodesertsky.com\/wp-content\/uploads\/2025\/02\/3-2-300x300.png\" alt=\"\" width=\"300\" height=\"300\" srcset=\"https:\/\/www.moroccodesertsky.com\/wp-content\/uploads\/2025\/02\/3-2-300x300.png 300w, https:\/\/www.moroccodesertsky.com\/wp-content\/uploads\/2025\/02\/3-2-150x150.png 150w, https:\/\/www.moroccodesertsky.com\/wp-content\/uploads\/2025\/02\/3-2-768x768.png 768w, https:\/\/www.moroccodesertsky.com\/wp-content\/uploads\/2025\/02\/3-2-636x636.png 636w, https:\/\/www.moroccodesertsky.com\/wp-content\/uploads\/2025\/02\/3-2-306x306.png 306w, https:\/\/www.moroccodesertsky.com\/wp-content\/uploads\/2025\/02\/3-2-600x600.png 600w, https:\/\/www.moroccodesertsky.com\/wp-content\/uploads\/2025\/02\/3-2-100x100.png 100w, https:\/\/www.moroccodesertsky.com\/wp-content\/uploads\/2025\/02\/3-2.png 781w\" sizes=\"(max-width: 300px) 100vw, 300px\" \/><\/p>\n","protected":false},"excerpt":{"rendered":"<p>Aper\u00e7u: Profitez d&rsquo;un voyage fluide entre F\u00e8s et Merzouga gr\u00e2ce \u00e0 notre service de transfert priv\u00e9. Voyagez confortablement \u00e0 travers le Moyen Atlas, la pittoresque vall\u00e9e du Ziz et le c\u0153ur du d\u00e9sert du Sahara. Profitez d&rsquo;un service porte-\u00e0-porte pratique, d&rsquo;arr\u00eats pittoresques et d&rsquo;un moyen de transport sans stress pour atteindre votre destination. Description: Embarquez [&hellip;]<\/p>\n","protected":false},"featured_media":12101,"template":"","meta":[],"product_brand":[],"product_cat":[101],"product_tag":[],"class_list":{"0":"post-12567","1":"product","2":"type-product","3":"status-publish","4":"has-post-thumbnail","6":"product_cat-transfert-fr","8":"first","9":"instock","10":"shipping-taxable","11":"product-type-ovabrw_car_rental"},"yoast_head":"<!-- This site is optimized with the Yoast SEO Premium plugin v24.6 (Yoast SEO v27.4) - https:\/\/yoast.com\/product\/yoast-seo-premium-wordpress\/ -->\n<title>Transfert Priv\u00e9 F\u00e8s Merzouga \u2013 Service Transfer<\/title>\n<meta name=\"description\" content=\"Profitez d\u2019un transfert priv\u00e9 confortable et s\u00fbr entre l\u2019a\u00e9roport de F\u00e8s et Merzouga. Chauffeurs pros et service personnalis\u00e9.\ufeff\" \/>\n<meta name=\"robots\" content=\"index, follow, max-snippet:-1, max-image-preview:large, max-video-preview:-1\" \/>\n<link rel=\"canonical\" href=\"https:\/\/www.moroccodesertsky.com\/tours\/private-transfer-fes-airport-\u2194-merzouga\/\" \/>\n<meta property=\"og:locale\" content=\"fr_FR\" \/>\n<meta property=\"og:type\" content=\"article\" \/>\n<meta property=\"og:title\" content=\"Transfert Priv\u00e9 A\u00e9roport F\u00e8s \u2194 Merzouga\" \/>\n<meta property=\"og:description\" content=\"Profitez d\u2019un transfert priv\u00e9 confortable et s\u00fbr entre l\u2019a\u00e9roport de F\u00e8s et Merzouga. Chauffeurs pros et service personnalis\u00e9.\ufeff\" \/>\n<meta property=\"og:url\" content=\"https:\/\/www.moroccodesertsky.com\/tours\/private-transfer-fes-airport-\u2194-merzouga\/\" \/>\n<meta property=\"og:site_name\" content=\"Morocco Desert Sky\" \/>\n<meta property=\"article:modified_time\" content=\"2025-10-12T12:39:43+00:00\" \/>\n<meta property=\"og:image\" content=\"https:\/\/www.moroccodesertsky.com\/wp-content\/uploads\/2025\/03\/2-4.webp\" \/>\n\t<meta property=\"og:image:width\" content=\"2400\" \/>\n\t<meta property=\"og:image:height\" content=\"1350\" \/>\n\t<meta property=\"og:image:type\" content=\"image\/webp\" \/>\n<meta name=\"twitter:card\" content=\"summary_large_image\" \/>\n<meta name=\"twitter:label1\" content=\"Dur\u00e9e de lecture estim\u00e9e\" \/>\n\t<meta name=\"twitter:data1\" content=\"3 minutes\" \/>\n<script type=\"application\/ld+json\" class=\"yoast-schema-graph\">{\"@context\":\"https:\\\/\\\/schema.org\",\"@graph\":[{\"@type\":\"WebPage\",\"@id\":\"https:\\\/\\\/www.moroccodesertsky.com\\\/tours\\\/private-transfer-fes-airport-%e2%86%94-merzouga\\\/\",\"url\":\"https:\\\/\\\/www.moroccodesertsky.com\\\/tours\\\/private-transfer-fes-airport-%e2%86%94-merzouga\\\/\",\"name\":\"Transfert Priv\u00e9 F\u00e8s Merzouga \u2013 Service Transfer\",\"isPartOf\":{\"@id\":\"https:\\\/\\\/www.moroccodesertsky.com\\\/#website\"},\"primaryImageOfPage\":{\"@id\":\"https:\\\/\\\/www.moroccodesertsky.com\\\/tours\\\/private-transfer-fes-airport-%e2%86%94-merzouga\\\/#primaryimage\"},\"image\":{\"@id\":\"https:\\\/\\\/www.moroccodesertsky.com\\\/tours\\\/private-transfer-fes-airport-%e2%86%94-merzouga\\\/#primaryimage\"},\"thumbnailUrl\":\"https:\\\/\\\/www.moroccodesertsky.com\\\/wp-content\\\/uploads\\\/2025\\\/03\\\/2-4.webp\",\"datePublished\":\"2025-03-06T14:48:32+00:00\",\"dateModified\":\"2025-10-12T12:39:43+00:00\",\"description\":\"Profitez d\u2019un transfert priv\u00e9 confortable et s\u00fbr entre l\u2019a\u00e9roport de F\u00e8s et Merzouga. Chauffeurs pros et service personnalis\u00e9.\ufeff\",\"breadcrumb\":{\"@id\":\"https:\\\/\\\/www.moroccodesertsky.com\\\/tours\\\/private-transfer-fes-airport-%e2%86%94-merzouga\\\/#breadcrumb\"},\"inLanguage\":\"fr-FR\",\"potentialAction\":[{\"@type\":\"ReadAction\",\"target\":[\"https:\\\/\\\/www.moroccodesertsky.com\\\/tours\\\/private-transfer-fes-airport-%e2%86%94-merzouga\\\/\"]}]},{\"@type\":\"ImageObject\",\"inLanguage\":\"fr-FR\",\"@id\":\"https:\\\/\\\/www.moroccodesertsky.com\\\/tours\\\/private-transfer-fes-airport-%e2%86%94-merzouga\\\/#primaryimage\",\"url\":\"https:\\\/\\\/www.moroccodesertsky.com\\\/wp-content\\\/uploads\\\/2025\\\/03\\\/2-4.webp\",\"contentUrl\":\"https:\\\/\\\/www.moroccodesertsky.com\\\/wp-content\\\/uploads\\\/2025\\\/03\\\/2-4.webp\",\"width\":2400,\"height\":1350},{\"@type\":\"BreadcrumbList\",\"@id\":\"https:\\\/\\\/www.moroccodesertsky.com\\\/tours\\\/private-transfer-fes-airport-%e2%86%94-merzouga\\\/#breadcrumb\",\"itemListElement\":[{\"@type\":\"ListItem\",\"position\":1,\"name\":\"Home\",\"item\":\"https:\\\/\\\/www.moroccodesertsky.com\\\/fr\\\/\"},{\"@type\":\"ListItem\",\"position\":2,\"name\":\"Boutique\",\"item\":\"https:\\\/\\\/www.moroccodesertsky.com\\\/shop\\\/\"},{\"@type\":\"ListItem\",\"position\":3,\"name\":\"Transfert Priv\u00e9 A\u00e9roport F\u00e8s \u2194 Merzouga\"}]},{\"@type\":\"WebSite\",\"@id\":\"https:\\\/\\\/www.moroccodesertsky.com\\\/#website\",\"url\":\"https:\\\/\\\/www.moroccodesertsky.com\\\/\",\"name\":\"Morocco Desert Sky\",\"description\":\"\",\"potentialAction\":[{\"@type\":\"SearchAction\",\"target\":{\"@type\":\"EntryPoint\",\"urlTemplate\":\"https:\\\/\\\/www.moroccodesertsky.com\\\/?s={search_term_string}\"},\"query-input\":{\"@type\":\"PropertyValueSpecification\",\"valueRequired\":true,\"valueName\":\"search_term_string\"}}],\"inLanguage\":\"fr-FR\"}]}<\/script>\n<!-- \/ Yoast SEO Premium plugin. -->","yoast_head_json":{"title":"Transfert Priv\u00e9 F\u00e8s Merzouga \u2013 Service Transfer","description":"Profitez d\u2019un transfert priv\u00e9 confortable et s\u00fbr entre l\u2019a\u00e9roport de F\u00e8s et Merzouga. Chauffeurs pros et service personnalis\u00e9.\ufeff","robots":{"index":"index","follow":"follow","max-snippet":"max-snippet:-1","max-image-preview":"max-image-preview:large","max-video-preview":"max-video-preview:-1"},"canonical":"https:\/\/www.moroccodesertsky.com\/tours\/private-transfer-fes-airport-\u2194-merzouga\/","og_locale":"fr_FR","og_type":"article","og_title":"Transfert Priv\u00e9 A\u00e9roport F\u00e8s \u2194 Merzouga","og_description":"Profitez d\u2019un transfert priv\u00e9 confortable et s\u00fbr entre l\u2019a\u00e9roport de F\u00e8s et Merzouga. Chauffeurs pros et service personnalis\u00e9.\ufeff","og_url":"https:\/\/www.moroccodesertsky.com\/tours\/private-transfer-fes-airport-\u2194-merzouga\/","og_site_name":"Morocco Desert Sky","article_modified_time":"2025-10-12T12:39:43+00:00","og_image":[{"width":2400,"height":1350,"url":"https:\/\/www.moroccodesertsky.com\/wp-content\/uploads\/2025\/03\/2-4.webp","type":"image\/webp"}],"twitter_card":"summary_large_image","twitter_misc":{"Dur\u00e9e de lecture estim\u00e9e":"3 minutes"},"schema":{"@context":"https:\/\/schema.org","@graph":[{"@type":"WebPage","@id":"https:\/\/www.moroccodesertsky.com\/tours\/private-transfer-fes-airport-%e2%86%94-merzouga\/","url":"https:\/\/www.moroccodesertsky.com\/tours\/private-transfer-fes-airport-%e2%86%94-merzouga\/","name":"Transfert Priv\u00e9 F\u00e8s Merzouga \u2013 Service Transfer","isPartOf":{"@id":"https:\/\/www.moroccodesertsky.com\/#website"},"primaryImageOfPage":{"@id":"https:\/\/www.moroccodesertsky.com\/tours\/private-transfer-fes-airport-%e2%86%94-merzouga\/#primaryimage"},"image":{"@id":"https:\/\/www.moroccodesertsky.com\/tours\/private-transfer-fes-airport-%e2%86%94-merzouga\/#primaryimage"},"thumbnailUrl":"https:\/\/www.moroccodesertsky.com\/wp-content\/uploads\/2025\/03\/2-4.webp","datePublished":"2025-03-06T14:48:32+00:00","dateModified":"2025-10-12T12:39:43+00:00","description":"Profitez d\u2019un transfert priv\u00e9 confortable et s\u00fbr entre l\u2019a\u00e9roport de F\u00e8s et Merzouga. Chauffeurs pros et service personnalis\u00e9.\ufeff","breadcrumb":{"@id":"https:\/\/www.moroccodesertsky.com\/tours\/private-transfer-fes-airport-%e2%86%94-merzouga\/#breadcrumb"},"inLanguage":"fr-FR","potentialAction":[{"@type":"ReadAction","target":["https:\/\/www.moroccodesertsky.com\/tours\/private-transfer-fes-airport-%e2%86%94-merzouga\/"]}]},{"@type":"ImageObject","inLanguage":"fr-FR","@id":"https:\/\/www.moroccodesertsky.com\/tours\/private-transfer-fes-airport-%e2%86%94-merzouga\/#primaryimage","url":"https:\/\/www.moroccodesertsky.com\/wp-content\/uploads\/2025\/03\/2-4.webp","contentUrl":"https:\/\/www.moroccodesertsky.com\/wp-content\/uploads\/2025\/03\/2-4.webp","width":2400,"height":1350},{"@type":"BreadcrumbList","@id":"https:\/\/www.moroccodesertsky.com\/tours\/private-transfer-fes-airport-%e2%86%94-merzouga\/#breadcrumb","itemListElement":[{"@type":"ListItem","position":1,"name":"Home","item":"https:\/\/www.moroccodesertsky.com\/fr\/"},{"@type":"ListItem","position":2,"name":"Boutique","item":"https:\/\/www.moroccodesertsky.com\/shop\/"},{"@type":"ListItem","position":3,"name":"Transfert Priv\u00e9 A\u00e9roport F\u00e8s \u2194 Merzouga"}]},{"@type":"WebSite","@id":"https:\/\/www.moroccodesertsky.com\/#website","url":"https:\/\/www.moroccodesertsky.com\/","name":"Morocco Desert Sky","description":"","potentialAction":[{"@type":"SearchAction","target":{"@type":"EntryPoint","urlTemplate":"https:\/\/www.moroccodesertsky.com\/?s={search_term_string}"},"query-input":{"@type":"PropertyValueSpecification","valueRequired":true,"valueName":"search_term_string"}}],"inLanguage":"fr-FR"}]}},"_links":{"self":[{"href":"https:\/\/www.moroccodesertsky.com\/fr\/wp-json\/wp\/v2\/product\/12567","targetHints":{"allow":["GET"]}}],"collection":[{"href":"https:\/\/www.moroccodesertsky.com\/fr\/wp-json\/wp\/v2\/product"}],"about":[{"href":"https:\/\/www.moroccodesertsky.com\/fr\/wp-json\/wp\/v2\/types\/product"}],"wp:featuredmedia":[{"embeddable":true,"href":"https:\/\/www.moroccodesertsky.com\/fr\/wp-json\/wp\/v2\/media\/12101"}],"wp:attachment":[{"href":"https:\/\/www.moroccodesertsky.com\/fr\/wp-json\/wp\/v2\/media?parent=12567"}],"wp:term":[{"taxonomy":"product_brand","embeddable":true,"href":"https:\/\/www.moroccodesertsky.com\/fr\/wp-json\/wp\/v2\/product_brand?post=12567"},{"taxonomy":"product_cat","embeddable":true,"href":"https:\/\/www.moroccodesertsky.com\/fr\/wp-json\/wp\/v2\/product_cat?post=12567"},{"taxonomy":"product_tag","embeddable":true,"href":"https:\/\/www.moroccodesertsky.com\/fr\/wp-json\/wp\/v2\/product_tag?post=12567"}],"curies":[{"name":"wp","href":"https:\/\/api.w.org\/{rel}","templated":true}]}}