{"id":12549,"date":"2025-03-11T15:25:59","date_gmt":"2025-03-11T15:25:59","guid":{"rendered":"https:\/\/moroccodesertsky.com\/product\/day-night-camel-ride-merzouga\/"},"modified":"2025-10-12T12:48:21","modified_gmt":"2025-10-12T12:48:21","slug":"1-jour-1-nuit-en-randonnee-chameliere-a-merzouga","status":"publish","type":"product","link":"https:\/\/www.moroccodesertsky.com\/fr\/tours\/1-jour-1-nuit-en-randonnee-chameliere-a-merzouga\/","title":{"rendered":"1 jour &#038; 1 nuit en randonn\u00e9e chameli\u00e8re \u00e0 Merzouga"},"content":{"rendered":"<h3 style=\"font-size: 35px;\">Aper\u00e7u :<\/h3>\n<p data-start=\"70\" data-end=\"566\"><strong data-start=\"70\" data-end=\"136\">Notre excursion \u00e0 dos de chameau de jour et de nuit \u00e0 Merzouga<\/strong> offre une exp\u00e9rience unique dans le d\u00e9sert du Sahara. Traversez les magnifiques dunes de l&rsquo;Erg Chebbi avec un <strong data-start=\"247\" data-end=\"268\">guide ind\u00e9pendant<\/strong> et profitez du savoir-faire d\u2019un <strong data-start=\"302\" data-end=\"315\">cuisinier<\/strong>, qui pr\u00e9pare de d\u00e9licieux repas locaux. Tout au long du voyage, notre \u00e9quipe d\u00e9vou\u00e9e\u2014including le <strong data-start=\"414\" data-end=\"435\">guide ind\u00e9pendant<\/strong> et le <strong data-start=\"442\" data-end=\"455\">cuisinier<\/strong>\u2014<strong data-start=\"456\" data-end=\"494\">nous accompagne \u00e0 chaque excursion<\/strong>, garantissant une exp\u00e9rience authentique et immersive dans le d\u00e9sert.<\/p>\n<p data-start=\"568\" data-end=\"1054\">Lors de ce trek dans le d\u00e9sert marocain, vous aurez tout le temps de vous d\u00e9tendre, d\u2019essayer le sandboard ou simplement de profiter du calme du d\u00e9sert. Admirez des couchers et des levers de soleil \u00e0 couper le souffle, savourez une cuisine d\u00e9licieuse, \u00e9coutez de la musique berb\u00e8re traditionnelle et observez les \u00e9toiles sous l\u2019immensit\u00e9 du ciel d\u00e9sertique. Vous passerez la nuit dans une <strong data-start=\"957\" data-end=\"966\">tente<\/strong> dans un campement \u00e0 Merzouga, pour une immersion totale dans l&rsquo;hospitalit\u00e9 du d\u00e9sert.<\/p>\n<p data-start=\"1056\" data-end=\"1226\">Profitez d\u2019un <strong data-start=\"1070\" data-end=\"1100\">d\u00e9placement dans les dunes<\/strong> en toute fluidit\u00e9, o\u00f9 notre \u00e9quipe prend soin de chaque d\u00e9tail pour rendre votre aventure aussi confortable qu\u2019inoubliable.<\/p>\n<h3 style=\"font-size: 35px;\">Les points forts :<\/h3>\n<ul>\n<li>Faites une randonn\u00e9e \u00e0 dos de chameau dans les dunes de l&rsquo;Erg Chebbi.<\/li>\n<li>Magnifique coucher et lever de soleil sur les dunes de sable du Sahara.<\/li>\n<li>Sandboarding (en option).<\/li>\n<li>Une journ\u00e9e et une nuit dans notre camp.<\/li>\n<li>\u00c9coutez la musique des percussions berb\u00e8res.<\/li>\n<li>Profitez de regarder le ciel \u00e9toil\u00e9.<\/li>\n<li>Magnifique lever de soleil dans le d\u00e9sert.<\/li>\n<li>Passez plus de temps dans le Sahara.<\/li>\n<\/ul>\n","protected":false},"excerpt":{"rendered":"<p>Aper\u00e7u : Notre excursion \u00e0 dos de chameau de jour et de nuit \u00e0 Merzouga offre une exp\u00e9rience unique dans le d\u00e9sert du Sahara. Traversez les magnifiques dunes de l&rsquo;Erg Chebbi avec un guide ind\u00e9pendant et profitez du savoir-faire d\u2019un cuisinier, qui pr\u00e9pare de d\u00e9licieux repas locaux. Tout au long du voyage, notre \u00e9quipe d\u00e9vou\u00e9e\u2014including [&hellip;]<\/p>\n","protected":false},"featured_media":12410,"template":"","meta":[],"product_brand":[],"product_cat":[100],"product_tag":[],"class_list":{"0":"post-12549","1":"product","2":"type-product","3":"status-publish","4":"has-post-thumbnail","6":"product_cat-camel-ride-fr","8":"first","9":"instock","10":"shipping-taxable","11":"product-type-ovabrw_car_rental"},"yoast_head":"<!-- This site is optimized with the Yoast SEO Premium plugin v24.6 (Yoast SEO v27.4) - https:\/\/yoast.com\/product\/yoast-seo-premium-wordpress\/ -->\n<title>Randonn\u00e9e Chameli\u00e8re Merzouga 1 Jour 1 Nuit Sahara\ufeff<\/title>\n<meta name=\"description\" content=\"Explorez le d\u00e9sert de Merzouga en 1 jour et 1 nuit \u00e0 dos de chameau. Exp\u00e9rience authentique avec bivouac sous les \u00e9toiles.\" \/>\n<meta name=\"robots\" content=\"index, follow, max-snippet:-1, max-image-preview:large, max-video-preview:-1\" \/>\n<link rel=\"canonical\" href=\"https:\/\/www.moroccodesertsky.com\/tours\/1-day-1-night-camel-ride-merzouga\/\" \/>\n<meta property=\"og:locale\" content=\"fr_FR\" \/>\n<meta property=\"og:type\" content=\"article\" \/>\n<meta property=\"og:title\" content=\"1 jour &amp; 1 nuit en randonn\u00e9e chameli\u00e8re \u00e0 Merzouga\" \/>\n<meta property=\"og:description\" content=\"Explorez le d\u00e9sert de Merzouga en 1 jour et 1 nuit \u00e0 dos de chameau. Exp\u00e9rience authentique avec bivouac sous les \u00e9toiles.\" \/>\n<meta property=\"og:url\" content=\"https:\/\/www.moroccodesertsky.com\/tours\/1-day-1-night-camel-ride-merzouga\/\" \/>\n<meta property=\"og:site_name\" content=\"Morocco Desert Sky\" \/>\n<meta property=\"article:modified_time\" content=\"2025-10-12T12:48:21+00:00\" \/>\n<meta property=\"og:image\" content=\"https:\/\/www.moroccodesertsky.com\/wp-content\/uploads\/2025\/03\/6-2.webp\" \/>\n\t<meta property=\"og:image:width\" content=\"2400\" \/>\n\t<meta property=\"og:image:height\" content=\"1350\" \/>\n\t<meta property=\"og:image:type\" content=\"image\/webp\" \/>\n<meta name=\"twitter:card\" content=\"summary_large_image\" \/>\n<meta name=\"twitter:label1\" content=\"Dur\u00e9e de lecture estim\u00e9e\" \/>\n\t<meta name=\"twitter:data1\" content=\"2 minutes\" \/>\n<script type=\"application\/ld+json\" class=\"yoast-schema-graph\">{\"@context\":\"https:\\\/\\\/schema.org\",\"@graph\":[{\"@type\":\"WebPage\",\"@id\":\"https:\\\/\\\/www.moroccodesertsky.com\\\/tours\\\/1-day-1-night-camel-ride-merzouga\\\/\",\"url\":\"https:\\\/\\\/www.moroccodesertsky.com\\\/tours\\\/1-day-1-night-camel-ride-merzouga\\\/\",\"name\":\"Randonn\u00e9e Chameli\u00e8re Merzouga 1 Jour 1 Nuit Sahara\ufeff\",\"isPartOf\":{\"@id\":\"https:\\\/\\\/www.moroccodesertsky.com\\\/#website\"},\"primaryImageOfPage\":{\"@id\":\"https:\\\/\\\/www.moroccodesertsky.com\\\/tours\\\/1-day-1-night-camel-ride-merzouga\\\/#primaryimage\"},\"image\":{\"@id\":\"https:\\\/\\\/www.moroccodesertsky.com\\\/tours\\\/1-day-1-night-camel-ride-merzouga\\\/#primaryimage\"},\"thumbnailUrl\":\"https:\\\/\\\/www.moroccodesertsky.com\\\/wp-content\\\/uploads\\\/2025\\\/03\\\/6-2.webp\",\"datePublished\":\"2025-03-11T15:25:59+00:00\",\"dateModified\":\"2025-10-12T12:48:21+00:00\",\"description\":\"Explorez le d\u00e9sert de Merzouga en 1 jour et 1 nuit \u00e0 dos de chameau. Exp\u00e9rience authentique avec bivouac sous les \u00e9toiles.\",\"breadcrumb\":{\"@id\":\"https:\\\/\\\/www.moroccodesertsky.com\\\/tours\\\/1-day-1-night-camel-ride-merzouga\\\/#breadcrumb\"},\"inLanguage\":\"fr-FR\",\"potentialAction\":[{\"@type\":\"ReadAction\",\"target\":[\"https:\\\/\\\/www.moroccodesertsky.com\\\/tours\\\/1-day-1-night-camel-ride-merzouga\\\/\"]}]},{\"@type\":\"ImageObject\",\"inLanguage\":\"fr-FR\",\"@id\":\"https:\\\/\\\/www.moroccodesertsky.com\\\/tours\\\/1-day-1-night-camel-ride-merzouga\\\/#primaryimage\",\"url\":\"https:\\\/\\\/www.moroccodesertsky.com\\\/wp-content\\\/uploads\\\/2025\\\/03\\\/6-2.webp\",\"contentUrl\":\"https:\\\/\\\/www.moroccodesertsky.com\\\/wp-content\\\/uploads\\\/2025\\\/03\\\/6-2.webp\",\"width\":2400,\"height\":1350},{\"@type\":\"BreadcrumbList\",\"@id\":\"https:\\\/\\\/www.moroccodesertsky.com\\\/tours\\\/1-day-1-night-camel-ride-merzouga\\\/#breadcrumb\",\"itemListElement\":[{\"@type\":\"ListItem\",\"position\":1,\"name\":\"Home\",\"item\":\"https:\\\/\\\/www.moroccodesertsky.com\\\/fr\\\/\"},{\"@type\":\"ListItem\",\"position\":2,\"name\":\"Boutique\",\"item\":\"https:\\\/\\\/www.moroccodesertsky.com\\\/shop\\\/\"},{\"@type\":\"ListItem\",\"position\":3,\"name\":\"1 jour &#038; 1 nuit en randonn\u00e9e chameli\u00e8re \u00e0 Merzouga\"}]},{\"@type\":\"WebSite\",\"@id\":\"https:\\\/\\\/www.moroccodesertsky.com\\\/#website\",\"url\":\"https:\\\/\\\/www.moroccodesertsky.com\\\/\",\"name\":\"Morocco Desert Sky\",\"description\":\"\",\"potentialAction\":[{\"@type\":\"SearchAction\",\"target\":{\"@type\":\"EntryPoint\",\"urlTemplate\":\"https:\\\/\\\/www.moroccodesertsky.com\\\/?s={search_term_string}\"},\"query-input\":{\"@type\":\"PropertyValueSpecification\",\"valueRequired\":true,\"valueName\":\"search_term_string\"}}],\"inLanguage\":\"fr-FR\"}]}<\/script>\n<!-- \/ Yoast SEO Premium plugin. -->","yoast_head_json":{"title":"Randonn\u00e9e Chameli\u00e8re Merzouga 1 Jour 1 Nuit Sahara\ufeff","description":"Explorez le d\u00e9sert de Merzouga en 1 jour et 1 nuit \u00e0 dos de chameau. Exp\u00e9rience authentique avec bivouac sous les \u00e9toiles.","robots":{"index":"index","follow":"follow","max-snippet":"max-snippet:-1","max-image-preview":"max-image-preview:large","max-video-preview":"max-video-preview:-1"},"canonical":"https:\/\/www.moroccodesertsky.com\/tours\/1-day-1-night-camel-ride-merzouga\/","og_locale":"fr_FR","og_type":"article","og_title":"1 jour & 1 nuit en randonn\u00e9e chameli\u00e8re \u00e0 Merzouga","og_description":"Explorez le d\u00e9sert de Merzouga en 1 jour et 1 nuit \u00e0 dos de chameau. Exp\u00e9rience authentique avec bivouac sous les \u00e9toiles.","og_url":"https:\/\/www.moroccodesertsky.com\/tours\/1-day-1-night-camel-ride-merzouga\/","og_site_name":"Morocco Desert Sky","article_modified_time":"2025-10-12T12:48:21+00:00","og_image":[{"width":2400,"height":1350,"url":"https:\/\/www.moroccodesertsky.com\/wp-content\/uploads\/2025\/03\/6-2.webp","type":"image\/webp"}],"twitter_card":"summary_large_image","twitter_misc":{"Dur\u00e9e de lecture estim\u00e9e":"2 minutes"},"schema":{"@context":"https:\/\/schema.org","@graph":[{"@type":"WebPage","@id":"https:\/\/www.moroccodesertsky.com\/tours\/1-day-1-night-camel-ride-merzouga\/","url":"https:\/\/www.moroccodesertsky.com\/tours\/1-day-1-night-camel-ride-merzouga\/","name":"Randonn\u00e9e Chameli\u00e8re Merzouga 1 Jour 1 Nuit Sahara\ufeff","isPartOf":{"@id":"https:\/\/www.moroccodesertsky.com\/#website"},"primaryImageOfPage":{"@id":"https:\/\/www.moroccodesertsky.com\/tours\/1-day-1-night-camel-ride-merzouga\/#primaryimage"},"image":{"@id":"https:\/\/www.moroccodesertsky.com\/tours\/1-day-1-night-camel-ride-merzouga\/#primaryimage"},"thumbnailUrl":"https:\/\/www.moroccodesertsky.com\/wp-content\/uploads\/2025\/03\/6-2.webp","datePublished":"2025-03-11T15:25:59+00:00","dateModified":"2025-10-12T12:48:21+00:00","description":"Explorez le d\u00e9sert de Merzouga en 1 jour et 1 nuit \u00e0 dos de chameau. Exp\u00e9rience authentique avec bivouac sous les \u00e9toiles.","breadcrumb":{"@id":"https:\/\/www.moroccodesertsky.com\/tours\/1-day-1-night-camel-ride-merzouga\/#breadcrumb"},"inLanguage":"fr-FR","potentialAction":[{"@type":"ReadAction","target":["https:\/\/www.moroccodesertsky.com\/tours\/1-day-1-night-camel-ride-merzouga\/"]}]},{"@type":"ImageObject","inLanguage":"fr-FR","@id":"https:\/\/www.moroccodesertsky.com\/tours\/1-day-1-night-camel-ride-merzouga\/#primaryimage","url":"https:\/\/www.moroccodesertsky.com\/wp-content\/uploads\/2025\/03\/6-2.webp","contentUrl":"https:\/\/www.moroccodesertsky.com\/wp-content\/uploads\/2025\/03\/6-2.webp","width":2400,"height":1350},{"@type":"BreadcrumbList","@id":"https:\/\/www.moroccodesertsky.com\/tours\/1-day-1-night-camel-ride-merzouga\/#breadcrumb","itemListElement":[{"@type":"ListItem","position":1,"name":"Home","item":"https:\/\/www.moroccodesertsky.com\/fr\/"},{"@type":"ListItem","position":2,"name":"Boutique","item":"https:\/\/www.moroccodesertsky.com\/shop\/"},{"@type":"ListItem","position":3,"name":"1 jour &#038; 1 nuit en randonn\u00e9e chameli\u00e8re \u00e0 Merzouga"}]},{"@type":"WebSite","@id":"https:\/\/www.moroccodesertsky.com\/#website","url":"https:\/\/www.moroccodesertsky.com\/","name":"Morocco Desert Sky","description":"","potentialAction":[{"@type":"SearchAction","target":{"@type":"EntryPoint","urlTemplate":"https:\/\/www.moroccodesertsky.com\/?s={search_term_string}"},"query-input":{"@type":"PropertyValueSpecification","valueRequired":true,"valueName":"search_term_string"}}],"inLanguage":"fr-FR"}]}},"_links":{"self":[{"href":"https:\/\/www.moroccodesertsky.com\/fr\/wp-json\/wp\/v2\/product\/12549","targetHints":{"allow":["GET"]}}],"collection":[{"href":"https:\/\/www.moroccodesertsky.com\/fr\/wp-json\/wp\/v2\/product"}],"about":[{"href":"https:\/\/www.moroccodesertsky.com\/fr\/wp-json\/wp\/v2\/types\/product"}],"wp:featuredmedia":[{"embeddable":true,"href":"https:\/\/www.moroccodesertsky.com\/fr\/wp-json\/wp\/v2\/media\/12410"}],"wp:attachment":[{"href":"https:\/\/www.moroccodesertsky.com\/fr\/wp-json\/wp\/v2\/media?parent=12549"}],"wp:term":[{"taxonomy":"product_brand","embeddable":true,"href":"https:\/\/www.moroccodesertsky.com\/fr\/wp-json\/wp\/v2\/product_brand?post=12549"},{"taxonomy":"product_cat","embeddable":true,"href":"https:\/\/www.moroccodesertsky.com\/fr\/wp-json\/wp\/v2\/product_cat?post=12549"},{"taxonomy":"product_tag","embeddable":true,"href":"https:\/\/www.moroccodesertsky.com\/fr\/wp-json\/wp\/v2\/product_tag?post=12549"}],"curies":[{"name":"wp","href":"https:\/\/api.w.org\/{rel}","templated":true}]}}