{"id":12547,"date":"2025-03-11T16:19:34","date_gmt":"2025-03-11T16:19:34","guid":{"rendered":"https:\/\/moroccodesertsky.com\/product\/2-day-2-night-camel-ride-in-merzouga\/"},"modified":"2025-10-12T12:49:32","modified_gmt":"2025-10-12T12:49:32","slug":"randonnee-chameliere-de-2-jours-et-2-nuits-a-merzouga","status":"publish","type":"product","link":"https:\/\/www.moroccodesertsky.com\/fr\/tours\/randonnee-chameliere-de-2-jours-et-2-nuits-a-merzouga\/","title":{"rendered":"Randonn\u00e9e chameli\u00e8re de 2 jours et 2 nuits \u00e0 Merzouga"},"content":{"rendered":"<h3 style=\"font-size: 35px;\">Aper\u00e7u :<\/h3>\n<p data-start=\"174\" data-end=\"792\">La <strong data-start=\"177\" data-end=\"229\">Randonn\u00e9e \u00e0 dos de chameau de 2 nuits \u00e0 Merzouga<\/strong> vous offre l\u2019opportunit\u00e9 de passer du temps au c\u0153ur du d\u00e9sert du Sahara, en profitant de la beaut\u00e9 \u00e9poustouflante des paysages. Traversez les dunes dor\u00e9es de l\u2019Erg Chebbi avec un <strong data-start=\"409\" data-end=\"430\">guide ind\u00e9pendant<\/strong>, qui veillera \u00e0 vous offrir une exp\u00e9rience immersive et authentique. Accompagn\u00e9 d\u2019un <strong data-start=\"516\" data-end=\"529\">cuisinier<\/strong> exp\u00e9riment\u00e9, vous d\u00e9gusterez de d\u00e9licieux repas marocains traditionnels tout au long du voyage. Notre \u00e9quipe d\u00e9vou\u00e9e, comprenant le <strong data-start=\"662\" data-end=\"683\">guide ind\u00e9pendant<\/strong> et le <strong data-start=\"690\" data-end=\"703\">cuisinier<\/strong>, <strong data-start=\"705\" data-end=\"740\">nous accompagne \u00e0 chaque voyage<\/strong>, garantissant une aventure fluide et inoubliable.<\/p>\n<p data-start=\"794\" data-end=\"1139\">Vivez la magie du d\u00e9sert en savourant un th\u00e9 \u00e0 la menthe sucr\u00e9 dans une <strong data-start=\"866\" data-end=\"875\">tente<\/strong> nomade, d\u00e9gustez un savoureux tajine marocain et laissez-vous envo\u00fbter par le son des tambours berb\u00e8res. Contemplez les plus beaux couchers et levers de soleil, partez en randonn\u00e9e \u00e0 dos de chameau sur les dunes fascinantes et endormez-vous sous un ciel \u00e9toil\u00e9.<\/p>\n<p data-start=\"1141\" data-end=\"1382\">Cette <strong data-start=\"1147\" data-end=\"1197\">randonn\u00e9e de 2 nuits \u00e0 dos de chameau au Maroc<\/strong> rendra votre s\u00e9jour \u00e0 Merzouga inoubliable. Avec <strong data-start=\"1247\" data-end=\"1278\">le transport dans les dunes<\/strong>, nous assurons confort et authenticit\u00e9, vous permettant de vivre pleinement les merveilles du Sahara.<\/p>\n<h3 style=\"font-size: 35px;\">Les points forts :<\/h3>\n<ul>\n<li>Faites une randonn\u00e9e \u00e0 dos de chameau dans les dunes de l&rsquo;Erg Chebbi.<\/li>\n<li>Magnifique coucher et lever de soleil sur les dunes de sable du Sahara.<\/li>\n<li>Sandboarding (en option).<\/li>\n<li>S\u00e9jour de 2 nuits au camp berb\u00e8re.<\/li>\n<li>\u00c9coutez la musique des percussions berb\u00e8res.<\/li>\n<li>Profitez de regarder le ciel \u00e9toil\u00e9.<\/li>\n<li>Magnifique lever de soleil dans le d\u00e9sert.<\/li>\n<li>Passez beaucoup de temps dans le Sahara.<\/li>\n<li>D\u00e9jeuner pique-nique dans le d\u00e9sert.<\/li>\n<\/ul>\n","protected":false},"excerpt":{"rendered":"<p>Aper\u00e7u : La Randonn\u00e9e \u00e0 dos de chameau de 2 nuits \u00e0 Merzouga vous offre l\u2019opportunit\u00e9 de passer du temps au c\u0153ur du d\u00e9sert du Sahara, en profitant de la beaut\u00e9 \u00e9poustouflante des paysages. Traversez les dunes dor\u00e9es de l\u2019Erg Chebbi avec un guide ind\u00e9pendant, qui veillera \u00e0 vous offrir une exp\u00e9rience immersive et authentique. [&hellip;]<\/p>\n","protected":false},"featured_media":12450,"template":"","meta":[],"product_brand":[],"product_cat":[100],"product_tag":[],"class_list":{"0":"post-12547","1":"product","2":"type-product","3":"status-publish","4":"has-post-thumbnail","6":"product_cat-camel-ride-fr","8":"first","9":"instock","10":"shipping-taxable","11":"product-type-ovabrw_car_rental"},"yoast_head":"<!-- This site is optimized with the Yoast SEO Premium plugin v24.6 (Yoast SEO v27.4) - https:\/\/yoast.com\/product\/yoast-seo-premium-wordpress\/ -->\n<title>Randonn\u00e9e Chameli\u00e8re Merzouga 2 Jours 2 Nuits Sahara<\/title>\n<meta name=\"description\" content=\"Vivez l\u2019aventure du d\u00e9sert \u00e0 Merzouga avec une randonn\u00e9e chameli\u00e8re de 2 jours et 2 nuits, bivouac sous \u00e9toiles et paysages magiques\" \/>\n<meta name=\"robots\" content=\"index, follow, max-snippet:-1, max-image-preview:large, max-video-preview:-1\" \/>\n<link rel=\"canonical\" href=\"https:\/\/www.moroccodesertsky.com\/tours\/2-day-2-night-camel-ride-in-merzouga\/\" \/>\n<meta property=\"og:locale\" content=\"fr_FR\" \/>\n<meta property=\"og:type\" content=\"article\" \/>\n<meta property=\"og:title\" content=\"Randonn\u00e9e chameli\u00e8re de 2 jours et 2 nuits \u00e0 Merzouga\" \/>\n<meta property=\"og:description\" content=\"Vivez l\u2019aventure du d\u00e9sert \u00e0 Merzouga avec une randonn\u00e9e chameli\u00e8re de 2 jours et 2 nuits, bivouac sous \u00e9toiles et paysages magiques\" \/>\n<meta property=\"og:url\" content=\"https:\/\/www.moroccodesertsky.com\/tours\/2-day-2-night-camel-ride-in-merzouga\/\" \/>\n<meta property=\"og:site_name\" content=\"Morocco Desert Sky\" \/>\n<meta property=\"article:modified_time\" content=\"2025-10-12T12:49:32+00:00\" \/>\n<meta property=\"og:image\" content=\"https:\/\/www.moroccodesertsky.com\/wp-content\/uploads\/2025\/03\/9-2.webp\" \/>\n\t<meta property=\"og:image:width\" content=\"2400\" \/>\n\t<meta property=\"og:image:height\" content=\"1350\" \/>\n\t<meta property=\"og:image:type\" content=\"image\/webp\" \/>\n<meta name=\"twitter:card\" content=\"summary_large_image\" \/>\n<meta name=\"twitter:label1\" content=\"Dur\u00e9e de lecture estim\u00e9e\" \/>\n\t<meta name=\"twitter:data1\" content=\"2 minutes\" \/>\n<script type=\"application\/ld+json\" class=\"yoast-schema-graph\">{\"@context\":\"https:\\\/\\\/schema.org\",\"@graph\":[{\"@type\":\"WebPage\",\"@id\":\"https:\\\/\\\/www.moroccodesertsky.com\\\/tours\\\/2-day-2-night-camel-ride-in-merzouga\\\/\",\"url\":\"https:\\\/\\\/www.moroccodesertsky.com\\\/tours\\\/2-day-2-night-camel-ride-in-merzouga\\\/\",\"name\":\"Randonn\u00e9e Chameli\u00e8re Merzouga 2 Jours 2 Nuits Sahara\",\"isPartOf\":{\"@id\":\"https:\\\/\\\/www.moroccodesertsky.com\\\/#website\"},\"primaryImageOfPage\":{\"@id\":\"https:\\\/\\\/www.moroccodesertsky.com\\\/tours\\\/2-day-2-night-camel-ride-in-merzouga\\\/#primaryimage\"},\"image\":{\"@id\":\"https:\\\/\\\/www.moroccodesertsky.com\\\/tours\\\/2-day-2-night-camel-ride-in-merzouga\\\/#primaryimage\"},\"thumbnailUrl\":\"https:\\\/\\\/www.moroccodesertsky.com\\\/wp-content\\\/uploads\\\/2025\\\/03\\\/9-2.webp\",\"datePublished\":\"2025-03-11T16:19:34+00:00\",\"dateModified\":\"2025-10-12T12:49:32+00:00\",\"description\":\"Vivez l\u2019aventure du d\u00e9sert \u00e0 Merzouga avec une randonn\u00e9e chameli\u00e8re de 2 jours et 2 nuits, bivouac sous \u00e9toiles et paysages magiques\",\"breadcrumb\":{\"@id\":\"https:\\\/\\\/www.moroccodesertsky.com\\\/tours\\\/2-day-2-night-camel-ride-in-merzouga\\\/#breadcrumb\"},\"inLanguage\":\"fr-FR\",\"potentialAction\":[{\"@type\":\"ReadAction\",\"target\":[\"https:\\\/\\\/www.moroccodesertsky.com\\\/tours\\\/2-day-2-night-camel-ride-in-merzouga\\\/\"]}]},{\"@type\":\"ImageObject\",\"inLanguage\":\"fr-FR\",\"@id\":\"https:\\\/\\\/www.moroccodesertsky.com\\\/tours\\\/2-day-2-night-camel-ride-in-merzouga\\\/#primaryimage\",\"url\":\"https:\\\/\\\/www.moroccodesertsky.com\\\/wp-content\\\/uploads\\\/2025\\\/03\\\/9-2.webp\",\"contentUrl\":\"https:\\\/\\\/www.moroccodesertsky.com\\\/wp-content\\\/uploads\\\/2025\\\/03\\\/9-2.webp\",\"width\":2400,\"height\":1350},{\"@type\":\"BreadcrumbList\",\"@id\":\"https:\\\/\\\/www.moroccodesertsky.com\\\/tours\\\/2-day-2-night-camel-ride-in-merzouga\\\/#breadcrumb\",\"itemListElement\":[{\"@type\":\"ListItem\",\"position\":1,\"name\":\"Home\",\"item\":\"https:\\\/\\\/www.moroccodesertsky.com\\\/fr\\\/\"},{\"@type\":\"ListItem\",\"position\":2,\"name\":\"Boutique\",\"item\":\"https:\\\/\\\/www.moroccodesertsky.com\\\/shop\\\/\"},{\"@type\":\"ListItem\",\"position\":3,\"name\":\"Randonn\u00e9e chameli\u00e8re de 2 jours et 2 nuits \u00e0 Merzouga\"}]},{\"@type\":\"WebSite\",\"@id\":\"https:\\\/\\\/www.moroccodesertsky.com\\\/#website\",\"url\":\"https:\\\/\\\/www.moroccodesertsky.com\\\/\",\"name\":\"Morocco Desert Sky\",\"description\":\"\",\"potentialAction\":[{\"@type\":\"SearchAction\",\"target\":{\"@type\":\"EntryPoint\",\"urlTemplate\":\"https:\\\/\\\/www.moroccodesertsky.com\\\/?s={search_term_string}\"},\"query-input\":{\"@type\":\"PropertyValueSpecification\",\"valueRequired\":true,\"valueName\":\"search_term_string\"}}],\"inLanguage\":\"fr-FR\"}]}<\/script>\n<!-- \/ Yoast SEO Premium plugin. -->","yoast_head_json":{"title":"Randonn\u00e9e Chameli\u00e8re Merzouga 2 Jours 2 Nuits Sahara","description":"Vivez l\u2019aventure du d\u00e9sert \u00e0 Merzouga avec une randonn\u00e9e chameli\u00e8re de 2 jours et 2 nuits, bivouac sous \u00e9toiles et paysages magiques","robots":{"index":"index","follow":"follow","max-snippet":"max-snippet:-1","max-image-preview":"max-image-preview:large","max-video-preview":"max-video-preview:-1"},"canonical":"https:\/\/www.moroccodesertsky.com\/tours\/2-day-2-night-camel-ride-in-merzouga\/","og_locale":"fr_FR","og_type":"article","og_title":"Randonn\u00e9e chameli\u00e8re de 2 jours et 2 nuits \u00e0 Merzouga","og_description":"Vivez l\u2019aventure du d\u00e9sert \u00e0 Merzouga avec une randonn\u00e9e chameli\u00e8re de 2 jours et 2 nuits, bivouac sous \u00e9toiles et paysages magiques","og_url":"https:\/\/www.moroccodesertsky.com\/tours\/2-day-2-night-camel-ride-in-merzouga\/","og_site_name":"Morocco Desert Sky","article_modified_time":"2025-10-12T12:49:32+00:00","og_image":[{"width":2400,"height":1350,"url":"https:\/\/www.moroccodesertsky.com\/wp-content\/uploads\/2025\/03\/9-2.webp","type":"image\/webp"}],"twitter_card":"summary_large_image","twitter_misc":{"Dur\u00e9e de lecture estim\u00e9e":"2 minutes"},"schema":{"@context":"https:\/\/schema.org","@graph":[{"@type":"WebPage","@id":"https:\/\/www.moroccodesertsky.com\/tours\/2-day-2-night-camel-ride-in-merzouga\/","url":"https:\/\/www.moroccodesertsky.com\/tours\/2-day-2-night-camel-ride-in-merzouga\/","name":"Randonn\u00e9e Chameli\u00e8re Merzouga 2 Jours 2 Nuits Sahara","isPartOf":{"@id":"https:\/\/www.moroccodesertsky.com\/#website"},"primaryImageOfPage":{"@id":"https:\/\/www.moroccodesertsky.com\/tours\/2-day-2-night-camel-ride-in-merzouga\/#primaryimage"},"image":{"@id":"https:\/\/www.moroccodesertsky.com\/tours\/2-day-2-night-camel-ride-in-merzouga\/#primaryimage"},"thumbnailUrl":"https:\/\/www.moroccodesertsky.com\/wp-content\/uploads\/2025\/03\/9-2.webp","datePublished":"2025-03-11T16:19:34+00:00","dateModified":"2025-10-12T12:49:32+00:00","description":"Vivez l\u2019aventure du d\u00e9sert \u00e0 Merzouga avec une randonn\u00e9e chameli\u00e8re de 2 jours et 2 nuits, bivouac sous \u00e9toiles et paysages magiques","breadcrumb":{"@id":"https:\/\/www.moroccodesertsky.com\/tours\/2-day-2-night-camel-ride-in-merzouga\/#breadcrumb"},"inLanguage":"fr-FR","potentialAction":[{"@type":"ReadAction","target":["https:\/\/www.moroccodesertsky.com\/tours\/2-day-2-night-camel-ride-in-merzouga\/"]}]},{"@type":"ImageObject","inLanguage":"fr-FR","@id":"https:\/\/www.moroccodesertsky.com\/tours\/2-day-2-night-camel-ride-in-merzouga\/#primaryimage","url":"https:\/\/www.moroccodesertsky.com\/wp-content\/uploads\/2025\/03\/9-2.webp","contentUrl":"https:\/\/www.moroccodesertsky.com\/wp-content\/uploads\/2025\/03\/9-2.webp","width":2400,"height":1350},{"@type":"BreadcrumbList","@id":"https:\/\/www.moroccodesertsky.com\/tours\/2-day-2-night-camel-ride-in-merzouga\/#breadcrumb","itemListElement":[{"@type":"ListItem","position":1,"name":"Home","item":"https:\/\/www.moroccodesertsky.com\/fr\/"},{"@type":"ListItem","position":2,"name":"Boutique","item":"https:\/\/www.moroccodesertsky.com\/shop\/"},{"@type":"ListItem","position":3,"name":"Randonn\u00e9e chameli\u00e8re de 2 jours et 2 nuits \u00e0 Merzouga"}]},{"@type":"WebSite","@id":"https:\/\/www.moroccodesertsky.com\/#website","url":"https:\/\/www.moroccodesertsky.com\/","name":"Morocco Desert Sky","description":"","potentialAction":[{"@type":"SearchAction","target":{"@type":"EntryPoint","urlTemplate":"https:\/\/www.moroccodesertsky.com\/?s={search_term_string}"},"query-input":{"@type":"PropertyValueSpecification","valueRequired":true,"valueName":"search_term_string"}}],"inLanguage":"fr-FR"}]}},"_links":{"self":[{"href":"https:\/\/www.moroccodesertsky.com\/fr\/wp-json\/wp\/v2\/product\/12547","targetHints":{"allow":["GET"]}}],"collection":[{"href":"https:\/\/www.moroccodesertsky.com\/fr\/wp-json\/wp\/v2\/product"}],"about":[{"href":"https:\/\/www.moroccodesertsky.com\/fr\/wp-json\/wp\/v2\/types\/product"}],"wp:featuredmedia":[{"embeddable":true,"href":"https:\/\/www.moroccodesertsky.com\/fr\/wp-json\/wp\/v2\/media\/12450"}],"wp:attachment":[{"href":"https:\/\/www.moroccodesertsky.com\/fr\/wp-json\/wp\/v2\/media?parent=12547"}],"wp:term":[{"taxonomy":"product_brand","embeddable":true,"href":"https:\/\/www.moroccodesertsky.com\/fr\/wp-json\/wp\/v2\/product_brand?post=12547"},{"taxonomy":"product_cat","embeddable":true,"href":"https:\/\/www.moroccodesertsky.com\/fr\/wp-json\/wp\/v2\/product_cat?post=12547"},{"taxonomy":"product_tag","embeddable":true,"href":"https:\/\/www.moroccodesertsky.com\/fr\/wp-json\/wp\/v2\/product_tag?post=12547"}],"curies":[{"name":"wp","href":"https:\/\/api.w.org\/{rel}","templated":true}]}}