{"id":12545,"date":"2025-03-11T17:04:42","date_gmt":"2025-03-11T17:04:42","guid":{"rendered":"https:\/\/moroccodesertsky.com\/product\/3-day-3-night-camel-ride-in-merzouga\/"},"modified":"2025-10-12T12:50:48","modified_gmt":"2025-10-12T12:50:48","slug":"randonnee-chameliere-de-3-jours-et-3-nuits-a-merzouga","status":"publish","type":"product","link":"https:\/\/www.moroccodesertsky.com\/fr\/tours\/randonnee-chameliere-de-3-jours-et-3-nuits-a-merzouga\/","title":{"rendered":"Randonn\u00e9e chameli\u00e8re de 3 jours et 3 nuits \u00e0 Merzouga"},"content":{"rendered":"<h3 style=\"font-size: 35px;\">Aper\u00e7u :<\/h3>\n<p data-start=\"172\" data-end=\"431\">Le <strong data-start=\"175\" data-end=\"223\">circuit de 3 nuits \u00e0 dos de chameau au Maroc<\/strong> est l&rsquo;une des meilleures options de <strong data-start=\"260\" data-end=\"299\">randonn\u00e9e \u00e0 dos de chameau au Maroc<\/strong> pour ceux qui souhaitent ressentir la magie du Sahara et vivre dans le d\u00e9sert pendant plusieurs jours, comme le font les nomades.<\/p>\n<p data-start=\"433\" data-end=\"875\">Au cours de cette excursion, vous traverserez les magnifiques dunes de l\u2019<strong data-start=\"506\" data-end=\"520\">Erg Chebbi<\/strong> avec un <strong data-start=\"529\" data-end=\"550\">guide ind\u00e9pendant<\/strong>, qui vous fera d\u00e9couvrir les secrets du d\u00e9sert. Notre \u00e9quipe comprend \u00e9galement un <strong data-start=\"634\" data-end=\"647\">cuisinier<\/strong>, qui pr\u00e9parera de d\u00e9licieux repas marocains traditionnels pour vous. \u00c0 noter que le <strong data-start=\"732\" data-end=\"753\">guide ind\u00e9pendant<\/strong> et le <strong data-start=\"760\" data-end=\"773\">cuisinier<\/strong> <strong data-start=\"774\" data-end=\"811\">nous accompagnent \u00e0 chaque voyage<\/strong>, garantissant ainsi une exp\u00e9rience authentique et sans souci.<\/p>\n<p data-start=\"877\" data-end=\"1276\">Vous aurez l\u2019opportunit\u00e9 d\u2019admirer les <strong data-start=\"916\" data-end=\"959\">plus beaux couchers et levers de soleil<\/strong> du Maroc, d\u2019observer un ciel \u00e9toil\u00e9 spectaculaire et de participer \u00e0 diff\u00e9rentes activit\u00e9s comme le <strong data-start=\"1060\" data-end=\"1109\">sandboarding, des balades en buggy ou en quad<\/strong>. De plus, vous rendrez visite \u00e0 une <strong data-start=\"1146\" data-end=\"1172\">famille nomade berb\u00e8re<\/strong>, o\u00f9 vous d\u00e9couvrirez leur mode de vie dans le d\u00e9sert et partagerez des moments inoubliables avec eux.<\/p>\n<p data-start=\"1278\" data-end=\"1547\">Rejoignez notre <strong data-start=\"1294\" data-end=\"1346\">excursion de 3 nuits \u00e0 dos de chameau \u00e0 Merzouga<\/strong> et vivez une aventure unique dans le <strong data-start=\"1384\" data-end=\"1413\">d\u00e9sert du Sahara marocain<\/strong>. Gr\u00e2ce \u00e0 notre <strong data-start=\"1429\" data-end=\"1462\">transportation dans les dunes<\/strong>, nous vous garantissons un voyage rempli d\u2019aventure, d\u2019authenticit\u00e9 et de confort.<\/p>\n<h3 style=\"font-size: 35px;\">Les points forts :<\/h3>\n<ul>\n<li>Randonn\u00e9e chameli\u00e8re dans le d\u00e9sert de l&rsquo;Erg Chebbi.<\/li>\n<li>Coucher et lever de soleil \u00e0 couper le souffle sur les dunes de sable du Sahara.<\/li>\n<li>Sandboard (en option).<\/li>\n<li>3 nuits au camp berb\u00e8re.<\/li>\n<li>Nuit chez un nomade au Sahara.<\/li>\n<li>\u00c9coutez des percussions berb\u00e8res.<\/li>\n<li>Admirez le ciel \u00e9toil\u00e9.<\/li>\n<li>Passez du temps dans le Sahara.<\/li>\n<li>D\u00e9jeuner pique-nique dans le d\u00e9sert.<\/li>\n<\/ul>\n","protected":false},"excerpt":{"rendered":"<p>Aper\u00e7u : Le circuit de 3 nuits \u00e0 dos de chameau au Maroc est l&rsquo;une des meilleures options de randonn\u00e9e \u00e0 dos de chameau au Maroc pour ceux qui souhaitent ressentir la magie du Sahara et vivre dans le d\u00e9sert pendant plusieurs jours, comme le font les nomades. Au cours de cette excursion, vous traverserez [&hellip;]<\/p>\n","protected":false},"featured_media":12469,"template":"","meta":[],"product_brand":[],"product_cat":[100],"product_tag":[],"class_list":{"0":"post-12545","1":"product","2":"type-product","3":"status-publish","4":"has-post-thumbnail","6":"product_cat-camel-ride-fr","8":"first","9":"instock","10":"shipping-taxable","11":"product-type-ovabrw_car_rental"},"yoast_head":"<!-- This site is optimized with the Yoast SEO Premium plugin v24.6 (Yoast SEO v27.4) - https:\/\/yoast.com\/product\/yoast-seo-premium-wordpress\/ -->\n<title>Randonn\u00e9e Chameli\u00e8re Merzouga 3 Jours 3 Nuits Sahara<\/title>\n<meta name=\"description\" content=\"D\u00e9couvrez Merzouga en profondeur avec une randonn\u00e9e chameli\u00e8re de 3 jours et 3 nuits. Bivouac authentique et paysages \u00e9poustouflants.\ufeff\" \/>\n<meta name=\"robots\" content=\"index, follow, max-snippet:-1, max-image-preview:large, max-video-preview:-1\" \/>\n<link rel=\"canonical\" href=\"https:\/\/www.moroccodesertsky.com\/tours\/3-day-3-night-camel-ride-in-merzouga\/\" \/>\n<meta property=\"og:locale\" content=\"fr_FR\" \/>\n<meta property=\"og:type\" content=\"article\" \/>\n<meta property=\"og:title\" content=\"Randonn\u00e9e chameli\u00e8re de 3 jours et 3 nuits \u00e0 Merzouga\" \/>\n<meta property=\"og:description\" content=\"D\u00e9couvrez Merzouga en profondeur avec une randonn\u00e9e chameli\u00e8re de 3 jours et 3 nuits. Bivouac authentique et paysages \u00e9poustouflants.\ufeff\" \/>\n<meta property=\"og:url\" content=\"https:\/\/www.moroccodesertsky.com\/tours\/3-day-3-night-camel-ride-in-merzouga\/\" \/>\n<meta property=\"og:site_name\" content=\"Morocco Desert Sky\" \/>\n<meta property=\"article:modified_time\" content=\"2025-10-12T12:50:48+00:00\" \/>\n<meta property=\"og:image\" content=\"https:\/\/www.moroccodesertsky.com\/wp-content\/uploads\/2025\/03\/2-7.webp\" \/>\n\t<meta property=\"og:image:width\" content=\"2400\" \/>\n\t<meta property=\"og:image:height\" content=\"1350\" \/>\n\t<meta property=\"og:image:type\" content=\"image\/webp\" \/>\n<meta name=\"twitter:card\" content=\"summary_large_image\" \/>\n<meta name=\"twitter:label1\" content=\"Dur\u00e9e de lecture estim\u00e9e\" \/>\n\t<meta name=\"twitter:data1\" content=\"2 minutes\" \/>\n<script type=\"application\/ld+json\" class=\"yoast-schema-graph\">{\"@context\":\"https:\\\/\\\/schema.org\",\"@graph\":[{\"@type\":\"WebPage\",\"@id\":\"https:\\\/\\\/www.moroccodesertsky.com\\\/tours\\\/3-day-3-night-camel-ride-in-merzouga\\\/\",\"url\":\"https:\\\/\\\/www.moroccodesertsky.com\\\/tours\\\/3-day-3-night-camel-ride-in-merzouga\\\/\",\"name\":\"Randonn\u00e9e Chameli\u00e8re Merzouga 3 Jours 3 Nuits Sahara\",\"isPartOf\":{\"@id\":\"https:\\\/\\\/www.moroccodesertsky.com\\\/#website\"},\"primaryImageOfPage\":{\"@id\":\"https:\\\/\\\/www.moroccodesertsky.com\\\/tours\\\/3-day-3-night-camel-ride-in-merzouga\\\/#primaryimage\"},\"image\":{\"@id\":\"https:\\\/\\\/www.moroccodesertsky.com\\\/tours\\\/3-day-3-night-camel-ride-in-merzouga\\\/#primaryimage\"},\"thumbnailUrl\":\"https:\\\/\\\/www.moroccodesertsky.com\\\/wp-content\\\/uploads\\\/2025\\\/03\\\/2-7.webp\",\"datePublished\":\"2025-03-11T17:04:42+00:00\",\"dateModified\":\"2025-10-12T12:50:48+00:00\",\"description\":\"D\u00e9couvrez Merzouga en profondeur avec une randonn\u00e9e chameli\u00e8re de 3 jours et 3 nuits. Bivouac authentique et paysages \u00e9poustouflants.\ufeff\",\"breadcrumb\":{\"@id\":\"https:\\\/\\\/www.moroccodesertsky.com\\\/tours\\\/3-day-3-night-camel-ride-in-merzouga\\\/#breadcrumb\"},\"inLanguage\":\"fr-FR\",\"potentialAction\":[{\"@type\":\"ReadAction\",\"target\":[\"https:\\\/\\\/www.moroccodesertsky.com\\\/tours\\\/3-day-3-night-camel-ride-in-merzouga\\\/\"]}]},{\"@type\":\"ImageObject\",\"inLanguage\":\"fr-FR\",\"@id\":\"https:\\\/\\\/www.moroccodesertsky.com\\\/tours\\\/3-day-3-night-camel-ride-in-merzouga\\\/#primaryimage\",\"url\":\"https:\\\/\\\/www.moroccodesertsky.com\\\/wp-content\\\/uploads\\\/2025\\\/03\\\/2-7.webp\",\"contentUrl\":\"https:\\\/\\\/www.moroccodesertsky.com\\\/wp-content\\\/uploads\\\/2025\\\/03\\\/2-7.webp\",\"width\":2400,\"height\":1350},{\"@type\":\"BreadcrumbList\",\"@id\":\"https:\\\/\\\/www.moroccodesertsky.com\\\/tours\\\/3-day-3-night-camel-ride-in-merzouga\\\/#breadcrumb\",\"itemListElement\":[{\"@type\":\"ListItem\",\"position\":1,\"name\":\"Home\",\"item\":\"https:\\\/\\\/www.moroccodesertsky.com\\\/fr\\\/\"},{\"@type\":\"ListItem\",\"position\":2,\"name\":\"Boutique\",\"item\":\"https:\\\/\\\/www.moroccodesertsky.com\\\/shop\\\/\"},{\"@type\":\"ListItem\",\"position\":3,\"name\":\"Randonn\u00e9e chameli\u00e8re de 3 jours et 3 nuits \u00e0 Merzouga\"}]},{\"@type\":\"WebSite\",\"@id\":\"https:\\\/\\\/www.moroccodesertsky.com\\\/#website\",\"url\":\"https:\\\/\\\/www.moroccodesertsky.com\\\/\",\"name\":\"Morocco Desert Sky\",\"description\":\"\",\"potentialAction\":[{\"@type\":\"SearchAction\",\"target\":{\"@type\":\"EntryPoint\",\"urlTemplate\":\"https:\\\/\\\/www.moroccodesertsky.com\\\/?s={search_term_string}\"},\"query-input\":{\"@type\":\"PropertyValueSpecification\",\"valueRequired\":true,\"valueName\":\"search_term_string\"}}],\"inLanguage\":\"fr-FR\"}]}<\/script>\n<!-- \/ Yoast SEO Premium plugin. -->","yoast_head_json":{"title":"Randonn\u00e9e Chameli\u00e8re Merzouga 3 Jours 3 Nuits Sahara","description":"D\u00e9couvrez Merzouga en profondeur avec une randonn\u00e9e chameli\u00e8re de 3 jours et 3 nuits. Bivouac authentique et paysages \u00e9poustouflants.\ufeff","robots":{"index":"index","follow":"follow","max-snippet":"max-snippet:-1","max-image-preview":"max-image-preview:large","max-video-preview":"max-video-preview:-1"},"canonical":"https:\/\/www.moroccodesertsky.com\/tours\/3-day-3-night-camel-ride-in-merzouga\/","og_locale":"fr_FR","og_type":"article","og_title":"Randonn\u00e9e chameli\u00e8re de 3 jours et 3 nuits \u00e0 Merzouga","og_description":"D\u00e9couvrez Merzouga en profondeur avec une randonn\u00e9e chameli\u00e8re de 3 jours et 3 nuits. Bivouac authentique et paysages \u00e9poustouflants.\ufeff","og_url":"https:\/\/www.moroccodesertsky.com\/tours\/3-day-3-night-camel-ride-in-merzouga\/","og_site_name":"Morocco Desert Sky","article_modified_time":"2025-10-12T12:50:48+00:00","og_image":[{"width":2400,"height":1350,"url":"https:\/\/www.moroccodesertsky.com\/wp-content\/uploads\/2025\/03\/2-7.webp","type":"image\/webp"}],"twitter_card":"summary_large_image","twitter_misc":{"Dur\u00e9e de lecture estim\u00e9e":"2 minutes"},"schema":{"@context":"https:\/\/schema.org","@graph":[{"@type":"WebPage","@id":"https:\/\/www.moroccodesertsky.com\/tours\/3-day-3-night-camel-ride-in-merzouga\/","url":"https:\/\/www.moroccodesertsky.com\/tours\/3-day-3-night-camel-ride-in-merzouga\/","name":"Randonn\u00e9e Chameli\u00e8re Merzouga 3 Jours 3 Nuits Sahara","isPartOf":{"@id":"https:\/\/www.moroccodesertsky.com\/#website"},"primaryImageOfPage":{"@id":"https:\/\/www.moroccodesertsky.com\/tours\/3-day-3-night-camel-ride-in-merzouga\/#primaryimage"},"image":{"@id":"https:\/\/www.moroccodesertsky.com\/tours\/3-day-3-night-camel-ride-in-merzouga\/#primaryimage"},"thumbnailUrl":"https:\/\/www.moroccodesertsky.com\/wp-content\/uploads\/2025\/03\/2-7.webp","datePublished":"2025-03-11T17:04:42+00:00","dateModified":"2025-10-12T12:50:48+00:00","description":"D\u00e9couvrez Merzouga en profondeur avec une randonn\u00e9e chameli\u00e8re de 3 jours et 3 nuits. Bivouac authentique et paysages \u00e9poustouflants.\ufeff","breadcrumb":{"@id":"https:\/\/www.moroccodesertsky.com\/tours\/3-day-3-night-camel-ride-in-merzouga\/#breadcrumb"},"inLanguage":"fr-FR","potentialAction":[{"@type":"ReadAction","target":["https:\/\/www.moroccodesertsky.com\/tours\/3-day-3-night-camel-ride-in-merzouga\/"]}]},{"@type":"ImageObject","inLanguage":"fr-FR","@id":"https:\/\/www.moroccodesertsky.com\/tours\/3-day-3-night-camel-ride-in-merzouga\/#primaryimage","url":"https:\/\/www.moroccodesertsky.com\/wp-content\/uploads\/2025\/03\/2-7.webp","contentUrl":"https:\/\/www.moroccodesertsky.com\/wp-content\/uploads\/2025\/03\/2-7.webp","width":2400,"height":1350},{"@type":"BreadcrumbList","@id":"https:\/\/www.moroccodesertsky.com\/tours\/3-day-3-night-camel-ride-in-merzouga\/#breadcrumb","itemListElement":[{"@type":"ListItem","position":1,"name":"Home","item":"https:\/\/www.moroccodesertsky.com\/fr\/"},{"@type":"ListItem","position":2,"name":"Boutique","item":"https:\/\/www.moroccodesertsky.com\/shop\/"},{"@type":"ListItem","position":3,"name":"Randonn\u00e9e chameli\u00e8re de 3 jours et 3 nuits \u00e0 Merzouga"}]},{"@type":"WebSite","@id":"https:\/\/www.moroccodesertsky.com\/#website","url":"https:\/\/www.moroccodesertsky.com\/","name":"Morocco Desert Sky","description":"","potentialAction":[{"@type":"SearchAction","target":{"@type":"EntryPoint","urlTemplate":"https:\/\/www.moroccodesertsky.com\/?s={search_term_string}"},"query-input":{"@type":"PropertyValueSpecification","valueRequired":true,"valueName":"search_term_string"}}],"inLanguage":"fr-FR"}]}},"_links":{"self":[{"href":"https:\/\/www.moroccodesertsky.com\/fr\/wp-json\/wp\/v2\/product\/12545","targetHints":{"allow":["GET"]}}],"collection":[{"href":"https:\/\/www.moroccodesertsky.com\/fr\/wp-json\/wp\/v2\/product"}],"about":[{"href":"https:\/\/www.moroccodesertsky.com\/fr\/wp-json\/wp\/v2\/types\/product"}],"wp:featuredmedia":[{"embeddable":true,"href":"https:\/\/www.moroccodesertsky.com\/fr\/wp-json\/wp\/v2\/media\/12469"}],"wp:attachment":[{"href":"https:\/\/www.moroccodesertsky.com\/fr\/wp-json\/wp\/v2\/media?parent=12545"}],"wp:term":[{"taxonomy":"product_brand","embeddable":true,"href":"https:\/\/www.moroccodesertsky.com\/fr\/wp-json\/wp\/v2\/product_brand?post=12545"},{"taxonomy":"product_cat","embeddable":true,"href":"https:\/\/www.moroccodesertsky.com\/fr\/wp-json\/wp\/v2\/product_cat?post=12545"},{"taxonomy":"product_tag","embeddable":true,"href":"https:\/\/www.moroccodesertsky.com\/fr\/wp-json\/wp\/v2\/product_tag?post=12545"}],"curies":[{"name":"wp","href":"https:\/\/api.w.org\/{rel}","templated":true}]}}