{"id":12543,"date":"2025-03-11T18:15:42","date_gmt":"2025-03-11T18:15:42","guid":{"rendered":"https:\/\/moroccodesertsky.com\/product\/4-day-4-night-camel-ride-in-merzouga\/"},"modified":"2025-10-12T12:54:05","modified_gmt":"2025-10-12T12:54:05","slug":"randonnee-chameliere-de-4-jours-et-4-nuits-a-merzouga","status":"publish","type":"product","link":"https:\/\/www.moroccodesertsky.com\/fr\/tours\/randonnee-chameliere-de-4-jours-et-4-nuits-a-merzouga\/","title":{"rendered":"Randonn\u00e9e chameli\u00e8re de 4 jours et 4 nuits \u00e0 Merzouga"},"content":{"rendered":"<h3 style=\"font-size: 35px;\">Aper\u00e7u :<\/h3>\n<p data-start=\"177\" data-end=\"420\">La <strong data-start=\"180\" data-end=\"232\">randonn\u00e9e \u00e0 dos de chameau de 4 nuits \u00e0 Merzouga<\/strong> est une incroyable aventure de <strong data-start=\"264\" data-end=\"302\">trekking \u00e0 dos de chameau au Maroc<\/strong> pour ceux qui souhaitent s\u2019immerger pleinement dans la magie du Sahara et vivre l\u2019exp\u00e9rience du mode de vie nomade.<\/p>\n<p data-start=\"422\" data-end=\"862\">Lors de cette exp\u00e9dition prolong\u00e9e, vous traverserez les magnifiques dunes de <strong data-start=\"500\" data-end=\"516\">l\u2019Erg Chebbi<\/strong> avec un <strong data-start=\"525\" data-end=\"546\">guide ind\u00e9pendant<\/strong>, qui vous fera d\u00e9couvrir les vastes paysages d\u00e9sertiques. Notre \u00e9quipe comprend \u00e9galement un <strong data-start=\"640\" data-end=\"653\">cuisinier<\/strong>, qui pr\u00e9parera pour vous de d\u00e9licieux plats marocains traditionnels. Le <strong data-start=\"726\" data-end=\"747\">guide ind\u00e9pendant<\/strong> et le <strong data-start=\"754\" data-end=\"767\">cuisinier<\/strong> <strong data-start=\"768\" data-end=\"808\">nous accompagnent dans chaque voyage<\/strong>, garantissant une exp\u00e9rience fluide et inoubliable.<\/p>\n<p data-start=\"864\" data-end=\"1274\">Ce trek vous permettra d\u2019admirer de <strong data-start=\"900\" data-end=\"943\">splendides couchers et levers de soleil<\/strong>, de contempler les <strong data-start=\"963\" data-end=\"994\">dunes dor\u00e9es \u00e0 perte de vue<\/strong> et de dormir sous un <strong data-start=\"1016\" data-end=\"1031\">ciel \u00e9toil\u00e9<\/strong>. Vous aurez \u00e9galement l\u2019opportunit\u00e9 de pratiquer des activit\u00e9s passionnantes comme le <strong data-start=\"1118\" data-end=\"1152\">sandboard, le buggy ou le quad<\/strong>, et de rendre visite \u00e0 une <strong data-start=\"1180\" data-end=\"1211\">famille de nomades berb\u00e8res<\/strong> pour d\u00e9couvrir leur mode de vie traditionnel dans le d\u00e9sert.<\/p>\n<p data-start=\"1276\" data-end=\"1558\"><strong data-start=\"1276\" data-end=\"1378\">Rejoignez-nous pour une exp\u00e9rience inoubliable de 4 jours et 4 nuits de randonn\u00e9e \u00e0 dos de chameau<\/strong> au c\u0153ur du <strong data-start=\"1390\" data-end=\"1409\">Sahara marocain<\/strong>, o\u00f9 vous serez accompagn\u00e9s par des experts locaux et profiterez pleinement de la beaut\u00e9 du d\u00e9sert gr\u00e2ce \u00e0 notre <strong data-start=\"1522\" data-end=\"1555\">transportation dans les dunes<\/strong>.<\/p>\n<h3 style=\"font-size: 35px;\">Les points forts :<\/h3>\n<ul>\n<li>Randonn\u00e9e \u00e0 dos de chameau prolong\u00e9e<\/li>\n<li>Couchers et levers de soleil spectaculaires<\/li>\n<li>Dormir sous le ciel \u00e9toil\u00e9<\/li>\n<li>Mode de vie nomade dans le d\u00e9sert<\/li>\n<li>Aventure en sandboard<\/li>\n<li>Buggy et quad<\/li>\n<li>Cuisine marocaine traditionnelle<\/li>\n<li>Musique berb\u00e8re et soir\u00e9es autour d&rsquo;un feu de camp<\/li>\n<li>Visite d&rsquo;une famille nomade berb\u00e8re<\/li>\n<li>Installations de camp relaxantes<\/li>\n<\/ul>\n","protected":false},"excerpt":{"rendered":"<p>Aper\u00e7u : La randonn\u00e9e \u00e0 dos de chameau de 4 nuits \u00e0 Merzouga est une incroyable aventure de trekking \u00e0 dos de chameau au Maroc pour ceux qui souhaitent s\u2019immerger pleinement dans la magie du Sahara et vivre l\u2019exp\u00e9rience du mode de vie nomade. Lors de cette exp\u00e9dition prolong\u00e9e, vous traverserez les magnifiques dunes de [&hellip;]<\/p>\n","protected":false},"featured_media":12500,"template":"","meta":[],"product_brand":[],"product_cat":[100],"product_tag":[],"class_list":{"0":"post-12543","1":"product","2":"type-product","3":"status-publish","4":"has-post-thumbnail","6":"product_cat-camel-ride-fr","8":"first","9":"instock","10":"shipping-taxable","11":"product-type-ovabrw_car_rental"},"yoast_head":"<!-- This site is optimized with the Yoast SEO Premium plugin v24.6 (Yoast SEO v27.4) - https:\/\/yoast.com\/product\/yoast-seo-premium-wordpress\/ -->\n<title>Randonn\u00e9e Chameli\u00e8re Merzouga 4 Jours 4 Nuits Sahara\ufeff<\/title>\n<meta name=\"description\" content=\"Vivez une randonn\u00e9e chameli\u00e8re immersive de 4 jours et 4 nuits \u00e0 Merzouga. Explorez les dunes et bivouaquez sous les \u00e9toiles\" \/>\n<meta name=\"robots\" content=\"index, follow, max-snippet:-1, max-image-preview:large, max-video-preview:-1\" \/>\n<link rel=\"canonical\" href=\"https:\/\/www.moroccodesertsky.com\/tours\/4-day-4-night-camel-ride-in-merzouga\/\" \/>\n<meta property=\"og:locale\" content=\"fr_FR\" \/>\n<meta property=\"og:type\" content=\"article\" \/>\n<meta property=\"og:title\" content=\"Randonn\u00e9e chameli\u00e8re de 4 jours et 4 nuits \u00e0 Merzouga\" \/>\n<meta property=\"og:description\" content=\"Vivez une randonn\u00e9e chameli\u00e8re immersive de 4 jours et 4 nuits \u00e0 Merzouga. Explorez les dunes et bivouaquez sous les \u00e9toiles\" \/>\n<meta property=\"og:url\" content=\"https:\/\/www.moroccodesertsky.com\/tours\/4-day-4-night-camel-ride-in-merzouga\/\" \/>\n<meta property=\"og:site_name\" content=\"Morocco Desert Sky\" \/>\n<meta property=\"article:modified_time\" content=\"2025-10-12T12:54:05+00:00\" \/>\n<meta property=\"og:image\" content=\"https:\/\/www.moroccodesertsky.com\/wp-content\/uploads\/2025\/03\/4-7.webp\" \/>\n\t<meta property=\"og:image:width\" content=\"2400\" \/>\n\t<meta property=\"og:image:height\" content=\"1350\" \/>\n\t<meta property=\"og:image:type\" content=\"image\/webp\" \/>\n<meta name=\"twitter:card\" content=\"summary_large_image\" \/>\n<meta name=\"twitter:label1\" content=\"Dur\u00e9e de lecture estim\u00e9e\" \/>\n\t<meta name=\"twitter:data1\" content=\"2 minutes\" \/>\n<script type=\"application\/ld+json\" class=\"yoast-schema-graph\">{\"@context\":\"https:\\\/\\\/schema.org\",\"@graph\":[{\"@type\":\"WebPage\",\"@id\":\"https:\\\/\\\/www.moroccodesertsky.com\\\/tours\\\/4-day-4-night-camel-ride-in-merzouga\\\/\",\"url\":\"https:\\\/\\\/www.moroccodesertsky.com\\\/tours\\\/4-day-4-night-camel-ride-in-merzouga\\\/\",\"name\":\"Randonn\u00e9e Chameli\u00e8re Merzouga 4 Jours 4 Nuits Sahara\ufeff\",\"isPartOf\":{\"@id\":\"https:\\\/\\\/www.moroccodesertsky.com\\\/#website\"},\"primaryImageOfPage\":{\"@id\":\"https:\\\/\\\/www.moroccodesertsky.com\\\/tours\\\/4-day-4-night-camel-ride-in-merzouga\\\/#primaryimage\"},\"image\":{\"@id\":\"https:\\\/\\\/www.moroccodesertsky.com\\\/tours\\\/4-day-4-night-camel-ride-in-merzouga\\\/#primaryimage\"},\"thumbnailUrl\":\"https:\\\/\\\/www.moroccodesertsky.com\\\/wp-content\\\/uploads\\\/2025\\\/03\\\/4-7.webp\",\"datePublished\":\"2025-03-11T18:15:42+00:00\",\"dateModified\":\"2025-10-12T12:54:05+00:00\",\"description\":\"Vivez une randonn\u00e9e chameli\u00e8re immersive de 4 jours et 4 nuits \u00e0 Merzouga. Explorez les dunes et bivouaquez sous les \u00e9toiles\",\"breadcrumb\":{\"@id\":\"https:\\\/\\\/www.moroccodesertsky.com\\\/tours\\\/4-day-4-night-camel-ride-in-merzouga\\\/#breadcrumb\"},\"inLanguage\":\"fr-FR\",\"potentialAction\":[{\"@type\":\"ReadAction\",\"target\":[\"https:\\\/\\\/www.moroccodesertsky.com\\\/tours\\\/4-day-4-night-camel-ride-in-merzouga\\\/\"]}]},{\"@type\":\"ImageObject\",\"inLanguage\":\"fr-FR\",\"@id\":\"https:\\\/\\\/www.moroccodesertsky.com\\\/tours\\\/4-day-4-night-camel-ride-in-merzouga\\\/#primaryimage\",\"url\":\"https:\\\/\\\/www.moroccodesertsky.com\\\/wp-content\\\/uploads\\\/2025\\\/03\\\/4-7.webp\",\"contentUrl\":\"https:\\\/\\\/www.moroccodesertsky.com\\\/wp-content\\\/uploads\\\/2025\\\/03\\\/4-7.webp\",\"width\":2400,\"height\":1350},{\"@type\":\"BreadcrumbList\",\"@id\":\"https:\\\/\\\/www.moroccodesertsky.com\\\/tours\\\/4-day-4-night-camel-ride-in-merzouga\\\/#breadcrumb\",\"itemListElement\":[{\"@type\":\"ListItem\",\"position\":1,\"name\":\"Home\",\"item\":\"https:\\\/\\\/www.moroccodesertsky.com\\\/fr\\\/\"},{\"@type\":\"ListItem\",\"position\":2,\"name\":\"Boutique\",\"item\":\"https:\\\/\\\/www.moroccodesertsky.com\\\/shop\\\/\"},{\"@type\":\"ListItem\",\"position\":3,\"name\":\"Randonn\u00e9e chameli\u00e8re de 4 jours et 4 nuits \u00e0 Merzouga\"}]},{\"@type\":\"WebSite\",\"@id\":\"https:\\\/\\\/www.moroccodesertsky.com\\\/#website\",\"url\":\"https:\\\/\\\/www.moroccodesertsky.com\\\/\",\"name\":\"Morocco Desert Sky\",\"description\":\"\",\"potentialAction\":[{\"@type\":\"SearchAction\",\"target\":{\"@type\":\"EntryPoint\",\"urlTemplate\":\"https:\\\/\\\/www.moroccodesertsky.com\\\/?s={search_term_string}\"},\"query-input\":{\"@type\":\"PropertyValueSpecification\",\"valueRequired\":true,\"valueName\":\"search_term_string\"}}],\"inLanguage\":\"fr-FR\"}]}<\/script>\n<!-- \/ Yoast SEO Premium plugin. -->","yoast_head_json":{"title":"Randonn\u00e9e Chameli\u00e8re Merzouga 4 Jours 4 Nuits Sahara\ufeff","description":"Vivez une randonn\u00e9e chameli\u00e8re immersive de 4 jours et 4 nuits \u00e0 Merzouga. Explorez les dunes et bivouaquez sous les \u00e9toiles","robots":{"index":"index","follow":"follow","max-snippet":"max-snippet:-1","max-image-preview":"max-image-preview:large","max-video-preview":"max-video-preview:-1"},"canonical":"https:\/\/www.moroccodesertsky.com\/tours\/4-day-4-night-camel-ride-in-merzouga\/","og_locale":"fr_FR","og_type":"article","og_title":"Randonn\u00e9e chameli\u00e8re de 4 jours et 4 nuits \u00e0 Merzouga","og_description":"Vivez une randonn\u00e9e chameli\u00e8re immersive de 4 jours et 4 nuits \u00e0 Merzouga. Explorez les dunes et bivouaquez sous les \u00e9toiles","og_url":"https:\/\/www.moroccodesertsky.com\/tours\/4-day-4-night-camel-ride-in-merzouga\/","og_site_name":"Morocco Desert Sky","article_modified_time":"2025-10-12T12:54:05+00:00","og_image":[{"width":2400,"height":1350,"url":"https:\/\/www.moroccodesertsky.com\/wp-content\/uploads\/2025\/03\/4-7.webp","type":"image\/webp"}],"twitter_card":"summary_large_image","twitter_misc":{"Dur\u00e9e de lecture estim\u00e9e":"2 minutes"},"schema":{"@context":"https:\/\/schema.org","@graph":[{"@type":"WebPage","@id":"https:\/\/www.moroccodesertsky.com\/tours\/4-day-4-night-camel-ride-in-merzouga\/","url":"https:\/\/www.moroccodesertsky.com\/tours\/4-day-4-night-camel-ride-in-merzouga\/","name":"Randonn\u00e9e Chameli\u00e8re Merzouga 4 Jours 4 Nuits Sahara\ufeff","isPartOf":{"@id":"https:\/\/www.moroccodesertsky.com\/#website"},"primaryImageOfPage":{"@id":"https:\/\/www.moroccodesertsky.com\/tours\/4-day-4-night-camel-ride-in-merzouga\/#primaryimage"},"image":{"@id":"https:\/\/www.moroccodesertsky.com\/tours\/4-day-4-night-camel-ride-in-merzouga\/#primaryimage"},"thumbnailUrl":"https:\/\/www.moroccodesertsky.com\/wp-content\/uploads\/2025\/03\/4-7.webp","datePublished":"2025-03-11T18:15:42+00:00","dateModified":"2025-10-12T12:54:05+00:00","description":"Vivez une randonn\u00e9e chameli\u00e8re immersive de 4 jours et 4 nuits \u00e0 Merzouga. Explorez les dunes et bivouaquez sous les \u00e9toiles","breadcrumb":{"@id":"https:\/\/www.moroccodesertsky.com\/tours\/4-day-4-night-camel-ride-in-merzouga\/#breadcrumb"},"inLanguage":"fr-FR","potentialAction":[{"@type":"ReadAction","target":["https:\/\/www.moroccodesertsky.com\/tours\/4-day-4-night-camel-ride-in-merzouga\/"]}]},{"@type":"ImageObject","inLanguage":"fr-FR","@id":"https:\/\/www.moroccodesertsky.com\/tours\/4-day-4-night-camel-ride-in-merzouga\/#primaryimage","url":"https:\/\/www.moroccodesertsky.com\/wp-content\/uploads\/2025\/03\/4-7.webp","contentUrl":"https:\/\/www.moroccodesertsky.com\/wp-content\/uploads\/2025\/03\/4-7.webp","width":2400,"height":1350},{"@type":"BreadcrumbList","@id":"https:\/\/www.moroccodesertsky.com\/tours\/4-day-4-night-camel-ride-in-merzouga\/#breadcrumb","itemListElement":[{"@type":"ListItem","position":1,"name":"Home","item":"https:\/\/www.moroccodesertsky.com\/fr\/"},{"@type":"ListItem","position":2,"name":"Boutique","item":"https:\/\/www.moroccodesertsky.com\/shop\/"},{"@type":"ListItem","position":3,"name":"Randonn\u00e9e chameli\u00e8re de 4 jours et 4 nuits \u00e0 Merzouga"}]},{"@type":"WebSite","@id":"https:\/\/www.moroccodesertsky.com\/#website","url":"https:\/\/www.moroccodesertsky.com\/","name":"Morocco Desert Sky","description":"","potentialAction":[{"@type":"SearchAction","target":{"@type":"EntryPoint","urlTemplate":"https:\/\/www.moroccodesertsky.com\/?s={search_term_string}"},"query-input":{"@type":"PropertyValueSpecification","valueRequired":true,"valueName":"search_term_string"}}],"inLanguage":"fr-FR"}]}},"_links":{"self":[{"href":"https:\/\/www.moroccodesertsky.com\/fr\/wp-json\/wp\/v2\/product\/12543","targetHints":{"allow":["GET"]}}],"collection":[{"href":"https:\/\/www.moroccodesertsky.com\/fr\/wp-json\/wp\/v2\/product"}],"about":[{"href":"https:\/\/www.moroccodesertsky.com\/fr\/wp-json\/wp\/v2\/types\/product"}],"wp:featuredmedia":[{"embeddable":true,"href":"https:\/\/www.moroccodesertsky.com\/fr\/wp-json\/wp\/v2\/media\/12500"}],"wp:attachment":[{"href":"https:\/\/www.moroccodesertsky.com\/fr\/wp-json\/wp\/v2\/media?parent=12543"}],"wp:term":[{"taxonomy":"product_brand","embeddable":true,"href":"https:\/\/www.moroccodesertsky.com\/fr\/wp-json\/wp\/v2\/product_brand?post=12543"},{"taxonomy":"product_cat","embeddable":true,"href":"https:\/\/www.moroccodesertsky.com\/fr\/wp-json\/wp\/v2\/product_cat?post=12543"},{"taxonomy":"product_tag","embeddable":true,"href":"https:\/\/www.moroccodesertsky.com\/fr\/wp-json\/wp\/v2\/product_tag?post=12543"}],"curies":[{"name":"wp","href":"https:\/\/api.w.org\/{rel}","templated":true}]}}