{"id":12337,"date":"2025-02-23T16:24:45","date_gmt":"2025-02-23T16:24:45","guid":{"rendered":"https:\/\/moroccodesertsky.com\/tours-from-ouarzazate\/"},"modified":"2025-03-10T22:02:02","modified_gmt":"2025-03-10T22:02:02","slug":"circuits-depuis-ouarzazate","status":"publish","type":"page","link":"https:\/\/www.moroccodesertsky.com\/fr\/circuits-depuis-ouarzazate\/","title":{"rendered":"Circuits depuis Ouarzazate"},"content":{"rendered":"\t\t<div data-elementor-type=\"wp-page\" data-elementor-id=\"12337\" class=\"elementor elementor-12337 elementor-9976\" data-elementor-post-type=\"page\">\n\t\t\t\t<div class=\"elementor-element elementor-element-5094a22e e-flex e-con-boxed e-con e-parent\" data-id=\"5094a22e\" data-element_type=\"container\">\n\t\t\t\t\t<div class=\"e-con-inner\">\n\t\t<div class=\"elementor-element elementor-element-1a534d73 e-con-full e-flex e-con e-child\" data-id=\"1a534d73\" data-element_type=\"container\">\n\t\t\t\t<div class=\"elementor-element elementor-element-f03b77a elementor-widget elementor-widget-ovabrw_product_list\" data-id=\"f03b77a\" data-element_type=\"widget\" data-widget_type=\"ovabrw_product_list.default\">\n\t\t\t\t<div class=\"elementor-widget-container\">\n\t\t\t\t\t\n\t\t\t\t\t<div class=\"ova-product-list ova-product-list-template2 column1\">\n\t\t\t\t\t\t\t\t\t\n<div class=\"ova-product product type-product post-13021 status-publish first instock product_cat-all-tours-fr product_cat-errachidia-fr-2 has-post-thumbnail shipping-taxable product-type-ovabrw_car_rental\">\n\t\n<div class=\"ova_head_product\">\n\t\t\t\t<div class=\"ova-product-wishlist\">\n\t\t\t<div class=\"yith-add-to-wishlist-button-block\" data-product-id=\"13021\" data-attributes=\"{&quot;kind&quot;:&quot;button&quot;}\"><\/div>\t\t<\/div>\n\t\t\t\t<a href=\"https:\/\/www.moroccodesertsky.com\/fr\/tours\/circuit-de-3-jours-dans-le-grand-sud-marocain-errachidia-merzouga-errachidia\/\" class=\"ova-product-thumbnail\">\n\t\t\t<img fetchpriority=\"high\" decoding=\"async\" width=\"636\" height=\"426\" src=\"https:\/\/www.moroccodesertsky.com\/wp-content\/uploads\/2025\/03\/5-7-636x426.webp\" class=\"attachment-tripgo_product_slider size-tripgo_product_slider\" alt=\"Circuit de 3 jours dans le Grand Sud marocain : Errachidia \u2013 Merzouga \u2013 Errachidia\" srcset=\"https:\/\/www.moroccodesertsky.com\/wp-content\/uploads\/2025\/03\/5-7-636x426.webp 636w, https:\/\/www.moroccodesertsky.com\/wp-content\/uploads\/2025\/03\/5-7-416x280.webp 416w\" sizes=\"(max-width: 636px) 100vw, 636px\" \/>\t\t<\/a>\n\t<\/div>\n<div class=\"ova_foot_product\">\n\t<div class=\"ova-product-day-title-location\">\n\t\t\t\t\t<div class=\"ova-tour-day\">\n\t\t\t\t<i aria-hidden=\"true\" class=\"icomoon icomoon-clock\"><\/i>\n\t\t\t\t\t\t\t\t\t\t\t\t\t\t\t3 jours\t\t\t\t\t\t\t\t\t\t\t\t<\/div>\n\t\t\n\t\t\t\t\t<h3 class=\"ova-product-title\">\n\t\t\t\t<a href=\"https:\/\/www.moroccodesertsky.com\/fr\/tours\/circuit-de-3-jours-dans-le-grand-sud-marocain-errachidia-merzouga-errachidia\/\">\n\t\t\t        Circuit de 3 jours dans le Grand Sud marocain : Errachidia \u2013 Merzouga \u2013 Errachidia\t\t\t    <\/a>\n\t\t\t<\/h3>\n\t\t\n\t\t\t        <div class=\"ova-product-location\">\n\t            <i aria-hidden=\"true\" class=\"icomoon icomoon-location\"><\/i>\n\t            <span class=\"location\">\n\t                Errachidia, Merzouga\t            <\/span>\n\t        <\/div>\n\t    \t    \n\t   <div class=\"product-excerpt\">\n\t       <p>\n\t           \n            Aper\u00e7u: D\u00e9couvrez la diversit\u00e9 et toutes les merveilles du Grand Sud marocain, entre vall\u00e9es, d\u00e9sert et montagnes. Un circuit riche et vari\u00e9 alliant culture, nature,\u2026            \n            <\/p>\n        <\/div>\n\n\t<\/div>\n    <div class=\"ova-product-review-and-price\">\n    \t\t\t<div class=\"ova-product-wrapper-price\">\n\t\t\t\t\t\t\t<div class=\"ova-product-price\">\n\t\t\t\t\t\t\t\t\t    \t\t\t\t\t    \t\t<span class=\"no-product-price\">Prix de l&#039;option<\/span>\n\t\t\t\t    \t\t\t\t\t\t\t\t\t\t<\/div>\n\t\t\t\n\t\t\t\t\t\t\t<a href=\"https:\/\/www.moroccodesertsky.com\/fr\/tours\/circuit-de-3-jours-dans-le-grand-sud-marocain-errachidia-merzouga-errachidia\/\" class=\"btn product-btn-book-now\">\n\t\t\t\t\t<span>Explore<\/span>\n\t\t\t\t<\/a>\n\t\t\t\t\t<\/div>\n    <\/div>\n<\/div><\/div>\t\t\t\t\t\t\t\t\t\n<div class=\"ova-product product type-product post-12603 status-publish instock product_cat-transfert-fr has-post-thumbnail shipping-taxable product-type-ovabrw_car_rental\">\n\t\n<div class=\"ova_head_product\">\n\t\t\t\t<div class=\"ova-product-wishlist\">\n\t\t\t<div class=\"yith-add-to-wishlist-button-block\" data-product-id=\"12603\" data-attributes=\"{&quot;kind&quot;:&quot;button&quot;}\"><\/div>\t\t<\/div>\n\t\t\t\t<a href=\"https:\/\/www.moroccodesertsky.com\/fr\/tours\/transfert-prive-aeroport-errachidia-%e2%86%94-merzouga\/\" class=\"ova-product-thumbnail\">\n\t\t\t<img decoding=\"async\" width=\"636\" height=\"426\" src=\"https:\/\/www.moroccodesertsky.com\/wp-content\/uploads\/2025\/02\/3-1-636x426.webp\" class=\"attachment-tripgo_product_slider size-tripgo_product_slider\" alt=\"Transfert Priv\u00e9 A\u00e9roport Errachidia \u2194 Merzouga\" srcset=\"https:\/\/www.moroccodesertsky.com\/wp-content\/uploads\/2025\/02\/3-1-636x426.webp 636w, https:\/\/www.moroccodesertsky.com\/wp-content\/uploads\/2025\/02\/3-1-416x280.webp 416w\" sizes=\"(max-width: 636px) 100vw, 636px\" \/>\t\t<\/a>\n\t<\/div>\n<div class=\"ova_foot_product\">\n\t<div class=\"ova-product-day-title-location\">\n\t\t\n\t\t\t\t\t<h3 class=\"ova-product-title\">\n\t\t\t\t<a href=\"https:\/\/www.moroccodesertsky.com\/fr\/tours\/transfert-prive-aeroport-errachidia-%e2%86%94-merzouga\/\">\n\t\t\t        Transfert Priv\u00e9 A\u00e9roport Errachidia \u2194 Merzouga\t\t\t    <\/a>\n\t\t\t<\/h3>\n\t\t\n\t\t\t        <div class=\"ova-product-location\">\n\t            <i aria-hidden=\"true\" class=\"icomoon icomoon-location\"><\/i>\n\t            <span class=\"location\">\n\t                Errachidia, Merzouga\t            <\/span>\n\t        <\/div>\n\t    \t    \n\t   <div class=\"product-excerpt\">\n\t       <p>\n\t           \n            Aper\u00e7u: Profitez d&#039;un transfert fluide et sans tracas entre l&#039;a\u00e9roport d&#039;Errachidia et Merzouga. Voyagez confortablement \u00e0 bord d&#039;un v\u00e9hicule priv\u00e9 climatis\u00e9 avec chauffeur exp\u00e9riment\u00e9. D\u00e9tendez-vous\u2026            \n            <\/p>\n        <\/div>\n\n\t<\/div>\n    <div class=\"ova-product-review-and-price\">\n    \t\t\t<div class=\"ova-product-wrapper-price\">\n\t\t\t\t\t\t\t<div class=\"ova-product-price\">\n\t\t\t\t\t\t\t\t\t    \t\t\t\t\t    \t\t<span class=\"no-product-price\">Prix de l&#039;option<\/span>\n\t\t\t\t    \t\t\t\t\t\t\t\t\t\t<\/div>\n\t\t\t\n\t\t\t\t\t\t\t<a href=\"https:\/\/www.moroccodesertsky.com\/fr\/tours\/transfert-prive-aeroport-errachidia-%e2%86%94-merzouga\/\" class=\"btn product-btn-book-now\">\n\t\t\t\t\t<span>Explore<\/span>\n\t\t\t\t<\/a>\n\t\t\t\t\t<\/div>\n    <\/div>\n<\/div><\/div>\t\t\t\t\t\t\t\t\t\n<div class=\"ova-product product type-product post-12601 status-publish instock product_cat-transfert-fr has-post-thumbnail shipping-taxable product-type-ovabrw_car_rental\">\n\t\n<div class=\"ova_head_product\">\n\t\t\t\t<div class=\"ova-product-wishlist\">\n\t\t\t<div class=\"yith-add-to-wishlist-button-block\" data-product-id=\"12601\" data-attributes=\"{&quot;kind&quot;:&quot;button&quot;}\"><\/div>\t\t<\/div>\n\t\t\t\t<a href=\"https:\/\/www.moroccodesertsky.com\/fr\/tours\/transfert-prive-aeroport-marrakech-%e2%86%94-merzouga\/\" class=\"ova-product-thumbnail\">\n\t\t\t<img decoding=\"async\" width=\"636\" height=\"426\" src=\"https:\/\/www.moroccodesertsky.com\/wp-content\/uploads\/2025\/02\/4-3-636x426.webp\" class=\"attachment-tripgo_product_slider size-tripgo_product_slider\" alt=\"Transfert Priv\u00e9 A\u00e9roport Marrakech \u2194 Merzouga\" srcset=\"https:\/\/www.moroccodesertsky.com\/wp-content\/uploads\/2025\/02\/4-3-636x426.webp 636w, https:\/\/www.moroccodesertsky.com\/wp-content\/uploads\/2025\/02\/4-3-416x280.webp 416w\" sizes=\"(max-width: 636px) 100vw, 636px\" \/>\t\t<\/a>\n\t<\/div>\n<div class=\"ova_foot_product\">\n\t<div class=\"ova-product-day-title-location\">\n\t\t\n\t\t\t\t\t<h3 class=\"ova-product-title\">\n\t\t\t\t<a href=\"https:\/\/www.moroccodesertsky.com\/fr\/tours\/transfert-prive-aeroport-marrakech-%e2%86%94-merzouga\/\">\n\t\t\t        Transfert Priv\u00e9 A\u00e9roport Marrakech \u2194 Merzouga\t\t\t    <\/a>\n\t\t\t<\/h3>\n\t\t\n\t\t\t        <div class=\"ova-product-location\">\n\t            <i aria-hidden=\"true\" class=\"icomoon icomoon-location\"><\/i>\n\t            <span class=\"location\">\n\t                Marrakech, Merzouga\t            <\/span>\n\t        <\/div>\n\t    \t    \n\t   <div class=\"product-excerpt\">\n\t       <p>\n\t           \n            Aper\u00e7u: Profitez d&#039;un transfert fluide et sans tracas entre l&#039;a\u00e9roport de Marrakech et Merzouga. Voyagez confortablement \u00e0 bord d&#039;un v\u00e9hicule priv\u00e9 climatis\u00e9 avec chauffeur exp\u00e9riment\u00e9.\u2026            \n            <\/p>\n        <\/div>\n\n\t<\/div>\n    <div class=\"ova-product-review-and-price\">\n    \t\t\t<div class=\"ova-product-wrapper-price\">\n\t\t\t\t\t\t\t<div class=\"ova-product-price\">\n\t\t\t\t\t\t\t\t\t    \t\t\t\t\t    \t\t<span class=\"no-product-price\">Prix de l&#039;option<\/span>\n\t\t\t\t    \t\t\t\t\t\t\t\t\t\t<\/div>\n\t\t\t\n\t\t\t\t\t\t\t<a href=\"https:\/\/www.moroccodesertsky.com\/fr\/tours\/transfert-prive-aeroport-marrakech-%e2%86%94-merzouga\/\" class=\"btn product-btn-book-now\">\n\t\t\t\t\t<span>Explore<\/span>\n\t\t\t\t<\/a>\n\t\t\t\t\t<\/div>\n    <\/div>\n<\/div><\/div>\t\t\t\t\t\t\t\t\t\n<div class=\"ova-product product type-product post-12599 status-publish last instock product_cat-transfert-fr has-post-thumbnail shipping-taxable product-type-ovabrw_car_rental\">\n\t\n<div class=\"ova_head_product\">\n\t\t\t\t<div class=\"ova-product-wishlist\">\n\t\t\t<div class=\"yith-add-to-wishlist-button-block\" data-product-id=\"12599\" data-attributes=\"{&quot;kind&quot;:&quot;button&quot;}\"><\/div>\t\t<\/div>\n\t\t\t\t<a href=\"https:\/\/www.moroccodesertsky.com\/fr\/tours\/transfert-prive-aeroport-casablanca-%e2%86%94-merzouga\/\" class=\"ova-product-thumbnail\">\n\t\t\t<img loading=\"lazy\" decoding=\"async\" width=\"636\" height=\"426\" src=\"https:\/\/www.moroccodesertsky.com\/wp-content\/uploads\/2025\/02\/2-6-636x426.webp\" class=\"attachment-tripgo_product_slider size-tripgo_product_slider\" alt=\"Transfert Priv\u00e9 A\u00e9roport Casablanca \u2194 Merzouga\" srcset=\"https:\/\/www.moroccodesertsky.com\/wp-content\/uploads\/2025\/02\/2-6-636x426.webp 636w, https:\/\/www.moroccodesertsky.com\/wp-content\/uploads\/2025\/02\/2-6-416x280.webp 416w\" sizes=\"(max-width: 636px) 100vw, 636px\" \/>\t\t<\/a>\n\t<\/div>\n<div class=\"ova_foot_product\">\n\t<div class=\"ova-product-day-title-location\">\n\t\t\n\t\t\t\t\t<h3 class=\"ova-product-title\">\n\t\t\t\t<a href=\"https:\/\/www.moroccodesertsky.com\/fr\/tours\/transfert-prive-aeroport-casablanca-%e2%86%94-merzouga\/\">\n\t\t\t        Transfert Priv\u00e9 A\u00e9roport Casablanca \u2194 Merzouga\t\t\t    <\/a>\n\t\t\t<\/h3>\n\t\t\n\t\t\t        <div class=\"ova-product-location\">\n\t            <i aria-hidden=\"true\" class=\"icomoon icomoon-location\"><\/i>\n\t            <span class=\"location\">\n\t                Casablanca, Merzouga\t            <\/span>\n\t        <\/div>\n\t    \t    \n\t   <div class=\"product-excerpt\">\n\t       <p>\n\t           \n            Aper\u00e7u: Profitez d&#039;un transfert fluide et sans tracas entre l&#039;a\u00e9roport de Casablanca et Merzouga. Voyagez confortablement \u00e0 bord d&#039;un v\u00e9hicule priv\u00e9 climatis\u00e9 avec chauffeur exp\u00e9riment\u00e9.\u2026            \n            <\/p>\n        <\/div>\n\n\t<\/div>\n    <div class=\"ova-product-review-and-price\">\n    \t\t\t<div class=\"ova-product-wrapper-price\">\n\t\t\t\t\t\t\t<div class=\"ova-product-price\">\n\t\t\t\t\t\t\t\t\t    \t\t\t\t\t    \t\t<span class=\"no-product-price\">Prix de l&#039;option<\/span>\n\t\t\t\t    \t\t\t\t\t\t\t\t\t\t<\/div>\n\t\t\t\n\t\t\t\t\t\t\t<a href=\"https:\/\/www.moroccodesertsky.com\/fr\/tours\/transfert-prive-aeroport-casablanca-%e2%86%94-merzouga\/\" class=\"btn product-btn-book-now\">\n\t\t\t\t\t<span>Explore<\/span>\n\t\t\t\t<\/a>\n\t\t\t\t\t<\/div>\n    <\/div>\n<\/div><\/div>\t\t\t\t\t\t\t<\/div>\n\n\t\t\n\t\t\t\t\t\t<\/div>\n\t\t\t\t<\/div>\n\t\t\t\t<\/div>\n\t\t<div class=\"elementor-element elementor-element-6dfd5ab3 e-con-full e-flex e-con e-child\" data-id=\"6dfd5ab3\" data-element_type=\"container\" data-settings=\"{&quot;sticky_on&quot;:[&quot;desktop&quot;,&quot;tablet&quot;],&quot;sticky_parent&quot;:&quot;yes&quot;,&quot;sticky&quot;:&quot;top&quot;,&quot;sticky_offset&quot;:0,&quot;sticky_effects_offset&quot;:0}\">\n\t\t\t\t<div class=\"elementor-element elementor-element-a2fa43c elementor-widget elementor-widget-image\" data-id=\"a2fa43c\" data-element_type=\"widget\" data-widget_type=\"image.default\">\n\t\t\t\t<div class=\"elementor-widget-container\">\n\t\t\t\t\t\t\t\t\t\t\t\t\t\t\t<img loading=\"lazy\" decoding=\"async\" width=\"768\" height=\"1024\" src=\"https:\/\/www.moroccodesertsky.com\/wp-content\/uploads\/2025\/02\/Brown-Beige-Simple-Desert-and-Camel-Photo-Album-Cover-900-x-1200-px-1-768x1024.png\" class=\"attachment-large size-large wp-image-12005\" alt=\"\" srcset=\"https:\/\/www.moroccodesertsky.com\/wp-content\/uploads\/2025\/02\/Brown-Beige-Simple-Desert-and-Camel-Photo-Album-Cover-900-x-1200-px-1-768x1024.png 768w, https:\/\/www.moroccodesertsky.com\/wp-content\/uploads\/2025\/02\/Brown-Beige-Simple-Desert-and-Camel-Photo-Album-Cover-900-x-1200-px-1-225x300.png 225w, https:\/\/www.moroccodesertsky.com\/wp-content\/uploads\/2025\/02\/Brown-Beige-Simple-Desert-and-Camel-Photo-Album-Cover-900-x-1200-px-1-1152x1536.png 1152w, https:\/\/www.moroccodesertsky.com\/wp-content\/uploads\/2025\/02\/Brown-Beige-Simple-Desert-and-Camel-Photo-Album-Cover-900-x-1200-px-1-1536x2048.png 1536w, https:\/\/www.moroccodesertsky.com\/wp-content\/uploads\/2025\/02\/Brown-Beige-Simple-Desert-and-Camel-Photo-Album-Cover-900-x-1200-px-1-600x800.png 600w\" sizes=\"(max-width: 768px) 100vw, 768px\" \/>\t\t\t\t\t\t\t\t\t\t\t\t\t\t\t<\/div>\n\t\t\t\t<\/div>\n\t\t\t\t<div class=\"elementor-element elementor-element-222c1dee elementor-widget elementor-widget-video\" data-id=\"222c1dee\" data-element_type=\"widget\" data-settings=\"{&quot;video_type&quot;:&quot;hosted&quot;,&quot;autoplay&quot;:&quot;yes&quot;,&quot;mute&quot;:&quot;yes&quot;,&quot;loop&quot;:&quot;yes&quot;,&quot;controls&quot;:&quot;yes&quot;}\" data-widget_type=\"video.default\">\n\t\t\t\t<div class=\"elementor-widget-container\">\n\t\t\t\t\t\t\t<div class=\"e-hosted-video elementor-wrapper elementor-open-inline\">\n\t\t\t\t\t<video class=\"elementor-video\" src=\"https:\/\/moroccodesertsky.com\/wp-content\/uploads\/2025\/02\/vd-cml.mp4\" autoplay=\"\" loop=\"\" controls=\"\" muted=\"muted\" controlsList=\"nodownload\"><\/video>\n\t\t\t\t<\/div>\n\t\t\t\t\t\t<\/div>\n\t\t\t\t<\/div>\n\t\t\t\t<\/div>\n\t\t\t\t\t<\/div>\n\t\t\t\t<\/div>\n\t\t\t\t<\/div>\n\t\t","protected":false},"excerpt":{"rendered":"<p>7 days 7-Day Moroccan Desert Trip From Marrakech Marrakech Option Price Explore 4 days 4-Day Tour From Marrakech To Fes Via Merzouga Desert Merzouga Option Price Explore 3 days 3-Days Tour From Marrakech To Merzouga Desert Merzouga Option Price Explore 5 days 5-Day Desert Escape from Ouarzazate to Merzouga Merzouga Option Price Explore https:\/\/moroccodesertsky.com\/wp-content\/uploads\/2025\/02\/vd-cml.mp4<\/p>\n","protected":false},"author":1,"featured_media":0,"parent":0,"menu_order":0,"comment_status":"closed","ping_status":"closed","template":"","meta":{"footnotes":""},"class_list":["post-12337","page","type-page","status-publish","hentry"],"yoast_head":"<!-- This site is optimized with the Yoast SEO Premium plugin v24.6 (Yoast SEO v24.6) - https:\/\/yoast.com\/wordpress\/plugins\/seo\/ -->\n<title>Circuits depuis Ouarzazate - Morocco Desert Sky<\/title>\n<meta name=\"robots\" content=\"index, follow, max-snippet:-1, max-image-preview:large, max-video-preview:-1\" \/>\n<link rel=\"canonical\" href=\"https:\/\/www.moroccodesertsky.com\/tours-from-ouarzazate\/\" \/>\n<meta property=\"og:locale\" content=\"fr_FR\" \/>\n<meta property=\"og:type\" content=\"article\" \/>\n<meta property=\"og:title\" content=\"Circuits depuis Ouarzazate\" \/>\n<meta property=\"og:description\" content=\"7 days 7-Day Moroccan Desert Trip From Marrakech Marrakech Option Price Explore 4 days 4-Day Tour From Marrakech To Fes Via Merzouga Desert Merzouga Option Price Explore 3 days 3-Days Tour From Marrakech To Merzouga Desert Merzouga Option Price Explore 5 days 5-Day Desert Escape from Ouarzazate to Merzouga Merzouga Option Price Explore https:\/\/moroccodesertsky.com\/wp-content\/uploads\/2025\/02\/vd-cml.mp4\" \/>\n<meta property=\"og:url\" content=\"https:\/\/www.moroccodesertsky.com\/tours-from-ouarzazate\/\" \/>\n<meta property=\"og:site_name\" content=\"Morocco Desert Sky\" \/>\n<meta property=\"article:modified_time\" content=\"2025-03-10T22:02:02+00:00\" \/>\n<meta property=\"og:image\" content=\"https:\/\/moroccodesertsky.com\/wp-content\/uploads\/2025\/02\/8-9-636x426.webp\" \/>\n<meta name=\"twitter:card\" content=\"summary_large_image\" \/>\n<script type=\"application\/ld+json\" class=\"yoast-schema-graph\">{\"@context\":\"https:\/\/schema.org\",\"@graph\":[{\"@type\":\"WebPage\",\"@id\":\"https:\/\/www.moroccodesertsky.com\/tours-from-ouarzazate\/\",\"url\":\"https:\/\/www.moroccodesertsky.com\/tours-from-ouarzazate\/\",\"name\":\"Circuits depuis Ouarzazate - Morocco Desert Sky\",\"isPartOf\":{\"@id\":\"https:\/\/www.moroccodesertsky.com\/#website\"},\"primaryImageOfPage\":{\"@id\":\"https:\/\/www.moroccodesertsky.com\/tours-from-ouarzazate\/#primaryimage\"},\"image\":{\"@id\":\"https:\/\/www.moroccodesertsky.com\/tours-from-ouarzazate\/#primaryimage\"},\"thumbnailUrl\":\"https:\/\/moroccodesertsky.com\/wp-content\/uploads\/2025\/02\/8-9-636x426.webp\",\"datePublished\":\"2025-02-23T16:24:45+00:00\",\"dateModified\":\"2025-03-10T22:02:02+00:00\",\"breadcrumb\":{\"@id\":\"https:\/\/www.moroccodesertsky.com\/tours-from-ouarzazate\/#breadcrumb\"},\"inLanguage\":\"fr-FR\",\"potentialAction\":[{\"@type\":\"ReadAction\",\"target\":[\"https:\/\/www.moroccodesertsky.com\/tours-from-ouarzazate\/\"]}]},{\"@type\":\"ImageObject\",\"inLanguage\":\"fr-FR\",\"@id\":\"https:\/\/www.moroccodesertsky.com\/tours-from-ouarzazate\/#primaryimage\",\"url\":\"https:\/\/moroccodesertsky.com\/wp-content\/uploads\/2025\/02\/8-9-636x426.webp\",\"contentUrl\":\"https:\/\/moroccodesertsky.com\/wp-content\/uploads\/2025\/02\/8-9-636x426.webp\"},{\"@type\":\"BreadcrumbList\",\"@id\":\"https:\/\/www.moroccodesertsky.com\/tours-from-ouarzazate\/#breadcrumb\",\"itemListElement\":[{\"@type\":\"ListItem\",\"position\":1,\"name\":\"Home\",\"item\":\"https:\/\/www.moroccodesertsky.com\/fr\/\"},{\"@type\":\"ListItem\",\"position\":2,\"name\":\"Circuits depuis Ouarzazate\"}]},{\"@type\":\"WebSite\",\"@id\":\"https:\/\/www.moroccodesertsky.com\/#website\",\"url\":\"https:\/\/www.moroccodesertsky.com\/\",\"name\":\"Morocco Desert Sky\",\"description\":\"\",\"potentialAction\":[{\"@type\":\"SearchAction\",\"target\":{\"@type\":\"EntryPoint\",\"urlTemplate\":\"https:\/\/www.moroccodesertsky.com\/?s={search_term_string}\"},\"query-input\":{\"@type\":\"PropertyValueSpecification\",\"valueRequired\":true,\"valueName\":\"search_term_string\"}}],\"inLanguage\":\"fr-FR\"}]}<\/script>\n<!-- \/ Yoast SEO Premium plugin. -->","yoast_head_json":{"title":"Circuits depuis Ouarzazate - Morocco Desert Sky","robots":{"index":"index","follow":"follow","max-snippet":"max-snippet:-1","max-image-preview":"max-image-preview:large","max-video-preview":"max-video-preview:-1"},"canonical":"https:\/\/www.moroccodesertsky.com\/tours-from-ouarzazate\/","og_locale":"fr_FR","og_type":"article","og_title":"Circuits depuis Ouarzazate","og_description":"7 days 7-Day Moroccan Desert Trip From Marrakech Marrakech Option Price Explore 4 days 4-Day Tour From Marrakech To Fes Via Merzouga Desert Merzouga Option Price Explore 3 days 3-Days Tour From Marrakech To Merzouga Desert Merzouga Option Price Explore 5 days 5-Day Desert Escape from Ouarzazate to Merzouga Merzouga Option Price Explore https:\/\/moroccodesertsky.com\/wp-content\/uploads\/2025\/02\/vd-cml.mp4","og_url":"https:\/\/www.moroccodesertsky.com\/tours-from-ouarzazate\/","og_site_name":"Morocco Desert Sky","article_modified_time":"2025-03-10T22:02:02+00:00","og_image":[{"url":"https:\/\/moroccodesertsky.com\/wp-content\/uploads\/2025\/02\/8-9-636x426.webp","type":"","width":"","height":""}],"twitter_card":"summary_large_image","schema":{"@context":"https:\/\/schema.org","@graph":[{"@type":"WebPage","@id":"https:\/\/www.moroccodesertsky.com\/tours-from-ouarzazate\/","url":"https:\/\/www.moroccodesertsky.com\/tours-from-ouarzazate\/","name":"Circuits depuis Ouarzazate - Morocco Desert Sky","isPartOf":{"@id":"https:\/\/www.moroccodesertsky.com\/#website"},"primaryImageOfPage":{"@id":"https:\/\/www.moroccodesertsky.com\/tours-from-ouarzazate\/#primaryimage"},"image":{"@id":"https:\/\/www.moroccodesertsky.com\/tours-from-ouarzazate\/#primaryimage"},"thumbnailUrl":"https:\/\/moroccodesertsky.com\/wp-content\/uploads\/2025\/02\/8-9-636x426.webp","datePublished":"2025-02-23T16:24:45+00:00","dateModified":"2025-03-10T22:02:02+00:00","breadcrumb":{"@id":"https:\/\/www.moroccodesertsky.com\/tours-from-ouarzazate\/#breadcrumb"},"inLanguage":"fr-FR","potentialAction":[{"@type":"ReadAction","target":["https:\/\/www.moroccodesertsky.com\/tours-from-ouarzazate\/"]}]},{"@type":"ImageObject","inLanguage":"fr-FR","@id":"https:\/\/www.moroccodesertsky.com\/tours-from-ouarzazate\/#primaryimage","url":"https:\/\/moroccodesertsky.com\/wp-content\/uploads\/2025\/02\/8-9-636x426.webp","contentUrl":"https:\/\/moroccodesertsky.com\/wp-content\/uploads\/2025\/02\/8-9-636x426.webp"},{"@type":"BreadcrumbList","@id":"https:\/\/www.moroccodesertsky.com\/tours-from-ouarzazate\/#breadcrumb","itemListElement":[{"@type":"ListItem","position":1,"name":"Home","item":"https:\/\/www.moroccodesertsky.com\/fr\/"},{"@type":"ListItem","position":2,"name":"Circuits depuis Ouarzazate"}]},{"@type":"WebSite","@id":"https:\/\/www.moroccodesertsky.com\/#website","url":"https:\/\/www.moroccodesertsky.com\/","name":"Morocco Desert Sky","description":"","potentialAction":[{"@type":"SearchAction","target":{"@type":"EntryPoint","urlTemplate":"https:\/\/www.moroccodesertsky.com\/?s={search_term_string}"},"query-input":{"@type":"PropertyValueSpecification","valueRequired":true,"valueName":"search_term_string"}}],"inLanguage":"fr-FR"}]}},"_links":{"self":[{"href":"https:\/\/www.moroccodesertsky.com\/fr\/wp-json\/wp\/v2\/pages\/12337","targetHints":{"allow":["GET"]}}],"collection":[{"href":"https:\/\/www.moroccodesertsky.com\/fr\/wp-json\/wp\/v2\/pages"}],"about":[{"href":"https:\/\/www.moroccodesertsky.com\/fr\/wp-json\/wp\/v2\/types\/page"}],"author":[{"embeddable":true,"href":"https:\/\/www.moroccodesertsky.com\/fr\/wp-json\/wp\/v2\/users\/1"}],"replies":[{"embeddable":true,"href":"https:\/\/www.moroccodesertsky.com\/fr\/wp-json\/wp\/v2\/comments?post=12337"}],"version-history":[{"count":1,"href":"https:\/\/www.moroccodesertsky.com\/fr\/wp-json\/wp\/v2\/pages\/12337\/revisions"}],"predecessor-version":[{"id":12338,"href":"https:\/\/www.moroccodesertsky.com\/fr\/wp-json\/wp\/v2\/pages\/12337\/revisions\/12338"}],"wp:attachment":[{"href":"https:\/\/www.moroccodesertsky.com\/fr\/wp-json\/wp\/v2\/media?parent=12337"}],"curies":[{"name":"wp","href":"https:\/\/api.w.org\/{rel}","templated":true}]}}