{"id":12226,"date":"2025-02-28T13:43:46","date_gmt":"2025-02-28T13:43:46","guid":{"rendered":"https:\/\/moroccodesertsky.com\/morocco-sahara-tours\/"},"modified":"2025-03-14T17:24:47","modified_gmt":"2025-03-14T17:24:47","slug":"circuits-du-sahara-au-maroc","status":"publish","type":"page","link":"https:\/\/www.moroccodesertsky.com\/fr\/circuits-du-sahara-au-maroc\/","title":{"rendered":"Circuits au Maroc"},"content":{"rendered":"\t\t<div data-elementor-type=\"wp-page\" data-elementor-id=\"12226\" class=\"elementor elementor-12226 elementor-10336\" data-elementor-post-type=\"page\">\n\t\t\t\t<div class=\"elementor-element elementor-element-d6ed99e e-flex e-con-boxed e-con e-parent\" data-id=\"d6ed99e\" data-element_type=\"container\" data-e-type=\"container\">\n\t\t\t\t\t<div class=\"e-con-inner\">\n\t\t\t\t<div class=\"elementor-element elementor-element-aaf3431 elementor-widget elementor-widget-tripgo_elementor_heading\" data-id=\"aaf3431\" data-element_type=\"widget\" data-e-type=\"widget\" data-widget_type=\"tripgo_elementor_heading.default\">\n\t\t\t\t<div class=\"elementor-widget-container\">\n\t\t\t\t\t\t\t<div class=\"ova-title\">\n\n\t\t\t\n\t\t\t\t\t\t\t\n\t\t\t\t\t<h2 class=\"title\">D\u00e9couvrez les circuits du d\u00e9sert marocain<\/h2>\n\t\t\t\t\t\t\t\n\t\t\t\t\t\t\t<p class=\"description\">Circuits marocains magiques avec des destinations embl\u00e9matiques et des exp\u00e9riences inoubliables<\/p>\n\t\t\t\n\t\t<\/div> \n\t\t \t\n\t\t\t\t\t\t<\/div>\n\t\t\t\t<\/div>\n\t\t\t\t\t<\/div>\n\t\t\t\t<\/div>\n\t\t<div class=\"elementor-element elementor-element-88cd329 e-flex e-con-boxed e-con e-parent\" data-id=\"88cd329\" data-element_type=\"container\" data-e-type=\"container\">\n\t\t\t\t\t<div class=\"e-con-inner\">\n\t\t\t\t<div class=\"elementor-element elementor-element-64900ce elementor-widget elementor-widget-text-editor\" data-id=\"64900ce\" data-element_type=\"widget\" data-e-type=\"widget\" data-widget_type=\"text-editor.default\">\n\t\t\t\t<div class=\"elementor-widget-container\">\n\t\t\t\t\t\t\t\t\t<p><strong style=\"color: #e6af69;\" data-end=\"26\">Morocco Desert Sky<\/strong> vous invite \u00e0 d\u00e9couvrir les meilleurs circuits du Maroc et \u00e0 d\u00e9couvrir la magie de cette terre enchanteresse. Promenez-vous dans les souks anim\u00e9s de Marrakech, parcourez les rues bleues de Chefchaouen et remontez le temps dans l&rsquo;ancienne m\u00e9dina de F\u00e8s. Ressentez le frisson du Sahara \u00e0 Merzouga, o\u00f9 les dunes dor\u00e9es s&rsquo;\u00e9tendent \u00e0 perte de vue, et d\u00e9couvrez des paysages cin\u00e9matographiques \u00e0 Ouarzazate. D\u00e9couvrez le charme c\u00f4tier de Casablanca et l&rsquo;\u00e9l\u00e9gance historique de Rabat. Nos voyages soigneusement organis\u00e9s offrent un m\u00e9lange inoubliable de culture, d&rsquo;aventure et de paysages \u00e0 couper le souffle. Laissez Morocco Desert Sky guider votre aventure marocaine.<\/p>\t\t\t\t\t\t\t\t<\/div>\n\t\t\t\t<\/div>\n\t\t\t\t\t<\/div>\n\t\t\t\t<\/div>\n\t\t\t\t<section class=\"elementor-section elementor-top-section elementor-element elementor-element-23d5ade4 elementor-section-boxed elementor-section-height-default elementor-section-height-default\" data-id=\"23d5ade4\" data-element_type=\"section\" data-e-type=\"section\">\n\t\t\t\t\t\t<div class=\"elementor-container elementor-column-gap-default\">\n\t\t\t\t\t<div class=\"elementor-column elementor-col-100 elementor-top-column elementor-element elementor-element-13f10f2c\" data-id=\"13f10f2c\" data-element_type=\"column\" data-e-type=\"column\">\n\t\t\t<div class=\"elementor-widget-wrap elementor-element-populated\">\n\t\t\t\t\t\t<div class=\"elementor-element elementor-element-2e704790 elementor-widget elementor-widget-ovabrw_product_category_ajax\" data-id=\"2e704790\" data-element_type=\"widget\" data-e-type=\"widget\" data-widget_type=\"ovabrw_product_category_ajax.default\">\n\t\t\t\t<div class=\"elementor-widget-container\">\n\t\t\t\t\t\n<div class=\"ovabrw-category-ajax\">\n\t<ul class=\"ovabrw-category-list\">\n\t\t\t\t\t\t\t\t\t<li class=\"category-item active\" data-term-id=\"72\">\n\t\t\t\t\tMerzouga\t\t\t\t<\/li>\n\t\t\t\t\t\t<\/ul>\n\t<div class=\"ovabrw-category-products\"><\/div>\n\t<!-- Load more -->\n\t<div class=\"wrap-load-more\">\n\t\t<svg class=\"loader\" width=\"50\" height=\"50\">\n\t\t\t<circle cx=\"25\" cy=\"25\" r=\"10\" \/>\n\t\t\t<circle cx=\"25\" cy=\"25\" r=\"20\" \/>\n\t\t<\/svg>\n\t<\/div>\n\t<input\n\t\ttype=\"hidden\"\n\t\tname=\"category-ajax-input\"\n\t\tdata-posts-per-page=\"3\"\n\t\tdata-paged=\"1\"\n\t\tdata-order=\"DESC\"\n\t\tdata-orderby=\"date\"\n\t\tdata-layout=\"grid\"\n\t\tdata-grid_template=\"template_1\"\n\t\tdata-column=\"column3\"\n\t\tdata-thumbnail-type=\"image\"\n\t\tdata-pagination=\"yes\"\n\t\/>\n<\/div>\t\t\t\t<\/div>\n\t\t\t\t<\/div>\n\t\t\t\t\t<\/div>\n\t\t<\/div>\n\t\t\t\t\t<\/div>\n\t\t<\/section>\n\t\t<div class=\"elementor-element elementor-element-ac4bd81 e-flex e-con-boxed e-con e-parent\" data-id=\"ac4bd81\" data-element_type=\"container\" data-e-type=\"container\">\n\t\t\t\t\t<div class=\"e-con-inner\">\n\t\t\t\t<div class=\"elementor-element elementor-element-df56c19 elementor-widget elementor-widget-text-editor\" data-id=\"df56c19\" data-element_type=\"widget\" data-e-type=\"widget\" data-widget_type=\"text-editor.default\">\n\t\t\t\t<div class=\"elementor-widget-container\">\n\t\t\t\t\t\t\t\t\t<p data-start=\"0\" data-end=\"443\"><strong style=\"color: #e6af69;\">Morocco Desert Sky<\/strong>\u00a0propose les meilleurs circuits du Maroc, vous guidant \u00e0 travers des destinations embl\u00e9matiques et des paysages \u00e0 couper le souffle. Promenez-vous dans les souks anim\u00e9s de Marrakech, explorez l&rsquo;ancienne m\u00e9dina de F\u00e8s et ressentez le charme c\u00f4tier de Casablanca et d&rsquo;Essaouira. D\u00e9couvrez les rues bleues de Chefchaouen, les merveilles historiques de Rabat et l&rsquo;attrait cin\u00e9matographique de Ouarzazate. Chaque arr\u00eat d\u00e9voile une nouvelle couche de la riche histoire et de la culture vibrante du Maroc.<\/p><p data-start=\"0\" data-end=\"443\">Voyagez au c\u0153ur du Sahara avec des randonn\u00e9es \u00e0 dos de chameau \u00e0 travers les dunes dor\u00e9es de Merzouga. Vivez des nuits magiques dans le d\u00e9sert dans des camps berb\u00e8res traditionnels, en savourant la cuisine locale et la musique sous un ciel \u00e9toil\u00e9. Explorez les vall\u00e9es de palmiers luxuriantes, les gorges spectaculaires et les oasis cach\u00e9es qui rendent le sud du Maroc si unique. Laissez chaque instant dans le d\u00e9sert devenir un souvenir pr\u00e9cieux.<\/p><p data-start=\"0\" data-end=\"443\">Nos circuits sont con\u00e7us pour offrir des aventures personnalis\u00e9es, que vous pr\u00e9f\u00e9riez l&rsquo;immersion culturelle, l&rsquo;exploration historique ou les escapades palpitantes dans le d\u00e9sert. Voyagez confortablement avec un transport priv\u00e9 et des guides locaux experts qui donnent vie \u00e0 chaque destination. Avec des itin\u00e9raires flexibles et un engagement envers des exp\u00e9riences authentiques, Morocco Desert Sky garantit que votre voyage est inoubliable et parfaitement adapt\u00e9 \u00e0 vos r\u00eaves de voyage. N&rsquo;h\u00e9sitez pas \u00e0 nous <strong><a href=\"https:\/\/moroccodesertsky.com\/contact\/\">contacter<\/a><\/strong>.<\/p>\t\t\t\t\t\t\t\t<\/div>\n\t\t\t\t<\/div>\n\t\t\t\t\t<\/div>\n\t\t\t\t<\/div>\n\t\t\t\t<section class=\"elementor-section elementor-top-section elementor-element elementor-element-6c266e15 elementor-hidden-mobile elementor-section-boxed elementor-section-height-default elementor-section-height-default\" data-id=\"6c266e15\" data-element_type=\"section\" data-e-type=\"section\">\n\t\t\t\t\t\t<div class=\"elementor-container elementor-column-gap-default\">\n\t\t\t\t\t<div class=\"elementor-column elementor-col-100 elementor-top-column elementor-element elementor-element-62f79a30\" data-id=\"62f79a30\" data-element_type=\"column\" data-e-type=\"column\">\n\t\t\t<div class=\"elementor-widget-wrap elementor-element-populated\">\n\t\t\t\t\t\t<div class=\"elementor-element elementor-element-524c7a72 elementor-widget elementor-widget-tripgo_elementor_gallery_filter\" data-id=\"524c7a72\" data-element_type=\"widget\" data-e-type=\"widget\" data-widget_type=\"tripgo_elementor_gallery_filter.default\">\n\t\t\t\t<div class=\"elementor-widget-container\">\n\t\t\t\t\t\n\t\t\n\t\t<div class=\"ova-gallery-filter\">\n\n\t\t\t            \n            <ul class=\"filter-btn-wrapper\">\n\n                <li class=\"filter-btn active-category\" data-filter=\"*\">\n                    discover                <\/li>\n\n                \n                    \n\t            \n            <\/ul> \n\n            <div class=\"gallery-row\">\n\n            \t<div class=\"gallery-column three_column\">\n\n            \t\t\n\t\t            \t<div class=\"gallery-item \">\n\n                                                        \t<a class=\"gallery-fancybox\" data-src=\"https:\/\/moroccodesertsky.com\/wp-content\/uploads\/2025\/02\/8-5.webp\" \n\t  \t\t\t\t\t\t\t\tdata-fancybox=\"gallery-filter\" \n\t  \t\t\t\t\t\t\t\tdata-caption=\"\">\n                            \t\t\t\t\t\t\t\t<div class=\"gallery-img\">\n\t\t\t\t\t\t\t    \t<img decoding=\"async\" src=\"https:\/\/www.moroccodesertsky.com\/wp-content\/uploads\/2025\/02\/8-5-768x660.webp\" alt=\"\">\n\t\t\t\t\t\t\t    \t<div class=\"icon\">\n\t\t\t\t\t\t\t\t\t\t<i aria-hidden=\"true\" class=\"ovaicon ovaicon-next-4\"><\/i>\t\t\t\t\t\t\t\t\t<\/div>\n\t\t\t\t\t\t\t\t\t<div class=\"mask\"><\/div>\n\t\t\t\t\t\t\t\t<\/div>\n\n\t\t\t\t\t\t\t<\/a>\n\n\t\t\t\t\t\t\t<h3 class=\"title\">\n\t\t\t\t\t\t\t\t\t\t\t\t\t\t\t<\/h3>\n\t\t\t\t\t\t\t<p class=\"description\">\n\t\t\t\t\t\t\t\t\t\t\t\t\t\t\t<\/p>\n\t\t\t\t\t\t\t\n\t\t\t\t\t\t<\/div>\n\t                \n\t                \n\t\t            \t<div class=\"gallery-item \">\n\n                                                        \t<a class=\"gallery-fancybox\" data-src=\"https:\/\/moroccodesertsky.com\/wp-content\/uploads\/2025\/02\/8-7.webp\" \n\t  \t\t\t\t\t\t\t\tdata-fancybox=\"gallery-filter\" \n\t  \t\t\t\t\t\t\t\tdata-caption=\"\">\n                            \t\t\t\t\t\t\t\t<div class=\"gallery-img\">\n\t\t\t\t\t\t\t    \t<img decoding=\"async\" src=\"https:\/\/www.moroccodesertsky.com\/wp-content\/uploads\/2025\/02\/8-7-768x660.webp\" alt=\"\">\n\t\t\t\t\t\t\t    \t<div class=\"icon\">\n\t\t\t\t\t\t\t\t\t\t<i aria-hidden=\"true\" class=\"ovaicon ovaicon-next-4\"><\/i>\t\t\t\t\t\t\t\t\t<\/div>\n\t\t\t\t\t\t\t\t\t<div class=\"mask\"><\/div>\n\t\t\t\t\t\t\t\t<\/div>\n\n\t\t\t\t\t\t\t<\/a>\n\n\t\t\t\t\t\t\t<h3 class=\"title\">\n\t\t\t\t\t\t\t\t\t\t\t\t\t\t\t<\/h3>\n\t\t\t\t\t\t\t<p class=\"description\">\n\t\t\t\t\t\t\t\t\t\t\t\t\t\t\t<\/p>\n\t\t\t\t\t\t\t\n\t\t\t\t\t\t<\/div>\n\t                \n\t                \n\t\t            \t<div class=\"gallery-item \">\n\n                                                        \t<a class=\"gallery-fancybox\" data-src=\"https:\/\/moroccodesertsky.com\/wp-content\/uploads\/2025\/02\/Design-sans-titre-158.png\" \n\t  \t\t\t\t\t\t\t\tdata-fancybox=\"gallery-filter\" \n\t  \t\t\t\t\t\t\t\tdata-caption=\"\">\n                            \t\t\t\t\t\t\t\t<div class=\"gallery-img\">\n\t\t\t\t\t\t\t    \t<img decoding=\"async\" src=\"https:\/\/www.moroccodesertsky.com\/wp-content\/uploads\/2025\/02\/Design-sans-titre-158-768x660.png\" alt=\"\">\n\t\t\t\t\t\t\t    \t<div class=\"icon\">\n\t\t\t\t\t\t\t\t\t\t<i aria-hidden=\"true\" class=\"ovaicon ovaicon-next-4\"><\/i>\t\t\t\t\t\t\t\t\t<\/div>\n\t\t\t\t\t\t\t\t\t<div class=\"mask\"><\/div>\n\t\t\t\t\t\t\t\t<\/div>\n\n\t\t\t\t\t\t\t<\/a>\n\n\t\t\t\t\t\t\t<h3 class=\"title\">\n\t\t\t\t\t\t\t\t\t\t\t\t\t\t\t<\/h3>\n\t\t\t\t\t\t\t<p class=\"description\">\n\t\t\t\t\t\t\t\t\t\t\t\t\t\t\t<\/p>\n\t\t\t\t\t\t\t\n\t\t\t\t\t\t<\/div>\n\t                \n\t                \n\t            <\/div>\n\n            <\/div>\n\n        <\/div>\n\n        \t\t\t\t<\/div>\n\t\t\t\t<\/div>\n\t\t\t\t\t<\/div>\n\t\t<\/div>\n\t\t\t\t\t<\/div>\n\t\t<\/section>\n\t\t\t\t<\/div>\n\t\t","protected":false},"excerpt":{"rendered":"<p>D\u00e9couvrez les circuits du d\u00e9sert marocain Circuits marocains magiques avec des destinations embl\u00e9matiques et des exp\u00e9riences inoubliables Morocco Desert Sky vous invite \u00e0 d\u00e9couvrir les meilleurs circuits du Maroc et \u00e0 d\u00e9couvrir la magie de cette terre enchanteresse. Promenez-vous dans les souks anim\u00e9s de Marrakech, parcourez les rues bleues de Chefchaouen et remontez le temps [&hellip;]<\/p>\n","protected":false},"author":1,"featured_media":0,"parent":0,"menu_order":0,"comment_status":"closed","ping_status":"closed","template":"","meta":{"footnotes":""},"class_list":["post-12226","page","type-page","status-publish","hentry"],"yoast_head":"<!-- This site is optimized with the Yoast SEO Premium plugin v24.6 (Yoast SEO v27.4) - https:\/\/yoast.com\/product\/yoast-seo-premium-wordpress\/ -->\n<title>Circuits au Maroc - Morocco Desert Sky<\/title>\n<meta name=\"robots\" content=\"index, follow, max-snippet:-1, max-image-preview:large, max-video-preview:-1\" \/>\n<link rel=\"canonical\" href=\"https:\/\/www.moroccodesertsky.com\/morocco-sahara-tours\/\" \/>\n<meta property=\"og:locale\" content=\"fr_FR\" \/>\n<meta property=\"og:type\" content=\"article\" \/>\n<meta property=\"og:title\" content=\"Circuits au Maroc\" \/>\n<meta property=\"og:description\" content=\"D\u00e9couvrez les circuits du d\u00e9sert marocain Circuits marocains magiques avec des destinations embl\u00e9matiques et des exp\u00e9riences inoubliables Morocco Desert Sky vous invite \u00e0 d\u00e9couvrir les meilleurs circuits du Maroc et \u00e0 d\u00e9couvrir la magie de cette terre enchanteresse. Promenez-vous dans les souks anim\u00e9s de Marrakech, parcourez les rues bleues de Chefchaouen et remontez le temps [&hellip;]\" \/>\n<meta property=\"og:url\" content=\"https:\/\/www.moroccodesertsky.com\/morocco-sahara-tours\/\" \/>\n<meta property=\"og:site_name\" content=\"Morocco Desert Sky\" \/>\n<meta property=\"article:modified_time\" content=\"2025-03-14T17:24:47+00:00\" \/>\n<meta property=\"og:image\" content=\"https:\/\/moroccodesertsky.com\/wp-content\/uploads\/2025\/02\/8-5-768x660.webp\" \/>\n<meta name=\"twitter:card\" content=\"summary_large_image\" \/>\n<meta name=\"twitter:label1\" content=\"Dur\u00e9e de lecture estim\u00e9e\" \/>\n\t<meta name=\"twitter:data1\" content=\"2 minutes\" \/>\n<script type=\"application\/ld+json\" class=\"yoast-schema-graph\">{\"@context\":\"https:\\\/\\\/schema.org\",\"@graph\":[{\"@type\":\"WebPage\",\"@id\":\"https:\\\/\\\/www.moroccodesertsky.com\\\/morocco-sahara-tours\\\/\",\"url\":\"https:\\\/\\\/www.moroccodesertsky.com\\\/morocco-sahara-tours\\\/\",\"name\":\"Circuits au Maroc - Morocco Desert Sky\",\"isPartOf\":{\"@id\":\"https:\\\/\\\/www.moroccodesertsky.com\\\/#website\"},\"primaryImageOfPage\":{\"@id\":\"https:\\\/\\\/www.moroccodesertsky.com\\\/morocco-sahara-tours\\\/#primaryimage\"},\"image\":{\"@id\":\"https:\\\/\\\/www.moroccodesertsky.com\\\/morocco-sahara-tours\\\/#primaryimage\"},\"thumbnailUrl\":\"https:\\\/\\\/moroccodesertsky.com\\\/wp-content\\\/uploads\\\/2025\\\/02\\\/8-5-768x660.webp\",\"datePublished\":\"2025-02-28T13:43:46+00:00\",\"dateModified\":\"2025-03-14T17:24:47+00:00\",\"breadcrumb\":{\"@id\":\"https:\\\/\\\/www.moroccodesertsky.com\\\/morocco-sahara-tours\\\/#breadcrumb\"},\"inLanguage\":\"fr-FR\",\"potentialAction\":[{\"@type\":\"ReadAction\",\"target\":[\"https:\\\/\\\/www.moroccodesertsky.com\\\/morocco-sahara-tours\\\/\"]}]},{\"@type\":\"ImageObject\",\"inLanguage\":\"fr-FR\",\"@id\":\"https:\\\/\\\/www.moroccodesertsky.com\\\/morocco-sahara-tours\\\/#primaryimage\",\"url\":\"https:\\\/\\\/moroccodesertsky.com\\\/wp-content\\\/uploads\\\/2025\\\/02\\\/8-5-768x660.webp\",\"contentUrl\":\"https:\\\/\\\/moroccodesertsky.com\\\/wp-content\\\/uploads\\\/2025\\\/02\\\/8-5-768x660.webp\"},{\"@type\":\"BreadcrumbList\",\"@id\":\"https:\\\/\\\/www.moroccodesertsky.com\\\/morocco-sahara-tours\\\/#breadcrumb\",\"itemListElement\":[{\"@type\":\"ListItem\",\"position\":1,\"name\":\"Home\",\"item\":\"https:\\\/\\\/www.moroccodesertsky.com\\\/fr\\\/\"},{\"@type\":\"ListItem\",\"position\":2,\"name\":\"Circuits au Maroc\"}]},{\"@type\":\"WebSite\",\"@id\":\"https:\\\/\\\/www.moroccodesertsky.com\\\/#website\",\"url\":\"https:\\\/\\\/www.moroccodesertsky.com\\\/\",\"name\":\"Morocco Desert Sky\",\"description\":\"\",\"potentialAction\":[{\"@type\":\"SearchAction\",\"target\":{\"@type\":\"EntryPoint\",\"urlTemplate\":\"https:\\\/\\\/www.moroccodesertsky.com\\\/?s={search_term_string}\"},\"query-input\":{\"@type\":\"PropertyValueSpecification\",\"valueRequired\":true,\"valueName\":\"search_term_string\"}}],\"inLanguage\":\"fr-FR\"}]}<\/script>\n<!-- \/ Yoast SEO Premium plugin. -->","yoast_head_json":{"title":"Circuits au Maroc - Morocco Desert Sky","robots":{"index":"index","follow":"follow","max-snippet":"max-snippet:-1","max-image-preview":"max-image-preview:large","max-video-preview":"max-video-preview:-1"},"canonical":"https:\/\/www.moroccodesertsky.com\/morocco-sahara-tours\/","og_locale":"fr_FR","og_type":"article","og_title":"Circuits au Maroc","og_description":"D\u00e9couvrez les circuits du d\u00e9sert marocain Circuits marocains magiques avec des destinations embl\u00e9matiques et des exp\u00e9riences inoubliables Morocco Desert Sky vous invite \u00e0 d\u00e9couvrir les meilleurs circuits du Maroc et \u00e0 d\u00e9couvrir la magie de cette terre enchanteresse. Promenez-vous dans les souks anim\u00e9s de Marrakech, parcourez les rues bleues de Chefchaouen et remontez le temps [&hellip;]","og_url":"https:\/\/www.moroccodesertsky.com\/morocco-sahara-tours\/","og_site_name":"Morocco Desert Sky","article_modified_time":"2025-03-14T17:24:47+00:00","og_image":[{"url":"https:\/\/moroccodesertsky.com\/wp-content\/uploads\/2025\/02\/8-5-768x660.webp","type":"","width":"","height":""}],"twitter_card":"summary_large_image","twitter_misc":{"Dur\u00e9e de lecture estim\u00e9e":"2 minutes"},"schema":{"@context":"https:\/\/schema.org","@graph":[{"@type":"WebPage","@id":"https:\/\/www.moroccodesertsky.com\/morocco-sahara-tours\/","url":"https:\/\/www.moroccodesertsky.com\/morocco-sahara-tours\/","name":"Circuits au Maroc - Morocco Desert Sky","isPartOf":{"@id":"https:\/\/www.moroccodesertsky.com\/#website"},"primaryImageOfPage":{"@id":"https:\/\/www.moroccodesertsky.com\/morocco-sahara-tours\/#primaryimage"},"image":{"@id":"https:\/\/www.moroccodesertsky.com\/morocco-sahara-tours\/#primaryimage"},"thumbnailUrl":"https:\/\/moroccodesertsky.com\/wp-content\/uploads\/2025\/02\/8-5-768x660.webp","datePublished":"2025-02-28T13:43:46+00:00","dateModified":"2025-03-14T17:24:47+00:00","breadcrumb":{"@id":"https:\/\/www.moroccodesertsky.com\/morocco-sahara-tours\/#breadcrumb"},"inLanguage":"fr-FR","potentialAction":[{"@type":"ReadAction","target":["https:\/\/www.moroccodesertsky.com\/morocco-sahara-tours\/"]}]},{"@type":"ImageObject","inLanguage":"fr-FR","@id":"https:\/\/www.moroccodesertsky.com\/morocco-sahara-tours\/#primaryimage","url":"https:\/\/moroccodesertsky.com\/wp-content\/uploads\/2025\/02\/8-5-768x660.webp","contentUrl":"https:\/\/moroccodesertsky.com\/wp-content\/uploads\/2025\/02\/8-5-768x660.webp"},{"@type":"BreadcrumbList","@id":"https:\/\/www.moroccodesertsky.com\/morocco-sahara-tours\/#breadcrumb","itemListElement":[{"@type":"ListItem","position":1,"name":"Home","item":"https:\/\/www.moroccodesertsky.com\/fr\/"},{"@type":"ListItem","position":2,"name":"Circuits au Maroc"}]},{"@type":"WebSite","@id":"https:\/\/www.moroccodesertsky.com\/#website","url":"https:\/\/www.moroccodesertsky.com\/","name":"Morocco Desert Sky","description":"","potentialAction":[{"@type":"SearchAction","target":{"@type":"EntryPoint","urlTemplate":"https:\/\/www.moroccodesertsky.com\/?s={search_term_string}"},"query-input":{"@type":"PropertyValueSpecification","valueRequired":true,"valueName":"search_term_string"}}],"inLanguage":"fr-FR"}]}},"_links":{"self":[{"href":"https:\/\/www.moroccodesertsky.com\/fr\/wp-json\/wp\/v2\/pages\/12226","targetHints":{"allow":["GET"]}}],"collection":[{"href":"https:\/\/www.moroccodesertsky.com\/fr\/wp-json\/wp\/v2\/pages"}],"about":[{"href":"https:\/\/www.moroccodesertsky.com\/fr\/wp-json\/wp\/v2\/types\/page"}],"author":[{"embeddable":true,"href":"https:\/\/www.moroccodesertsky.com\/fr\/wp-json\/wp\/v2\/users\/1"}],"replies":[{"embeddable":true,"href":"https:\/\/www.moroccodesertsky.com\/fr\/wp-json\/wp\/v2\/comments?post=12226"}],"version-history":[{"count":20,"href":"https:\/\/www.moroccodesertsky.com\/fr\/wp-json\/wp\/v2\/pages\/12226\/revisions"}],"predecessor-version":[{"id":12821,"href":"https:\/\/www.moroccodesertsky.com\/fr\/wp-json\/wp\/v2\/pages\/12226\/revisions\/12821"}],"wp:attachment":[{"href":"https:\/\/www.moroccodesertsky.com\/fr\/wp-json\/wp\/v2\/media?parent=12226"}],"curies":[{"name":"wp","href":"https:\/\/api.w.org\/{rel}","templated":true}]}}