{"id":13084,"date":"2025-02-25T13:20:35","date_gmt":"2025-02-25T13:20:35","guid":{"rendered":"https:\/\/moroccodesertsky.com\/product\/quad-adventure-in-sahara-dunes\/"},"modified":"2025-03-16T21:23:36","modified_gmt":"2025-03-16T21:23:36","slug":"aventura-en-quad-por-las-dunas-del-sahara","status":"publish","type":"product","link":"https:\/\/www.moroccodesertsky.com\/es\/tours\/aventura-en-quad-por-las-dunas-del-sahara\/","title":{"rendered":"Aventura en quad por las dunas del Sahara"},"content":{"rendered":"<h3 style=\"font-size: 35px;\">Reflejos:<\/h3>\n<ul>\n<li>Recorre en quad las doradas dunas del desierto de Merzouga.<\/li>\n<li>Descubre paisajes impresionantes y la magia del S\u00e1hara.<\/li>\n<li>Haz una pausa para tomar un t\u00e9 marroqu\u00ed con una familia bereber local.<\/li>\n<\/ul>\n<h3 style=\"font-size: 35px;\">Descripci\u00f3n:<\/h3>\n<p>Esta excursi\u00f3n ofrece una emocionante aventura en quad por las vastas dunas de Merzouga, donde podr\u00e1 sumergirse en la tranquilidad del Sahara. Acompa\u00f1ado por un gu\u00eda experimentado, recorrer\u00e1 emocionantes senderos des\u00e9rticos, explorar\u00e1 rincones escondidos de las dunas y ser\u00e1 testigo de la belleza de los interminables paisajes de arena.<\/p>\n<p>A mitad del recorrido, har\u00e1 una parada para disfrutar de un tradicional t\u00e9 de menta marroqu\u00ed con una familia bereber local. Su gu\u00eda le servir\u00e1 de traductor, lo que le permitir\u00e1 conectar y aprender m\u00e1s sobre su singular estilo de vida en el desierto y su rico patrimonio cultural.<\/p>\n<p>Despu\u00e9s del descanso, contin\u00fae su emocionante viaje por las dunas, sintiendo la libertad del desierto abierto. Al final de la aventura, regresar\u00e1 al punto de partida, donde podr\u00e1 relajarse y revivir la emoci\u00f3n de su inolvidable experiencia en quad.<\/p>\n<h3 style=\"font-size: 35px;\">Qu\u00e9 traer:<\/h3>\n<ul>\n<li>Calzado c\u00f3modo<\/li>\n<li>Gafas de sol<\/li>\n<li>Sombrero o bufanda<\/li>\n<li>C\u00e1mara<\/li>\n<li>Protector solar<\/li>\n<li>Paisajes impresionantes<\/li>\n<\/ul>\n<h3 style=\"font-size: 35px;\">Restricciones:<\/h3>\n<ul>\n<li>No se admiten mascotas<\/li>\n<li>No fumar en el veh\u00edculo<\/li>\n<\/ul>\n<h3 style=\"font-size: 35px;\">Lo que debes saber antes de ir:<\/h3>\n<ul>\n<li>Apto para adultos y ni\u00f1os mayores de 14 a\u00f1os.<\/li>\n<li>Los menores de 14 a\u00f1os pueden viajar en t\u00e1ndem con un adulto.<\/li>\n<\/ul>\n","protected":false},"excerpt":{"rendered":"<p>Reflejos: Recorre en quad las doradas dunas del desierto de Merzouga. Descubre paisajes impresionantes y la magia del S\u00e1hara. Haz una pausa para tomar un t\u00e9 marroqu\u00ed con una familia bereber local. Descripci\u00f3n: Esta excursi\u00f3n ofrece una emocionante aventura en quad por las vastas dunas de Merzouga, donde podr\u00e1 sumergirse en la tranquilidad del Sahara. [&hellip;]<\/p>\n","protected":false},"featured_media":11840,"template":"","meta":[],"product_brand":[],"product_cat":[119],"product_tag":[],"class_list":{"0":"post-13084","1":"product","2":"type-product","3":"status-publish","4":"has-post-thumbnail","6":"product_cat-activities-es","8":"first","9":"instock","10":"shipping-taxable","11":"product-type-ovabrw_car_rental"},"yoast_head":"<!-- This site is optimized with the Yoast SEO Premium plugin v24.6 (Yoast SEO v27.4) - https:\/\/yoast.com\/product\/yoast-seo-premium-wordpress\/ -->\n<title>Aventura en quad por las dunas del Sahara - Morocco Desert Sky<\/title>\n<meta name=\"robots\" content=\"index, follow, max-snippet:-1, max-image-preview:large, max-video-preview:-1\" \/>\n<link rel=\"canonical\" href=\"https:\/\/www.moroccodesertsky.com\/tours\/quad-adventure-in-sahara-dunes\/\" \/>\n<meta property=\"og:locale\" content=\"es_ES\" \/>\n<meta property=\"og:type\" content=\"article\" \/>\n<meta property=\"og:title\" content=\"Aventura en quad por las dunas del Sahara\" \/>\n<meta property=\"og:description\" content=\"Reflejos: Recorre en quad las doradas dunas del desierto de Merzouga. Descubre paisajes impresionantes y la magia del S\u00e1hara. Haz una pausa para tomar un t\u00e9 marroqu\u00ed con una familia bereber local. Descripci\u00f3n: Esta excursi\u00f3n ofrece una emocionante aventura en quad por las vastas dunas de Merzouga, donde podr\u00e1 sumergirse en la tranquilidad del Sahara. [&hellip;]\" \/>\n<meta property=\"og:url\" content=\"https:\/\/www.moroccodesertsky.com\/tours\/quad-adventure-in-sahara-dunes\/\" \/>\n<meta property=\"og:site_name\" content=\"Morocco Desert Sky\" \/>\n<meta property=\"article:modified_time\" content=\"2025-03-16T21:23:36+00:00\" \/>\n<meta property=\"og:image\" content=\"https:\/\/www.moroccodesertsky.com\/wp-content\/uploads\/2025\/02\/6-2.webp\" \/>\n\t<meta property=\"og:image:width\" content=\"2500\" \/>\n\t<meta property=\"og:image:height\" content=\"1406\" \/>\n\t<meta property=\"og:image:type\" content=\"image\/webp\" \/>\n<meta name=\"twitter:card\" content=\"summary_large_image\" \/>\n<meta name=\"twitter:label1\" content=\"Tiempo de lectura\" \/>\n\t<meta name=\"twitter:data1\" content=\"1 minuto\" \/>\n<script type=\"application\/ld+json\" class=\"yoast-schema-graph\">{\"@context\":\"https:\\\/\\\/schema.org\",\"@graph\":[{\"@type\":\"WebPage\",\"@id\":\"https:\\\/\\\/www.moroccodesertsky.com\\\/tours\\\/quad-adventure-in-sahara-dunes\\\/\",\"url\":\"https:\\\/\\\/www.moroccodesertsky.com\\\/tours\\\/quad-adventure-in-sahara-dunes\\\/\",\"name\":\"Aventura en quad por las dunas del Sahara - Morocco Desert Sky\",\"isPartOf\":{\"@id\":\"https:\\\/\\\/www.moroccodesertsky.com\\\/#website\"},\"primaryImageOfPage\":{\"@id\":\"https:\\\/\\\/www.moroccodesertsky.com\\\/tours\\\/quad-adventure-in-sahara-dunes\\\/#primaryimage\"},\"image\":{\"@id\":\"https:\\\/\\\/www.moroccodesertsky.com\\\/tours\\\/quad-adventure-in-sahara-dunes\\\/#primaryimage\"},\"thumbnailUrl\":\"https:\\\/\\\/www.moroccodesertsky.com\\\/wp-content\\\/uploads\\\/2025\\\/02\\\/6-2.webp\",\"datePublished\":\"2025-02-25T13:20:35+00:00\",\"dateModified\":\"2025-03-16T21:23:36+00:00\",\"breadcrumb\":{\"@id\":\"https:\\\/\\\/www.moroccodesertsky.com\\\/tours\\\/quad-adventure-in-sahara-dunes\\\/#breadcrumb\"},\"inLanguage\":\"es\",\"potentialAction\":[{\"@type\":\"ReadAction\",\"target\":[\"https:\\\/\\\/www.moroccodesertsky.com\\\/tours\\\/quad-adventure-in-sahara-dunes\\\/\"]}]},{\"@type\":\"ImageObject\",\"inLanguage\":\"es\",\"@id\":\"https:\\\/\\\/www.moroccodesertsky.com\\\/tours\\\/quad-adventure-in-sahara-dunes\\\/#primaryimage\",\"url\":\"https:\\\/\\\/www.moroccodesertsky.com\\\/wp-content\\\/uploads\\\/2025\\\/02\\\/6-2.webp\",\"contentUrl\":\"https:\\\/\\\/www.moroccodesertsky.com\\\/wp-content\\\/uploads\\\/2025\\\/02\\\/6-2.webp\",\"width\":2500,\"height\":1406},{\"@type\":\"BreadcrumbList\",\"@id\":\"https:\\\/\\\/www.moroccodesertsky.com\\\/tours\\\/quad-adventure-in-sahara-dunes\\\/#breadcrumb\",\"itemListElement\":[{\"@type\":\"ListItem\",\"position\":1,\"name\":\"Home\",\"item\":\"https:\\\/\\\/www.moroccodesertsky.com\\\/es\\\/\"},{\"@type\":\"ListItem\",\"position\":2,\"name\":\"Tienda\",\"item\":\"https:\\\/\\\/www.moroccodesertsky.com\\\/shop\\\/\"},{\"@type\":\"ListItem\",\"position\":3,\"name\":\"Aventura en quad por las dunas del Sahara\"}]},{\"@type\":\"WebSite\",\"@id\":\"https:\\\/\\\/www.moroccodesertsky.com\\\/#website\",\"url\":\"https:\\\/\\\/www.moroccodesertsky.com\\\/\",\"name\":\"Morocco Desert Sky\",\"description\":\"\",\"potentialAction\":[{\"@type\":\"SearchAction\",\"target\":{\"@type\":\"EntryPoint\",\"urlTemplate\":\"https:\\\/\\\/www.moroccodesertsky.com\\\/?s={search_term_string}\"},\"query-input\":{\"@type\":\"PropertyValueSpecification\",\"valueRequired\":true,\"valueName\":\"search_term_string\"}}],\"inLanguage\":\"es\"}]}<\/script>\n<!-- \/ Yoast SEO Premium plugin. -->","yoast_head_json":{"title":"Aventura en quad por las dunas del Sahara - Morocco Desert Sky","robots":{"index":"index","follow":"follow","max-snippet":"max-snippet:-1","max-image-preview":"max-image-preview:large","max-video-preview":"max-video-preview:-1"},"canonical":"https:\/\/www.moroccodesertsky.com\/tours\/quad-adventure-in-sahara-dunes\/","og_locale":"es_ES","og_type":"article","og_title":"Aventura en quad por las dunas del Sahara","og_description":"Reflejos: Recorre en quad las doradas dunas del desierto de Merzouga. Descubre paisajes impresionantes y la magia del S\u00e1hara. Haz una pausa para tomar un t\u00e9 marroqu\u00ed con una familia bereber local. Descripci\u00f3n: Esta excursi\u00f3n ofrece una emocionante aventura en quad por las vastas dunas de Merzouga, donde podr\u00e1 sumergirse en la tranquilidad del Sahara. [&hellip;]","og_url":"https:\/\/www.moroccodesertsky.com\/tours\/quad-adventure-in-sahara-dunes\/","og_site_name":"Morocco Desert Sky","article_modified_time":"2025-03-16T21:23:36+00:00","og_image":[{"width":2500,"height":1406,"url":"https:\/\/www.moroccodesertsky.com\/wp-content\/uploads\/2025\/02\/6-2.webp","type":"image\/webp"}],"twitter_card":"summary_large_image","twitter_misc":{"Tiempo de lectura":"1 minuto"},"schema":{"@context":"https:\/\/schema.org","@graph":[{"@type":"WebPage","@id":"https:\/\/www.moroccodesertsky.com\/tours\/quad-adventure-in-sahara-dunes\/","url":"https:\/\/www.moroccodesertsky.com\/tours\/quad-adventure-in-sahara-dunes\/","name":"Aventura en quad por las dunas del Sahara - Morocco Desert Sky","isPartOf":{"@id":"https:\/\/www.moroccodesertsky.com\/#website"},"primaryImageOfPage":{"@id":"https:\/\/www.moroccodesertsky.com\/tours\/quad-adventure-in-sahara-dunes\/#primaryimage"},"image":{"@id":"https:\/\/www.moroccodesertsky.com\/tours\/quad-adventure-in-sahara-dunes\/#primaryimage"},"thumbnailUrl":"https:\/\/www.moroccodesertsky.com\/wp-content\/uploads\/2025\/02\/6-2.webp","datePublished":"2025-02-25T13:20:35+00:00","dateModified":"2025-03-16T21:23:36+00:00","breadcrumb":{"@id":"https:\/\/www.moroccodesertsky.com\/tours\/quad-adventure-in-sahara-dunes\/#breadcrumb"},"inLanguage":"es","potentialAction":[{"@type":"ReadAction","target":["https:\/\/www.moroccodesertsky.com\/tours\/quad-adventure-in-sahara-dunes\/"]}]},{"@type":"ImageObject","inLanguage":"es","@id":"https:\/\/www.moroccodesertsky.com\/tours\/quad-adventure-in-sahara-dunes\/#primaryimage","url":"https:\/\/www.moroccodesertsky.com\/wp-content\/uploads\/2025\/02\/6-2.webp","contentUrl":"https:\/\/www.moroccodesertsky.com\/wp-content\/uploads\/2025\/02\/6-2.webp","width":2500,"height":1406},{"@type":"BreadcrumbList","@id":"https:\/\/www.moroccodesertsky.com\/tours\/quad-adventure-in-sahara-dunes\/#breadcrumb","itemListElement":[{"@type":"ListItem","position":1,"name":"Home","item":"https:\/\/www.moroccodesertsky.com\/es\/"},{"@type":"ListItem","position":2,"name":"Tienda","item":"https:\/\/www.moroccodesertsky.com\/shop\/"},{"@type":"ListItem","position":3,"name":"Aventura en quad por las dunas del Sahara"}]},{"@type":"WebSite","@id":"https:\/\/www.moroccodesertsky.com\/#website","url":"https:\/\/www.moroccodesertsky.com\/","name":"Morocco Desert Sky","description":"","potentialAction":[{"@type":"SearchAction","target":{"@type":"EntryPoint","urlTemplate":"https:\/\/www.moroccodesertsky.com\/?s={search_term_string}"},"query-input":{"@type":"PropertyValueSpecification","valueRequired":true,"valueName":"search_term_string"}}],"inLanguage":"es"}]}},"_links":{"self":[{"href":"https:\/\/www.moroccodesertsky.com\/es\/wp-json\/wp\/v2\/product\/13084","targetHints":{"allow":["GET"]}}],"collection":[{"href":"https:\/\/www.moroccodesertsky.com\/es\/wp-json\/wp\/v2\/product"}],"about":[{"href":"https:\/\/www.moroccodesertsky.com\/es\/wp-json\/wp\/v2\/types\/product"}],"wp:featuredmedia":[{"embeddable":true,"href":"https:\/\/www.moroccodesertsky.com\/es\/wp-json\/wp\/v2\/media\/11840"}],"wp:attachment":[{"href":"https:\/\/www.moroccodesertsky.com\/es\/wp-json\/wp\/v2\/media?parent=13084"}],"wp:term":[{"taxonomy":"product_brand","embeddable":true,"href":"https:\/\/www.moroccodesertsky.com\/es\/wp-json\/wp\/v2\/product_brand?post=13084"},{"taxonomy":"product_cat","embeddable":true,"href":"https:\/\/www.moroccodesertsky.com\/es\/wp-json\/wp\/v2\/product_cat?post=13084"},{"taxonomy":"product_tag","embeddable":true,"href":"https:\/\/www.moroccodesertsky.com\/es\/wp-json\/wp\/v2\/product_tag?post=13084"}],"curies":[{"name":"wp","href":"https:\/\/api.w.org\/{rel}","templated":true}]}}