{"id":13082,"date":"2025-02-25T14:56:43","date_gmt":"2025-02-25T14:56:43","guid":{"rendered":"https:\/\/moroccodesertsky.com\/product\/merzouga-camel-ride-experience\/"},"modified":"2025-03-16T21:15:54","modified_gmt":"2025-03-16T21:15:54","slug":"experiencia-de-paseo-en-camello-en-merzouga","status":"publish","type":"product","link":"https:\/\/www.moroccodesertsky.com\/es\/tours\/experiencia-de-paseo-en-camello-en-merzouga\/","title":{"rendered":"Experiencia de paseo en camello en Merzouga"},"content":{"rendered":"<h3 style=\"font-size: 35px;\">Reflejos:<\/h3>\n<ul>\n<li>Contemple impresionantes atardeceres o amaneceres en el desierto desde las dunas.<\/li>\n<li>Pasee en camello por las doradas arenas de Erg Chebbi.<\/li>\n<li>Sum\u00e9rjase en la paz y el silencio del Sahara.<\/li>\n<li>Saboree un t\u00e9 tradicional marroqu\u00ed en un entorno des\u00e9rtico.<\/li>\n<\/ul>\n<h3 style=\"font-size: 35px;\">Descripci\u00f3n:<\/h3>\n<p>Emb\u00e1rcate en un m\u00e1gico paseo en camello por las fascinantes dunas de Merzouga. Acompa\u00f1ado por un gu\u00eda experimentado, recorrer\u00e1s el vasto desierto, sintiendo el suave balanceo de tu camello mientras te adentras en el Sahara.<\/p>\n<p>Detente a admirar los espectaculares colores del cielo del desierto al atardecer o al amanecer, capturando fotos inolvidables. Despu\u00e9s del paseo, rel\u00e1jate en un campamento en el desierto con una taza de t\u00e9 marroqu\u00ed caliente, disfrutando de la belleza y la tranquilidad del entorno.<\/p>\n<p>Esta aut\u00e9ntica experiencia te ofrece una mirada al estilo de vida n\u00f3mada atemporal, permiti\u00e9ndote desconectar y disfrutar de la sencillez del desierto.<\/p>\n<h3 style=\"font-size: 35px;\">Qu\u00e9 traer:<\/h3>\n<ul>\n<li>Ropa c\u00f3moda y calzado cerrado<\/li>\n<li>Gafas de sol y sombrero<\/li>\n<li>Protector solar y botella de agua<\/li>\n<li>C\u00e1mara para capturar momentos en el desierto<\/li>\n<\/ul>\n<h3 style=\"font-size: 35px;\">Restricciones:<\/h3>\n<ul>\n<li>No recomendado para personas con problemas de espalda.<\/li>\n<li>No accesible para sillas de ruedas.<\/li>\n<li>Los ni\u00f1os deben estar acompa\u00f1ados por un adulto.<\/li>\n<li>No apto para embarazadas.<\/li>\n<\/ul>\n<h3 style=\"font-size: 35px;\">Lo que debes saber antes de ir:<\/h3>\n<ul>\n<li>Los paseos en camello duran aproximadamente 1-2 horas.<\/li>\n<li>Hay paseos disponibles al amanecer y al atardecer; elige tu preferencia.<\/li>\n<li>Un gu\u00eda local te acompa\u00f1ar\u00e1 durante toda la experiencia.<\/li>\n<li>Se puede organizar el traslado de ida y vuelta al hotel previa solicitud.<\/li>\n<\/ul>\n","protected":false},"excerpt":{"rendered":"<p>Reflejos: Contemple impresionantes atardeceres o amaneceres en el desierto desde las dunas. Pasee en camello por las doradas arenas de Erg Chebbi. Sum\u00e9rjase en la paz y el silencio del Sahara. Saboree un t\u00e9 tradicional marroqu\u00ed en un entorno des\u00e9rtico. Descripci\u00f3n: Emb\u00e1rcate en un m\u00e1gico paseo en camello por las fascinantes dunas de Merzouga. Acompa\u00f1ado [&hellip;]<\/p>\n","protected":false},"featured_media":11860,"template":"","meta":[],"product_brand":[],"product_cat":[119],"product_tag":[],"class_list":{"0":"post-13082","1":"product","2":"type-product","3":"status-publish","4":"has-post-thumbnail","6":"product_cat-activities-es","8":"first","9":"instock","10":"shipping-taxable","11":"product-type-ovabrw_car_rental"},"yoast_head":"<!-- This site is optimized with the Yoast SEO Premium plugin v24.6 (Yoast SEO v27.4) - https:\/\/yoast.com\/product\/yoast-seo-premium-wordpress\/ -->\n<title>Experiencia de paseo en camello en Merzouga - Morocco Desert Sky<\/title>\n<meta name=\"robots\" content=\"index, follow, max-snippet:-1, max-image-preview:large, max-video-preview:-1\" \/>\n<link rel=\"canonical\" href=\"https:\/\/www.moroccodesertsky.com\/tours\/merzouga-camel-ride-experience\/\" \/>\n<meta property=\"og:locale\" content=\"es_ES\" \/>\n<meta property=\"og:type\" content=\"article\" \/>\n<meta property=\"og:title\" content=\"Experiencia de paseo en camello en Merzouga\" \/>\n<meta property=\"og:description\" content=\"Reflejos: Contemple impresionantes atardeceres o amaneceres en el desierto desde las dunas. Pasee en camello por las doradas arenas de Erg Chebbi. Sum\u00e9rjase en la paz y el silencio del Sahara. Saboree un t\u00e9 tradicional marroqu\u00ed en un entorno des\u00e9rtico. Descripci\u00f3n: Emb\u00e1rcate en un m\u00e1gico paseo en camello por las fascinantes dunas de Merzouga. Acompa\u00f1ado [&hellip;]\" \/>\n<meta property=\"og:url\" content=\"https:\/\/www.moroccodesertsky.com\/tours\/merzouga-camel-ride-experience\/\" \/>\n<meta property=\"og:site_name\" content=\"Morocco Desert Sky\" \/>\n<meta property=\"article:modified_time\" content=\"2025-03-16T21:15:54+00:00\" \/>\n<meta property=\"og:image\" content=\"https:\/\/www.moroccodesertsky.com\/wp-content\/uploads\/2025\/02\/6-3.webp\" \/>\n\t<meta property=\"og:image:width\" content=\"2500\" \/>\n\t<meta property=\"og:image:height\" content=\"1406\" \/>\n\t<meta property=\"og:image:type\" content=\"image\/webp\" \/>\n<meta name=\"twitter:card\" content=\"summary_large_image\" \/>\n<meta name=\"twitter:label1\" content=\"Tiempo de lectura\" \/>\n\t<meta name=\"twitter:data1\" content=\"1 minuto\" \/>\n<script type=\"application\/ld+json\" class=\"yoast-schema-graph\">{\"@context\":\"https:\\\/\\\/schema.org\",\"@graph\":[{\"@type\":\"WebPage\",\"@id\":\"https:\\\/\\\/www.moroccodesertsky.com\\\/tours\\\/merzouga-camel-ride-experience\\\/\",\"url\":\"https:\\\/\\\/www.moroccodesertsky.com\\\/tours\\\/merzouga-camel-ride-experience\\\/\",\"name\":\"Experiencia de paseo en camello en Merzouga - Morocco Desert Sky\",\"isPartOf\":{\"@id\":\"https:\\\/\\\/www.moroccodesertsky.com\\\/#website\"},\"primaryImageOfPage\":{\"@id\":\"https:\\\/\\\/www.moroccodesertsky.com\\\/tours\\\/merzouga-camel-ride-experience\\\/#primaryimage\"},\"image\":{\"@id\":\"https:\\\/\\\/www.moroccodesertsky.com\\\/tours\\\/merzouga-camel-ride-experience\\\/#primaryimage\"},\"thumbnailUrl\":\"https:\\\/\\\/www.moroccodesertsky.com\\\/wp-content\\\/uploads\\\/2025\\\/02\\\/6-3.webp\",\"datePublished\":\"2025-02-25T14:56:43+00:00\",\"dateModified\":\"2025-03-16T21:15:54+00:00\",\"breadcrumb\":{\"@id\":\"https:\\\/\\\/www.moroccodesertsky.com\\\/tours\\\/merzouga-camel-ride-experience\\\/#breadcrumb\"},\"inLanguage\":\"es\",\"potentialAction\":[{\"@type\":\"ReadAction\",\"target\":[\"https:\\\/\\\/www.moroccodesertsky.com\\\/tours\\\/merzouga-camel-ride-experience\\\/\"]}]},{\"@type\":\"ImageObject\",\"inLanguage\":\"es\",\"@id\":\"https:\\\/\\\/www.moroccodesertsky.com\\\/tours\\\/merzouga-camel-ride-experience\\\/#primaryimage\",\"url\":\"https:\\\/\\\/www.moroccodesertsky.com\\\/wp-content\\\/uploads\\\/2025\\\/02\\\/6-3.webp\",\"contentUrl\":\"https:\\\/\\\/www.moroccodesertsky.com\\\/wp-content\\\/uploads\\\/2025\\\/02\\\/6-3.webp\",\"width\":2500,\"height\":1406},{\"@type\":\"BreadcrumbList\",\"@id\":\"https:\\\/\\\/www.moroccodesertsky.com\\\/tours\\\/merzouga-camel-ride-experience\\\/#breadcrumb\",\"itemListElement\":[{\"@type\":\"ListItem\",\"position\":1,\"name\":\"Home\",\"item\":\"https:\\\/\\\/www.moroccodesertsky.com\\\/es\\\/\"},{\"@type\":\"ListItem\",\"position\":2,\"name\":\"Tienda\",\"item\":\"https:\\\/\\\/www.moroccodesertsky.com\\\/shop\\\/\"},{\"@type\":\"ListItem\",\"position\":3,\"name\":\"Experiencia de paseo en camello en Merzouga\"}]},{\"@type\":\"WebSite\",\"@id\":\"https:\\\/\\\/www.moroccodesertsky.com\\\/#website\",\"url\":\"https:\\\/\\\/www.moroccodesertsky.com\\\/\",\"name\":\"Morocco Desert Sky\",\"description\":\"\",\"potentialAction\":[{\"@type\":\"SearchAction\",\"target\":{\"@type\":\"EntryPoint\",\"urlTemplate\":\"https:\\\/\\\/www.moroccodesertsky.com\\\/?s={search_term_string}\"},\"query-input\":{\"@type\":\"PropertyValueSpecification\",\"valueRequired\":true,\"valueName\":\"search_term_string\"}}],\"inLanguage\":\"es\"}]}<\/script>\n<!-- \/ Yoast SEO Premium plugin. -->","yoast_head_json":{"title":"Experiencia de paseo en camello en Merzouga - Morocco Desert Sky","robots":{"index":"index","follow":"follow","max-snippet":"max-snippet:-1","max-image-preview":"max-image-preview:large","max-video-preview":"max-video-preview:-1"},"canonical":"https:\/\/www.moroccodesertsky.com\/tours\/merzouga-camel-ride-experience\/","og_locale":"es_ES","og_type":"article","og_title":"Experiencia de paseo en camello en Merzouga","og_description":"Reflejos: Contemple impresionantes atardeceres o amaneceres en el desierto desde las dunas. Pasee en camello por las doradas arenas de Erg Chebbi. Sum\u00e9rjase en la paz y el silencio del Sahara. Saboree un t\u00e9 tradicional marroqu\u00ed en un entorno des\u00e9rtico. Descripci\u00f3n: Emb\u00e1rcate en un m\u00e1gico paseo en camello por las fascinantes dunas de Merzouga. Acompa\u00f1ado [&hellip;]","og_url":"https:\/\/www.moroccodesertsky.com\/tours\/merzouga-camel-ride-experience\/","og_site_name":"Morocco Desert Sky","article_modified_time":"2025-03-16T21:15:54+00:00","og_image":[{"width":2500,"height":1406,"url":"https:\/\/www.moroccodesertsky.com\/wp-content\/uploads\/2025\/02\/6-3.webp","type":"image\/webp"}],"twitter_card":"summary_large_image","twitter_misc":{"Tiempo de lectura":"1 minuto"},"schema":{"@context":"https:\/\/schema.org","@graph":[{"@type":"WebPage","@id":"https:\/\/www.moroccodesertsky.com\/tours\/merzouga-camel-ride-experience\/","url":"https:\/\/www.moroccodesertsky.com\/tours\/merzouga-camel-ride-experience\/","name":"Experiencia de paseo en camello en Merzouga - Morocco Desert Sky","isPartOf":{"@id":"https:\/\/www.moroccodesertsky.com\/#website"},"primaryImageOfPage":{"@id":"https:\/\/www.moroccodesertsky.com\/tours\/merzouga-camel-ride-experience\/#primaryimage"},"image":{"@id":"https:\/\/www.moroccodesertsky.com\/tours\/merzouga-camel-ride-experience\/#primaryimage"},"thumbnailUrl":"https:\/\/www.moroccodesertsky.com\/wp-content\/uploads\/2025\/02\/6-3.webp","datePublished":"2025-02-25T14:56:43+00:00","dateModified":"2025-03-16T21:15:54+00:00","breadcrumb":{"@id":"https:\/\/www.moroccodesertsky.com\/tours\/merzouga-camel-ride-experience\/#breadcrumb"},"inLanguage":"es","potentialAction":[{"@type":"ReadAction","target":["https:\/\/www.moroccodesertsky.com\/tours\/merzouga-camel-ride-experience\/"]}]},{"@type":"ImageObject","inLanguage":"es","@id":"https:\/\/www.moroccodesertsky.com\/tours\/merzouga-camel-ride-experience\/#primaryimage","url":"https:\/\/www.moroccodesertsky.com\/wp-content\/uploads\/2025\/02\/6-3.webp","contentUrl":"https:\/\/www.moroccodesertsky.com\/wp-content\/uploads\/2025\/02\/6-3.webp","width":2500,"height":1406},{"@type":"BreadcrumbList","@id":"https:\/\/www.moroccodesertsky.com\/tours\/merzouga-camel-ride-experience\/#breadcrumb","itemListElement":[{"@type":"ListItem","position":1,"name":"Home","item":"https:\/\/www.moroccodesertsky.com\/es\/"},{"@type":"ListItem","position":2,"name":"Tienda","item":"https:\/\/www.moroccodesertsky.com\/shop\/"},{"@type":"ListItem","position":3,"name":"Experiencia de paseo en camello en Merzouga"}]},{"@type":"WebSite","@id":"https:\/\/www.moroccodesertsky.com\/#website","url":"https:\/\/www.moroccodesertsky.com\/","name":"Morocco Desert Sky","description":"","potentialAction":[{"@type":"SearchAction","target":{"@type":"EntryPoint","urlTemplate":"https:\/\/www.moroccodesertsky.com\/?s={search_term_string}"},"query-input":{"@type":"PropertyValueSpecification","valueRequired":true,"valueName":"search_term_string"}}],"inLanguage":"es"}]}},"_links":{"self":[{"href":"https:\/\/www.moroccodesertsky.com\/es\/wp-json\/wp\/v2\/product\/13082","targetHints":{"allow":["GET"]}}],"collection":[{"href":"https:\/\/www.moroccodesertsky.com\/es\/wp-json\/wp\/v2\/product"}],"about":[{"href":"https:\/\/www.moroccodesertsky.com\/es\/wp-json\/wp\/v2\/types\/product"}],"wp:featuredmedia":[{"embeddable":true,"href":"https:\/\/www.moroccodesertsky.com\/es\/wp-json\/wp\/v2\/media\/11860"}],"wp:attachment":[{"href":"https:\/\/www.moroccodesertsky.com\/es\/wp-json\/wp\/v2\/media?parent=13082"}],"wp:term":[{"taxonomy":"product_brand","embeddable":true,"href":"https:\/\/www.moroccodesertsky.com\/es\/wp-json\/wp\/v2\/product_brand?post=13082"},{"taxonomy":"product_cat","embeddable":true,"href":"https:\/\/www.moroccodesertsky.com\/es\/wp-json\/wp\/v2\/product_cat?post=13082"},{"taxonomy":"product_tag","embeddable":true,"href":"https:\/\/www.moroccodesertsky.com\/es\/wp-json\/wp\/v2\/product_tag?post=13082"}],"curies":[{"name":"wp","href":"https:\/\/api.w.org\/{rel}","templated":true}]}}