{"id":13070,"date":"2025-02-26T15:13:27","date_gmt":"2025-02-26T15:13:27","guid":{"rendered":"https:\/\/moroccodesertsky.com\/product\/7-day-moroccan-desert-trip-from-marrakech\/"},"modified":"2025-03-16T18:25:14","modified_gmt":"2025-03-16T18:25:14","slug":"viaje-de-7-dias-al-desierto-marroqui-desde-marrakech","status":"publish","type":"product","link":"https:\/\/www.moroccodesertsky.com\/es\/tours\/viaje-de-7-dias-al-desierto-marroqui-desde-marrakech\/","title":{"rendered":"Viaje de 7 d\u00edas al desierto marroqu\u00ed desde Marrakech"},"content":{"rendered":"<h3 style=\"font-size: 35px;\">Descripci\u00f3n general:<\/h3>\n<p>Nuestro tour de 7 d\u00edas desde Marrakech te permite disfrutar de la zona m\u00e1s magn\u00edfica del desierto del Sahara marroqu\u00ed, recorriendo ciudades antiguas, gargantas monta\u00f1osas y valles, contemplando los contrastes y la diversidad cultural que ofrecen sus numerosos paisajes.<\/p>\n<p>El paquete vacacional de 7 d\u00edas desde Marrakech hasta el desierto de Merzouga es una fant\u00e1stica manera de viajar en el tiempo y descubrir la fascinante historia del pa\u00eds. Los participantes visitar\u00e1n ciudades imperiales con medinas medievales, murallas y callejones serpenteantes y laber\u00ednticos.<\/p>\n<h3 style=\"font-size: 35px;\">Reflejos:<\/h3>\n<ul>\n<li>Magn\u00edficas vistas de los paisajes de la cordillera del Atlas.<\/li>\n<li>Visita el estudio de cine de Ouarzazate y la kasbah de Ait Ben Haddou.<\/li>\n<li>Visita el Valle de las Rosas y el Valle del Dades.<\/li>\n<li>Pasa la noche en el coraz\u00f3n de las impresionantes gargantas del Dades.<\/li>\n<li>Disfruta de un paseo en camello por el desierto de Merzouga.<\/li>\n<li>Vistas panor\u00e1micas de las dunas de Erg Chebbi.<\/li>\n<li>Disfruta del atardecer sobre las dunas.<\/li>\n<li>Acampa en el campamento del desierto de Merzouga.<\/li>\n<li>Una cena abundante y una fogata (tambores bereberes).<\/li>\n<\/ul>\n<h3 style=\"font-size: 35px;\">Informaci\u00f3n:<\/h3>\n<ul>\n<li><strong data-start=\"70\" data-end=\"83\">Duraci\u00f3n:<\/strong> 7 d\u00edas \/ 6 noches<\/li>\n<li><strong data-start=\"108\" data-end=\"127\">Punto de partida:<\/strong> Marrakech (Hotel, Riad o Aeropuerto)<\/li>\n<li><strong data-start=\"162\" data-end=\"179\">Punto de llegada:<\/strong> Marrakech (Hotel, Riad o Aeropuerto)<\/li>\n<li><strong data-start=\"214\" data-end=\"233\">Transporte:<\/strong> 4&#215;4 privado con conductor<\/li>\n<li><strong data-start=\"273\" data-end=\"291\">Alojamiento:<\/strong> Riads, campamentos en el desierto y hoteles boutique<\/li>\n<li><strong data-start=\"328\" data-end=\"338\">Comidas:<\/strong> Desayuno y cena incluidos (almuerzo opcional)<\/li>\n<li><strong data-start=\"391\" data-end=\"405\">Idiomas:<\/strong> Ingl\u00e9s, franc\u00e9s, gu\u00edas disponibles<\/li>\n<li><strong data-start=\"461\" data-end=\"476\">Tama\u00f1o del grupo:<\/strong> Tours privados o en grupos peque\u00f1os<\/li>\n<li><strong data-start=\"510\" data-end=\"529\">Nivel de actividad:<\/strong> Moderado: senderismo, paseos en camello, excursiones por el desierto<\/li>\n<li><strong data-start=\"585\" data-end=\"602\">Disponibilidad:<\/strong> Todo el a\u00f1o, fechas de salida flexibles<\/li>\n<\/ul>\n<h3 style=\"font-size: 35px;\">Nota:<\/h3>\n<p>Si desea cambiar algo de este viaje, simplemente inf\u00f3rmenos sus ideas y planes de viaje y elaboraremos un programa comparable o alternativo que se ajuste a sus necesidades. Para m\u00e1s informaci\u00f3n, cont\u00e1ctenos.<\/p>\n<h3 style=\"font-size: 35px;\">Precios:<\/h3>\n<p>310\u20ac por persona (media pensi\u00f3n)<\/p>\n<h3 style=\"font-size: 35px;\">Pago:<\/h3>\n<ul>\n<li><strong data-start=\"1880\" data-end=\"1892\">Dep\u00f3sito:<\/strong> 20 \u20ac (confirmaci\u00f3n) + 10 \u20ac (cheque retenido)<\/li>\n<li><strong data-start=\"1935\" data-end=\"1947\">Saldo:<\/strong> 310 \u20ac en efectivo a su llegada a Ouarzazate (se entregar\u00e1 un recibo)<\/li>\n<\/ul>\n","protected":false},"excerpt":{"rendered":"<p>Descripci\u00f3n general: Nuestro tour de 7 d\u00edas desde Marrakech te permite disfrutar de la zona m\u00e1s magn\u00edfica del desierto del Sahara marroqu\u00ed, recorriendo ciudades antiguas, gargantas monta\u00f1osas y valles, contemplando los contrastes y la diversidad cultural que ofrecen sus numerosos paisajes. El paquete vacacional de 7 d\u00edas desde Marrakech hasta el desierto de Merzouga es [&hellip;]<\/p>\n","protected":false},"featured_media":11994,"template":"","meta":[],"product_brand":[],"product_cat":[113,117],"product_tag":[],"class_list":{"0":"post-13070","1":"product","2":"type-product","3":"status-publish","4":"has-post-thumbnail","6":"product_cat-all-tours-es","7":"product_cat-marrakech-es","9":"first","10":"instock","11":"shipping-taxable","12":"product-type-ovabrw_car_rental"},"yoast_head":"<!-- This site is optimized with the Yoast SEO Premium plugin v24.6 (Yoast SEO v27.4) - https:\/\/yoast.com\/product\/yoast-seo-premium-wordpress\/ -->\n<title>Viaje de 7 d\u00edas al desierto marroqu\u00ed desde Marrakech - Morocco Desert Sky<\/title>\n<meta name=\"robots\" content=\"index, follow, max-snippet:-1, max-image-preview:large, max-video-preview:-1\" \/>\n<link rel=\"canonical\" href=\"https:\/\/www.moroccodesertsky.com\/tours\/7-day-moroccan-desert-trip-from-marrakech\/\" \/>\n<meta property=\"og:locale\" content=\"es_ES\" \/>\n<meta property=\"og:type\" content=\"article\" \/>\n<meta property=\"og:title\" content=\"Viaje de 7 d\u00edas al desierto marroqu\u00ed desde Marrakech\" \/>\n<meta property=\"og:description\" content=\"Descripci\u00f3n general: Nuestro tour de 7 d\u00edas desde Marrakech te permite disfrutar de la zona m\u00e1s magn\u00edfica del desierto del Sahara marroqu\u00ed, recorriendo ciudades antiguas, gargantas monta\u00f1osas y valles, contemplando los contrastes y la diversidad cultural que ofrecen sus numerosos paisajes. El paquete vacacional de 7 d\u00edas desde Marrakech hasta el desierto de Merzouga es [&hellip;]\" \/>\n<meta property=\"og:url\" content=\"https:\/\/www.moroccodesertsky.com\/tours\/7-day-moroccan-desert-trip-from-marrakech\/\" \/>\n<meta property=\"og:site_name\" content=\"Morocco Desert Sky\" \/>\n<meta property=\"article:modified_time\" content=\"2025-03-16T18:25:14+00:00\" \/>\n<meta property=\"og:image\" content=\"https:\/\/www.moroccodesertsky.com\/wp-content\/uploads\/2025\/02\/8-9.webp\" \/>\n\t<meta property=\"og:image:width\" content=\"2500\" \/>\n\t<meta property=\"og:image:height\" content=\"1406\" \/>\n\t<meta property=\"og:image:type\" content=\"image\/webp\" \/>\n<meta name=\"twitter:card\" content=\"summary_large_image\" \/>\n<meta name=\"twitter:label1\" content=\"Tiempo de lectura\" \/>\n\t<meta name=\"twitter:data1\" content=\"2 minutos\" \/>\n<script type=\"application\/ld+json\" class=\"yoast-schema-graph\">{\"@context\":\"https:\\\/\\\/schema.org\",\"@graph\":[{\"@type\":\"WebPage\",\"@id\":\"https:\\\/\\\/www.moroccodesertsky.com\\\/tours\\\/7-day-moroccan-desert-trip-from-marrakech\\\/\",\"url\":\"https:\\\/\\\/www.moroccodesertsky.com\\\/tours\\\/7-day-moroccan-desert-trip-from-marrakech\\\/\",\"name\":\"Viaje de 7 d\u00edas al desierto marroqu\u00ed desde Marrakech - Morocco Desert Sky\",\"isPartOf\":{\"@id\":\"https:\\\/\\\/www.moroccodesertsky.com\\\/#website\"},\"primaryImageOfPage\":{\"@id\":\"https:\\\/\\\/www.moroccodesertsky.com\\\/tours\\\/7-day-moroccan-desert-trip-from-marrakech\\\/#primaryimage\"},\"image\":{\"@id\":\"https:\\\/\\\/www.moroccodesertsky.com\\\/tours\\\/7-day-moroccan-desert-trip-from-marrakech\\\/#primaryimage\"},\"thumbnailUrl\":\"https:\\\/\\\/www.moroccodesertsky.com\\\/wp-content\\\/uploads\\\/2025\\\/02\\\/8-9.webp\",\"datePublished\":\"2025-02-26T15:13:27+00:00\",\"dateModified\":\"2025-03-16T18:25:14+00:00\",\"breadcrumb\":{\"@id\":\"https:\\\/\\\/www.moroccodesertsky.com\\\/tours\\\/7-day-moroccan-desert-trip-from-marrakech\\\/#breadcrumb\"},\"inLanguage\":\"es\",\"potentialAction\":[{\"@type\":\"ReadAction\",\"target\":[\"https:\\\/\\\/www.moroccodesertsky.com\\\/tours\\\/7-day-moroccan-desert-trip-from-marrakech\\\/\"]}]},{\"@type\":\"ImageObject\",\"inLanguage\":\"es\",\"@id\":\"https:\\\/\\\/www.moroccodesertsky.com\\\/tours\\\/7-day-moroccan-desert-trip-from-marrakech\\\/#primaryimage\",\"url\":\"https:\\\/\\\/www.moroccodesertsky.com\\\/wp-content\\\/uploads\\\/2025\\\/02\\\/8-9.webp\",\"contentUrl\":\"https:\\\/\\\/www.moroccodesertsky.com\\\/wp-content\\\/uploads\\\/2025\\\/02\\\/8-9.webp\",\"width\":2500,\"height\":1406},{\"@type\":\"BreadcrumbList\",\"@id\":\"https:\\\/\\\/www.moroccodesertsky.com\\\/tours\\\/7-day-moroccan-desert-trip-from-marrakech\\\/#breadcrumb\",\"itemListElement\":[{\"@type\":\"ListItem\",\"position\":1,\"name\":\"Home\",\"item\":\"https:\\\/\\\/www.moroccodesertsky.com\\\/es\\\/\"},{\"@type\":\"ListItem\",\"position\":2,\"name\":\"Tienda\",\"item\":\"https:\\\/\\\/www.moroccodesertsky.com\\\/shop\\\/\"},{\"@type\":\"ListItem\",\"position\":3,\"name\":\"Viaje de 7 d\u00edas al desierto marroqu\u00ed desde Marrakech\"}]},{\"@type\":\"WebSite\",\"@id\":\"https:\\\/\\\/www.moroccodesertsky.com\\\/#website\",\"url\":\"https:\\\/\\\/www.moroccodesertsky.com\\\/\",\"name\":\"Morocco Desert Sky\",\"description\":\"\",\"potentialAction\":[{\"@type\":\"SearchAction\",\"target\":{\"@type\":\"EntryPoint\",\"urlTemplate\":\"https:\\\/\\\/www.moroccodesertsky.com\\\/?s={search_term_string}\"},\"query-input\":{\"@type\":\"PropertyValueSpecification\",\"valueRequired\":true,\"valueName\":\"search_term_string\"}}],\"inLanguage\":\"es\"}]}<\/script>\n<!-- \/ Yoast SEO Premium plugin. -->","yoast_head_json":{"title":"Viaje de 7 d\u00edas al desierto marroqu\u00ed desde Marrakech - Morocco Desert Sky","robots":{"index":"index","follow":"follow","max-snippet":"max-snippet:-1","max-image-preview":"max-image-preview:large","max-video-preview":"max-video-preview:-1"},"canonical":"https:\/\/www.moroccodesertsky.com\/tours\/7-day-moroccan-desert-trip-from-marrakech\/","og_locale":"es_ES","og_type":"article","og_title":"Viaje de 7 d\u00edas al desierto marroqu\u00ed desde Marrakech","og_description":"Descripci\u00f3n general: Nuestro tour de 7 d\u00edas desde Marrakech te permite disfrutar de la zona m\u00e1s magn\u00edfica del desierto del Sahara marroqu\u00ed, recorriendo ciudades antiguas, gargantas monta\u00f1osas y valles, contemplando los contrastes y la diversidad cultural que ofrecen sus numerosos paisajes. El paquete vacacional de 7 d\u00edas desde Marrakech hasta el desierto de Merzouga es [&hellip;]","og_url":"https:\/\/www.moroccodesertsky.com\/tours\/7-day-moroccan-desert-trip-from-marrakech\/","og_site_name":"Morocco Desert Sky","article_modified_time":"2025-03-16T18:25:14+00:00","og_image":[{"width":2500,"height":1406,"url":"https:\/\/www.moroccodesertsky.com\/wp-content\/uploads\/2025\/02\/8-9.webp","type":"image\/webp"}],"twitter_card":"summary_large_image","twitter_misc":{"Tiempo de lectura":"2 minutos"},"schema":{"@context":"https:\/\/schema.org","@graph":[{"@type":"WebPage","@id":"https:\/\/www.moroccodesertsky.com\/tours\/7-day-moroccan-desert-trip-from-marrakech\/","url":"https:\/\/www.moroccodesertsky.com\/tours\/7-day-moroccan-desert-trip-from-marrakech\/","name":"Viaje de 7 d\u00edas al desierto marroqu\u00ed desde Marrakech - Morocco Desert Sky","isPartOf":{"@id":"https:\/\/www.moroccodesertsky.com\/#website"},"primaryImageOfPage":{"@id":"https:\/\/www.moroccodesertsky.com\/tours\/7-day-moroccan-desert-trip-from-marrakech\/#primaryimage"},"image":{"@id":"https:\/\/www.moroccodesertsky.com\/tours\/7-day-moroccan-desert-trip-from-marrakech\/#primaryimage"},"thumbnailUrl":"https:\/\/www.moroccodesertsky.com\/wp-content\/uploads\/2025\/02\/8-9.webp","datePublished":"2025-02-26T15:13:27+00:00","dateModified":"2025-03-16T18:25:14+00:00","breadcrumb":{"@id":"https:\/\/www.moroccodesertsky.com\/tours\/7-day-moroccan-desert-trip-from-marrakech\/#breadcrumb"},"inLanguage":"es","potentialAction":[{"@type":"ReadAction","target":["https:\/\/www.moroccodesertsky.com\/tours\/7-day-moroccan-desert-trip-from-marrakech\/"]}]},{"@type":"ImageObject","inLanguage":"es","@id":"https:\/\/www.moroccodesertsky.com\/tours\/7-day-moroccan-desert-trip-from-marrakech\/#primaryimage","url":"https:\/\/www.moroccodesertsky.com\/wp-content\/uploads\/2025\/02\/8-9.webp","contentUrl":"https:\/\/www.moroccodesertsky.com\/wp-content\/uploads\/2025\/02\/8-9.webp","width":2500,"height":1406},{"@type":"BreadcrumbList","@id":"https:\/\/www.moroccodesertsky.com\/tours\/7-day-moroccan-desert-trip-from-marrakech\/#breadcrumb","itemListElement":[{"@type":"ListItem","position":1,"name":"Home","item":"https:\/\/www.moroccodesertsky.com\/es\/"},{"@type":"ListItem","position":2,"name":"Tienda","item":"https:\/\/www.moroccodesertsky.com\/shop\/"},{"@type":"ListItem","position":3,"name":"Viaje de 7 d\u00edas al desierto marroqu\u00ed desde Marrakech"}]},{"@type":"WebSite","@id":"https:\/\/www.moroccodesertsky.com\/#website","url":"https:\/\/www.moroccodesertsky.com\/","name":"Morocco Desert Sky","description":"","potentialAction":[{"@type":"SearchAction","target":{"@type":"EntryPoint","urlTemplate":"https:\/\/www.moroccodesertsky.com\/?s={search_term_string}"},"query-input":{"@type":"PropertyValueSpecification","valueRequired":true,"valueName":"search_term_string"}}],"inLanguage":"es"}]}},"_links":{"self":[{"href":"https:\/\/www.moroccodesertsky.com\/es\/wp-json\/wp\/v2\/product\/13070","targetHints":{"allow":["GET"]}}],"collection":[{"href":"https:\/\/www.moroccodesertsky.com\/es\/wp-json\/wp\/v2\/product"}],"about":[{"href":"https:\/\/www.moroccodesertsky.com\/es\/wp-json\/wp\/v2\/types\/product"}],"wp:featuredmedia":[{"embeddable":true,"href":"https:\/\/www.moroccodesertsky.com\/es\/wp-json\/wp\/v2\/media\/11994"}],"wp:attachment":[{"href":"https:\/\/www.moroccodesertsky.com\/es\/wp-json\/wp\/v2\/media?parent=13070"}],"wp:term":[{"taxonomy":"product_brand","embeddable":true,"href":"https:\/\/www.moroccodesertsky.com\/es\/wp-json\/wp\/v2\/product_brand?post=13070"},{"taxonomy":"product_cat","embeddable":true,"href":"https:\/\/www.moroccodesertsky.com\/es\/wp-json\/wp\/v2\/product_cat?post=13070"},{"taxonomy":"product_tag","embeddable":true,"href":"https:\/\/www.moroccodesertsky.com\/es\/wp-json\/wp\/v2\/product_tag?post=13070"}],"curies":[{"name":"wp","href":"https:\/\/api.w.org\/{rel}","templated":true}]}}