{"id":13068,"date":"2025-02-24T13:37:12","date_gmt":"2025-02-24T13:37:12","guid":{"rendered":"https:\/\/moroccodesertsky.com\/product\/private-transfer-errachidia-airport-%e2%86%94-merzouga\/"},"modified":"2025-03-16T18:04:00","modified_gmt":"2025-03-16T18:04:00","slug":"traslado-privado-aeropuerto-de-errachidia-%e2%86%94-merzouga","status":"publish","type":"product","link":"https:\/\/www.moroccodesertsky.com\/es\/tours\/traslado-privado-aeropuerto-de-errachidia-%e2%86%94-merzouga\/","title":{"rendered":"Traslado Privado Aeropuerto de Errachidia \u2194 Merzouga"},"content":{"rendered":"<h3 style=\"font-size: 35px;\">Descripci\u00f3n general:<\/h3>\n<p>Disfrute de un traslado c\u00f3modo y sin complicaciones entre el Aeropuerto de Errachidia y Merzouga. Viaje c\u00f3modamente en un veh\u00edculo privado con aire acondicionado y un conductor experimentado. Rel\u00e1jese y disfrute de las vistas panor\u00e1micas del desierto mientras le llevamos directamente a su destino con total seguridad y comodidad.<\/p>\n<h3 style=\"font-size: 35px;\">Descripci\u00f3n:<\/h3>\n<p>Si necesita un servicio de transporte puntual y seguro para organizar su traslado desde el aeropuerto de Errachidia a Merzouga, conf\u00ede esta tarea a un profesional del transporte.<\/p>\n<p>A su llegada al aeropuerto de Errachidia, uno de nuestros conductores le recibir\u00e1 en la recepci\u00f3n con un cartel con su nombre y el de su agencia de transporte \u00abMorocco Desert Sky\u00bb.<\/p>\n<p>Su conductor habla al menos dos idiomas (franc\u00e9s e ingl\u00e9s), le ayudar\u00e1 a subir su equipaje al veh\u00edculo y estar\u00e1 encantado de responder a cualquier pregunta que tenga sobre Merzouga y sus diversos lugares de inter\u00e9s tur\u00edstico.<\/p>\n<h3 style=\"font-size: 35px;\">Caracter\u00edsticas:<\/h3>\n<ul>\n<li>Recogida y regreso directos:<\/li>\n<\/ul>\n<p>Traslado privado sin complicaciones desde el Aeropuerto de Errachidia a Merzouga, directo a su hotel, sin desv\u00edos ni retrasos.<\/p>\n<ul>\n<li>Transporte privado y c\u00f3modo:<\/li>\n<\/ul>\n<p>Viaje en un veh\u00edculo moderno, con aire acondicionado y amplio espacio.<\/p>\n<ul>\n<li>Conductores profesionales:<\/li>\n<\/ul>\n<p>Conductores locales con experiencia que conocen las mejores rutas.<\/p>\n<ul>\n<li>Precio fijo sin cargos ocultos:<\/li>\n<\/ul>\n<p>Precios transparentes sin sorpresas.<\/p>\n<ul>\n<li>Disponibilidad 24\/7:<\/li>\n<\/ul>\n<p>D\u00eda o noche, estamos listos para llevarle a su destino.<\/p>\n<ul>\n<li>Paisajes impresionantes:<\/li>\n<\/ul>\n<p>Disfrute de vistas panor\u00e1micas del Valle del Ziz, palmerales y paisajes des\u00e9rticos de camino a Merzouga.<\/p>\n<ul>\n<li>Asistencia con el equipaje:<\/li>\n<\/ul>\n<p>Le ayudamos con su equipaje para que pueda relajarse al aterrizar.<\/p>\n<ul>\n<li>Paradas personalizadas (opcionales):<\/li>\n<\/ul>\n<p>Quiere tomar fotos o tomar un refrigerio? Podemos hacer paradas cortas si lo solicita.<\/p>\n<p>&nbsp;<\/p>\n<p><img fetchpriority=\"high\" decoding=\"async\" class=\"alignnone size-medium wp-image-10075\" src=\"https:\/\/moroccodesertsky.com\/wp-content\/uploads\/2025\/02\/1-1-300x300.png\" alt=\"\" width=\"300\" height=\"300\" srcset=\"https:\/\/www.moroccodesertsky.com\/wp-content\/uploads\/2025\/02\/1-1-300x300.png 300w, https:\/\/www.moroccodesertsky.com\/wp-content\/uploads\/2025\/02\/1-1-150x150.png 150w, https:\/\/www.moroccodesertsky.com\/wp-content\/uploads\/2025\/02\/1-1-768x768.png 768w, https:\/\/www.moroccodesertsky.com\/wp-content\/uploads\/2025\/02\/1-1-636x636.png 636w, https:\/\/www.moroccodesertsky.com\/wp-content\/uploads\/2025\/02\/1-1-306x306.png 306w, https:\/\/www.moroccodesertsky.com\/wp-content\/uploads\/2025\/02\/1-1-600x600.png 600w, https:\/\/www.moroccodesertsky.com\/wp-content\/uploads\/2025\/02\/1-1-100x100.png 100w, https:\/\/www.moroccodesertsky.com\/wp-content\/uploads\/2025\/02\/1-1.png 781w\" sizes=\"(max-width: 300px) 100vw, 300px\" \/> <img decoding=\"async\" class=\"alignnone size-medium wp-image-10076\" src=\"https:\/\/moroccodesertsky.com\/wp-content\/uploads\/2025\/02\/2-300x300.png\" alt=\"\" width=\"300\" height=\"300\" srcset=\"https:\/\/www.moroccodesertsky.com\/wp-content\/uploads\/2025\/02\/2-300x300.png 300w, https:\/\/www.moroccodesertsky.com\/wp-content\/uploads\/2025\/02\/2-150x150.png 150w, https:\/\/www.moroccodesertsky.com\/wp-content\/uploads\/2025\/02\/2-768x768.png 768w, https:\/\/www.moroccodesertsky.com\/wp-content\/uploads\/2025\/02\/2-636x636.png 636w, https:\/\/www.moroccodesertsky.com\/wp-content\/uploads\/2025\/02\/2-306x306.png 306w, https:\/\/www.moroccodesertsky.com\/wp-content\/uploads\/2025\/02\/2-600x600.png 600w, https:\/\/www.moroccodesertsky.com\/wp-content\/uploads\/2025\/02\/2-100x100.png 100w, https:\/\/www.moroccodesertsky.com\/wp-content\/uploads\/2025\/02\/2.png 781w\" sizes=\"(max-width: 300px) 100vw, 300px\" \/> <img decoding=\"async\" class=\"alignnone size-medium wp-image-10077\" src=\"https:\/\/moroccodesertsky.com\/wp-content\/uploads\/2025\/02\/3-2-300x300.png\" alt=\"\" width=\"300\" height=\"300\" srcset=\"https:\/\/www.moroccodesertsky.com\/wp-content\/uploads\/2025\/02\/3-2-300x300.png 300w, https:\/\/www.moroccodesertsky.com\/wp-content\/uploads\/2025\/02\/3-2-150x150.png 150w, https:\/\/www.moroccodesertsky.com\/wp-content\/uploads\/2025\/02\/3-2-768x768.png 768w, https:\/\/www.moroccodesertsky.com\/wp-content\/uploads\/2025\/02\/3-2-636x636.png 636w, https:\/\/www.moroccodesertsky.com\/wp-content\/uploads\/2025\/02\/3-2-306x306.png 306w, https:\/\/www.moroccodesertsky.com\/wp-content\/uploads\/2025\/02\/3-2-600x600.png 600w, https:\/\/www.moroccodesertsky.com\/wp-content\/uploads\/2025\/02\/3-2-100x100.png 100w, https:\/\/www.moroccodesertsky.com\/wp-content\/uploads\/2025\/02\/3-2.png 781w\" sizes=\"(max-width: 300px) 100vw, 300px\" \/><\/p>\n","protected":false},"excerpt":{"rendered":"<p>Descripci\u00f3n general: Disfrute de un traslado c\u00f3modo y sin complicaciones entre el Aeropuerto de Errachidia y Merzouga. Viaje c\u00f3modamente en un veh\u00edculo privado con aire acondicionado y un conductor experimentado. Rel\u00e1jese y disfrute de las vistas panor\u00e1micas del desierto mientras le llevamos directamente a su destino con total seguridad y comodidad. Descripci\u00f3n: Si necesita un [&hellip;]<\/p>\n","protected":false},"featured_media":11796,"template":"","meta":[],"product_brand":[],"product_cat":[116],"product_tag":[],"class_list":{"0":"post-13068","1":"product","2":"type-product","3":"status-publish","4":"has-post-thumbnail","6":"product_cat-transfert-es","8":"first","9":"instock","10":"shipping-taxable","11":"product-type-ovabrw_car_rental"},"yoast_head":"<!-- This site is optimized with the Yoast SEO Premium plugin v24.6 (Yoast SEO v27.4) - https:\/\/yoast.com\/product\/yoast-seo-premium-wordpress\/ -->\n<title>Traslado Privado Aeropuerto de Errachidia \u2194 Merzouga - Morocco Desert Sky<\/title>\n<meta name=\"robots\" content=\"index, follow, max-snippet:-1, max-image-preview:large, max-video-preview:-1\" \/>\n<link rel=\"canonical\" href=\"https:\/\/www.moroccodesertsky.com\/tours\/private-transfer-errachidia-airport-\u2194-merzouga\/\" \/>\n<meta property=\"og:locale\" content=\"es_ES\" \/>\n<meta property=\"og:type\" content=\"article\" \/>\n<meta property=\"og:title\" content=\"Traslado Privado Aeropuerto de Errachidia \u2194 Merzouga\" \/>\n<meta property=\"og:description\" content=\"Descripci\u00f3n general: Disfrute de un traslado c\u00f3modo y sin complicaciones entre el Aeropuerto de Errachidia y Merzouga. Viaje c\u00f3modamente en un veh\u00edculo privado con aire acondicionado y un conductor experimentado. Rel\u00e1jese y disfrute de las vistas panor\u00e1micas del desierto mientras le llevamos directamente a su destino con total seguridad y comodidad. Descripci\u00f3n: Si necesita un [&hellip;]\" \/>\n<meta property=\"og:url\" content=\"https:\/\/www.moroccodesertsky.com\/tours\/private-transfer-errachidia-airport-\u2194-merzouga\/\" \/>\n<meta property=\"og:site_name\" content=\"Morocco Desert Sky\" \/>\n<meta property=\"article:modified_time\" content=\"2025-03-16T18:04:00+00:00\" \/>\n<meta property=\"og:image\" content=\"https:\/\/www.moroccodesertsky.com\/wp-content\/uploads\/2025\/02\/3-1.webp\" \/>\n\t<meta property=\"og:image:width\" content=\"2500\" \/>\n\t<meta property=\"og:image:height\" content=\"1406\" \/>\n\t<meta property=\"og:image:type\" content=\"image\/webp\" \/>\n<meta name=\"twitter:card\" content=\"summary_large_image\" \/>\n<meta name=\"twitter:label1\" content=\"Tiempo de lectura\" \/>\n\t<meta name=\"twitter:data1\" content=\"1 minuto\" \/>\n<script type=\"application\/ld+json\" class=\"yoast-schema-graph\">{\"@context\":\"https:\\\/\\\/schema.org\",\"@graph\":[{\"@type\":\"WebPage\",\"@id\":\"https:\\\/\\\/www.moroccodesertsky.com\\\/tours\\\/private-transfer-errachidia-airport-%e2%86%94-merzouga\\\/\",\"url\":\"https:\\\/\\\/www.moroccodesertsky.com\\\/tours\\\/private-transfer-errachidia-airport-%e2%86%94-merzouga\\\/\",\"name\":\"Traslado Privado Aeropuerto de Errachidia \u2194 Merzouga - Morocco Desert Sky\",\"isPartOf\":{\"@id\":\"https:\\\/\\\/www.moroccodesertsky.com\\\/#website\"},\"primaryImageOfPage\":{\"@id\":\"https:\\\/\\\/www.moroccodesertsky.com\\\/tours\\\/private-transfer-errachidia-airport-%e2%86%94-merzouga\\\/#primaryimage\"},\"image\":{\"@id\":\"https:\\\/\\\/www.moroccodesertsky.com\\\/tours\\\/private-transfer-errachidia-airport-%e2%86%94-merzouga\\\/#primaryimage\"},\"thumbnailUrl\":\"https:\\\/\\\/www.moroccodesertsky.com\\\/wp-content\\\/uploads\\\/2025\\\/02\\\/3-1.webp\",\"datePublished\":\"2025-02-24T13:37:12+00:00\",\"dateModified\":\"2025-03-16T18:04:00+00:00\",\"breadcrumb\":{\"@id\":\"https:\\\/\\\/www.moroccodesertsky.com\\\/tours\\\/private-transfer-errachidia-airport-%e2%86%94-merzouga\\\/#breadcrumb\"},\"inLanguage\":\"es\",\"potentialAction\":[{\"@type\":\"ReadAction\",\"target\":[\"https:\\\/\\\/www.moroccodesertsky.com\\\/tours\\\/private-transfer-errachidia-airport-%e2%86%94-merzouga\\\/\"]}]},{\"@type\":\"ImageObject\",\"inLanguage\":\"es\",\"@id\":\"https:\\\/\\\/www.moroccodesertsky.com\\\/tours\\\/private-transfer-errachidia-airport-%e2%86%94-merzouga\\\/#primaryimage\",\"url\":\"https:\\\/\\\/www.moroccodesertsky.com\\\/wp-content\\\/uploads\\\/2025\\\/02\\\/3-1.webp\",\"contentUrl\":\"https:\\\/\\\/www.moroccodesertsky.com\\\/wp-content\\\/uploads\\\/2025\\\/02\\\/3-1.webp\",\"width\":2500,\"height\":1406},{\"@type\":\"BreadcrumbList\",\"@id\":\"https:\\\/\\\/www.moroccodesertsky.com\\\/tours\\\/private-transfer-errachidia-airport-%e2%86%94-merzouga\\\/#breadcrumb\",\"itemListElement\":[{\"@type\":\"ListItem\",\"position\":1,\"name\":\"Home\",\"item\":\"https:\\\/\\\/www.moroccodesertsky.com\\\/es\\\/\"},{\"@type\":\"ListItem\",\"position\":2,\"name\":\"Tienda\",\"item\":\"https:\\\/\\\/www.moroccodesertsky.com\\\/shop\\\/\"},{\"@type\":\"ListItem\",\"position\":3,\"name\":\"Traslado Privado Aeropuerto de Errachidia \u2194 Merzouga\"}]},{\"@type\":\"WebSite\",\"@id\":\"https:\\\/\\\/www.moroccodesertsky.com\\\/#website\",\"url\":\"https:\\\/\\\/www.moroccodesertsky.com\\\/\",\"name\":\"Morocco Desert Sky\",\"description\":\"\",\"potentialAction\":[{\"@type\":\"SearchAction\",\"target\":{\"@type\":\"EntryPoint\",\"urlTemplate\":\"https:\\\/\\\/www.moroccodesertsky.com\\\/?s={search_term_string}\"},\"query-input\":{\"@type\":\"PropertyValueSpecification\",\"valueRequired\":true,\"valueName\":\"search_term_string\"}}],\"inLanguage\":\"es\"}]}<\/script>\n<!-- \/ Yoast SEO Premium plugin. -->","yoast_head_json":{"title":"Traslado Privado Aeropuerto de Errachidia \u2194 Merzouga - Morocco Desert Sky","robots":{"index":"index","follow":"follow","max-snippet":"max-snippet:-1","max-image-preview":"max-image-preview:large","max-video-preview":"max-video-preview:-1"},"canonical":"https:\/\/www.moroccodesertsky.com\/tours\/private-transfer-errachidia-airport-\u2194-merzouga\/","og_locale":"es_ES","og_type":"article","og_title":"Traslado Privado Aeropuerto de Errachidia \u2194 Merzouga","og_description":"Descripci\u00f3n general: Disfrute de un traslado c\u00f3modo y sin complicaciones entre el Aeropuerto de Errachidia y Merzouga. Viaje c\u00f3modamente en un veh\u00edculo privado con aire acondicionado y un conductor experimentado. Rel\u00e1jese y disfrute de las vistas panor\u00e1micas del desierto mientras le llevamos directamente a su destino con total seguridad y comodidad. Descripci\u00f3n: Si necesita un [&hellip;]","og_url":"https:\/\/www.moroccodesertsky.com\/tours\/private-transfer-errachidia-airport-\u2194-merzouga\/","og_site_name":"Morocco Desert Sky","article_modified_time":"2025-03-16T18:04:00+00:00","og_image":[{"width":2500,"height":1406,"url":"https:\/\/www.moroccodesertsky.com\/wp-content\/uploads\/2025\/02\/3-1.webp","type":"image\/webp"}],"twitter_card":"summary_large_image","twitter_misc":{"Tiempo de lectura":"1 minuto"},"schema":{"@context":"https:\/\/schema.org","@graph":[{"@type":"WebPage","@id":"https:\/\/www.moroccodesertsky.com\/tours\/private-transfer-errachidia-airport-%e2%86%94-merzouga\/","url":"https:\/\/www.moroccodesertsky.com\/tours\/private-transfer-errachidia-airport-%e2%86%94-merzouga\/","name":"Traslado Privado Aeropuerto de Errachidia \u2194 Merzouga - Morocco Desert Sky","isPartOf":{"@id":"https:\/\/www.moroccodesertsky.com\/#website"},"primaryImageOfPage":{"@id":"https:\/\/www.moroccodesertsky.com\/tours\/private-transfer-errachidia-airport-%e2%86%94-merzouga\/#primaryimage"},"image":{"@id":"https:\/\/www.moroccodesertsky.com\/tours\/private-transfer-errachidia-airport-%e2%86%94-merzouga\/#primaryimage"},"thumbnailUrl":"https:\/\/www.moroccodesertsky.com\/wp-content\/uploads\/2025\/02\/3-1.webp","datePublished":"2025-02-24T13:37:12+00:00","dateModified":"2025-03-16T18:04:00+00:00","breadcrumb":{"@id":"https:\/\/www.moroccodesertsky.com\/tours\/private-transfer-errachidia-airport-%e2%86%94-merzouga\/#breadcrumb"},"inLanguage":"es","potentialAction":[{"@type":"ReadAction","target":["https:\/\/www.moroccodesertsky.com\/tours\/private-transfer-errachidia-airport-%e2%86%94-merzouga\/"]}]},{"@type":"ImageObject","inLanguage":"es","@id":"https:\/\/www.moroccodesertsky.com\/tours\/private-transfer-errachidia-airport-%e2%86%94-merzouga\/#primaryimage","url":"https:\/\/www.moroccodesertsky.com\/wp-content\/uploads\/2025\/02\/3-1.webp","contentUrl":"https:\/\/www.moroccodesertsky.com\/wp-content\/uploads\/2025\/02\/3-1.webp","width":2500,"height":1406},{"@type":"BreadcrumbList","@id":"https:\/\/www.moroccodesertsky.com\/tours\/private-transfer-errachidia-airport-%e2%86%94-merzouga\/#breadcrumb","itemListElement":[{"@type":"ListItem","position":1,"name":"Home","item":"https:\/\/www.moroccodesertsky.com\/es\/"},{"@type":"ListItem","position":2,"name":"Tienda","item":"https:\/\/www.moroccodesertsky.com\/shop\/"},{"@type":"ListItem","position":3,"name":"Traslado Privado Aeropuerto de Errachidia \u2194 Merzouga"}]},{"@type":"WebSite","@id":"https:\/\/www.moroccodesertsky.com\/#website","url":"https:\/\/www.moroccodesertsky.com\/","name":"Morocco Desert Sky","description":"","potentialAction":[{"@type":"SearchAction","target":{"@type":"EntryPoint","urlTemplate":"https:\/\/www.moroccodesertsky.com\/?s={search_term_string}"},"query-input":{"@type":"PropertyValueSpecification","valueRequired":true,"valueName":"search_term_string"}}],"inLanguage":"es"}]}},"_links":{"self":[{"href":"https:\/\/www.moroccodesertsky.com\/es\/wp-json\/wp\/v2\/product\/13068","targetHints":{"allow":["GET"]}}],"collection":[{"href":"https:\/\/www.moroccodesertsky.com\/es\/wp-json\/wp\/v2\/product"}],"about":[{"href":"https:\/\/www.moroccodesertsky.com\/es\/wp-json\/wp\/v2\/types\/product"}],"wp:featuredmedia":[{"embeddable":true,"href":"https:\/\/www.moroccodesertsky.com\/es\/wp-json\/wp\/v2\/media\/11796"}],"wp:attachment":[{"href":"https:\/\/www.moroccodesertsky.com\/es\/wp-json\/wp\/v2\/media?parent=13068"}],"wp:term":[{"taxonomy":"product_brand","embeddable":true,"href":"https:\/\/www.moroccodesertsky.com\/es\/wp-json\/wp\/v2\/product_brand?post=13068"},{"taxonomy":"product_cat","embeddable":true,"href":"https:\/\/www.moroccodesertsky.com\/es\/wp-json\/wp\/v2\/product_cat?post=13068"},{"taxonomy":"product_tag","embeddable":true,"href":"https:\/\/www.moroccodesertsky.com\/es\/wp-json\/wp\/v2\/product_tag?post=13068"}],"curies":[{"name":"wp","href":"https:\/\/api.w.org\/{rel}","templated":true}]}}