{"id":13058,"date":"2025-03-11T15:25:59","date_gmt":"2025-03-11T15:25:59","guid":{"rendered":"https:\/\/moroccodesertsky.com\/product\/1-day-1-night-camel-ride-merzouga\/"},"modified":"2025-03-16T23:34:41","modified_gmt":"2025-03-16T23:34:41","slug":"1-dia-y-1-noche-de-paseo-en-camello-en-merzouga","status":"publish","type":"product","link":"https:\/\/www.moroccodesertsky.com\/es\/tours\/1-dia-y-1-noche-de-paseo-en-camello-en-merzouga\/","title":{"rendered":"1 d\u00eda y 1 noche de paseo en camello en Merzouga"},"content":{"rendered":"<h3 style=\"font-size: 35px;\">Descripci\u00f3n general:<\/h3>\n<p data-start=\"83\" data-end=\"567\"><strong data-start=\"83\" data-end=\"138\">Nuestro paseo en camello de d\u00eda y noche en Merzouga<\/strong> ofrece una experiencia \u00fanica en el desierto del Sahara. Cruza las impresionantes dunas de Erg Chebbi con un <strong data-start=\"247\" data-end=\"269\">gu\u00eda independiente<\/strong> y disfruta de la experiencia de un <strong data-start=\"305\" data-end=\"317\">cocinero<\/strong>, que prepara deliciosas comidas locales. Durante todo el viaje, nuestro equipo dedicado, incluyendo el <strong data-start=\"421\" data-end=\"443\">gu\u00eda independiente<\/strong> y el <strong data-start=\"449\" data-end=\"461\">cocinero<\/strong>, <strong data-start=\"463\" data-end=\"497\">nos acompa\u00f1a en cada excursi\u00f3n<\/strong>, garantizando una experiencia aut\u00e9ntica e inmersiva en el desierto.<\/p>\n<p data-start=\"569\" data-end=\"1054\">En este recorrido por el desierto de Marruecos, tendr\u00e1s tiempo suficiente para relajarte, probar el sandboarding o simplemente disfrutar de la tranquilidad del desierto. Admira espectaculares puestas y salidas de sol, saborea una exquisita gastronom\u00eda, escucha m\u00fasica tradicional bereber y contempla las estrellas bajo la inmensidad del cielo del desierto. Pasar\u00e1s la noche en una <strong data-start=\"950\" data-end=\"960\">tienda<\/strong> en un campamento en Merzouga, viviendo una inmersi\u00f3n total en la hospitalidad del desierto.<\/p>\n<p data-start=\"1056\" data-end=\"1241\">Disfruta de un <strong data-start=\"1071\" data-end=\"1103\">desplazamiento por las dunas<\/strong> sin complicaciones, donde nuestro equipo se encarga de cada detalle para hacer que tu aventura sea lo m\u00e1s c\u00f3moda e inolvidable posible.<\/p>\n<h3 style=\"font-size: 35px;\">Lo m\u00e1s destacado:<\/h3>\n<ul>\n<li>Experimente un paseo en camello por las dunas de Erg Chebbi<\/li>\n<li>Hermoso atardecer y amanecer sobre las dunas del Sahara<\/li>\n<li>Sandboarding (opcional)<\/li>\n<li>Alojamiento de d\u00eda y noche en nuestro campamento<\/li>\n<li>Escuche la m\u00fasica de los tambores bereberes<\/li>\n<li>Disfrute del cielo estrellado<\/li>\n<li>Maravilloso amanecer en el desierto<\/li>\n<li>Disfrute de m\u00e1s tiempo en el Sahara<\/li>\n<\/ul>\n","protected":false},"excerpt":{"rendered":"<p>Descripci\u00f3n general: Nuestro paseo en camello de d\u00eda y noche en Merzouga ofrece una experiencia \u00fanica en el desierto del Sahara. Cruza las impresionantes dunas de Erg Chebbi con un gu\u00eda independiente y disfruta de la experiencia de un cocinero, que prepara deliciosas comidas locales. Durante todo el viaje, nuestro equipo dedicado, incluyendo el gu\u00eda [&hellip;]<\/p>\n","protected":false},"featured_media":12411,"template":"","meta":[],"product_brand":[],"product_cat":[115],"product_tag":[],"class_list":{"0":"post-13058","1":"product","2":"type-product","3":"status-publish","4":"has-post-thumbnail","6":"product_cat-camel-ride-es","8":"first","9":"instock","10":"shipping-taxable","11":"product-type-ovabrw_car_rental"},"yoast_head":"<!-- This site is optimized with the Yoast SEO Premium plugin v24.6 (Yoast SEO v27.4) - https:\/\/yoast.com\/product\/yoast-seo-premium-wordpress\/ -->\n<title>1 d\u00eda y 1 noche de paseo en camello en Merzouga - Morocco Desert Sky<\/title>\n<meta name=\"robots\" content=\"index, follow, max-snippet:-1, max-image-preview:large, max-video-preview:-1\" \/>\n<link rel=\"canonical\" href=\"https:\/\/www.moroccodesertsky.com\/tours\/1-day-1-night-camel-ride-merzouga\/\" \/>\n<meta property=\"og:locale\" content=\"es_ES\" \/>\n<meta property=\"og:type\" content=\"article\" \/>\n<meta property=\"og:title\" content=\"1 d\u00eda y 1 noche de paseo en camello en Merzouga\" \/>\n<meta property=\"og:description\" content=\"Descripci\u00f3n general: Nuestro paseo en camello de d\u00eda y noche en Merzouga ofrece una experiencia \u00fanica en el desierto del Sahara. Cruza las impresionantes dunas de Erg Chebbi con un gu\u00eda independiente y disfruta de la experiencia de un cocinero, que prepara deliciosas comidas locales. Durante todo el viaje, nuestro equipo dedicado, incluyendo el gu\u00eda [&hellip;]\" \/>\n<meta property=\"og:url\" content=\"https:\/\/www.moroccodesertsky.com\/tours\/1-day-1-night-camel-ride-merzouga\/\" \/>\n<meta property=\"og:site_name\" content=\"Morocco Desert Sky\" \/>\n<meta property=\"article:modified_time\" content=\"2025-03-16T23:34:41+00:00\" \/>\n<meta property=\"og:image\" content=\"https:\/\/www.moroccodesertsky.com\/wp-content\/uploads\/2025\/03\/6-2.webp\" \/>\n\t<meta property=\"og:image:width\" content=\"2400\" \/>\n\t<meta property=\"og:image:height\" content=\"1350\" \/>\n\t<meta property=\"og:image:type\" content=\"image\/webp\" \/>\n<meta name=\"twitter:card\" content=\"summary_large_image\" \/>\n<meta name=\"twitter:label1\" content=\"Tiempo de lectura\" \/>\n\t<meta name=\"twitter:data1\" content=\"1 minuto\" \/>\n<script type=\"application\/ld+json\" class=\"yoast-schema-graph\">{\"@context\":\"https:\\\/\\\/schema.org\",\"@graph\":[{\"@type\":\"WebPage\",\"@id\":\"https:\\\/\\\/www.moroccodesertsky.com\\\/tours\\\/1-day-1-night-camel-ride-merzouga\\\/\",\"url\":\"https:\\\/\\\/www.moroccodesertsky.com\\\/tours\\\/1-day-1-night-camel-ride-merzouga\\\/\",\"name\":\"1 d\u00eda y 1 noche de paseo en camello en Merzouga - Morocco Desert Sky\",\"isPartOf\":{\"@id\":\"https:\\\/\\\/www.moroccodesertsky.com\\\/#website\"},\"primaryImageOfPage\":{\"@id\":\"https:\\\/\\\/www.moroccodesertsky.com\\\/tours\\\/1-day-1-night-camel-ride-merzouga\\\/#primaryimage\"},\"image\":{\"@id\":\"https:\\\/\\\/www.moroccodesertsky.com\\\/tours\\\/1-day-1-night-camel-ride-merzouga\\\/#primaryimage\"},\"thumbnailUrl\":\"https:\\\/\\\/www.moroccodesertsky.com\\\/wp-content\\\/uploads\\\/2025\\\/03\\\/6-2.webp\",\"datePublished\":\"2025-03-11T15:25:59+00:00\",\"dateModified\":\"2025-03-16T23:34:41+00:00\",\"breadcrumb\":{\"@id\":\"https:\\\/\\\/www.moroccodesertsky.com\\\/tours\\\/1-day-1-night-camel-ride-merzouga\\\/#breadcrumb\"},\"inLanguage\":\"es\",\"potentialAction\":[{\"@type\":\"ReadAction\",\"target\":[\"https:\\\/\\\/www.moroccodesertsky.com\\\/tours\\\/1-day-1-night-camel-ride-merzouga\\\/\"]}]},{\"@type\":\"ImageObject\",\"inLanguage\":\"es\",\"@id\":\"https:\\\/\\\/www.moroccodesertsky.com\\\/tours\\\/1-day-1-night-camel-ride-merzouga\\\/#primaryimage\",\"url\":\"https:\\\/\\\/www.moroccodesertsky.com\\\/wp-content\\\/uploads\\\/2025\\\/03\\\/6-2.webp\",\"contentUrl\":\"https:\\\/\\\/www.moroccodesertsky.com\\\/wp-content\\\/uploads\\\/2025\\\/03\\\/6-2.webp\",\"width\":2400,\"height\":1350},{\"@type\":\"BreadcrumbList\",\"@id\":\"https:\\\/\\\/www.moroccodesertsky.com\\\/tours\\\/1-day-1-night-camel-ride-merzouga\\\/#breadcrumb\",\"itemListElement\":[{\"@type\":\"ListItem\",\"position\":1,\"name\":\"Home\",\"item\":\"https:\\\/\\\/www.moroccodesertsky.com\\\/es\\\/\"},{\"@type\":\"ListItem\",\"position\":2,\"name\":\"Tienda\",\"item\":\"https:\\\/\\\/www.moroccodesertsky.com\\\/shop\\\/\"},{\"@type\":\"ListItem\",\"position\":3,\"name\":\"1 d\u00eda y 1 noche de paseo en camello en Merzouga\"}]},{\"@type\":\"WebSite\",\"@id\":\"https:\\\/\\\/www.moroccodesertsky.com\\\/#website\",\"url\":\"https:\\\/\\\/www.moroccodesertsky.com\\\/\",\"name\":\"Morocco Desert Sky\",\"description\":\"\",\"potentialAction\":[{\"@type\":\"SearchAction\",\"target\":{\"@type\":\"EntryPoint\",\"urlTemplate\":\"https:\\\/\\\/www.moroccodesertsky.com\\\/?s={search_term_string}\"},\"query-input\":{\"@type\":\"PropertyValueSpecification\",\"valueRequired\":true,\"valueName\":\"search_term_string\"}}],\"inLanguage\":\"es\"}]}<\/script>\n<!-- \/ Yoast SEO Premium plugin. -->","yoast_head_json":{"title":"1 d\u00eda y 1 noche de paseo en camello en Merzouga - Morocco Desert Sky","robots":{"index":"index","follow":"follow","max-snippet":"max-snippet:-1","max-image-preview":"max-image-preview:large","max-video-preview":"max-video-preview:-1"},"canonical":"https:\/\/www.moroccodesertsky.com\/tours\/1-day-1-night-camel-ride-merzouga\/","og_locale":"es_ES","og_type":"article","og_title":"1 d\u00eda y 1 noche de paseo en camello en Merzouga","og_description":"Descripci\u00f3n general: Nuestro paseo en camello de d\u00eda y noche en Merzouga ofrece una experiencia \u00fanica en el desierto del Sahara. Cruza las impresionantes dunas de Erg Chebbi con un gu\u00eda independiente y disfruta de la experiencia de un cocinero, que prepara deliciosas comidas locales. Durante todo el viaje, nuestro equipo dedicado, incluyendo el gu\u00eda [&hellip;]","og_url":"https:\/\/www.moroccodesertsky.com\/tours\/1-day-1-night-camel-ride-merzouga\/","og_site_name":"Morocco Desert Sky","article_modified_time":"2025-03-16T23:34:41+00:00","og_image":[{"width":2400,"height":1350,"url":"https:\/\/www.moroccodesertsky.com\/wp-content\/uploads\/2025\/03\/6-2.webp","type":"image\/webp"}],"twitter_card":"summary_large_image","twitter_misc":{"Tiempo de lectura":"1 minuto"},"schema":{"@context":"https:\/\/schema.org","@graph":[{"@type":"WebPage","@id":"https:\/\/www.moroccodesertsky.com\/tours\/1-day-1-night-camel-ride-merzouga\/","url":"https:\/\/www.moroccodesertsky.com\/tours\/1-day-1-night-camel-ride-merzouga\/","name":"1 d\u00eda y 1 noche de paseo en camello en Merzouga - Morocco Desert Sky","isPartOf":{"@id":"https:\/\/www.moroccodesertsky.com\/#website"},"primaryImageOfPage":{"@id":"https:\/\/www.moroccodesertsky.com\/tours\/1-day-1-night-camel-ride-merzouga\/#primaryimage"},"image":{"@id":"https:\/\/www.moroccodesertsky.com\/tours\/1-day-1-night-camel-ride-merzouga\/#primaryimage"},"thumbnailUrl":"https:\/\/www.moroccodesertsky.com\/wp-content\/uploads\/2025\/03\/6-2.webp","datePublished":"2025-03-11T15:25:59+00:00","dateModified":"2025-03-16T23:34:41+00:00","breadcrumb":{"@id":"https:\/\/www.moroccodesertsky.com\/tours\/1-day-1-night-camel-ride-merzouga\/#breadcrumb"},"inLanguage":"es","potentialAction":[{"@type":"ReadAction","target":["https:\/\/www.moroccodesertsky.com\/tours\/1-day-1-night-camel-ride-merzouga\/"]}]},{"@type":"ImageObject","inLanguage":"es","@id":"https:\/\/www.moroccodesertsky.com\/tours\/1-day-1-night-camel-ride-merzouga\/#primaryimage","url":"https:\/\/www.moroccodesertsky.com\/wp-content\/uploads\/2025\/03\/6-2.webp","contentUrl":"https:\/\/www.moroccodesertsky.com\/wp-content\/uploads\/2025\/03\/6-2.webp","width":2400,"height":1350},{"@type":"BreadcrumbList","@id":"https:\/\/www.moroccodesertsky.com\/tours\/1-day-1-night-camel-ride-merzouga\/#breadcrumb","itemListElement":[{"@type":"ListItem","position":1,"name":"Home","item":"https:\/\/www.moroccodesertsky.com\/es\/"},{"@type":"ListItem","position":2,"name":"Tienda","item":"https:\/\/www.moroccodesertsky.com\/shop\/"},{"@type":"ListItem","position":3,"name":"1 d\u00eda y 1 noche de paseo en camello en Merzouga"}]},{"@type":"WebSite","@id":"https:\/\/www.moroccodesertsky.com\/#website","url":"https:\/\/www.moroccodesertsky.com\/","name":"Morocco Desert Sky","description":"","potentialAction":[{"@type":"SearchAction","target":{"@type":"EntryPoint","urlTemplate":"https:\/\/www.moroccodesertsky.com\/?s={search_term_string}"},"query-input":{"@type":"PropertyValueSpecification","valueRequired":true,"valueName":"search_term_string"}}],"inLanguage":"es"}]}},"_links":{"self":[{"href":"https:\/\/www.moroccodesertsky.com\/es\/wp-json\/wp\/v2\/product\/13058","targetHints":{"allow":["GET"]}}],"collection":[{"href":"https:\/\/www.moroccodesertsky.com\/es\/wp-json\/wp\/v2\/product"}],"about":[{"href":"https:\/\/www.moroccodesertsky.com\/es\/wp-json\/wp\/v2\/types\/product"}],"wp:featuredmedia":[{"embeddable":true,"href":"https:\/\/www.moroccodesertsky.com\/es\/wp-json\/wp\/v2\/media\/12411"}],"wp:attachment":[{"href":"https:\/\/www.moroccodesertsky.com\/es\/wp-json\/wp\/v2\/media?parent=13058"}],"wp:term":[{"taxonomy":"product_brand","embeddable":true,"href":"https:\/\/www.moroccodesertsky.com\/es\/wp-json\/wp\/v2\/product_brand?post=13058"},{"taxonomy":"product_cat","embeddable":true,"href":"https:\/\/www.moroccodesertsky.com\/es\/wp-json\/wp\/v2\/product_cat?post=13058"},{"taxonomy":"product_tag","embeddable":true,"href":"https:\/\/www.moroccodesertsky.com\/es\/wp-json\/wp\/v2\/product_tag?post=13058"}],"curies":[{"name":"wp","href":"https:\/\/api.w.org\/{rel}","templated":true}]}}