{"id":13056,"date":"2025-03-11T16:19:34","date_gmt":"2025-03-11T16:19:34","guid":{"rendered":"https:\/\/moroccodesertsky.com\/product\/2-day-2-night-camel-ride-in-merzouga\/"},"modified":"2025-03-16T23:42:26","modified_gmt":"2025-03-16T23:42:26","slug":"2-dias-y-2-noches-de-paseo-en-camello-en-merzouga","status":"publish","type":"product","link":"https:\/\/www.moroccodesertsky.com\/es\/tours\/2-dias-y-2-noches-de-paseo-en-camello-en-merzouga\/","title":{"rendered":"2 d\u00edas y 2 noches de paseo en camello en Merzouga"},"content":{"rendered":"<h3 style=\"font-size: 35px;\">Descripci\u00f3n general:<\/h3>\n<p data-start=\"161\" data-end=\"771\">El <strong data-start=\"164\" data-end=\"208\">paseo en camello de 2 noches en Merzouga<\/strong> te ofrece la oportunidad de pasar tiempo en el coraz\u00f3n del desierto del Sahara, disfrutando de la belleza impresionante del paisaje. Cruza las doradas dunas de Erg Chebbi con un <strong data-start=\"387\" data-end=\"409\">gu\u00eda independiente<\/strong>, quien se asegurar\u00e1 de brindarte una experiencia aut\u00e9ntica e inmersiva. Acompa\u00f1ado por un <strong data-start=\"500\" data-end=\"512\">cocinero<\/strong> experimentado, degustar\u00e1s deliciosas comidas tradicionales marroqu\u00edes durante todo el viaje. Nuestro equipo dedicado, compuesto por el <strong data-start=\"648\" data-end=\"670\">gu\u00eda independiente<\/strong> y el <strong data-start=\"676\" data-end=\"688\">cocinero<\/strong>, <strong data-start=\"690\" data-end=\"720\">nos acompa\u00f1a en cada viaje<\/strong>, garantizando una aventura fluida e inolvidable.<\/p>\n<p data-start=\"773\" data-end=\"1113\">Vive la magia del desierto mientras disfrutas de un t\u00e9 de menta dulce en una <strong data-start=\"850\" data-end=\"860\">tienda<\/strong> n\u00f3mada, saboreas un delicioso tagine marroqu\u00ed y te dejas llevar por el sonido de los tambores bereberes. Contempla las puestas y salidas de sol m\u00e1s hermosas, cabalga en camello sobre las impresionantes dunas y duerme bajo un cielo lleno de estrellas.<\/p>\n<p data-start=\"1115\" data-end=\"1350\">Este <strong data-start=\"1120\" data-end=\"1165\">paseo en camello de 2 noches en Marruecos<\/strong> har\u00e1 que tu estancia en Merzouga sea inolvidable. Con <strong data-start=\"1220\" data-end=\"1250\">el transporte en las dunas<\/strong>, garantizamos comodidad y autenticidad, permiti\u00e9ndote vivir plenamente las maravillas del Sahara.<\/p>\n<h3 style=\"font-size: 35px;\">Lo m\u00e1s destacado:<\/h3>\n<ul>\n<li>Experimente un paseo en camello por las dunas de Erg Chebbi<\/li>\n<li>Precioso atardecer y amanecer sobre las dunas del Sahara<\/li>\n<li>Sandboarding (opcional)<\/li>\n<li>2 noches de alojamiento en un campamento bereber<\/li>\n<li>Escuche la m\u00fasica de los tambores bereberes<\/li>\n<li>Disfrute del cielo estrellado<\/li>\n<li>Maravilloso amanecer en el desierto<\/li>\n<li>Disfrute de mucho tiempo en el Sahara<\/li>\n<li>Almuerzo tipo picnic en el desierto<\/li>\n<\/ul>\n","protected":false},"excerpt":{"rendered":"<p>Descripci\u00f3n general: El paseo en camello de 2 noches en Merzouga te ofrece la oportunidad de pasar tiempo en el coraz\u00f3n del desierto del Sahara, disfrutando de la belleza impresionante del paisaje. Cruza las doradas dunas de Erg Chebbi con un gu\u00eda independiente, quien se asegurar\u00e1 de brindarte una experiencia aut\u00e9ntica e inmersiva. Acompa\u00f1ado por [&hellip;]<\/p>\n","protected":false},"featured_media":12451,"template":"","meta":[],"product_brand":[],"product_cat":[115],"product_tag":[],"class_list":{"0":"post-13056","1":"product","2":"type-product","3":"status-publish","4":"has-post-thumbnail","6":"product_cat-camel-ride-es","8":"first","9":"instock","10":"shipping-taxable","11":"product-type-ovabrw_car_rental"},"yoast_head":"<!-- This site is optimized with the Yoast SEO Premium plugin v24.6 (Yoast SEO v27.4) - https:\/\/yoast.com\/product\/yoast-seo-premium-wordpress\/ -->\n<title>2 d\u00edas y 2 noches de paseo en camello en Merzouga - Morocco Desert Sky<\/title>\n<meta name=\"robots\" content=\"index, follow, max-snippet:-1, max-image-preview:large, max-video-preview:-1\" \/>\n<link rel=\"canonical\" href=\"https:\/\/www.moroccodesertsky.com\/tours\/2-day-2-night-camel-ride-in-merzouga\/\" \/>\n<meta property=\"og:locale\" content=\"es_ES\" \/>\n<meta property=\"og:type\" content=\"article\" \/>\n<meta property=\"og:title\" content=\"2 d\u00edas y 2 noches de paseo en camello en Merzouga\" \/>\n<meta property=\"og:description\" content=\"Descripci\u00f3n general: El paseo en camello de 2 noches en Merzouga te ofrece la oportunidad de pasar tiempo en el coraz\u00f3n del desierto del Sahara, disfrutando de la belleza impresionante del paisaje. Cruza las doradas dunas de Erg Chebbi con un gu\u00eda independiente, quien se asegurar\u00e1 de brindarte una experiencia aut\u00e9ntica e inmersiva. Acompa\u00f1ado por [&hellip;]\" \/>\n<meta property=\"og:url\" content=\"https:\/\/www.moroccodesertsky.com\/tours\/2-day-2-night-camel-ride-in-merzouga\/\" \/>\n<meta property=\"og:site_name\" content=\"Morocco Desert Sky\" \/>\n<meta property=\"article:modified_time\" content=\"2025-03-16T23:42:26+00:00\" \/>\n<meta property=\"og:image\" content=\"https:\/\/www.moroccodesertsky.com\/wp-content\/uploads\/2025\/03\/9-2.webp\" \/>\n\t<meta property=\"og:image:width\" content=\"2400\" \/>\n\t<meta property=\"og:image:height\" content=\"1350\" \/>\n\t<meta property=\"og:image:type\" content=\"image\/webp\" \/>\n<meta name=\"twitter:card\" content=\"summary_large_image\" \/>\n<meta name=\"twitter:label1\" content=\"Tiempo de lectura\" \/>\n\t<meta name=\"twitter:data1\" content=\"1 minuto\" \/>\n<script type=\"application\/ld+json\" class=\"yoast-schema-graph\">{\"@context\":\"https:\\\/\\\/schema.org\",\"@graph\":[{\"@type\":\"WebPage\",\"@id\":\"https:\\\/\\\/www.moroccodesertsky.com\\\/tours\\\/2-day-2-night-camel-ride-in-merzouga\\\/\",\"url\":\"https:\\\/\\\/www.moroccodesertsky.com\\\/tours\\\/2-day-2-night-camel-ride-in-merzouga\\\/\",\"name\":\"2 d\u00edas y 2 noches de paseo en camello en Merzouga - Morocco Desert Sky\",\"isPartOf\":{\"@id\":\"https:\\\/\\\/www.moroccodesertsky.com\\\/#website\"},\"primaryImageOfPage\":{\"@id\":\"https:\\\/\\\/www.moroccodesertsky.com\\\/tours\\\/2-day-2-night-camel-ride-in-merzouga\\\/#primaryimage\"},\"image\":{\"@id\":\"https:\\\/\\\/www.moroccodesertsky.com\\\/tours\\\/2-day-2-night-camel-ride-in-merzouga\\\/#primaryimage\"},\"thumbnailUrl\":\"https:\\\/\\\/www.moroccodesertsky.com\\\/wp-content\\\/uploads\\\/2025\\\/03\\\/9-2.webp\",\"datePublished\":\"2025-03-11T16:19:34+00:00\",\"dateModified\":\"2025-03-16T23:42:26+00:00\",\"breadcrumb\":{\"@id\":\"https:\\\/\\\/www.moroccodesertsky.com\\\/tours\\\/2-day-2-night-camel-ride-in-merzouga\\\/#breadcrumb\"},\"inLanguage\":\"es\",\"potentialAction\":[{\"@type\":\"ReadAction\",\"target\":[\"https:\\\/\\\/www.moroccodesertsky.com\\\/tours\\\/2-day-2-night-camel-ride-in-merzouga\\\/\"]}]},{\"@type\":\"ImageObject\",\"inLanguage\":\"es\",\"@id\":\"https:\\\/\\\/www.moroccodesertsky.com\\\/tours\\\/2-day-2-night-camel-ride-in-merzouga\\\/#primaryimage\",\"url\":\"https:\\\/\\\/www.moroccodesertsky.com\\\/wp-content\\\/uploads\\\/2025\\\/03\\\/9-2.webp\",\"contentUrl\":\"https:\\\/\\\/www.moroccodesertsky.com\\\/wp-content\\\/uploads\\\/2025\\\/03\\\/9-2.webp\",\"width\":2400,\"height\":1350},{\"@type\":\"BreadcrumbList\",\"@id\":\"https:\\\/\\\/www.moroccodesertsky.com\\\/tours\\\/2-day-2-night-camel-ride-in-merzouga\\\/#breadcrumb\",\"itemListElement\":[{\"@type\":\"ListItem\",\"position\":1,\"name\":\"Home\",\"item\":\"https:\\\/\\\/www.moroccodesertsky.com\\\/es\\\/\"},{\"@type\":\"ListItem\",\"position\":2,\"name\":\"Tienda\",\"item\":\"https:\\\/\\\/www.moroccodesertsky.com\\\/shop\\\/\"},{\"@type\":\"ListItem\",\"position\":3,\"name\":\"2 d\u00edas y 2 noches de paseo en camello en Merzouga\"}]},{\"@type\":\"WebSite\",\"@id\":\"https:\\\/\\\/www.moroccodesertsky.com\\\/#website\",\"url\":\"https:\\\/\\\/www.moroccodesertsky.com\\\/\",\"name\":\"Morocco Desert Sky\",\"description\":\"\",\"potentialAction\":[{\"@type\":\"SearchAction\",\"target\":{\"@type\":\"EntryPoint\",\"urlTemplate\":\"https:\\\/\\\/www.moroccodesertsky.com\\\/?s={search_term_string}\"},\"query-input\":{\"@type\":\"PropertyValueSpecification\",\"valueRequired\":true,\"valueName\":\"search_term_string\"}}],\"inLanguage\":\"es\"}]}<\/script>\n<!-- \/ Yoast SEO Premium plugin. -->","yoast_head_json":{"title":"2 d\u00edas y 2 noches de paseo en camello en Merzouga - Morocco Desert Sky","robots":{"index":"index","follow":"follow","max-snippet":"max-snippet:-1","max-image-preview":"max-image-preview:large","max-video-preview":"max-video-preview:-1"},"canonical":"https:\/\/www.moroccodesertsky.com\/tours\/2-day-2-night-camel-ride-in-merzouga\/","og_locale":"es_ES","og_type":"article","og_title":"2 d\u00edas y 2 noches de paseo en camello en Merzouga","og_description":"Descripci\u00f3n general: El paseo en camello de 2 noches en Merzouga te ofrece la oportunidad de pasar tiempo en el coraz\u00f3n del desierto del Sahara, disfrutando de la belleza impresionante del paisaje. Cruza las doradas dunas de Erg Chebbi con un gu\u00eda independiente, quien se asegurar\u00e1 de brindarte una experiencia aut\u00e9ntica e inmersiva. Acompa\u00f1ado por [&hellip;]","og_url":"https:\/\/www.moroccodesertsky.com\/tours\/2-day-2-night-camel-ride-in-merzouga\/","og_site_name":"Morocco Desert Sky","article_modified_time":"2025-03-16T23:42:26+00:00","og_image":[{"width":2400,"height":1350,"url":"https:\/\/www.moroccodesertsky.com\/wp-content\/uploads\/2025\/03\/9-2.webp","type":"image\/webp"}],"twitter_card":"summary_large_image","twitter_misc":{"Tiempo de lectura":"1 minuto"},"schema":{"@context":"https:\/\/schema.org","@graph":[{"@type":"WebPage","@id":"https:\/\/www.moroccodesertsky.com\/tours\/2-day-2-night-camel-ride-in-merzouga\/","url":"https:\/\/www.moroccodesertsky.com\/tours\/2-day-2-night-camel-ride-in-merzouga\/","name":"2 d\u00edas y 2 noches de paseo en camello en Merzouga - Morocco Desert Sky","isPartOf":{"@id":"https:\/\/www.moroccodesertsky.com\/#website"},"primaryImageOfPage":{"@id":"https:\/\/www.moroccodesertsky.com\/tours\/2-day-2-night-camel-ride-in-merzouga\/#primaryimage"},"image":{"@id":"https:\/\/www.moroccodesertsky.com\/tours\/2-day-2-night-camel-ride-in-merzouga\/#primaryimage"},"thumbnailUrl":"https:\/\/www.moroccodesertsky.com\/wp-content\/uploads\/2025\/03\/9-2.webp","datePublished":"2025-03-11T16:19:34+00:00","dateModified":"2025-03-16T23:42:26+00:00","breadcrumb":{"@id":"https:\/\/www.moroccodesertsky.com\/tours\/2-day-2-night-camel-ride-in-merzouga\/#breadcrumb"},"inLanguage":"es","potentialAction":[{"@type":"ReadAction","target":["https:\/\/www.moroccodesertsky.com\/tours\/2-day-2-night-camel-ride-in-merzouga\/"]}]},{"@type":"ImageObject","inLanguage":"es","@id":"https:\/\/www.moroccodesertsky.com\/tours\/2-day-2-night-camel-ride-in-merzouga\/#primaryimage","url":"https:\/\/www.moroccodesertsky.com\/wp-content\/uploads\/2025\/03\/9-2.webp","contentUrl":"https:\/\/www.moroccodesertsky.com\/wp-content\/uploads\/2025\/03\/9-2.webp","width":2400,"height":1350},{"@type":"BreadcrumbList","@id":"https:\/\/www.moroccodesertsky.com\/tours\/2-day-2-night-camel-ride-in-merzouga\/#breadcrumb","itemListElement":[{"@type":"ListItem","position":1,"name":"Home","item":"https:\/\/www.moroccodesertsky.com\/es\/"},{"@type":"ListItem","position":2,"name":"Tienda","item":"https:\/\/www.moroccodesertsky.com\/shop\/"},{"@type":"ListItem","position":3,"name":"2 d\u00edas y 2 noches de paseo en camello en Merzouga"}]},{"@type":"WebSite","@id":"https:\/\/www.moroccodesertsky.com\/#website","url":"https:\/\/www.moroccodesertsky.com\/","name":"Morocco Desert Sky","description":"","potentialAction":[{"@type":"SearchAction","target":{"@type":"EntryPoint","urlTemplate":"https:\/\/www.moroccodesertsky.com\/?s={search_term_string}"},"query-input":{"@type":"PropertyValueSpecification","valueRequired":true,"valueName":"search_term_string"}}],"inLanguage":"es"}]}},"_links":{"self":[{"href":"https:\/\/www.moroccodesertsky.com\/es\/wp-json\/wp\/v2\/product\/13056","targetHints":{"allow":["GET"]}}],"collection":[{"href":"https:\/\/www.moroccodesertsky.com\/es\/wp-json\/wp\/v2\/product"}],"about":[{"href":"https:\/\/www.moroccodesertsky.com\/es\/wp-json\/wp\/v2\/types\/product"}],"wp:featuredmedia":[{"embeddable":true,"href":"https:\/\/www.moroccodesertsky.com\/es\/wp-json\/wp\/v2\/media\/12451"}],"wp:attachment":[{"href":"https:\/\/www.moroccodesertsky.com\/es\/wp-json\/wp\/v2\/media?parent=13056"}],"wp:term":[{"taxonomy":"product_brand","embeddable":true,"href":"https:\/\/www.moroccodesertsky.com\/es\/wp-json\/wp\/v2\/product_brand?post=13056"},{"taxonomy":"product_cat","embeddable":true,"href":"https:\/\/www.moroccodesertsky.com\/es\/wp-json\/wp\/v2\/product_cat?post=13056"},{"taxonomy":"product_tag","embeddable":true,"href":"https:\/\/www.moroccodesertsky.com\/es\/wp-json\/wp\/v2\/product_tag?post=13056"}],"curies":[{"name":"wp","href":"https:\/\/api.w.org\/{rel}","templated":true}]}}