{"id":13050,"date":"2025-03-15T19:58:25","date_gmt":"2025-03-15T19:58:25","guid":{"rendered":"https:\/\/moroccodesertsky.com\/product\/3-day-tour-in-the-great-south-of-morocco-errachidia-merzouga-errachidia\/"},"modified":"2025-03-16T16:33:40","modified_gmt":"2025-03-16T16:33:40","slug":"excursion-de-3-dias-por-el-gran-sur-de-marruecos-errachidia-merzouga-errachidia","status":"publish","type":"product","link":"https:\/\/www.moroccodesertsky.com\/es\/tours\/excursion-de-3-dias-por-el-gran-sur-de-marruecos-errachidia-merzouga-errachidia\/","title":{"rendered":"Excursi\u00f3n de 3 d\u00edas por el Gran Sur de Marruecos: Errachidia &#8211; Merzouga &#8211; Errachidia"},"content":{"rendered":"<h3 style=\"font-size: 35px;\">Descripci\u00f3n general:<\/h3>\n<p>Descubra la diversidad y las maravillas del Gran Sur de Marruecos, que abarca valles, desiertos y monta\u00f1as. Este rico y variado recorrido combina cultura, naturaleza, encuentros con n\u00f3madas y una inmersi\u00f3n total en el mundo bereber.<\/p>\n<h3 style=\"font-size: 35px;\">Lo m\u00e1s destacado:<\/h3>\n<ul>\n<li><strong data-start=\"136\" data-end=\"201\">Explora los impresionantes paisajes del Gran Sur de Marruecos<\/strong> (valles, desierto y monta\u00f1as).<\/li>\n<li><strong data-start=\"237\" data-end=\"297\">Experimenta un paseo en camello en el coraz\u00f3n del Sahara<\/strong> (traves\u00eda en dromedario por las dunas).<\/li>\n<li><strong data-start=\"342\" data-end=\"398\">Conoce a familias n\u00f3madas y descubre sus tradiciones<\/strong> (encuentros aut\u00e9nticos con los n\u00f3madas).<\/li>\n<li><strong data-start=\"444\" data-end=\"514\">Disfruta de la cocina tradicional bereber y una inmersi\u00f3n cultural<\/strong> (cena y noche en un campamento bajo las estrellas).<\/li>\n<li><strong data-start=\"571\" data-end=\"635\">Visita sitios hist\u00f3ricos, incluido Rissani y su animado zoco<\/strong> (descubrimiento del mausoleo de Moulay Ali Cherif).<\/li>\n<li><strong data-start=\"692\" data-end=\"762\">Admira los impresionantes amaneceres y atardeceres sobre las dunas<\/strong> (momentos inolvidables al amanecer y atardecer).<\/li>\n<\/ul>\n<h3 style=\"font-size: 35px;\">Informaci\u00f3n:<\/h3>\n<ul>\n<li><strong data-start=\"70\" data-end=\"83\">Duraci\u00f3n:<\/strong> 4 d\u00edas \/ 3 noches<\/li>\n<li><strong data-start=\"108\" data-end=\"127\">Punto de partida:<\/strong> Errachidia (Aeropuerto o alojamiento)<\/li>\n<li><strong data-start=\"162\" data-end=\"179\">Punto de llegada:<\/strong> Errachidia (Aeropuerto o alojamiento)<\/li>\n<li><strong data-start=\"214\" data-end=\"233\">Transporte:<\/strong> 4&#215;4 privado con conductor<\/li>\n<li><strong data-start=\"273\" data-end=\"291\">Alojamiento:<\/strong> Campamento en el desierto y riad\/kasbah tradicional<\/li>\n<li><strong data-start=\"328\" data-end=\"338\">Comidas: <\/strong>Desayunos y cenas incluidos (almuerzo opcional)<\/li>\n<li><strong data-start=\"391\" data-end=\"405\">Idiomas:<\/strong> Ingl\u00e9s, franc\u00e9s, gu\u00edas disponibles<\/li>\n<li><strong data-start=\"461\" data-end=\"476\">Tama\u00f1o del grupo:<\/strong> Excursiones privadas o en grupos peque\u00f1os<\/li>\n<li><strong data-start=\"510\" data-end=\"529\">Nivel de actividad:<\/strong> Moderado (paseos en camello y algunas caminatas)<\/li>\n<li><strong data-start=\"585\" data-end=\"602\">Disponibilidad:<\/strong> Todo el a\u00f1o<\/li>\n<\/ul>\n","protected":false},"excerpt":{"rendered":"<p>Descripci\u00f3n general: Descubra la diversidad y las maravillas del Gran Sur de Marruecos, que abarca valles, desiertos y monta\u00f1as. Este rico y variado recorrido combina cultura, naturaleza, encuentros con n\u00f3madas y una inmersi\u00f3n total en el mundo bereber. Lo m\u00e1s destacado: Explora los impresionantes paisajes del Gran Sur de Marruecos (valles, desierto y monta\u00f1as). Experimenta [&hellip;]<\/p>\n","protected":false},"featured_media":12986,"template":"","meta":[],"product_brand":[],"product_cat":[113,114],"product_tag":[],"class_list":{"0":"post-13050","1":"product","2":"type-product","3":"status-publish","4":"has-post-thumbnail","6":"product_cat-all-tours-es","7":"product_cat-errachidia-es","9":"first","10":"instock","11":"shipping-taxable","12":"product-type-ovabrw_car_rental"},"yoast_head":"<!-- This site is optimized with the Yoast SEO Premium plugin v24.6 (Yoast SEO v27.4) - https:\/\/yoast.com\/product\/yoast-seo-premium-wordpress\/ -->\n<title>Excursi\u00f3n de 3 d\u00edas por el Gran Sur de Marruecos: Errachidia - Merzouga - Errachidia - Morocco Desert Sky<\/title>\n<meta name=\"robots\" content=\"index, follow, max-snippet:-1, max-image-preview:large, max-video-preview:-1\" \/>\n<link rel=\"canonical\" href=\"https:\/\/www.moroccodesertsky.com\/tours\/3-day-tour-in-the-great-south-of-morocco-errachidia-merzouga-errachidia\/\" \/>\n<meta property=\"og:locale\" content=\"es_ES\" \/>\n<meta property=\"og:type\" content=\"article\" \/>\n<meta property=\"og:title\" content=\"Excursi\u00f3n de 3 d\u00edas por el Gran Sur de Marruecos: Errachidia - Merzouga - Errachidia\" \/>\n<meta property=\"og:description\" content=\"Descripci\u00f3n general: Descubra la diversidad y las maravillas del Gran Sur de Marruecos, que abarca valles, desiertos y monta\u00f1as. Este rico y variado recorrido combina cultura, naturaleza, encuentros con n\u00f3madas y una inmersi\u00f3n total en el mundo bereber. Lo m\u00e1s destacado: Explora los impresionantes paisajes del Gran Sur de Marruecos (valles, desierto y monta\u00f1as). Experimenta [&hellip;]\" \/>\n<meta property=\"og:url\" content=\"https:\/\/www.moroccodesertsky.com\/tours\/3-day-tour-in-the-great-south-of-morocco-errachidia-merzouga-errachidia\/\" \/>\n<meta property=\"og:site_name\" content=\"Morocco Desert Sky\" \/>\n<meta property=\"article:modified_time\" content=\"2025-03-16T16:33:40+00:00\" \/>\n<meta property=\"og:image\" content=\"https:\/\/www.moroccodesertsky.com\/wp-content\/uploads\/2025\/03\/5-7.webp\" \/>\n\t<meta property=\"og:image:width\" content=\"2400\" \/>\n\t<meta property=\"og:image:height\" content=\"1350\" \/>\n\t<meta property=\"og:image:type\" content=\"image\/webp\" \/>\n<meta name=\"twitter:card\" content=\"summary_large_image\" \/>\n<meta name=\"twitter:label1\" content=\"Tiempo de lectura\" \/>\n\t<meta name=\"twitter:data1\" content=\"1 minuto\" \/>\n<script type=\"application\/ld+json\" class=\"yoast-schema-graph\">{\"@context\":\"https:\\\/\\\/schema.org\",\"@graph\":[{\"@type\":\"WebPage\",\"@id\":\"https:\\\/\\\/www.moroccodesertsky.com\\\/tours\\\/3-day-tour-in-the-great-south-of-morocco-errachidia-merzouga-errachidia\\\/\",\"url\":\"https:\\\/\\\/www.moroccodesertsky.com\\\/tours\\\/3-day-tour-in-the-great-south-of-morocco-errachidia-merzouga-errachidia\\\/\",\"name\":\"Excursi\u00f3n de 3 d\u00edas por el Gran Sur de Marruecos: Errachidia - Merzouga - Errachidia - Morocco Desert Sky\",\"isPartOf\":{\"@id\":\"https:\\\/\\\/www.moroccodesertsky.com\\\/#website\"},\"primaryImageOfPage\":{\"@id\":\"https:\\\/\\\/www.moroccodesertsky.com\\\/tours\\\/3-day-tour-in-the-great-south-of-morocco-errachidia-merzouga-errachidia\\\/#primaryimage\"},\"image\":{\"@id\":\"https:\\\/\\\/www.moroccodesertsky.com\\\/tours\\\/3-day-tour-in-the-great-south-of-morocco-errachidia-merzouga-errachidia\\\/#primaryimage\"},\"thumbnailUrl\":\"https:\\\/\\\/www.moroccodesertsky.com\\\/wp-content\\\/uploads\\\/2025\\\/03\\\/5-7.webp\",\"datePublished\":\"2025-03-15T19:58:25+00:00\",\"dateModified\":\"2025-03-16T16:33:40+00:00\",\"breadcrumb\":{\"@id\":\"https:\\\/\\\/www.moroccodesertsky.com\\\/tours\\\/3-day-tour-in-the-great-south-of-morocco-errachidia-merzouga-errachidia\\\/#breadcrumb\"},\"inLanguage\":\"es\",\"potentialAction\":[{\"@type\":\"ReadAction\",\"target\":[\"https:\\\/\\\/www.moroccodesertsky.com\\\/tours\\\/3-day-tour-in-the-great-south-of-morocco-errachidia-merzouga-errachidia\\\/\"]}]},{\"@type\":\"ImageObject\",\"inLanguage\":\"es\",\"@id\":\"https:\\\/\\\/www.moroccodesertsky.com\\\/tours\\\/3-day-tour-in-the-great-south-of-morocco-errachidia-merzouga-errachidia\\\/#primaryimage\",\"url\":\"https:\\\/\\\/www.moroccodesertsky.com\\\/wp-content\\\/uploads\\\/2025\\\/03\\\/5-7.webp\",\"contentUrl\":\"https:\\\/\\\/www.moroccodesertsky.com\\\/wp-content\\\/uploads\\\/2025\\\/03\\\/5-7.webp\",\"width\":2400,\"height\":1350},{\"@type\":\"BreadcrumbList\",\"@id\":\"https:\\\/\\\/www.moroccodesertsky.com\\\/tours\\\/3-day-tour-in-the-great-south-of-morocco-errachidia-merzouga-errachidia\\\/#breadcrumb\",\"itemListElement\":[{\"@type\":\"ListItem\",\"position\":1,\"name\":\"Home\",\"item\":\"https:\\\/\\\/www.moroccodesertsky.com\\\/es\\\/\"},{\"@type\":\"ListItem\",\"position\":2,\"name\":\"Tienda\",\"item\":\"https:\\\/\\\/www.moroccodesertsky.com\\\/shop\\\/\"},{\"@type\":\"ListItem\",\"position\":3,\"name\":\"Excursi\u00f3n de 3 d\u00edas por el Gran Sur de Marruecos: Errachidia &#8211; Merzouga &#8211; Errachidia\"}]},{\"@type\":\"WebSite\",\"@id\":\"https:\\\/\\\/www.moroccodesertsky.com\\\/#website\",\"url\":\"https:\\\/\\\/www.moroccodesertsky.com\\\/\",\"name\":\"Morocco Desert Sky\",\"description\":\"\",\"potentialAction\":[{\"@type\":\"SearchAction\",\"target\":{\"@type\":\"EntryPoint\",\"urlTemplate\":\"https:\\\/\\\/www.moroccodesertsky.com\\\/?s={search_term_string}\"},\"query-input\":{\"@type\":\"PropertyValueSpecification\",\"valueRequired\":true,\"valueName\":\"search_term_string\"}}],\"inLanguage\":\"es\"}]}<\/script>\n<!-- \/ Yoast SEO Premium plugin. -->","yoast_head_json":{"title":"Excursi\u00f3n de 3 d\u00edas por el Gran Sur de Marruecos: Errachidia - Merzouga - Errachidia - Morocco Desert Sky","robots":{"index":"index","follow":"follow","max-snippet":"max-snippet:-1","max-image-preview":"max-image-preview:large","max-video-preview":"max-video-preview:-1"},"canonical":"https:\/\/www.moroccodesertsky.com\/tours\/3-day-tour-in-the-great-south-of-morocco-errachidia-merzouga-errachidia\/","og_locale":"es_ES","og_type":"article","og_title":"Excursi\u00f3n de 3 d\u00edas por el Gran Sur de Marruecos: Errachidia - Merzouga - Errachidia","og_description":"Descripci\u00f3n general: Descubra la diversidad y las maravillas del Gran Sur de Marruecos, que abarca valles, desiertos y monta\u00f1as. Este rico y variado recorrido combina cultura, naturaleza, encuentros con n\u00f3madas y una inmersi\u00f3n total en el mundo bereber. Lo m\u00e1s destacado: Explora los impresionantes paisajes del Gran Sur de Marruecos (valles, desierto y monta\u00f1as). Experimenta [&hellip;]","og_url":"https:\/\/www.moroccodesertsky.com\/tours\/3-day-tour-in-the-great-south-of-morocco-errachidia-merzouga-errachidia\/","og_site_name":"Morocco Desert Sky","article_modified_time":"2025-03-16T16:33:40+00:00","og_image":[{"width":2400,"height":1350,"url":"https:\/\/www.moroccodesertsky.com\/wp-content\/uploads\/2025\/03\/5-7.webp","type":"image\/webp"}],"twitter_card":"summary_large_image","twitter_misc":{"Tiempo de lectura":"1 minuto"},"schema":{"@context":"https:\/\/schema.org","@graph":[{"@type":"WebPage","@id":"https:\/\/www.moroccodesertsky.com\/tours\/3-day-tour-in-the-great-south-of-morocco-errachidia-merzouga-errachidia\/","url":"https:\/\/www.moroccodesertsky.com\/tours\/3-day-tour-in-the-great-south-of-morocco-errachidia-merzouga-errachidia\/","name":"Excursi\u00f3n de 3 d\u00edas por el Gran Sur de Marruecos: Errachidia - Merzouga - Errachidia - Morocco Desert Sky","isPartOf":{"@id":"https:\/\/www.moroccodesertsky.com\/#website"},"primaryImageOfPage":{"@id":"https:\/\/www.moroccodesertsky.com\/tours\/3-day-tour-in-the-great-south-of-morocco-errachidia-merzouga-errachidia\/#primaryimage"},"image":{"@id":"https:\/\/www.moroccodesertsky.com\/tours\/3-day-tour-in-the-great-south-of-morocco-errachidia-merzouga-errachidia\/#primaryimage"},"thumbnailUrl":"https:\/\/www.moroccodesertsky.com\/wp-content\/uploads\/2025\/03\/5-7.webp","datePublished":"2025-03-15T19:58:25+00:00","dateModified":"2025-03-16T16:33:40+00:00","breadcrumb":{"@id":"https:\/\/www.moroccodesertsky.com\/tours\/3-day-tour-in-the-great-south-of-morocco-errachidia-merzouga-errachidia\/#breadcrumb"},"inLanguage":"es","potentialAction":[{"@type":"ReadAction","target":["https:\/\/www.moroccodesertsky.com\/tours\/3-day-tour-in-the-great-south-of-morocco-errachidia-merzouga-errachidia\/"]}]},{"@type":"ImageObject","inLanguage":"es","@id":"https:\/\/www.moroccodesertsky.com\/tours\/3-day-tour-in-the-great-south-of-morocco-errachidia-merzouga-errachidia\/#primaryimage","url":"https:\/\/www.moroccodesertsky.com\/wp-content\/uploads\/2025\/03\/5-7.webp","contentUrl":"https:\/\/www.moroccodesertsky.com\/wp-content\/uploads\/2025\/03\/5-7.webp","width":2400,"height":1350},{"@type":"BreadcrumbList","@id":"https:\/\/www.moroccodesertsky.com\/tours\/3-day-tour-in-the-great-south-of-morocco-errachidia-merzouga-errachidia\/#breadcrumb","itemListElement":[{"@type":"ListItem","position":1,"name":"Home","item":"https:\/\/www.moroccodesertsky.com\/es\/"},{"@type":"ListItem","position":2,"name":"Tienda","item":"https:\/\/www.moroccodesertsky.com\/shop\/"},{"@type":"ListItem","position":3,"name":"Excursi\u00f3n de 3 d\u00edas por el Gran Sur de Marruecos: Errachidia &#8211; Merzouga &#8211; Errachidia"}]},{"@type":"WebSite","@id":"https:\/\/www.moroccodesertsky.com\/#website","url":"https:\/\/www.moroccodesertsky.com\/","name":"Morocco Desert Sky","description":"","potentialAction":[{"@type":"SearchAction","target":{"@type":"EntryPoint","urlTemplate":"https:\/\/www.moroccodesertsky.com\/?s={search_term_string}"},"query-input":{"@type":"PropertyValueSpecification","valueRequired":true,"valueName":"search_term_string"}}],"inLanguage":"es"}]}},"_links":{"self":[{"href":"https:\/\/www.moroccodesertsky.com\/es\/wp-json\/wp\/v2\/product\/13050","targetHints":{"allow":["GET"]}}],"collection":[{"href":"https:\/\/www.moroccodesertsky.com\/es\/wp-json\/wp\/v2\/product"}],"about":[{"href":"https:\/\/www.moroccodesertsky.com\/es\/wp-json\/wp\/v2\/types\/product"}],"wp:featuredmedia":[{"embeddable":true,"href":"https:\/\/www.moroccodesertsky.com\/es\/wp-json\/wp\/v2\/media\/12986"}],"wp:attachment":[{"href":"https:\/\/www.moroccodesertsky.com\/es\/wp-json\/wp\/v2\/media?parent=13050"}],"wp:term":[{"taxonomy":"product_brand","embeddable":true,"href":"https:\/\/www.moroccodesertsky.com\/es\/wp-json\/wp\/v2\/product_brand?post=13050"},{"taxonomy":"product_cat","embeddable":true,"href":"https:\/\/www.moroccodesertsky.com\/es\/wp-json\/wp\/v2\/product_cat?post=13050"},{"taxonomy":"product_tag","embeddable":true,"href":"https:\/\/www.moroccodesertsky.com\/es\/wp-json\/wp\/v2\/product_tag?post=13050"}],"curies":[{"name":"wp","href":"https:\/\/api.w.org\/{rel}","templated":true}]}}