{"id":13436,"date":"2025-03-15T18:20:21","date_gmt":"2025-03-15T18:20:21","guid":{"rendered":"https:\/\/moroccodesertsky.com\/tours-from-errachidia\/"},"modified":"2025-09-24T12:49:45","modified_gmt":"2025-09-24T12:49:45","slug":"tours-desde-errachidia","status":"publish","type":"page","link":"https:\/\/www.moroccodesertsky.com\/es\/tours-desde-errachidia\/","title":{"rendered":"Tours Desde Errachidia"},"content":{"rendered":"\t\t<div data-elementor-type=\"wp-page\" data-elementor-id=\"13436\" class=\"elementor elementor-13436 elementor-13008\" data-elementor-post-type=\"page\">\n\t\t\t\t<div class=\"elementor-element elementor-element-35c4c33 e-flex e-con-boxed e-con e-parent\" data-id=\"35c4c33\" data-element_type=\"container\" data-e-type=\"container\">\n\t\t\t\t\t<div class=\"e-con-inner\">\n\t\t\t\t<div class=\"elementor-element elementor-element-349ab3e elementor-widget elementor-widget-text-editor\" data-id=\"349ab3e\" data-element_type=\"widget\" data-e-type=\"widget\" data-widget_type=\"text-editor.default\">\n\t\t\t\t<div class=\"elementor-widget-container\">\n\t\t\t\t\t\t\t\t\t<p>Descubre tours emocionantes desde Errachidia con <a href=\"https:\/\/www.instagram.com\/moroccodesertsky\/\">Morocco Desert Sky<\/a>. Explora impresionantes paisajes des\u00e9rticos, kasbahs hist\u00f3ricos y cultura local vibrante.<\/p><p>Nuestros tours desde Errachidia ofrecen aventuras aut\u00e9nticas que incluyen paseos en <a href=\"https:\/\/www.moroccodesertsky.com\/product\/1-day-1-night-camel-ride-merzouga\/\">camello<\/a>, visitas a oasis y excursiones por las monta\u00f1as. Reserva tus Tours Desde Errachidia con Morocco Desert Sky hoy para una experiencia marroqu\u00ed inolvidable.<\/p>\t\t\t\t\t\t\t\t<\/div>\n\t\t\t\t<\/div>\n\t\t\t\t\t<\/div>\n\t\t\t\t<\/div>\n\t\t<div class=\"elementor-element elementor-element-234f880 e-flex e-con-boxed e-con e-parent\" data-id=\"234f880\" data-element_type=\"container\" data-e-type=\"container\">\n\t\t\t\t\t<div class=\"e-con-inner\">\n\t\t<div class=\"elementor-element elementor-element-a6d0c1a e-con-full e-flex e-con e-child\" data-id=\"a6d0c1a\" data-element_type=\"container\" data-e-type=\"container\">\n\t\t\t\t<div class=\"elementor-element elementor-element-ebdab1b elementor-widget elementor-widget-ovabrw_product_list\" data-id=\"ebdab1b\" data-element_type=\"widget\" data-e-type=\"widget\" data-widget_type=\"ovabrw_product_list.default\">\n\t\t\t\t<div class=\"elementor-widget-container\">\n\t\t\t\t\t\n\t\t\t\t\t<div class=\"ova-product-list ova-product-list-template2 column1\">\n\t\t\t\t\t\t\t\t\t\n<div class=\"ova-product product type-product post-13050 status-publish first instock product_cat-all-tours-es product_cat-errachidia-es has-post-thumbnail shipping-taxable product-type-ovabrw_car_rental\">\n\t\n<div class=\"ova_head_product\">\n\t\t\t\t<div class=\"ova-product-wishlist\">\n\t\t\t<div class=\"yith-add-to-wishlist-button-block\" data-product-id=\"13050\" data-attributes=\"{&quot;kind&quot;:&quot;button&quot;}\"><\/div>\t\t<\/div>\n\t\t\t\t<a href=\"https:\/\/www.moroccodesertsky.com\/es\/tours\/excursion-de-3-dias-por-el-gran-sur-de-marruecos-errachidia-merzouga-errachidia\/\" class=\"ova-product-thumbnail\">\n\t\t\t<img fetchpriority=\"high\" decoding=\"async\" width=\"636\" height=\"426\" src=\"https:\/\/www.moroccodesertsky.com\/wp-content\/uploads\/2025\/03\/5-7-636x426.webp\" class=\"attachment-tripgo_product_slider size-tripgo_product_slider\" alt=\"Excursi\u00f3n de 3 d\u00edas por el Gran Sur de Marruecos: Errachidia - Merzouga - Errachidia\" srcset=\"https:\/\/www.moroccodesertsky.com\/wp-content\/uploads\/2025\/03\/5-7-636x426.webp 636w, https:\/\/www.moroccodesertsky.com\/wp-content\/uploads\/2025\/03\/5-7-416x280.webp 416w\" sizes=\"(max-width: 636px) 100vw, 636px\" \/>\t\t<\/a>\n\t<\/div>\n<div class=\"ova_foot_product\">\n\t<div class=\"ova-product-day-title-location\">\n\t\t\t\t\t<div class=\"ova-tour-day\">\n\t\t\t\t<i aria-hidden=\"true\" class=\"icomoon icomoon-clock\"><\/i>\n\t\t\t\t\t\t\t\t\t\t\t\t\t\t\t3 d\u00edas\t\t\t\t\t\t\t\t\t\t\t\t<\/div>\n\t\t\n\t\t\t\t\t<h3 class=\"ova-product-title\">\n\t\t\t\t<a href=\"https:\/\/www.moroccodesertsky.com\/es\/tours\/excursion-de-3-dias-por-el-gran-sur-de-marruecos-errachidia-merzouga-errachidia\/\">\n\t\t\t        Excursi\u00f3n de 3 d\u00edas por el Gran Sur de Marruecos: Errachidia &#8211; Merzouga &#8211; Errachidia\t\t\t    <\/a>\n\t\t\t<\/h3>\n\t\t\n\t\t\t        <div class=\"ova-product-location\">\n\t            <i aria-hidden=\"true\" class=\"icomoon icomoon-location\"><\/i>\n\t            <span class=\"location\">\n\t                Errachidia, Merzouga\t            <\/span>\n\t        <\/div>\n\t    \t    \n\t   <div class=\"product-excerpt\">\n\t       <p>\n\t           \n            Descripci\u00f3n general: Descubra la diversidad y las maravillas del Gran Sur de Marruecos, que abarca valles, desiertos y monta\u00f1as. Este rico y variado recorrido combina\u2026            \n            <\/p>\n        <\/div>\n\n\t<\/div>\n    <div class=\"ova-product-review-and-price\">\n    \t\t\t<div class=\"ova-product-wrapper-price\">\n\t\t\t\t\t\t\t<div class=\"ova-product-price\">\n\t\t\t\t\t\t\t\t\t    \t\t\t\t\t    \t\t<span class=\"no-product-price\">Precio de opci\u00f3n<\/span>\n\t\t\t\t    \t\t\t\t\t\t\t\t\t\t<\/div>\n\t\t\t\n\t\t\t\t\t\t\t<a href=\"https:\/\/www.moroccodesertsky.com\/es\/tours\/excursion-de-3-dias-por-el-gran-sur-de-marruecos-errachidia-merzouga-errachidia\/\" class=\"btn product-btn-book-now\">\n\t\t\t\t\t<span>Explorar<\/span>\n\t\t\t\t<\/a>\n\t\t\t\t\t<\/div>\n    <\/div>\n<\/div><\/div>\t\t\t\t\t\t\t<\/div>\n\n\t\t\n\t\t\t\t\t\t<\/div>\n\t\t\t\t<\/div>\n\t\t\t\t<\/div>\n\t\t<div class=\"elementor-element elementor-element-56f8660 e-con-full e-flex e-con e-child\" data-id=\"56f8660\" data-element_type=\"container\" data-e-type=\"container\" data-settings=\"{&quot;sticky_on&quot;:[&quot;desktop&quot;,&quot;tablet&quot;],&quot;sticky_parent&quot;:&quot;yes&quot;,&quot;sticky&quot;:&quot;top&quot;,&quot;sticky_offset&quot;:0,&quot;sticky_effects_offset&quot;:0}\">\n\t\t\t\t<div class=\"elementor-element elementor-element-3cc11ba elementor-widget elementor-widget-image\" data-id=\"3cc11ba\" data-element_type=\"widget\" data-e-type=\"widget\" data-widget_type=\"image.default\">\n\t\t\t\t<div class=\"elementor-widget-container\">\n\t\t\t\t\t\t\t\t\t\t\t\t\t\t\t<img decoding=\"async\" width=\"768\" height=\"1024\" src=\"https:\/\/www.moroccodesertsky.com\/wp-content\/uploads\/2025\/02\/Brown-Beige-Simple-Desert-and-Camel-Photo-Album-Cover-900-x-1200-px-1-768x1024.png\" class=\"attachment-large size-large wp-image-12006\" alt=\"\" srcset=\"https:\/\/www.moroccodesertsky.com\/wp-content\/uploads\/2025\/02\/Brown-Beige-Simple-Desert-and-Camel-Photo-Album-Cover-900-x-1200-px-1-768x1024.png 768w, https:\/\/www.moroccodesertsky.com\/wp-content\/uploads\/2025\/02\/Brown-Beige-Simple-Desert-and-Camel-Photo-Album-Cover-900-x-1200-px-1-225x300.png 225w, https:\/\/www.moroccodesertsky.com\/wp-content\/uploads\/2025\/02\/Brown-Beige-Simple-Desert-and-Camel-Photo-Album-Cover-900-x-1200-px-1-1152x1536.png 1152w, https:\/\/www.moroccodesertsky.com\/wp-content\/uploads\/2025\/02\/Brown-Beige-Simple-Desert-and-Camel-Photo-Album-Cover-900-x-1200-px-1-1536x2048.png 1536w, https:\/\/www.moroccodesertsky.com\/wp-content\/uploads\/2025\/02\/Brown-Beige-Simple-Desert-and-Camel-Photo-Album-Cover-900-x-1200-px-1-600x800.png 600w\" sizes=\"(max-width: 768px) 100vw, 768px\" \/>\t\t\t\t\t\t\t\t\t\t\t\t\t\t\t<\/div>\n\t\t\t\t<\/div>\n\t\t\t\t<div class=\"elementor-element elementor-element-069bc75 elementor-widget elementor-widget-video\" data-id=\"069bc75\" data-element_type=\"widget\" data-e-type=\"widget\" data-settings=\"{&quot;video_type&quot;:&quot;hosted&quot;,&quot;autoplay&quot;:&quot;yes&quot;,&quot;mute&quot;:&quot;yes&quot;,&quot;loop&quot;:&quot;yes&quot;,&quot;controls&quot;:&quot;yes&quot;}\" data-widget_type=\"video.default\">\n\t\t\t\t<div class=\"elementor-widget-container\">\n\t\t\t\t\t\t\t<div class=\"e-hosted-video elementor-wrapper elementor-open-inline\">\n\t\t\t\t\t<video class=\"elementor-video\" src=\"https:\/\/moroccodesertsky.com\/wp-content\/uploads\/2025\/02\/vd-cml.mp4\" autoplay=\"\" loop=\"\" controls=\"\" muted=\"muted\" controlsList=\"nodownload\"><\/video>\n\t\t\t\t<\/div>\n\t\t\t\t\t\t<\/div>\n\t\t\t\t<\/div>\n\t\t\t\t<\/div>\n\t\t\t\t\t<\/div>\n\t\t\t\t<\/div>\n\t\t\t\t<\/div>\n\t\t","protected":false},"excerpt":{"rendered":"<p>Descubre tours emocionantes desde Errachidia con Morocco Desert Sky. Explora impresionantes paisajes des\u00e9rticos, kasbahs hist\u00f3ricos y cultura local vibrante. Nuestros tours desde Errachidia ofrecen aventuras aut\u00e9nticas que incluyen paseos en camello, visitas a oasis y excursiones por las monta\u00f1as. Reserva tus Tours Desde Errachidia con Morocco Desert Sky hoy para una experiencia marroqu\u00ed inolvidable. 3 [&hellip;]<\/p>\n","protected":false},"author":1,"featured_media":0,"parent":0,"menu_order":0,"comment_status":"closed","ping_status":"closed","template":"elementor_header_footer","meta":{"footnotes":""},"class_list":["post-13436","page","type-page","status-publish","hentry"],"yoast_head":"<!-- This site is optimized with the Yoast SEO Premium plugin v24.6 (Yoast SEO v27.4) - https:\/\/yoast.com\/product\/yoast-seo-premium-wordpress\/ -->\n<title>Tours Desde Errachidia | Aventuras Morocco Desert Sky<\/title>\n<meta name=\"description\" content=\"Explora Tours Desde Errachidia con Morocco Desert Sky. Desierto, kasbahs y cultura. Reserva tu aventura marroqu\u00ed inolvidable hoy !\" \/>\n<meta name=\"robots\" content=\"index, follow, max-snippet:-1, max-image-preview:large, max-video-preview:-1\" \/>\n<link rel=\"canonical\" href=\"https:\/\/www.moroccodesertsky.com\/es\/tours-desde-errachidia\/\" \/>\n<meta property=\"og:locale\" content=\"es_ES\" \/>\n<meta property=\"og:type\" content=\"article\" \/>\n<meta property=\"og:title\" content=\"Tours Desde Errachidia\" \/>\n<meta property=\"og:description\" content=\"Explora Tours Desde Errachidia con Morocco Desert Sky. Desierto, kasbahs y cultura. Reserva tu aventura marroqu\u00ed inolvidable hoy !\" \/>\n<meta property=\"og:url\" content=\"https:\/\/www.moroccodesertsky.com\/es\/tours-desde-errachidia\/\" \/>\n<meta property=\"og:site_name\" content=\"Morocco Desert Sky\" \/>\n<meta property=\"article:modified_time\" content=\"2025-09-24T12:49:45+00:00\" \/>\n<meta property=\"og:image\" content=\"https:\/\/www.moroccodesertsky.com\/wp-content\/uploads\/2025\/03\/5-7-636x426.webp\" \/>\n<meta name=\"twitter:card\" content=\"summary_large_image\" \/>\n<meta name=\"twitter:label1\" content=\"Tiempo de lectura\" \/>\n\t<meta name=\"twitter:data1\" content=\"1 minuto\" \/>\n<script type=\"application\/ld+json\" class=\"yoast-schema-graph\">{\"@context\":\"https:\\\/\\\/schema.org\",\"@graph\":[{\"@type\":\"WebPage\",\"@id\":\"https:\\\/\\\/www.moroccodesertsky.com\\\/es\\\/tours-desde-errachidia\\\/\",\"url\":\"https:\\\/\\\/www.moroccodesertsky.com\\\/es\\\/tours-desde-errachidia\\\/\",\"name\":\"Tours Desde Errachidia | Aventuras Morocco Desert Sky\",\"isPartOf\":{\"@id\":\"https:\\\/\\\/www.moroccodesertsky.com\\\/#website\"},\"primaryImageOfPage\":{\"@id\":\"https:\\\/\\\/www.moroccodesertsky.com\\\/es\\\/tours-desde-errachidia\\\/#primaryimage\"},\"image\":{\"@id\":\"https:\\\/\\\/www.moroccodesertsky.com\\\/es\\\/tours-desde-errachidia\\\/#primaryimage\"},\"thumbnailUrl\":\"https:\\\/\\\/www.moroccodesertsky.com\\\/wp-content\\\/uploads\\\/2025\\\/03\\\/5-7-636x426.webp\",\"datePublished\":\"2025-03-15T18:20:21+00:00\",\"dateModified\":\"2025-09-24T12:49:45+00:00\",\"description\":\"Explora Tours Desde Errachidia con Morocco Desert Sky. Desierto, kasbahs y cultura. Reserva tu aventura marroqu\u00ed inolvidable hoy !\",\"breadcrumb\":{\"@id\":\"https:\\\/\\\/www.moroccodesertsky.com\\\/es\\\/tours-desde-errachidia\\\/#breadcrumb\"},\"inLanguage\":\"es\",\"potentialAction\":[{\"@type\":\"ReadAction\",\"target\":[\"https:\\\/\\\/www.moroccodesertsky.com\\\/es\\\/tours-desde-errachidia\\\/\"]}]},{\"@type\":\"ImageObject\",\"inLanguage\":\"es\",\"@id\":\"https:\\\/\\\/www.moroccodesertsky.com\\\/es\\\/tours-desde-errachidia\\\/#primaryimage\",\"url\":\"https:\\\/\\\/www.moroccodesertsky.com\\\/wp-content\\\/uploads\\\/2025\\\/03\\\/5-7-636x426.webp\",\"contentUrl\":\"https:\\\/\\\/www.moroccodesertsky.com\\\/wp-content\\\/uploads\\\/2025\\\/03\\\/5-7-636x426.webp\"},{\"@type\":\"BreadcrumbList\",\"@id\":\"https:\\\/\\\/www.moroccodesertsky.com\\\/es\\\/tours-desde-errachidia\\\/#breadcrumb\",\"itemListElement\":[{\"@type\":\"ListItem\",\"position\":1,\"name\":\"Home\",\"item\":\"https:\\\/\\\/www.moroccodesertsky.com\\\/es\\\/\"},{\"@type\":\"ListItem\",\"position\":2,\"name\":\"Tours Desde Errachidia\"}]},{\"@type\":\"WebSite\",\"@id\":\"https:\\\/\\\/www.moroccodesertsky.com\\\/#website\",\"url\":\"https:\\\/\\\/www.moroccodesertsky.com\\\/\",\"name\":\"Morocco Desert Sky\",\"description\":\"\",\"potentialAction\":[{\"@type\":\"SearchAction\",\"target\":{\"@type\":\"EntryPoint\",\"urlTemplate\":\"https:\\\/\\\/www.moroccodesertsky.com\\\/?s={search_term_string}\"},\"query-input\":{\"@type\":\"PropertyValueSpecification\",\"valueRequired\":true,\"valueName\":\"search_term_string\"}}],\"inLanguage\":\"es\"}]}<\/script>\n<!-- \/ Yoast SEO Premium plugin. -->","yoast_head_json":{"title":"Tours Desde Errachidia | Aventuras Morocco Desert Sky","description":"Explora Tours Desde Errachidia con Morocco Desert Sky. Desierto, kasbahs y cultura. Reserva tu aventura marroqu\u00ed inolvidable hoy !","robots":{"index":"index","follow":"follow","max-snippet":"max-snippet:-1","max-image-preview":"max-image-preview:large","max-video-preview":"max-video-preview:-1"},"canonical":"https:\/\/www.moroccodesertsky.com\/es\/tours-desde-errachidia\/","og_locale":"es_ES","og_type":"article","og_title":"Tours Desde Errachidia","og_description":"Explora Tours Desde Errachidia con Morocco Desert Sky. Desierto, kasbahs y cultura. Reserva tu aventura marroqu\u00ed inolvidable hoy !","og_url":"https:\/\/www.moroccodesertsky.com\/es\/tours-desde-errachidia\/","og_site_name":"Morocco Desert Sky","article_modified_time":"2025-09-24T12:49:45+00:00","og_image":[{"url":"https:\/\/www.moroccodesertsky.com\/wp-content\/uploads\/2025\/03\/5-7-636x426.webp","type":"","width":"","height":""}],"twitter_card":"summary_large_image","twitter_misc":{"Tiempo de lectura":"1 minuto"},"schema":{"@context":"https:\/\/schema.org","@graph":[{"@type":"WebPage","@id":"https:\/\/www.moroccodesertsky.com\/es\/tours-desde-errachidia\/","url":"https:\/\/www.moroccodesertsky.com\/es\/tours-desde-errachidia\/","name":"Tours Desde Errachidia | Aventuras Morocco Desert Sky","isPartOf":{"@id":"https:\/\/www.moroccodesertsky.com\/#website"},"primaryImageOfPage":{"@id":"https:\/\/www.moroccodesertsky.com\/es\/tours-desde-errachidia\/#primaryimage"},"image":{"@id":"https:\/\/www.moroccodesertsky.com\/es\/tours-desde-errachidia\/#primaryimage"},"thumbnailUrl":"https:\/\/www.moroccodesertsky.com\/wp-content\/uploads\/2025\/03\/5-7-636x426.webp","datePublished":"2025-03-15T18:20:21+00:00","dateModified":"2025-09-24T12:49:45+00:00","description":"Explora Tours Desde Errachidia con Morocco Desert Sky. Desierto, kasbahs y cultura. Reserva tu aventura marroqu\u00ed inolvidable hoy !","breadcrumb":{"@id":"https:\/\/www.moroccodesertsky.com\/es\/tours-desde-errachidia\/#breadcrumb"},"inLanguage":"es","potentialAction":[{"@type":"ReadAction","target":["https:\/\/www.moroccodesertsky.com\/es\/tours-desde-errachidia\/"]}]},{"@type":"ImageObject","inLanguage":"es","@id":"https:\/\/www.moroccodesertsky.com\/es\/tours-desde-errachidia\/#primaryimage","url":"https:\/\/www.moroccodesertsky.com\/wp-content\/uploads\/2025\/03\/5-7-636x426.webp","contentUrl":"https:\/\/www.moroccodesertsky.com\/wp-content\/uploads\/2025\/03\/5-7-636x426.webp"},{"@type":"BreadcrumbList","@id":"https:\/\/www.moroccodesertsky.com\/es\/tours-desde-errachidia\/#breadcrumb","itemListElement":[{"@type":"ListItem","position":1,"name":"Home","item":"https:\/\/www.moroccodesertsky.com\/es\/"},{"@type":"ListItem","position":2,"name":"Tours Desde Errachidia"}]},{"@type":"WebSite","@id":"https:\/\/www.moroccodesertsky.com\/#website","url":"https:\/\/www.moroccodesertsky.com\/","name":"Morocco Desert Sky","description":"","potentialAction":[{"@type":"SearchAction","target":{"@type":"EntryPoint","urlTemplate":"https:\/\/www.moroccodesertsky.com\/?s={search_term_string}"},"query-input":{"@type":"PropertyValueSpecification","valueRequired":true,"valueName":"search_term_string"}}],"inLanguage":"es"}]}},"_links":{"self":[{"href":"https:\/\/www.moroccodesertsky.com\/es\/wp-json\/wp\/v2\/pages\/13436","targetHints":{"allow":["GET"]}}],"collection":[{"href":"https:\/\/www.moroccodesertsky.com\/es\/wp-json\/wp\/v2\/pages"}],"about":[{"href":"https:\/\/www.moroccodesertsky.com\/es\/wp-json\/wp\/v2\/types\/page"}],"author":[{"embeddable":true,"href":"https:\/\/www.moroccodesertsky.com\/es\/wp-json\/wp\/v2\/users\/1"}],"replies":[{"embeddable":true,"href":"https:\/\/www.moroccodesertsky.com\/es\/wp-json\/wp\/v2\/comments?post=13436"}],"version-history":[{"count":8,"href":"https:\/\/www.moroccodesertsky.com\/es\/wp-json\/wp\/v2\/pages\/13436\/revisions"}],"predecessor-version":[{"id":13824,"href":"https:\/\/www.moroccodesertsky.com\/es\/wp-json\/wp\/v2\/pages\/13436\/revisions\/13824"}],"wp:attachment":[{"href":"https:\/\/www.moroccodesertsky.com\/es\/wp-json\/wp\/v2\/media?parent=13436"}],"curies":[{"name":"wp","href":"https:\/\/api.w.org\/{rel}","templated":true}]}}