{"id":13430,"date":"2025-02-23T16:23:36","date_gmt":"2025-02-23T16:23:36","guid":{"rendered":"https:\/\/moroccodesertsky.com\/tours-from-merzouga\/"},"modified":"2025-09-24T10:08:16","modified_gmt":"2025-09-24T10:08:16","slug":"tours-desde-merzouga","status":"publish","type":"page","link":"https:\/\/www.moroccodesertsky.com\/es\/tours-desde-merzouga\/","title":{"rendered":"Tours Desde Merzouga"},"content":{"rendered":"\t\t<div data-elementor-type=\"wp-page\" data-elementor-id=\"13430\" class=\"elementor elementor-13430 elementor-9974\" data-elementor-post-type=\"page\">\n\t\t\t\t<div class=\"elementor-element elementor-element-f7b72b3 e-flex e-con-boxed e-con e-parent\" data-id=\"f7b72b3\" data-element_type=\"container\" data-e-type=\"container\">\n\t\t\t\t\t<div class=\"e-con-inner\">\n\t\t\t\t<div class=\"elementor-element elementor-element-73e9ecf elementor-widget elementor-widget-text-editor\" data-id=\"73e9ecf\" data-element_type=\"widget\" data-e-type=\"widget\" data-widget_type=\"text-editor.default\">\n\t\t\t\t<div class=\"elementor-widget-container\">\n\t\t\t\t\t\t\t\t\t<p>Descubre nuestros Tours Desde Merzouga y vive una aventura \u00fanica en el coraz\u00f3n del S\u00e1hara. Los Tours Desde Merzouga te ofrecen excursiones inolvidables: paseos en <a href=\"https:\/\/www.moroccodesertsky.com\/es\/producto\/1-dia-y-1-noche-de-paseo-en-camello-en-merzouga\/\" target=\"_blank\" rel=\"noopener\">camello<\/a>, noches en campamento bereber bajo las estrellas y exploraci\u00f3n de las dunas de Erg Chebbi.<\/p><p>Nuestros<a href=\"https:\/\/www.instagram.com\/moroccodesertsky\/\" target=\"_blank\" rel=\"noopener\"> Tours Desde Merzouga<\/a> est\u00e1n dise\u00f1ados para brindarte autenticidad, confort e inmersi\u00f3n total en la cultura n\u00f3mada de Marruecos.<\/p>\t\t\t\t\t\t\t\t<\/div>\n\t\t\t\t<\/div>\n\t\t\t\t\t<\/div>\n\t\t\t\t<\/div>\n\t\t<div class=\"elementor-element elementor-element-5d75c2a8 e-flex e-con-boxed e-con e-parent\" data-id=\"5d75c2a8\" data-element_type=\"container\" data-e-type=\"container\">\n\t\t\t\t\t<div class=\"e-con-inner\">\n\t\t<div class=\"elementor-element elementor-element-6fc250c2 e-con-full e-flex e-con e-child\" data-id=\"6fc250c2\" data-element_type=\"container\" data-e-type=\"container\">\n\t\t\t\t<div class=\"elementor-element elementor-element-4631963c elementor-widget elementor-widget-ovabrw_product_list\" data-id=\"4631963c\" data-element_type=\"widget\" data-e-type=\"widget\" data-widget_type=\"ovabrw_product_list.default\">\n\t\t\t\t<div class=\"elementor-widget-container\">\n\t\t\t\t\t\n\t\t\t\t\t<div class=\"ova-product-list ova-product-list-template2 column1\">\n\t\t\t\t\t\t\t\t\t\n<div class=\"ova-product product type-product post-13078 status-publish first instock product_cat-all-tours-es product_cat-merzouga-es has-post-thumbnail shipping-taxable product-type-ovabrw_car_rental\">\n\t\n<div class=\"ova_head_product\">\n\t\t\t\t<div class=\"ova-product-wishlist\">\n\t\t\t<div class=\"yith-add-to-wishlist-button-block\" data-product-id=\"13078\" data-attributes=\"{&quot;kind&quot;:&quot;button&quot;}\"><\/div>\t\t<\/div>\n\t\t\t\t<a href=\"https:\/\/www.moroccodesertsky.com\/es\/tours\/aventura-de-12-dias-desde-casablanca-a-merzouga\/\" class=\"ova-product-thumbnail\">\n\t\t\t<img fetchpriority=\"high\" decoding=\"async\" width=\"636\" height=\"426\" src=\"https:\/\/www.moroccodesertsky.com\/wp-content\/uploads\/2025\/02\/8-5-636x426.webp\" class=\"attachment-tripgo_product_slider size-tripgo_product_slider\" alt=\"Aventura de 12 d\u00edas desde Casablanca a Merzouga\" srcset=\"https:\/\/www.moroccodesertsky.com\/wp-content\/uploads\/2025\/02\/8-5-636x426.webp 636w, https:\/\/www.moroccodesertsky.com\/wp-content\/uploads\/2025\/02\/8-5-416x280.webp 416w\" sizes=\"(max-width: 636px) 100vw, 636px\" \/>\t\t<\/a>\n\t<\/div>\n<div class=\"ova_foot_product\">\n\t<div class=\"ova-product-day-title-location\">\n\t\t\t\t\t<div class=\"ova-tour-day\">\n\t\t\t\t<i aria-hidden=\"true\" class=\"icomoon icomoon-clock\"><\/i>\n\t\t\t\t\t\t\t\t\t\t\t\t\t\t\t12 d\u00edas\t\t\t\t\t\t\t\t\t\t\t\t<\/div>\n\t\t\n\t\t\t\t\t<h3 class=\"ova-product-title\">\n\t\t\t\t<a href=\"https:\/\/www.moroccodesertsky.com\/es\/tours\/aventura-de-12-dias-desde-casablanca-a-merzouga\/\">\n\t\t\t        Aventura de 12 d\u00edas desde Casablanca a Merzouga\t\t\t    <\/a>\n\t\t\t<\/h3>\n\t\t\n\t\t\t        <div class=\"ova-product-location\">\n\t            <i aria-hidden=\"true\" class=\"icomoon icomoon-location\"><\/i>\n\t            <span class=\"location\">\n\t                Merzouga\t            <\/span>\n\t        <\/div>\n\t    \t    \n\t   <div class=\"product-excerpt\">\n\t       <p>\n\t           \n            Descripci\u00f3n general: Emb\u00e1rcate en una aventura de 12 d\u00edas desde Casablanca hasta Merzouga, explorando la rica historia de Marruecos y sus impresionantes paisajes. Descubre ciudades\u2026            \n            <\/p>\n        <\/div>\n\n\t<\/div>\n    <div class=\"ova-product-review-and-price\">\n    \t\t\t<div class=\"ova-product-wrapper-price\">\n\t\t\t\t\t\t\t<div class=\"ova-product-price\">\n\t\t\t\t\t\t\t\t\t    \t\t\t\t\t    \t\t<span class=\"no-product-price\">Precio de opci\u00f3n<\/span>\n\t\t\t\t    \t\t\t\t\t\t\t\t\t\t<\/div>\n\t\t\t\n\t\t\t\t\t\t\t<a href=\"https:\/\/www.moroccodesertsky.com\/es\/tours\/aventura-de-12-dias-desde-casablanca-a-merzouga\/\" class=\"btn product-btn-book-now\">\n\t\t\t\t\t<span>Explorar<\/span>\n\t\t\t\t<\/a>\n\t\t\t\t\t<\/div>\n    <\/div>\n<\/div><\/div>\t\t\t\t\t\t\t\t\t\n<div class=\"ova-product product type-product post-13076 status-publish instock product_cat-all-tours-es product_cat-merzouga-es has-post-thumbnail shipping-taxable product-type-ovabrw_car_rental\">\n\t\n<div class=\"ova_head_product\">\n\t\t\t\t<div class=\"ova-product-wishlist\">\n\t\t\t<div class=\"yith-add-to-wishlist-button-block\" data-product-id=\"13076\" data-attributes=\"{&quot;kind&quot;:&quot;button&quot;}\"><\/div>\t\t<\/div>\n\t\t\t\t<a href=\"https:\/\/www.moroccodesertsky.com\/es\/tours\/escapada-de-5-dias-al-desierto-desde-ouarzazate-a-merzouga\/\" class=\"ova-product-thumbnail\">\n\t\t\t<img decoding=\"async\" width=\"636\" height=\"426\" src=\"https:\/\/www.moroccodesertsky.com\/wp-content\/uploads\/2025\/02\/1-11-636x426.webp\" class=\"attachment-tripgo_product_slider size-tripgo_product_slider\" alt=\"Escapada de 5 d\u00edas al desierto desde Ouarzazate a Merzouga\" srcset=\"https:\/\/www.moroccodesertsky.com\/wp-content\/uploads\/2025\/02\/1-11-636x426.webp 636w, https:\/\/www.moroccodesertsky.com\/wp-content\/uploads\/2025\/02\/1-11-416x280.webp 416w\" sizes=\"(max-width: 636px) 100vw, 636px\" \/>\t\t<\/a>\n\t<\/div>\n<div class=\"ova_foot_product\">\n\t<div class=\"ova-product-day-title-location\">\n\t\t\t\t\t<div class=\"ova-tour-day\">\n\t\t\t\t<i aria-hidden=\"true\" class=\"icomoon icomoon-clock\"><\/i>\n\t\t\t\t\t\t\t\t\t\t\t\t\t\t\t5 d\u00edas\t\t\t\t\t\t\t\t\t\t\t\t<\/div>\n\t\t\n\t\t\t\t\t<h3 class=\"ova-product-title\">\n\t\t\t\t<a href=\"https:\/\/www.moroccodesertsky.com\/es\/tours\/escapada-de-5-dias-al-desierto-desde-ouarzazate-a-merzouga\/\">\n\t\t\t        Escapada de 5 d\u00edas al desierto desde Ouarzazate a Merzouga\t\t\t    <\/a>\n\t\t\t<\/h3>\n\t\t\n\t\t\t        <div class=\"ova-product-location\">\n\t            <i aria-hidden=\"true\" class=\"icomoon icomoon-location\"><\/i>\n\t            <span class=\"location\">\n\t                Merzouga\t            <\/span>\n\t        <\/div>\n\t    \t    \n\t   <div class=\"product-excerpt\">\n\t       <p>\n\t           \n            Descripci\u00f3n general: Emb\u00e1rcate en una aventura de 5 d\u00edas por el desierto desde Ouarzazate hasta Merzouga, donde te esperan paisajes impresionantes, antiguas kasbahs y dunas\u2026            \n            <\/p>\n        <\/div>\n\n\t<\/div>\n    <div class=\"ova-product-review-and-price\">\n    \t\t\t<div class=\"ova-product-wrapper-price\">\n\t\t\t\t\t\t\t<div class=\"ova-product-price\">\n\t\t\t\t\t\t\t\t\t    \t\t\t\t\t    \t\t<span class=\"no-product-price\">Precio de opci\u00f3n<\/span>\n\t\t\t\t    \t\t\t\t\t\t\t\t\t\t<\/div>\n\t\t\t\n\t\t\t\t\t\t\t<a href=\"https:\/\/www.moroccodesertsky.com\/es\/tours\/escapada-de-5-dias-al-desierto-desde-ouarzazate-a-merzouga\/\" class=\"btn product-btn-book-now\">\n\t\t\t\t\t<span>Explorar<\/span>\n\t\t\t\t<\/a>\n\t\t\t\t\t<\/div>\n    <\/div>\n<\/div><\/div>\t\t\t\t\t\t\t\t\t\n<div class=\"ova-product product type-product post-13074 status-publish instock product_cat-all-tours-es product_cat-merzouga-es has-post-thumbnail shipping-taxable product-type-ovabrw_car_rental\">\n\t\n<div class=\"ova_head_product\">\n\t\t\t\t<div class=\"ova-product-wishlist\">\n\t\t\t<div class=\"yith-add-to-wishlist-button-block\" data-product-id=\"13074\" data-attributes=\"{&quot;kind&quot;:&quot;button&quot;}\"><\/div>\t\t<\/div>\n\t\t\t\t<a href=\"https:\/\/www.moroccodesertsky.com\/es\/tours\/tour-de-3-dias-desde-marrakech-al-desierto-de-merzouga\/\" class=\"ova-product-thumbnail\">\n\t\t\t<img decoding=\"async\" width=\"636\" height=\"426\" src=\"https:\/\/www.moroccodesertsky.com\/wp-content\/uploads\/2025\/02\/7-6-636x426.webp\" class=\"attachment-tripgo_product_slider size-tripgo_product_slider\" alt=\"Tour de 3 d\u00edas desde Marrakech al desierto de Merzouga\" srcset=\"https:\/\/www.moroccodesertsky.com\/wp-content\/uploads\/2025\/02\/7-6-636x426.webp 636w, https:\/\/www.moroccodesertsky.com\/wp-content\/uploads\/2025\/02\/7-6-416x280.webp 416w\" sizes=\"(max-width: 636px) 100vw, 636px\" \/>\t\t<\/a>\n\t<\/div>\n<div class=\"ova_foot_product\">\n\t<div class=\"ova-product-day-title-location\">\n\t\t\t\t\t<div class=\"ova-tour-day\">\n\t\t\t\t<i aria-hidden=\"true\" class=\"icomoon icomoon-clock\"><\/i>\n\t\t\t\t\t\t\t\t\t\t\t\t\t\t\t3 d\u00edas\t\t\t\t\t\t\t\t\t\t\t\t<\/div>\n\t\t\n\t\t\t\t\t<h3 class=\"ova-product-title\">\n\t\t\t\t<a href=\"https:\/\/www.moroccodesertsky.com\/es\/tours\/tour-de-3-dias-desde-marrakech-al-desierto-de-merzouga\/\">\n\t\t\t        Tour de 3 d\u00edas desde Marrakech al desierto de Merzouga\t\t\t    <\/a>\n\t\t\t<\/h3>\n\t\t\n\t\t\t        <div class=\"ova-product-location\">\n\t            <i aria-hidden=\"true\" class=\"icomoon icomoon-location\"><\/i>\n\t            <span class=\"location\">\n\t                Merzouga\t            <\/span>\n\t        <\/div>\n\t    \t    \n\t   <div class=\"product-excerpt\">\n\t       <p>\n\t           \n            Descripci\u00f3n general: Nuestro tour de 3 d\u00edas por el desierto, desde Marrakech hasta Merzouga, te permite experimentar la inigualable sensaci\u00f3n de estar en medio de\u2026            \n            <\/p>\n        <\/div>\n\n\t<\/div>\n    <div class=\"ova-product-review-and-price\">\n    \t\t\t<div class=\"ova-product-wrapper-price\">\n\t\t\t\t\t\t\t<div class=\"ova-product-price\">\n\t\t\t\t\t\t\t\t\t    \t\t\t\t\t    \t\t<span class=\"no-product-price\">Precio de opci\u00f3n<\/span>\n\t\t\t\t    \t\t\t\t\t\t\t\t\t\t<\/div>\n\t\t\t\n\t\t\t\t\t\t\t<a href=\"https:\/\/www.moroccodesertsky.com\/es\/tours\/tour-de-3-dias-desde-marrakech-al-desierto-de-merzouga\/\" class=\"btn product-btn-book-now\">\n\t\t\t\t\t<span>Explorar<\/span>\n\t\t\t\t<\/a>\n\t\t\t\t\t<\/div>\n    <\/div>\n<\/div><\/div>\t\t\t\t\t\t\t\t\t\n<div class=\"ova-product product type-product post-13072 status-publish last instock product_cat-all-tours-es product_cat-merzouga-es has-post-thumbnail shipping-taxable product-type-ovabrw_car_rental\">\n\t\n<div class=\"ova_head_product\">\n\t\t\t\t<div class=\"ova-product-wishlist\">\n\t\t\t<div class=\"yith-add-to-wishlist-button-block\" data-product-id=\"13072\" data-attributes=\"{&quot;kind&quot;:&quot;button&quot;}\"><\/div>\t\t<\/div>\n\t\t\t\t<a href=\"https:\/\/www.moroccodesertsky.com\/es\/tours\/tour-de-4-dias-desde-marrakech-a-fez-via-el-desierto-de-merzouga\/\" class=\"ova-product-thumbnail\">\n\t\t\t<img loading=\"lazy\" decoding=\"async\" width=\"636\" height=\"426\" src=\"https:\/\/www.moroccodesertsky.com\/wp-content\/uploads\/2025\/02\/9-7-636x426.webp\" class=\"attachment-tripgo_product_slider size-tripgo_product_slider\" alt=\"Tour de 4 d\u00edas desde Marrakech a Fez v\u00eda el desierto de Merzouga\" srcset=\"https:\/\/www.moroccodesertsky.com\/wp-content\/uploads\/2025\/02\/9-7-636x426.webp 636w, https:\/\/www.moroccodesertsky.com\/wp-content\/uploads\/2025\/02\/9-7-416x280.webp 416w\" sizes=\"(max-width: 636px) 100vw, 636px\" \/>\t\t<\/a>\n\t<\/div>\n<div class=\"ova_foot_product\">\n\t<div class=\"ova-product-day-title-location\">\n\t\t\t\t\t<div class=\"ova-tour-day\">\n\t\t\t\t<i aria-hidden=\"true\" class=\"icomoon icomoon-clock\"><\/i>\n\t\t\t\t\t\t\t\t\t\t\t\t\t\t\t4 d\u00edas\t\t\t\t\t\t\t\t\t\t\t\t<\/div>\n\t\t\n\t\t\t\t\t<h3 class=\"ova-product-title\">\n\t\t\t\t<a href=\"https:\/\/www.moroccodesertsky.com\/es\/tours\/tour-de-4-dias-desde-marrakech-a-fez-via-el-desierto-de-merzouga\/\">\n\t\t\t        Tour de 4 d\u00edas desde Marrakech a Fez v\u00eda el desierto de Merzouga\t\t\t    <\/a>\n\t\t\t<\/h3>\n\t\t\n\t\t\t        <div class=\"ova-product-location\">\n\t            <i aria-hidden=\"true\" class=\"icomoon icomoon-location\"><\/i>\n\t            <span class=\"location\">\n\t                Merzouga\t            <\/span>\n\t        <\/div>\n\t    \t    \n\t   <div class=\"product-excerpt\">\n\t       <p>\n\t           \n            Descripci\u00f3n general: El viaje de 4 d\u00edas por el desierto de Marrakech a Fez es la mejor opci\u00f3n para quienes visitan Marruecos y desean visitar\u2026            \n            <\/p>\n        <\/div>\n\n\t<\/div>\n    <div class=\"ova-product-review-and-price\">\n    \t\t\t<div class=\"ova-product-wrapper-price\">\n\t\t\t\t\t\t\t<div class=\"ova-product-price\">\n\t\t\t\t\t\t\t\t\t    \t\t\t\t\t    \t\t<span class=\"no-product-price\">Precio de opci\u00f3n<\/span>\n\t\t\t\t    \t\t\t\t\t\t\t\t\t\t<\/div>\n\t\t\t\n\t\t\t\t\t\t\t<a href=\"https:\/\/www.moroccodesertsky.com\/es\/tours\/tour-de-4-dias-desde-marrakech-a-fez-via-el-desierto-de-merzouga\/\" class=\"btn product-btn-book-now\">\n\t\t\t\t\t<span>Explorar<\/span>\n\t\t\t\t<\/a>\n\t\t\t\t\t<\/div>\n    <\/div>\n<\/div><\/div>\t\t\t\t\t\t\t<\/div>\n\n\t\t\n\t\t\t\t\t\t<\/div>\n\t\t\t\t<\/div>\n\t\t\t\t<\/div>\n\t\t<div class=\"elementor-element elementor-element-6b68afb0 e-con-full e-flex e-con e-child\" data-id=\"6b68afb0\" data-element_type=\"container\" data-e-type=\"container\" data-settings=\"{&quot;sticky_on&quot;:[&quot;desktop&quot;,&quot;tablet&quot;],&quot;sticky_parent&quot;:&quot;yes&quot;,&quot;sticky&quot;:&quot;top&quot;,&quot;sticky_offset&quot;:0,&quot;sticky_effects_offset&quot;:0}\">\n\t\t\t\t<div class=\"elementor-element elementor-element-25ddc07a elementor-widget elementor-widget-image\" data-id=\"25ddc07a\" data-element_type=\"widget\" data-e-type=\"widget\" data-widget_type=\"image.default\">\n\t\t\t\t<div class=\"elementor-widget-container\">\n\t\t\t\t\t\t\t\t\t\t\t\t\t\t\t<img loading=\"lazy\" decoding=\"async\" width=\"768\" height=\"1024\" src=\"https:\/\/www.moroccodesertsky.com\/wp-content\/uploads\/2025\/02\/Brown-Beige-Simple-Desert-and-Camel-Photo-Album-Cover-900-x-1200-px-1-768x1024.png\" class=\"attachment-large size-large wp-image-12006\" alt=\"\" srcset=\"https:\/\/www.moroccodesertsky.com\/wp-content\/uploads\/2025\/02\/Brown-Beige-Simple-Desert-and-Camel-Photo-Album-Cover-900-x-1200-px-1-768x1024.png 768w, https:\/\/www.moroccodesertsky.com\/wp-content\/uploads\/2025\/02\/Brown-Beige-Simple-Desert-and-Camel-Photo-Album-Cover-900-x-1200-px-1-225x300.png 225w, https:\/\/www.moroccodesertsky.com\/wp-content\/uploads\/2025\/02\/Brown-Beige-Simple-Desert-and-Camel-Photo-Album-Cover-900-x-1200-px-1-1152x1536.png 1152w, https:\/\/www.moroccodesertsky.com\/wp-content\/uploads\/2025\/02\/Brown-Beige-Simple-Desert-and-Camel-Photo-Album-Cover-900-x-1200-px-1-1536x2048.png 1536w, https:\/\/www.moroccodesertsky.com\/wp-content\/uploads\/2025\/02\/Brown-Beige-Simple-Desert-and-Camel-Photo-Album-Cover-900-x-1200-px-1-600x800.png 600w\" sizes=\"(max-width: 768px) 100vw, 768px\" \/>\t\t\t\t\t\t\t\t\t\t\t\t\t\t\t<\/div>\n\t\t\t\t<\/div>\n\t\t\t\t<div class=\"elementor-element elementor-element-18a7ec77 elementor-widget elementor-widget-video\" data-id=\"18a7ec77\" data-element_type=\"widget\" data-e-type=\"widget\" data-settings=\"{&quot;video_type&quot;:&quot;hosted&quot;,&quot;autoplay&quot;:&quot;yes&quot;,&quot;mute&quot;:&quot;yes&quot;,&quot;loop&quot;:&quot;yes&quot;,&quot;controls&quot;:&quot;yes&quot;}\" data-widget_type=\"video.default\">\n\t\t\t\t<div class=\"elementor-widget-container\">\n\t\t\t\t\t\t\t<div class=\"e-hosted-video elementor-wrapper elementor-open-inline\">\n\t\t\t\t\t<video class=\"elementor-video\" src=\"https:\/\/moroccodesertsky.com\/wp-content\/uploads\/2025\/02\/vd-cml.mp4\" autoplay=\"\" loop=\"\" controls=\"\" muted=\"muted\" controlsList=\"nodownload\"><\/video>\n\t\t\t\t<\/div>\n\t\t\t\t\t\t<\/div>\n\t\t\t\t<\/div>\n\t\t\t\t<\/div>\n\t\t\t\t\t<\/div>\n\t\t\t\t<\/div>\n\t\t\t\t<\/div>\n\t\t","protected":false},"excerpt":{"rendered":"<p>Descubre nuestros Tours Desde Merzouga y vive una aventura \u00fanica en el coraz\u00f3n del S\u00e1hara. Los Tours Desde Merzouga te ofrecen excursiones inolvidables: paseos en camello, noches en campamento bereber bajo las estrellas y exploraci\u00f3n de las dunas de Erg Chebbi. Nuestros Tours Desde Merzouga est\u00e1n dise\u00f1ados para brindarte autenticidad, confort e inmersi\u00f3n total en [&hellip;]<\/p>\n","protected":false},"author":1,"featured_media":0,"parent":0,"menu_order":0,"comment_status":"closed","ping_status":"closed","template":"","meta":{"footnotes":""},"class_list":["post-13430","page","type-page","status-publish","hentry"],"yoast_head":"<!-- This site is optimized with the Yoast SEO Premium plugin v24.6 (Yoast SEO v27.4) - https:\/\/yoast.com\/product\/yoast-seo-premium-wordpress\/ -->\n<title>Tours Desde Merzouga | Aventuras en el S\u00e1hara de Marruecos<\/title>\n<meta name=\"description\" content=\"Explora Tours Desde Merzouga: desierto, camellos, campamento bereber y cultura. Vive la aventura sahariana dzi\u015b con Tours Desde Merzouga.\" \/>\n<meta name=\"robots\" content=\"index, follow, max-snippet:-1, max-image-preview:large, max-video-preview:-1\" \/>\n<link rel=\"canonical\" href=\"https:\/\/www.moroccodesertsky.com\/es\/tours-desde-merzouga\/\" \/>\n<meta property=\"og:locale\" content=\"es_ES\" \/>\n<meta property=\"og:type\" content=\"article\" \/>\n<meta property=\"og:title\" content=\"Tours Desde Merzouga\" \/>\n<meta property=\"og:description\" content=\"Explora Tours Desde Merzouga: desierto, camellos, campamento bereber y cultura. Vive la aventura sahariana dzi\u015b con Tours Desde Merzouga.\" \/>\n<meta property=\"og:url\" content=\"https:\/\/www.moroccodesertsky.com\/es\/tours-desde-merzouga\/\" \/>\n<meta property=\"og:site_name\" content=\"Morocco Desert Sky\" \/>\n<meta property=\"article:modified_time\" content=\"2025-09-24T10:08:16+00:00\" \/>\n<meta property=\"og:image\" content=\"https:\/\/www.moroccodesertsky.com\/wp-content\/uploads\/2025\/02\/8-5-636x426.webp\" \/>\n<meta name=\"twitter:card\" content=\"summary_large_image\" \/>\n<meta name=\"twitter:label1\" content=\"Tiempo de lectura\" \/>\n\t<meta name=\"twitter:data1\" content=\"3 minutos\" \/>\n<script type=\"application\/ld+json\" class=\"yoast-schema-graph\">{\"@context\":\"https:\\\/\\\/schema.org\",\"@graph\":[{\"@type\":\"WebPage\",\"@id\":\"https:\\\/\\\/www.moroccodesertsky.com\\\/es\\\/tours-desde-merzouga\\\/\",\"url\":\"https:\\\/\\\/www.moroccodesertsky.com\\\/es\\\/tours-desde-merzouga\\\/\",\"name\":\"Tours Desde Merzouga | Aventuras en el S\u00e1hara de Marruecos\",\"isPartOf\":{\"@id\":\"https:\\\/\\\/www.moroccodesertsky.com\\\/#website\"},\"primaryImageOfPage\":{\"@id\":\"https:\\\/\\\/www.moroccodesertsky.com\\\/es\\\/tours-desde-merzouga\\\/#primaryimage\"},\"image\":{\"@id\":\"https:\\\/\\\/www.moroccodesertsky.com\\\/es\\\/tours-desde-merzouga\\\/#primaryimage\"},\"thumbnailUrl\":\"https:\\\/\\\/www.moroccodesertsky.com\\\/wp-content\\\/uploads\\\/2025\\\/02\\\/8-5-636x426.webp\",\"datePublished\":\"2025-02-23T16:23:36+00:00\",\"dateModified\":\"2025-09-24T10:08:16+00:00\",\"description\":\"Explora Tours Desde Merzouga: desierto, camellos, campamento bereber y cultura. Vive la aventura sahariana dzi\u015b con Tours Desde Merzouga.\",\"breadcrumb\":{\"@id\":\"https:\\\/\\\/www.moroccodesertsky.com\\\/es\\\/tours-desde-merzouga\\\/#breadcrumb\"},\"inLanguage\":\"es\",\"potentialAction\":[{\"@type\":\"ReadAction\",\"target\":[\"https:\\\/\\\/www.moroccodesertsky.com\\\/es\\\/tours-desde-merzouga\\\/\"]}]},{\"@type\":\"ImageObject\",\"inLanguage\":\"es\",\"@id\":\"https:\\\/\\\/www.moroccodesertsky.com\\\/es\\\/tours-desde-merzouga\\\/#primaryimage\",\"url\":\"https:\\\/\\\/www.moroccodesertsky.com\\\/wp-content\\\/uploads\\\/2025\\\/02\\\/8-5-636x426.webp\",\"contentUrl\":\"https:\\\/\\\/www.moroccodesertsky.com\\\/wp-content\\\/uploads\\\/2025\\\/02\\\/8-5-636x426.webp\"},{\"@type\":\"BreadcrumbList\",\"@id\":\"https:\\\/\\\/www.moroccodesertsky.com\\\/es\\\/tours-desde-merzouga\\\/#breadcrumb\",\"itemListElement\":[{\"@type\":\"ListItem\",\"position\":1,\"name\":\"Home\",\"item\":\"https:\\\/\\\/www.moroccodesertsky.com\\\/es\\\/\"},{\"@type\":\"ListItem\",\"position\":2,\"name\":\"Tours Desde Merzouga\"}]},{\"@type\":\"WebSite\",\"@id\":\"https:\\\/\\\/www.moroccodesertsky.com\\\/#website\",\"url\":\"https:\\\/\\\/www.moroccodesertsky.com\\\/\",\"name\":\"Morocco Desert Sky\",\"description\":\"\",\"potentialAction\":[{\"@type\":\"SearchAction\",\"target\":{\"@type\":\"EntryPoint\",\"urlTemplate\":\"https:\\\/\\\/www.moroccodesertsky.com\\\/?s={search_term_string}\"},\"query-input\":{\"@type\":\"PropertyValueSpecification\",\"valueRequired\":true,\"valueName\":\"search_term_string\"}}],\"inLanguage\":\"es\"}]}<\/script>\n<!-- \/ Yoast SEO Premium plugin. -->","yoast_head_json":{"title":"Tours Desde Merzouga | Aventuras en el S\u00e1hara de Marruecos","description":"Explora Tours Desde Merzouga: desierto, camellos, campamento bereber y cultura. Vive la aventura sahariana dzi\u015b con Tours Desde Merzouga.","robots":{"index":"index","follow":"follow","max-snippet":"max-snippet:-1","max-image-preview":"max-image-preview:large","max-video-preview":"max-video-preview:-1"},"canonical":"https:\/\/www.moroccodesertsky.com\/es\/tours-desde-merzouga\/","og_locale":"es_ES","og_type":"article","og_title":"Tours Desde Merzouga","og_description":"Explora Tours Desde Merzouga: desierto, camellos, campamento bereber y cultura. Vive la aventura sahariana dzi\u015b con Tours Desde Merzouga.","og_url":"https:\/\/www.moroccodesertsky.com\/es\/tours-desde-merzouga\/","og_site_name":"Morocco Desert Sky","article_modified_time":"2025-09-24T10:08:16+00:00","og_image":[{"url":"https:\/\/www.moroccodesertsky.com\/wp-content\/uploads\/2025\/02\/8-5-636x426.webp","type":"","width":"","height":""}],"twitter_card":"summary_large_image","twitter_misc":{"Tiempo de lectura":"3 minutos"},"schema":{"@context":"https:\/\/schema.org","@graph":[{"@type":"WebPage","@id":"https:\/\/www.moroccodesertsky.com\/es\/tours-desde-merzouga\/","url":"https:\/\/www.moroccodesertsky.com\/es\/tours-desde-merzouga\/","name":"Tours Desde Merzouga | Aventuras en el S\u00e1hara de Marruecos","isPartOf":{"@id":"https:\/\/www.moroccodesertsky.com\/#website"},"primaryImageOfPage":{"@id":"https:\/\/www.moroccodesertsky.com\/es\/tours-desde-merzouga\/#primaryimage"},"image":{"@id":"https:\/\/www.moroccodesertsky.com\/es\/tours-desde-merzouga\/#primaryimage"},"thumbnailUrl":"https:\/\/www.moroccodesertsky.com\/wp-content\/uploads\/2025\/02\/8-5-636x426.webp","datePublished":"2025-02-23T16:23:36+00:00","dateModified":"2025-09-24T10:08:16+00:00","description":"Explora Tours Desde Merzouga: desierto, camellos, campamento bereber y cultura. Vive la aventura sahariana dzi\u015b con Tours Desde Merzouga.","breadcrumb":{"@id":"https:\/\/www.moroccodesertsky.com\/es\/tours-desde-merzouga\/#breadcrumb"},"inLanguage":"es","potentialAction":[{"@type":"ReadAction","target":["https:\/\/www.moroccodesertsky.com\/es\/tours-desde-merzouga\/"]}]},{"@type":"ImageObject","inLanguage":"es","@id":"https:\/\/www.moroccodesertsky.com\/es\/tours-desde-merzouga\/#primaryimage","url":"https:\/\/www.moroccodesertsky.com\/wp-content\/uploads\/2025\/02\/8-5-636x426.webp","contentUrl":"https:\/\/www.moroccodesertsky.com\/wp-content\/uploads\/2025\/02\/8-5-636x426.webp"},{"@type":"BreadcrumbList","@id":"https:\/\/www.moroccodesertsky.com\/es\/tours-desde-merzouga\/#breadcrumb","itemListElement":[{"@type":"ListItem","position":1,"name":"Home","item":"https:\/\/www.moroccodesertsky.com\/es\/"},{"@type":"ListItem","position":2,"name":"Tours Desde Merzouga"}]},{"@type":"WebSite","@id":"https:\/\/www.moroccodesertsky.com\/#website","url":"https:\/\/www.moroccodesertsky.com\/","name":"Morocco Desert Sky","description":"","potentialAction":[{"@type":"SearchAction","target":{"@type":"EntryPoint","urlTemplate":"https:\/\/www.moroccodesertsky.com\/?s={search_term_string}"},"query-input":{"@type":"PropertyValueSpecification","valueRequired":true,"valueName":"search_term_string"}}],"inLanguage":"es"}]}},"_links":{"self":[{"href":"https:\/\/www.moroccodesertsky.com\/es\/wp-json\/wp\/v2\/pages\/13430","targetHints":{"allow":["GET"]}}],"collection":[{"href":"https:\/\/www.moroccodesertsky.com\/es\/wp-json\/wp\/v2\/pages"}],"about":[{"href":"https:\/\/www.moroccodesertsky.com\/es\/wp-json\/wp\/v2\/types\/page"}],"author":[{"embeddable":true,"href":"https:\/\/www.moroccodesertsky.com\/es\/wp-json\/wp\/v2\/users\/1"}],"replies":[{"embeddable":true,"href":"https:\/\/www.moroccodesertsky.com\/es\/wp-json\/wp\/v2\/comments?post=13430"}],"version-history":[{"count":8,"href":"https:\/\/www.moroccodesertsky.com\/es\/wp-json\/wp\/v2\/pages\/13430\/revisions"}],"predecessor-version":[{"id":13789,"href":"https:\/\/www.moroccodesertsky.com\/es\/wp-json\/wp\/v2\/pages\/13430\/revisions\/13789"}],"wp:attachment":[{"href":"https:\/\/www.moroccodesertsky.com\/es\/wp-json\/wp\/v2\/media?parent=13430"}],"curies":[{"name":"wp","href":"https:\/\/api.w.org\/{rel}","templated":true}]}}