{"id":13424,"date":"2022-07-25T10:41:46","date_gmt":"2022-07-25T10:41:46","guid":{"rendered":"https:\/\/moroccodesertsky.com\/tours-from-marrakech\/"},"modified":"2025-09-24T12:21:19","modified_gmt":"2025-09-24T12:21:19","slug":"tours-desde-marrakech","status":"publish","type":"page","link":"https:\/\/www.moroccodesertsky.com\/es\/tours-desde-marrakech\/","title":{"rendered":"Tours Desde Marrakech"},"content":{"rendered":"\t\t<div data-elementor-type=\"wp-page\" data-elementor-id=\"13424\" class=\"elementor elementor-13424 elementor-3835\" data-elementor-post-type=\"page\">\n\t\t\t\t<div class=\"elementor-element elementor-element-210203f e-flex e-con-boxed e-con e-parent\" data-id=\"210203f\" data-element_type=\"container\" data-e-type=\"container\">\n\t\t\t\t\t<div class=\"e-con-inner\">\n\t\t\t\t<div class=\"elementor-element elementor-element-2ab2a85 elementor-widget elementor-widget-text-editor\" data-id=\"2ab2a85\" data-element_type=\"widget\" data-e-type=\"widget\" data-widget_type=\"text-editor.default\">\n\t\t\t\t<div class=\"elementor-widget-container\">\n\t\t\t\t\t\t\t\t\t<p>Vive tours inolvidables desde Marrakech con <a href=\"https:\/\/www.instagram.com\/moroccodesertsky\/\" target=\"_blank\" rel=\"noopener\"><strong>Morocco Desert Sky<\/strong><\/a>. Nuestros Tours Desde Marrakech incluyen mercados vibrantes, cultura rica y paisajes des\u00e9rticos.<\/p><p>Estos Tours Desde Marrakech ofrecen aventuras aut\u00e9nticas con paseos en <a href=\"https:\/\/www.moroccodesertsky.com\/es\/producto\/1-dia-y-1-noche-de-paseo-en-camello-en-merzouga\/\" target=\"_blank\" rel=\"noopener\">camello<\/a>, monta\u00f1as del Atlas y sitios hist\u00f3ricos. Reserva tus Tours Desde Marrakech con Morocco Desert Sky para un viaje realmente \u00fanico.<\/p>\t\t\t\t\t\t\t\t<\/div>\n\t\t\t\t<\/div>\n\t\t\t\t\t<\/div>\n\t\t\t\t<\/div>\n\t\t<div class=\"elementor-element elementor-element-234f880 e-flex e-con-boxed e-con e-parent\" data-id=\"234f880\" data-element_type=\"container\" data-e-type=\"container\">\n\t\t\t\t\t<div class=\"e-con-inner\">\n\t\t<div class=\"elementor-element elementor-element-a6d0c1a e-con-full e-flex e-con e-child\" data-id=\"a6d0c1a\" data-element_type=\"container\" data-e-type=\"container\">\n\t\t\t\t<div class=\"elementor-element elementor-element-ebdab1b elementor-widget elementor-widget-ovabrw_product_list\" data-id=\"ebdab1b\" data-element_type=\"widget\" data-e-type=\"widget\" data-widget_type=\"ovabrw_product_list.default\">\n\t\t\t\t<div class=\"elementor-widget-container\">\n\t\t\t\t\t\n\t\t\t\t\t<div class=\"ova-product-list ova-product-list-template2 column1\">\n\t\t\t\t\t\t\t\t\t\n<div class=\"ova-product product type-product post-13070 status-publish first instock product_cat-all-tours-es product_cat-marrakech-es has-post-thumbnail shipping-taxable product-type-ovabrw_car_rental\">\n\t\n<div class=\"ova_head_product\">\n\t\t\t\t<div class=\"ova-product-wishlist\">\n\t\t\t<div class=\"yith-add-to-wishlist-button-block\" data-product-id=\"13070\" data-attributes=\"{&quot;kind&quot;:&quot;button&quot;}\"><\/div>\t\t<\/div>\n\t\t\t\t<a href=\"https:\/\/www.moroccodesertsky.com\/es\/tours\/viaje-de-7-dias-al-desierto-marroqui-desde-marrakech\/\" class=\"ova-product-thumbnail\">\n\t\t\t<img fetchpriority=\"high\" decoding=\"async\" width=\"636\" height=\"426\" src=\"https:\/\/www.moroccodesertsky.com\/wp-content\/uploads\/2025\/02\/8-9-636x426.webp\" class=\"attachment-tripgo_product_slider size-tripgo_product_slider\" alt=\"Viaje de 7 d\u00edas al desierto marroqu\u00ed desde Marrakech\" srcset=\"https:\/\/www.moroccodesertsky.com\/wp-content\/uploads\/2025\/02\/8-9-636x426.webp 636w, https:\/\/www.moroccodesertsky.com\/wp-content\/uploads\/2025\/02\/8-9-416x280.webp 416w\" sizes=\"(max-width: 636px) 100vw, 636px\" \/>\t\t<\/a>\n\t<\/div>\n<div class=\"ova_foot_product\">\n\t<div class=\"ova-product-day-title-location\">\n\t\t\t\t\t<div class=\"ova-tour-day\">\n\t\t\t\t<i aria-hidden=\"true\" class=\"icomoon icomoon-clock\"><\/i>\n\t\t\t\t\t\t\t\t\t\t\t\t\t\t\t7 d\u00edas\t\t\t\t\t\t\t\t\t\t\t\t<\/div>\n\t\t\n\t\t\t\t\t<h3 class=\"ova-product-title\">\n\t\t\t\t<a href=\"https:\/\/www.moroccodesertsky.com\/es\/tours\/viaje-de-7-dias-al-desierto-marroqui-desde-marrakech\/\">\n\t\t\t        Viaje de 7 d\u00edas al desierto marroqu\u00ed desde Marrakech\t\t\t    <\/a>\n\t\t\t<\/h3>\n\t\t\n\t\t\t        <div class=\"ova-product-location\">\n\t            <i aria-hidden=\"true\" class=\"icomoon icomoon-location\"><\/i>\n\t            <span class=\"location\">\n\t                Marrakech\t            <\/span>\n\t        <\/div>\n\t    \t    \n\t   <div class=\"product-excerpt\">\n\t       <p>\n\t           \n            Descripci\u00f3n general: Nuestro tour de 7 d\u00edas desde Marrakech te permite disfrutar de la zona m\u00e1s magn\u00edfica del desierto del Sahara marroqu\u00ed, recorriendo ciudades antiguas,\u2026            \n            <\/p>\n        <\/div>\n\n\t<\/div>\n    <div class=\"ova-product-review-and-price\">\n    \t\t\t<div class=\"ova-product-wrapper-price\">\n\t\t\t\t\t\t\t<div class=\"ova-product-price\">\n\t\t\t\t\t\t\t\t\t    \t\t\t\t\t    \t\t<span class=\"no-product-price\">Precio de opci\u00f3n<\/span>\n\t\t\t\t    \t\t\t\t\t\t\t\t\t\t<\/div>\n\t\t\t\n\t\t\t\t\t\t\t<a href=\"https:\/\/www.moroccodesertsky.com\/es\/tours\/viaje-de-7-dias-al-desierto-marroqui-desde-marrakech\/\" class=\"btn product-btn-book-now\">\n\t\t\t\t\t<span>Explorar<\/span>\n\t\t\t\t<\/a>\n\t\t\t\t\t<\/div>\n    <\/div>\n<\/div><\/div>\t\t\t\t\t\t\t<\/div>\n\n\t\t\n\t\t\t\t\t\t<\/div>\n\t\t\t\t<\/div>\n\t\t\t\t<\/div>\n\t\t<div class=\"elementor-element elementor-element-56f8660 e-con-full e-flex e-con e-child\" data-id=\"56f8660\" data-element_type=\"container\" data-e-type=\"container\" data-settings=\"{&quot;sticky_on&quot;:[&quot;desktop&quot;,&quot;tablet&quot;],&quot;sticky_parent&quot;:&quot;yes&quot;,&quot;sticky&quot;:&quot;top&quot;,&quot;sticky_offset&quot;:0,&quot;sticky_effects_offset&quot;:0}\">\n\t\t\t\t<div class=\"elementor-element elementor-element-3cc11ba elementor-widget elementor-widget-image\" data-id=\"3cc11ba\" data-element_type=\"widget\" data-e-type=\"widget\" data-widget_type=\"image.default\">\n\t\t\t\t<div class=\"elementor-widget-container\">\n\t\t\t\t\t\t\t\t\t\t\t\t\t\t\t<img decoding=\"async\" width=\"768\" height=\"1024\" src=\"https:\/\/www.moroccodesertsky.com\/wp-content\/uploads\/2025\/02\/Brown-Beige-Simple-Desert-and-Camel-Photo-Album-Cover-900-x-1200-px-1-768x1024.png\" class=\"attachment-large size-large wp-image-12006\" alt=\"\" srcset=\"https:\/\/www.moroccodesertsky.com\/wp-content\/uploads\/2025\/02\/Brown-Beige-Simple-Desert-and-Camel-Photo-Album-Cover-900-x-1200-px-1-768x1024.png 768w, https:\/\/www.moroccodesertsky.com\/wp-content\/uploads\/2025\/02\/Brown-Beige-Simple-Desert-and-Camel-Photo-Album-Cover-900-x-1200-px-1-225x300.png 225w, https:\/\/www.moroccodesertsky.com\/wp-content\/uploads\/2025\/02\/Brown-Beige-Simple-Desert-and-Camel-Photo-Album-Cover-900-x-1200-px-1-1152x1536.png 1152w, https:\/\/www.moroccodesertsky.com\/wp-content\/uploads\/2025\/02\/Brown-Beige-Simple-Desert-and-Camel-Photo-Album-Cover-900-x-1200-px-1-1536x2048.png 1536w, https:\/\/www.moroccodesertsky.com\/wp-content\/uploads\/2025\/02\/Brown-Beige-Simple-Desert-and-Camel-Photo-Album-Cover-900-x-1200-px-1-600x800.png 600w\" sizes=\"(max-width: 768px) 100vw, 768px\" \/>\t\t\t\t\t\t\t\t\t\t\t\t\t\t\t<\/div>\n\t\t\t\t<\/div>\n\t\t\t\t<div class=\"elementor-element elementor-element-069bc75 elementor-widget elementor-widget-video\" data-id=\"069bc75\" data-element_type=\"widget\" data-e-type=\"widget\" data-settings=\"{&quot;video_type&quot;:&quot;hosted&quot;,&quot;autoplay&quot;:&quot;yes&quot;,&quot;mute&quot;:&quot;yes&quot;,&quot;loop&quot;:&quot;yes&quot;,&quot;controls&quot;:&quot;yes&quot;}\" data-widget_type=\"video.default\">\n\t\t\t\t<div class=\"elementor-widget-container\">\n\t\t\t\t\t\t\t<div class=\"e-hosted-video elementor-wrapper elementor-open-inline\">\n\t\t\t\t\t<video class=\"elementor-video\" src=\"https:\/\/moroccodesertsky.com\/wp-content\/uploads\/2025\/02\/vd-cml.mp4\" autoplay=\"\" loop=\"\" controls=\"\" muted=\"muted\" controlsList=\"nodownload\"><\/video>\n\t\t\t\t<\/div>\n\t\t\t\t\t\t<\/div>\n\t\t\t\t<\/div>\n\t\t\t\t<\/div>\n\t\t\t\t\t<\/div>\n\t\t\t\t<\/div>\n\t\t\t\t<\/div>\n\t\t","protected":false},"excerpt":{"rendered":"<p>Vive tours inolvidables desde Marrakech con Morocco Desert Sky. Nuestros Tours Desde Marrakech incluyen mercados vibrantes, cultura rica y paisajes des\u00e9rticos. Estos Tours Desde Marrakech ofrecen aventuras aut\u00e9nticas con paseos en camello, monta\u00f1as del Atlas y sitios hist\u00f3ricos. Reserva tus Tours Desde Marrakech con Morocco Desert Sky para un viaje realmente \u00fanico. 7 d\u00edas Viaje [&hellip;]<\/p>\n","protected":false},"author":1,"featured_media":0,"parent":0,"menu_order":0,"comment_status":"closed","ping_status":"closed","template":"elementor_header_footer","meta":{"footnotes":""},"class_list":["post-13424","page","type-page","status-publish","hentry"],"yoast_head":"<!-- This site is optimized with the Yoast SEO Premium plugin v24.6 (Yoast SEO v27.4) - https:\/\/yoast.com\/product\/yoast-seo-premium-wordpress\/ -->\n<title>Tours Desde Marrakech | Morocco Desert Sky Aventuras<\/title>\n<meta name=\"description\" content=\"Descubre Tours Desde Marrakech con Morocco Desert Sky. Reserva ya tus Tours Desde Marrakech para una experiencia \u00fanica en Marruecos.\" \/>\n<meta name=\"robots\" content=\"index, follow, max-snippet:-1, max-image-preview:large, max-video-preview:-1\" \/>\n<link rel=\"canonical\" href=\"https:\/\/www.moroccodesertsky.com\/es\/tours-desde-marrakech\/\" \/>\n<meta property=\"og:locale\" content=\"es_ES\" \/>\n<meta property=\"og:type\" content=\"article\" \/>\n<meta property=\"og:title\" content=\"Tours Desde Marrakech\" \/>\n<meta property=\"og:description\" content=\"Descubre Tours Desde Marrakech con Morocco Desert Sky. Reserva ya tus Tours Desde Marrakech para una experiencia \u00fanica en Marruecos.\" \/>\n<meta property=\"og:url\" content=\"https:\/\/www.moroccodesertsky.com\/es\/tours-desde-marrakech\/\" \/>\n<meta property=\"og:site_name\" content=\"Morocco Desert Sky\" \/>\n<meta property=\"article:modified_time\" content=\"2025-09-24T12:21:19+00:00\" \/>\n<meta property=\"og:image\" content=\"https:\/\/www.moroccodesertsky.com\/wp-content\/uploads\/2025\/02\/8-9-636x426.webp\" \/>\n<meta name=\"twitter:card\" content=\"summary_large_image\" \/>\n<meta name=\"twitter:label1\" content=\"Tiempo de lectura\" \/>\n\t<meta name=\"twitter:data1\" content=\"1 minuto\" \/>\n<script type=\"application\/ld+json\" class=\"yoast-schema-graph\">{\"@context\":\"https:\\\/\\\/schema.org\",\"@graph\":[{\"@type\":\"WebPage\",\"@id\":\"https:\\\/\\\/www.moroccodesertsky.com\\\/es\\\/tours-desde-marrakech\\\/\",\"url\":\"https:\\\/\\\/www.moroccodesertsky.com\\\/es\\\/tours-desde-marrakech\\\/\",\"name\":\"Tours Desde Marrakech | Morocco Desert Sky Aventuras\",\"isPartOf\":{\"@id\":\"https:\\\/\\\/www.moroccodesertsky.com\\\/#website\"},\"primaryImageOfPage\":{\"@id\":\"https:\\\/\\\/www.moroccodesertsky.com\\\/es\\\/tours-desde-marrakech\\\/#primaryimage\"},\"image\":{\"@id\":\"https:\\\/\\\/www.moroccodesertsky.com\\\/es\\\/tours-desde-marrakech\\\/#primaryimage\"},\"thumbnailUrl\":\"https:\\\/\\\/www.moroccodesertsky.com\\\/wp-content\\\/uploads\\\/2025\\\/02\\\/8-9-636x426.webp\",\"datePublished\":\"2022-07-25T10:41:46+00:00\",\"dateModified\":\"2025-09-24T12:21:19+00:00\",\"description\":\"Descubre Tours Desde Marrakech con Morocco Desert Sky. Reserva ya tus Tours Desde Marrakech para una experiencia \u00fanica en Marruecos.\",\"breadcrumb\":{\"@id\":\"https:\\\/\\\/www.moroccodesertsky.com\\\/es\\\/tours-desde-marrakech\\\/#breadcrumb\"},\"inLanguage\":\"es\",\"potentialAction\":[{\"@type\":\"ReadAction\",\"target\":[\"https:\\\/\\\/www.moroccodesertsky.com\\\/es\\\/tours-desde-marrakech\\\/\"]}]},{\"@type\":\"ImageObject\",\"inLanguage\":\"es\",\"@id\":\"https:\\\/\\\/www.moroccodesertsky.com\\\/es\\\/tours-desde-marrakech\\\/#primaryimage\",\"url\":\"https:\\\/\\\/www.moroccodesertsky.com\\\/wp-content\\\/uploads\\\/2025\\\/02\\\/8-9-636x426.webp\",\"contentUrl\":\"https:\\\/\\\/www.moroccodesertsky.com\\\/wp-content\\\/uploads\\\/2025\\\/02\\\/8-9-636x426.webp\"},{\"@type\":\"BreadcrumbList\",\"@id\":\"https:\\\/\\\/www.moroccodesertsky.com\\\/es\\\/tours-desde-marrakech\\\/#breadcrumb\",\"itemListElement\":[{\"@type\":\"ListItem\",\"position\":1,\"name\":\"Home\",\"item\":\"https:\\\/\\\/www.moroccodesertsky.com\\\/es\\\/\"},{\"@type\":\"ListItem\",\"position\":2,\"name\":\"Tours Desde Marrakech\"}]},{\"@type\":\"WebSite\",\"@id\":\"https:\\\/\\\/www.moroccodesertsky.com\\\/#website\",\"url\":\"https:\\\/\\\/www.moroccodesertsky.com\\\/\",\"name\":\"Morocco Desert Sky\",\"description\":\"\",\"potentialAction\":[{\"@type\":\"SearchAction\",\"target\":{\"@type\":\"EntryPoint\",\"urlTemplate\":\"https:\\\/\\\/www.moroccodesertsky.com\\\/?s={search_term_string}\"},\"query-input\":{\"@type\":\"PropertyValueSpecification\",\"valueRequired\":true,\"valueName\":\"search_term_string\"}}],\"inLanguage\":\"es\"}]}<\/script>\n<!-- \/ Yoast SEO Premium plugin. -->","yoast_head_json":{"title":"Tours Desde Marrakech | Morocco Desert Sky Aventuras","description":"Descubre Tours Desde Marrakech con Morocco Desert Sky. Reserva ya tus Tours Desde Marrakech para una experiencia \u00fanica en Marruecos.","robots":{"index":"index","follow":"follow","max-snippet":"max-snippet:-1","max-image-preview":"max-image-preview:large","max-video-preview":"max-video-preview:-1"},"canonical":"https:\/\/www.moroccodesertsky.com\/es\/tours-desde-marrakech\/","og_locale":"es_ES","og_type":"article","og_title":"Tours Desde Marrakech","og_description":"Descubre Tours Desde Marrakech con Morocco Desert Sky. Reserva ya tus Tours Desde Marrakech para una experiencia \u00fanica en Marruecos.","og_url":"https:\/\/www.moroccodesertsky.com\/es\/tours-desde-marrakech\/","og_site_name":"Morocco Desert Sky","article_modified_time":"2025-09-24T12:21:19+00:00","og_image":[{"url":"https:\/\/www.moroccodesertsky.com\/wp-content\/uploads\/2025\/02\/8-9-636x426.webp","type":"","width":"","height":""}],"twitter_card":"summary_large_image","twitter_misc":{"Tiempo de lectura":"1 minuto"},"schema":{"@context":"https:\/\/schema.org","@graph":[{"@type":"WebPage","@id":"https:\/\/www.moroccodesertsky.com\/es\/tours-desde-marrakech\/","url":"https:\/\/www.moroccodesertsky.com\/es\/tours-desde-marrakech\/","name":"Tours Desde Marrakech | Morocco Desert Sky Aventuras","isPartOf":{"@id":"https:\/\/www.moroccodesertsky.com\/#website"},"primaryImageOfPage":{"@id":"https:\/\/www.moroccodesertsky.com\/es\/tours-desde-marrakech\/#primaryimage"},"image":{"@id":"https:\/\/www.moroccodesertsky.com\/es\/tours-desde-marrakech\/#primaryimage"},"thumbnailUrl":"https:\/\/www.moroccodesertsky.com\/wp-content\/uploads\/2025\/02\/8-9-636x426.webp","datePublished":"2022-07-25T10:41:46+00:00","dateModified":"2025-09-24T12:21:19+00:00","description":"Descubre Tours Desde Marrakech con Morocco Desert Sky. Reserva ya tus Tours Desde Marrakech para una experiencia \u00fanica en Marruecos.","breadcrumb":{"@id":"https:\/\/www.moroccodesertsky.com\/es\/tours-desde-marrakech\/#breadcrumb"},"inLanguage":"es","potentialAction":[{"@type":"ReadAction","target":["https:\/\/www.moroccodesertsky.com\/es\/tours-desde-marrakech\/"]}]},{"@type":"ImageObject","inLanguage":"es","@id":"https:\/\/www.moroccodesertsky.com\/es\/tours-desde-marrakech\/#primaryimage","url":"https:\/\/www.moroccodesertsky.com\/wp-content\/uploads\/2025\/02\/8-9-636x426.webp","contentUrl":"https:\/\/www.moroccodesertsky.com\/wp-content\/uploads\/2025\/02\/8-9-636x426.webp"},{"@type":"BreadcrumbList","@id":"https:\/\/www.moroccodesertsky.com\/es\/tours-desde-marrakech\/#breadcrumb","itemListElement":[{"@type":"ListItem","position":1,"name":"Home","item":"https:\/\/www.moroccodesertsky.com\/es\/"},{"@type":"ListItem","position":2,"name":"Tours Desde Marrakech"}]},{"@type":"WebSite","@id":"https:\/\/www.moroccodesertsky.com\/#website","url":"https:\/\/www.moroccodesertsky.com\/","name":"Morocco Desert Sky","description":"","potentialAction":[{"@type":"SearchAction","target":{"@type":"EntryPoint","urlTemplate":"https:\/\/www.moroccodesertsky.com\/?s={search_term_string}"},"query-input":{"@type":"PropertyValueSpecification","valueRequired":true,"valueName":"search_term_string"}}],"inLanguage":"es"}]}},"_links":{"self":[{"href":"https:\/\/www.moroccodesertsky.com\/es\/wp-json\/wp\/v2\/pages\/13424","targetHints":{"allow":["GET"]}}],"collection":[{"href":"https:\/\/www.moroccodesertsky.com\/es\/wp-json\/wp\/v2\/pages"}],"about":[{"href":"https:\/\/www.moroccodesertsky.com\/es\/wp-json\/wp\/v2\/types\/page"}],"author":[{"embeddable":true,"href":"https:\/\/www.moroccodesertsky.com\/es\/wp-json\/wp\/v2\/users\/1"}],"replies":[{"embeddable":true,"href":"https:\/\/www.moroccodesertsky.com\/es\/wp-json\/wp\/v2\/comments?post=13424"}],"version-history":[{"count":9,"href":"https:\/\/www.moroccodesertsky.com\/es\/wp-json\/wp\/v2\/pages\/13424\/revisions"}],"predecessor-version":[{"id":13810,"href":"https:\/\/www.moroccodesertsky.com\/es\/wp-json\/wp\/v2\/pages\/13424\/revisions\/13810"}],"wp:attachment":[{"href":"https:\/\/www.moroccodesertsky.com\/es\/wp-json\/wp\/v2\/media?parent=13424"}],"curies":[{"name":"wp","href":"https:\/\/api.w.org\/{rel}","templated":true}]}}