{"id":13309,"date":"2025-02-28T13:43:46","date_gmt":"2025-02-28T13:43:46","guid":{"rendered":"https:\/\/moroccodesertsky.com\/morocco-sahara-tours\/"},"modified":"2025-03-17T16:06:26","modified_gmt":"2025-03-17T16:06:26","slug":"marruecos-sahara-tours","status":"publish","type":"page","link":"https:\/\/www.moroccodesertsky.com\/es\/marruecos-sahara-tours\/","title":{"rendered":"Marruecos S\u00e1hara Tours"},"content":{"rendered":"\t\t<div data-elementor-type=\"wp-page\" data-elementor-id=\"13309\" class=\"elementor elementor-13309 elementor-10336\" data-elementor-post-type=\"page\">\n\t\t\t\t<div class=\"elementor-element elementor-element-d6ed99e e-flex e-con-boxed e-con e-parent\" data-id=\"d6ed99e\" data-element_type=\"container\" data-e-type=\"container\">\n\t\t\t\t\t<div class=\"e-con-inner\">\n\t\t\t\t<div class=\"elementor-element elementor-element-aaf3431 elementor-widget elementor-widget-tripgo_elementor_heading\" data-id=\"aaf3431\" data-element_type=\"widget\" data-e-type=\"widget\" data-widget_type=\"tripgo_elementor_heading.default\">\n\t\t\t\t<div class=\"elementor-widget-container\">\n\t\t\t\t\t\t\t<div class=\"ova-title\">\n\n\t\t\t\n\t\t\t\t\t\t\t\n\t\t\t\t\t<h2 class=\"title\">Descubre Marruecos Tours por el Desierto<\/h2>\n\t\t\t\t\t\t\t\n\t\t\t\t\t\t\t<p class=\"description\">Viajes m\u00e1gicos por Marruecos con destinos ic\u00f3nicos y experiencias inolvidables<\/p>\n\t\t\t\n\t\t<\/div> \n\t\t \t\n\t\t\t\t\t\t<\/div>\n\t\t\t\t<\/div>\n\t\t\t\t\t<\/div>\n\t\t\t\t<\/div>\n\t\t<div class=\"elementor-element elementor-element-88cd329 e-flex e-con-boxed e-con e-parent\" data-id=\"88cd329\" data-element_type=\"container\" data-e-type=\"container\">\n\t\t\t\t\t<div class=\"e-con-inner\">\n\t\t\t\t<div class=\"elementor-element elementor-element-64900ce elementor-widget elementor-widget-text-editor\" data-id=\"64900ce\" data-element_type=\"widget\" data-e-type=\"widget\" data-widget_type=\"text-editor.default\">\n\t\t\t\t<div class=\"elementor-widget-container\">\n\t\t\t\t\t\t\t\t\t<p><strong style=\"color: #e6af69;\" data-end=\"26\">Morocco Desert Sky <\/strong>\u00a0te invita a explorar los mejores tours por Marruecos y a descubrir la magia de esta tierra encantadora. Pasea por los animados zocos de Marrakech, recorre las calles azules de Chefchaouen y viaja en el tiempo a la antigua medina de Fez. Siente la emoci\u00f3n del <strong>Sahara en Merzouga<\/strong>, donde las dunas doradas se extienden infinitamente, y descubre paisajes de pel\u00edcula en Ouarzazate. Experimenta el encanto costero de Casablanca y la elegancia hist\u00f3rica de Rabat. Nuestros viajes cuidadosamente seleccionados ofrecen una combinaci\u00f3n inolvidable de cultura, aventura y paisajes impresionantes. Deja que Morocco Desert Sky gu\u00ede tu aventura marroqu\u00ed.<\/p>\t\t\t\t\t\t\t\t<\/div>\n\t\t\t\t<\/div>\n\t\t\t\t\t<\/div>\n\t\t\t\t<\/div>\n\t\t\t\t<section class=\"elementor-section elementor-top-section elementor-element elementor-element-23d5ade4 elementor-section-boxed elementor-section-height-default elementor-section-height-default\" data-id=\"23d5ade4\" data-element_type=\"section\" data-e-type=\"section\">\n\t\t\t\t\t\t<div class=\"elementor-container elementor-column-gap-default\">\n\t\t\t\t\t<div class=\"elementor-column elementor-col-100 elementor-top-column elementor-element elementor-element-13f10f2c\" data-id=\"13f10f2c\" data-element_type=\"column\" data-e-type=\"column\">\n\t\t\t<div class=\"elementor-widget-wrap elementor-element-populated\">\n\t\t\t\t\t\t<div class=\"elementor-element elementor-element-2e704790 elementor-widget elementor-widget-ovabrw_product_category_ajax\" data-id=\"2e704790\" data-element_type=\"widget\" data-e-type=\"widget\" data-widget_type=\"ovabrw_product_category_ajax.default\">\n\t\t\t\t<div class=\"elementor-widget-container\">\n\t\t\t\t\t\n<div class=\"ovabrw-category-ajax\">\n\t<ul class=\"ovabrw-category-list\">\n\t\t\t\t\t\t\t\t\t<li class=\"category-item active\" data-term-id=\"118\">\n\t\t\t\t\tMerzouga\t\t\t\t<\/li>\n\t\t\t\t\t\t<\/ul>\n\t<div class=\"ovabrw-category-products\"><\/div>\n\t<!-- Load more -->\n\t<div class=\"wrap-load-more\">\n\t\t<svg class=\"loader\" width=\"50\" height=\"50\">\n\t\t\t<circle cx=\"25\" cy=\"25\" r=\"10\" \/>\n\t\t\t<circle cx=\"25\" cy=\"25\" r=\"20\" \/>\n\t\t<\/svg>\n\t<\/div>\n\t<input\n\t\ttype=\"hidden\"\n\t\tname=\"category-ajax-input\"\n\t\tdata-posts-per-page=\"3\"\n\t\tdata-paged=\"1\"\n\t\tdata-order=\"DESC\"\n\t\tdata-orderby=\"date\"\n\t\tdata-layout=\"grid\"\n\t\tdata-grid_template=\"template_1\"\n\t\tdata-column=\"column3\"\n\t\tdata-thumbnail-type=\"image\"\n\t\tdata-pagination=\"yes\"\n\t\/>\n<\/div>\t\t\t\t<\/div>\n\t\t\t\t<\/div>\n\t\t\t\t\t<\/div>\n\t\t<\/div>\n\t\t\t\t\t<\/div>\n\t\t<\/section>\n\t\t<div class=\"elementor-element elementor-element-ac4bd81 e-flex e-con-boxed e-con e-parent\" data-id=\"ac4bd81\" data-element_type=\"container\" data-e-type=\"container\">\n\t\t\t\t\t<div class=\"e-con-inner\">\n\t\t\t\t<div class=\"elementor-element elementor-element-df56c19 elementor-widget elementor-widget-text-editor\" data-id=\"df56c19\" data-element_type=\"widget\" data-e-type=\"widget\" data-widget_type=\"text-editor.default\">\n\t\t\t\t<div class=\"elementor-widget-container\">\n\t\t\t\t\t\t\t\t\t<p data-start=\"0\" data-end=\"443\"><strong style=\"color: #e6af69;\">Morocco Desert Sky <\/strong>ofrece los mejores tours por Marruecos, gui\u00e1ndote a trav\u00e9s de destinos ic\u00f3nicos y paisajes impresionantes. Pasea por los animados zocos de <strong>Marrakech<\/strong>, explora la antigua medina de <strong>Fez<\/strong> y siente el encanto costero de <strong>Casablanca<\/strong> y <strong>Essaouira<\/strong>. Descubre las calles azules de <strong>Chefchaouen<\/strong>, las maravillas hist\u00f3ricas de <strong>Rabat<\/strong> y el encanto cinematogr\u00e1fico de <strong>Ouarzazate<\/strong>. Cada parada te revelar\u00e1 una nueva faceta de la rica historia y vibrante <strong>cultura de Marruecos<\/strong>.<\/p><p>Ad\u00e9ntrate en el coraz\u00f3n del Sahara con paseos en camello por las doradas dunas de Merzouga. Vive noches m\u00e1gicas en el desierto en campamentos bereberes tradicionales, saboreando la gastronom\u00eda y la m\u00fasica local bajo un manto de estrellas. Explora los exuberantes valles de palmeras, las espectaculares gargantas y los oasis ocultos que hacen del sur de Marruecos un lugar \u00fanico. Deja que cada momento en el desierto se convierta en un recuerdo imborrable.<\/p><p>Nuestros tours est\u00e1n dise\u00f1ados para ofrecerte aventuras personalizadas, ya sea que prefieras la inmersi\u00f3n cultural, la exploraci\u00f3n hist\u00f3rica o emocionantes escapadas al desierto. Viaje con comodidad con transporte privado y gu\u00edas locales expertos que har\u00e1n realidad cada destino. Con itinerarios flexibles y un compromiso con la autenticidad, Morocco Desert Sky garantiza que su viaje sea inolvidable y se adapte perfectamente a sus sue\u00f1os. No dude en contactarnos.<\/p>\t\t\t\t\t\t\t\t<\/div>\n\t\t\t\t<\/div>\n\t\t\t\t\t<\/div>\n\t\t\t\t<\/div>\n\t\t\t\t<section class=\"elementor-section elementor-top-section elementor-element elementor-element-6c266e15 elementor-hidden-mobile elementor-section-boxed elementor-section-height-default elementor-section-height-default\" data-id=\"6c266e15\" data-element_type=\"section\" data-e-type=\"section\">\n\t\t\t\t\t\t<div class=\"elementor-container elementor-column-gap-default\">\n\t\t\t\t\t<div class=\"elementor-column elementor-col-100 elementor-top-column elementor-element elementor-element-62f79a30\" data-id=\"62f79a30\" data-element_type=\"column\" data-e-type=\"column\">\n\t\t\t<div class=\"elementor-widget-wrap elementor-element-populated\">\n\t\t\t\t\t\t<div class=\"elementor-element elementor-element-524c7a72 elementor-widget elementor-widget-tripgo_elementor_gallery_filter\" data-id=\"524c7a72\" data-element_type=\"widget\" data-e-type=\"widget\" data-widget_type=\"tripgo_elementor_gallery_filter.default\">\n\t\t\t\t<div class=\"elementor-widget-container\">\n\t\t\t\t\t\n\t\t\n\t\t<div class=\"ova-gallery-filter\">\n\n\t\t\t            \n            <ul class=\"filter-btn-wrapper\">\n\n                <li class=\"filter-btn active-category\" data-filter=\"*\">\n                    discover                <\/li>\n\n                \n                    \n\t            \n            <\/ul> \n\n            <div class=\"gallery-row\">\n\n            \t<div class=\"gallery-column three_column\">\n\n            \t\t\n\t\t            \t<div class=\"gallery-item \">\n\n                                                        \t<a class=\"gallery-fancybox\" data-src=\"https:\/\/moroccodesertsky.com\/wp-content\/uploads\/2025\/02\/8-5.webp\" \n\t  \t\t\t\t\t\t\t\tdata-fancybox=\"gallery-filter\" \n\t  \t\t\t\t\t\t\t\tdata-caption=\"\">\n                            \t\t\t\t\t\t\t\t<div class=\"gallery-img\">\n\t\t\t\t\t\t\t    \t<img decoding=\"async\" src=\"https:\/\/www.moroccodesertsky.com\/wp-content\/uploads\/2025\/02\/8-5-768x660.webp\" alt=\"\">\n\t\t\t\t\t\t\t    \t<div class=\"icon\">\n\t\t\t\t\t\t\t\t\t\t<i aria-hidden=\"true\" class=\"ovaicon ovaicon-next-4\"><\/i>\t\t\t\t\t\t\t\t\t<\/div>\n\t\t\t\t\t\t\t\t\t<div class=\"mask\"><\/div>\n\t\t\t\t\t\t\t\t<\/div>\n\n\t\t\t\t\t\t\t<\/a>\n\n\t\t\t\t\t\t\t<h3 class=\"title\">\n\t\t\t\t\t\t\t\t\t\t\t\t\t\t\t<\/h3>\n\t\t\t\t\t\t\t<p class=\"description\">\n\t\t\t\t\t\t\t\t\t\t\t\t\t\t\t<\/p>\n\t\t\t\t\t\t\t\n\t\t\t\t\t\t<\/div>\n\t                \n\t                \n\t\t            \t<div class=\"gallery-item \">\n\n                                                        \t<a class=\"gallery-fancybox\" data-src=\"https:\/\/moroccodesertsky.com\/wp-content\/uploads\/2025\/02\/8-7.webp\" \n\t  \t\t\t\t\t\t\t\tdata-fancybox=\"gallery-filter\" \n\t  \t\t\t\t\t\t\t\tdata-caption=\"\">\n                            \t\t\t\t\t\t\t\t<div class=\"gallery-img\">\n\t\t\t\t\t\t\t    \t<img decoding=\"async\" src=\"https:\/\/www.moroccodesertsky.com\/wp-content\/uploads\/2025\/02\/8-7-768x660.webp\" alt=\"\">\n\t\t\t\t\t\t\t    \t<div class=\"icon\">\n\t\t\t\t\t\t\t\t\t\t<i aria-hidden=\"true\" class=\"ovaicon ovaicon-next-4\"><\/i>\t\t\t\t\t\t\t\t\t<\/div>\n\t\t\t\t\t\t\t\t\t<div class=\"mask\"><\/div>\n\t\t\t\t\t\t\t\t<\/div>\n\n\t\t\t\t\t\t\t<\/a>\n\n\t\t\t\t\t\t\t<h3 class=\"title\">\n\t\t\t\t\t\t\t\t\t\t\t\t\t\t\t<\/h3>\n\t\t\t\t\t\t\t<p class=\"description\">\n\t\t\t\t\t\t\t\t\t\t\t\t\t\t\t<\/p>\n\t\t\t\t\t\t\t\n\t\t\t\t\t\t<\/div>\n\t                \n\t                \n\t\t            \t<div class=\"gallery-item \">\n\n                                                        \t<a class=\"gallery-fancybox\" data-src=\"https:\/\/moroccodesertsky.com\/wp-content\/uploads\/2025\/02\/Design-sans-titre-158.png\" \n\t  \t\t\t\t\t\t\t\tdata-fancybox=\"gallery-filter\" \n\t  \t\t\t\t\t\t\t\tdata-caption=\"\">\n                            \t\t\t\t\t\t\t\t<div class=\"gallery-img\">\n\t\t\t\t\t\t\t    \t<img decoding=\"async\" src=\"https:\/\/www.moroccodesertsky.com\/wp-content\/uploads\/2025\/02\/Design-sans-titre-158-768x660.png\" alt=\"\">\n\t\t\t\t\t\t\t    \t<div class=\"icon\">\n\t\t\t\t\t\t\t\t\t\t<i aria-hidden=\"true\" class=\"ovaicon ovaicon-next-4\"><\/i>\t\t\t\t\t\t\t\t\t<\/div>\n\t\t\t\t\t\t\t\t\t<div class=\"mask\"><\/div>\n\t\t\t\t\t\t\t\t<\/div>\n\n\t\t\t\t\t\t\t<\/a>\n\n\t\t\t\t\t\t\t<h3 class=\"title\">\n\t\t\t\t\t\t\t\t\t\t\t\t\t\t\t<\/h3>\n\t\t\t\t\t\t\t<p class=\"description\">\n\t\t\t\t\t\t\t\t\t\t\t\t\t\t\t<\/p>\n\t\t\t\t\t\t\t\n\t\t\t\t\t\t<\/div>\n\t                \n\t                \n\t            <\/div>\n\n            <\/div>\n\n        <\/div>\n\n        \t\t\t\t<\/div>\n\t\t\t\t<\/div>\n\t\t\t\t\t<\/div>\n\t\t<\/div>\n\t\t\t\t\t<\/div>\n\t\t<\/section>\n\t\t\t\t<\/div>\n\t\t","protected":false},"excerpt":{"rendered":"<p>Descubre Marruecos Tours por el Desierto Viajes m\u00e1gicos por Marruecos con destinos ic\u00f3nicos y experiencias inolvidables Morocco Desert Sky \u00a0te invita a explorar los mejores tours por Marruecos y a descubrir la magia de esta tierra encantadora. Pasea por los animados zocos de Marrakech, recorre las calles azules de Chefchaouen y viaja en el tiempo [&hellip;]<\/p>\n","protected":false},"author":1,"featured_media":0,"parent":0,"menu_order":0,"comment_status":"closed","ping_status":"closed","template":"","meta":{"footnotes":""},"class_list":["post-13309","page","type-page","status-publish","hentry"],"yoast_head":"<!-- This site is optimized with the Yoast SEO Premium plugin v24.6 (Yoast SEO v27.4) - https:\/\/yoast.com\/product\/yoast-seo-premium-wordpress\/ -->\n<title>Marruecos S\u00e1hara Tours - Morocco Desert Sky<\/title>\n<meta name=\"robots\" content=\"index, follow, max-snippet:-1, max-image-preview:large, max-video-preview:-1\" \/>\n<link rel=\"canonical\" href=\"https:\/\/www.moroccodesertsky.com\/morocco-sahara-tours\/\" \/>\n<meta property=\"og:locale\" content=\"es_ES\" \/>\n<meta property=\"og:type\" content=\"article\" \/>\n<meta property=\"og:title\" content=\"Marruecos S\u00e1hara Tours\" \/>\n<meta property=\"og:description\" content=\"Descubre Marruecos Tours por el Desierto Viajes m\u00e1gicos por Marruecos con destinos ic\u00f3nicos y experiencias inolvidables Morocco Desert Sky \u00a0te invita a explorar los mejores tours por Marruecos y a descubrir la magia de esta tierra encantadora. Pasea por los animados zocos de Marrakech, recorre las calles azules de Chefchaouen y viaja en el tiempo [&hellip;]\" \/>\n<meta property=\"og:url\" content=\"https:\/\/www.moroccodesertsky.com\/morocco-sahara-tours\/\" \/>\n<meta property=\"og:site_name\" content=\"Morocco Desert Sky\" \/>\n<meta property=\"article:modified_time\" content=\"2025-03-17T16:06:26+00:00\" \/>\n<meta property=\"og:image\" content=\"https:\/\/moroccodesertsky.com\/wp-content\/uploads\/2025\/02\/8-5-768x660.webp\" \/>\n<meta name=\"twitter:card\" content=\"summary_large_image\" \/>\n<meta name=\"twitter:label1\" content=\"Tiempo de lectura\" \/>\n\t<meta name=\"twitter:data1\" content=\"2 minutos\" \/>\n<script type=\"application\/ld+json\" class=\"yoast-schema-graph\">{\"@context\":\"https:\\\/\\\/schema.org\",\"@graph\":[{\"@type\":\"WebPage\",\"@id\":\"https:\\\/\\\/www.moroccodesertsky.com\\\/morocco-sahara-tours\\\/\",\"url\":\"https:\\\/\\\/www.moroccodesertsky.com\\\/morocco-sahara-tours\\\/\",\"name\":\"Marruecos S\u00e1hara Tours - Morocco Desert Sky\",\"isPartOf\":{\"@id\":\"https:\\\/\\\/www.moroccodesertsky.com\\\/#website\"},\"primaryImageOfPage\":{\"@id\":\"https:\\\/\\\/www.moroccodesertsky.com\\\/morocco-sahara-tours\\\/#primaryimage\"},\"image\":{\"@id\":\"https:\\\/\\\/www.moroccodesertsky.com\\\/morocco-sahara-tours\\\/#primaryimage\"},\"thumbnailUrl\":\"https:\\\/\\\/moroccodesertsky.com\\\/wp-content\\\/uploads\\\/2025\\\/02\\\/8-5-768x660.webp\",\"datePublished\":\"2025-02-28T13:43:46+00:00\",\"dateModified\":\"2025-03-17T16:06:26+00:00\",\"breadcrumb\":{\"@id\":\"https:\\\/\\\/www.moroccodesertsky.com\\\/morocco-sahara-tours\\\/#breadcrumb\"},\"inLanguage\":\"es\",\"potentialAction\":[{\"@type\":\"ReadAction\",\"target\":[\"https:\\\/\\\/www.moroccodesertsky.com\\\/morocco-sahara-tours\\\/\"]}]},{\"@type\":\"ImageObject\",\"inLanguage\":\"es\",\"@id\":\"https:\\\/\\\/www.moroccodesertsky.com\\\/morocco-sahara-tours\\\/#primaryimage\",\"url\":\"https:\\\/\\\/moroccodesertsky.com\\\/wp-content\\\/uploads\\\/2025\\\/02\\\/8-5-768x660.webp\",\"contentUrl\":\"https:\\\/\\\/moroccodesertsky.com\\\/wp-content\\\/uploads\\\/2025\\\/02\\\/8-5-768x660.webp\"},{\"@type\":\"BreadcrumbList\",\"@id\":\"https:\\\/\\\/www.moroccodesertsky.com\\\/morocco-sahara-tours\\\/#breadcrumb\",\"itemListElement\":[{\"@type\":\"ListItem\",\"position\":1,\"name\":\"Home\",\"item\":\"https:\\\/\\\/www.moroccodesertsky.com\\\/es\\\/\"},{\"@type\":\"ListItem\",\"position\":2,\"name\":\"Marruecos S\u00e1hara Tours\"}]},{\"@type\":\"WebSite\",\"@id\":\"https:\\\/\\\/www.moroccodesertsky.com\\\/#website\",\"url\":\"https:\\\/\\\/www.moroccodesertsky.com\\\/\",\"name\":\"Morocco Desert Sky\",\"description\":\"\",\"potentialAction\":[{\"@type\":\"SearchAction\",\"target\":{\"@type\":\"EntryPoint\",\"urlTemplate\":\"https:\\\/\\\/www.moroccodesertsky.com\\\/?s={search_term_string}\"},\"query-input\":{\"@type\":\"PropertyValueSpecification\",\"valueRequired\":true,\"valueName\":\"search_term_string\"}}],\"inLanguage\":\"es\"}]}<\/script>\n<!-- \/ Yoast SEO Premium plugin. -->","yoast_head_json":{"title":"Marruecos S\u00e1hara Tours - Morocco Desert Sky","robots":{"index":"index","follow":"follow","max-snippet":"max-snippet:-1","max-image-preview":"max-image-preview:large","max-video-preview":"max-video-preview:-1"},"canonical":"https:\/\/www.moroccodesertsky.com\/morocco-sahara-tours\/","og_locale":"es_ES","og_type":"article","og_title":"Marruecos S\u00e1hara Tours","og_description":"Descubre Marruecos Tours por el Desierto Viajes m\u00e1gicos por Marruecos con destinos ic\u00f3nicos y experiencias inolvidables Morocco Desert Sky \u00a0te invita a explorar los mejores tours por Marruecos y a descubrir la magia de esta tierra encantadora. Pasea por los animados zocos de Marrakech, recorre las calles azules de Chefchaouen y viaja en el tiempo [&hellip;]","og_url":"https:\/\/www.moroccodesertsky.com\/morocco-sahara-tours\/","og_site_name":"Morocco Desert Sky","article_modified_time":"2025-03-17T16:06:26+00:00","og_image":[{"url":"https:\/\/moroccodesertsky.com\/wp-content\/uploads\/2025\/02\/8-5-768x660.webp","type":"","width":"","height":""}],"twitter_card":"summary_large_image","twitter_misc":{"Tiempo de lectura":"2 minutos"},"schema":{"@context":"https:\/\/schema.org","@graph":[{"@type":"WebPage","@id":"https:\/\/www.moroccodesertsky.com\/morocco-sahara-tours\/","url":"https:\/\/www.moroccodesertsky.com\/morocco-sahara-tours\/","name":"Marruecos S\u00e1hara Tours - Morocco Desert Sky","isPartOf":{"@id":"https:\/\/www.moroccodesertsky.com\/#website"},"primaryImageOfPage":{"@id":"https:\/\/www.moroccodesertsky.com\/morocco-sahara-tours\/#primaryimage"},"image":{"@id":"https:\/\/www.moroccodesertsky.com\/morocco-sahara-tours\/#primaryimage"},"thumbnailUrl":"https:\/\/moroccodesertsky.com\/wp-content\/uploads\/2025\/02\/8-5-768x660.webp","datePublished":"2025-02-28T13:43:46+00:00","dateModified":"2025-03-17T16:06:26+00:00","breadcrumb":{"@id":"https:\/\/www.moroccodesertsky.com\/morocco-sahara-tours\/#breadcrumb"},"inLanguage":"es","potentialAction":[{"@type":"ReadAction","target":["https:\/\/www.moroccodesertsky.com\/morocco-sahara-tours\/"]}]},{"@type":"ImageObject","inLanguage":"es","@id":"https:\/\/www.moroccodesertsky.com\/morocco-sahara-tours\/#primaryimage","url":"https:\/\/moroccodesertsky.com\/wp-content\/uploads\/2025\/02\/8-5-768x660.webp","contentUrl":"https:\/\/moroccodesertsky.com\/wp-content\/uploads\/2025\/02\/8-5-768x660.webp"},{"@type":"BreadcrumbList","@id":"https:\/\/www.moroccodesertsky.com\/morocco-sahara-tours\/#breadcrumb","itemListElement":[{"@type":"ListItem","position":1,"name":"Home","item":"https:\/\/www.moroccodesertsky.com\/es\/"},{"@type":"ListItem","position":2,"name":"Marruecos S\u00e1hara Tours"}]},{"@type":"WebSite","@id":"https:\/\/www.moroccodesertsky.com\/#website","url":"https:\/\/www.moroccodesertsky.com\/","name":"Morocco Desert Sky","description":"","potentialAction":[{"@type":"SearchAction","target":{"@type":"EntryPoint","urlTemplate":"https:\/\/www.moroccodesertsky.com\/?s={search_term_string}"},"query-input":{"@type":"PropertyValueSpecification","valueRequired":true,"valueName":"search_term_string"}}],"inLanguage":"es"}]}},"_links":{"self":[{"href":"https:\/\/www.moroccodesertsky.com\/es\/wp-json\/wp\/v2\/pages\/13309","targetHints":{"allow":["GET"]}}],"collection":[{"href":"https:\/\/www.moroccodesertsky.com\/es\/wp-json\/wp\/v2\/pages"}],"about":[{"href":"https:\/\/www.moroccodesertsky.com\/es\/wp-json\/wp\/v2\/types\/page"}],"author":[{"embeddable":true,"href":"https:\/\/www.moroccodesertsky.com\/es\/wp-json\/wp\/v2\/users\/1"}],"replies":[{"embeddable":true,"href":"https:\/\/www.moroccodesertsky.com\/es\/wp-json\/wp\/v2\/comments?post=13309"}],"version-history":[{"count":10,"href":"https:\/\/www.moroccodesertsky.com\/es\/wp-json\/wp\/v2\/pages\/13309\/revisions"}],"predecessor-version":[{"id":13322,"href":"https:\/\/www.moroccodesertsky.com\/es\/wp-json\/wp\/v2\/pages\/13309\/revisions\/13322"}],"wp:attachment":[{"href":"https:\/\/www.moroccodesertsky.com\/es\/wp-json\/wp\/v2\/media?parent=13309"}],"curies":[{"name":"wp","href":"https:\/\/api.w.org\/{rel}","templated":true}]}}